{"id":1919,"date":"2024-04-16T00:07:28","date_gmt":"2024-04-16T00:07:28","guid":{"rendered":"https:\/\/allmamates.com\/?post_type=product&#038;p=1919"},"modified":"2024-05-18T04:40:23","modified_gmt":"2024-05-18T04:40:23","slug":"32t-universal-basic-set","status":"publish","type":"product","link":"https:\/\/allmamates.com\/pt\/produto\/32t-universal-basic-set\/","title":{"rendered":"Kit Universal 32T"},"content":{"rendered":"<p>Kit b\u00e1sico universal de 32 Tons junto com a Ferramenta Multifuncional de Cilindro. Esse kit de ferramentas tem tudo que voc\u00ea precisa para enfrentar os desafios de reparo mais comuns em manuten\u00e7\u00e3o de \u00f4nibus, caminh\u00f5es e reboques. Facilita o trabalho de prensar juntas de r\u00f3tula, pinos c\u00f4nicos, reguladores de folga, parafusos de roda, desmontar juntas de dire\u00e7\u00e3o, remover buchas presas e muitas outras aplica\u00e7\u00f5es. O kit inclui nossa ferramenta de bloqueio de aneis com tr\u00eas pares diferentes de cabe\u00e7a. Anexe seu trinco e veja como os aneis de bloqueio s\u00e3o rapidamente removidos. Nosso conjunto de ferramentas torna o trabalho muito mais simples, seguro e economiza tempo. Ideal para oficinas que est\u00e3o cansadas de desenvolver diferentes t\u00e9cnicas e formas para remover componentes ou partes presas. Os mec\u00e2nicos agradecer\u00e3o, pois as pe\u00e7as presas s\u00e3o a principal causa de frustra\u00e7\u00e3o em oficinas. Fabricado na Su\u00e9cia. Produto: TBE112.<\/p>","protected":false},"excerpt":{"rendered":"<ul>\n<li>Pressiona eficientemente juntas de r\u00f3tula e reguladores de folga em caminh\u00f5es, \u00f4nibus e reboques.<\/li>\n<li>Remove e coloca facilmente parafusos de roda.<\/li>\n<li>Desmonta e ajusta suavemente os parafusos de roda, gra\u00e7as ao seu design flex\u00edvel.<\/li>\n<li>Dois an\u00e9is separadores fornecem v\u00e1rias op\u00e7\u00f5es de ajuste de altura.<\/li>\n<li>A ferramenta de bigorna tem dois tamanhos diferentes de abertura (42 mm e 57 mm) para maior versatilidade.<\/li>\n<li>As ferramentas podem ser reposicionadas no cilindro para ter acesso em espa\u00e7os reduzidos.<\/li>\n<li>Remove facilmente pinos c\u00f4nicos e tradicionais.<\/li>\n<li>Permite martelar para criar vibra\u00e7\u00e3o com o cilindro de 32 Tons e os acess\u00f3rios.<\/li>\n<li>Inclui 6 adaptadores de placas de prensa.<\/li>\n<li>Funciona perfeitamente com nossa bomba hidr\u00e1ulica de 10.000 PSI modelo TBE110, ou TBE111.<\/li>\n<\/ul>","protected":false},"featured_media":1922,"comment_status":"open","ping_status":"closed","template":"","meta":{"site-sidebar-layout":"default","site-content-layout":"","ast-site-content-layout":"default","site-content-style":"default","site-sidebar-style":"default","ast-global-header-display":"","ast-banner-title-visibility":"","ast-main-header-display":"","ast-hfb-above-header-display":"","ast-hfb-below-header-display":"","ast-hfb-mobile-header-display":"","site-post-title":"","ast-breadcrumbs-content":"","ast-featured-img":"","footer-sml-layout":"","theme-transparent-header-meta":"default","adv-header-id-meta":"","stick-header-meta":"","header-above-stick-meta":"","header-main-stick-meta":"","header-below-stick-meta":"","astra-migrate-meta-layouts":"set","ast-page-background-enabled":"default","ast-page-background-meta":{"desktop":{"background-color":"var(--ast-global-color-4)","background-image":"","background-repeat":"repeat","background-position":"center center","background-size":"auto","background-attachment":"scroll","background-type":"","background-media":"","overlay-type":"","overlay-color":"","overlay-gradient":""},"tablet":{"background-color":"","background-image":"","background-repeat":"repeat","background-position":"center center","background-size":"auto","background-attachment":"scroll","background-type":"","background-media":"","overlay-type":"","overlay-color":"","overlay-gradient":""},"mobile":{"background-color":"","background-image":"","background-repeat":"repeat","background-position":"center center","background-size":"auto","background-attachment":"scroll","background-type":"","background-media":"","overlay-type":"","overlay-color":"","overlay-gradient":""}},"ast-content-background-meta":{"desktop":{"background-color":"var(--ast-global-color-5)","background-image":"","background-repeat":"repeat","background-position":"center center","background-size":"auto","background-attachment":"scroll","background-type":"","background-media":"","overlay-type":"","overlay-color":"","overlay-gradient":""},"tablet":{"background-color":"var(--ast-global-color-5)","background-image":"","background-repeat":"repeat","background-position":"center center","background-size":"auto","background-attachment":"scroll","background-type":"","background-media":"","overlay-type":"","overlay-color":"","overlay-gradient":""},"mobile":{"background-color":"var(--ast-global-color-5)","background-image":"","background-repeat":"repeat","background-position":"center center","background-size":"auto","background-attachment":"scroll","background-type":"","background-media":"","overlay-type":"","overlay-color":"","overlay-gradient":""}}},"product_brand":[],"product_cat":[22,23],"product_tag":[],"class_list":{"0":"post-1919","1":"product","2":"type-product","3":"status-publish","4":"has-post-thumbnail","6":"product_cat-new-products","7":"product_cat-tool-box-essentials","8":"desktop-align-left","9":"tablet-align-left","10":"mobile-align-left","12":"first","13":"instock","14":"shipping-taxable","15":"product-type-simple"},"yoast_head":"<!-- This site is optimized with the Yoast SEO plugin v27.2 - https:\/\/yoast.com\/product\/yoast-seo-wordpress\/ -->\n<title>32T Universal Basic Set - All Ma Mates\u00ae<\/title>\n<meta name=\"robots\" content=\"index, follow, max-snippet:-1, max-image-preview:large, max-video-preview:-1\" \/>\n<link rel=\"canonical\" href=\"https:\/\/allmamates.com\/pt\/produto\/32t-universal-basic-set\/\" \/>\n<meta property=\"og:locale\" content=\"pt_PT\" \/>\n<meta property=\"og:type\" content=\"article\" \/>\n<meta property=\"og:title\" content=\"32T Universal Basic Set - All Ma Mates\u00ae\" \/>\n<meta property=\"og:description\" content=\"Efficiently presses out ball joints and slack adjusters on trucks, buses, and trailers.  Pulls off and easily inserts wheel studs  Smoothly dismantles and fits wheel bolts, thanks to its flexible design.  Two distance rings provide for various height adjustment options.  The anvil tool has two different opening sizes (42mm and 57mm) for versatility.  The tools can be repositioned on the cylinder for access in tight spaces.  Easily removes conical and traditional kingpins.  Allows for hammering to create a vibration with the 32T cylinder and accessories.  6 press plate adapters included.  Works perfectly with our 10,000PSI hydraulic pump model TBE110, or TBE111.\" \/>\n<meta property=\"og:url\" content=\"https:\/\/allmamates.com\/pt\/produto\/32t-universal-basic-set\/\" \/>\n<meta property=\"og:site_name\" content=\"All Ma Mates\u00ae\" \/>\n<meta property=\"article:modified_time\" content=\"2024-05-18T04:40:23+00:00\" \/>\n<meta property=\"og:image\" content=\"https:\/\/allmamates.com\/wp-content\/uploads\/2024\/04\/64.png\" \/>\n\t<meta property=\"og:image:width\" content=\"1080\" \/>\n\t<meta property=\"og:image:height\" content=\"1080\" \/>\n\t<meta property=\"og:image:type\" content=\"image\/png\" \/>\n<meta name=\"twitter:card\" content=\"summary_large_image\" \/>\n<meta name=\"twitter:label1\" content=\"Tempo estimado de leitura\" \/>\n\t<meta name=\"twitter:data1\" content=\"1 minuto\" \/>\n<script type=\"application\/ld+json\" class=\"yoast-schema-graph\">{\"@context\":\"https:\/\/schema.org\",\"@graph\":[{\"@type\":\"WebPage\",\"@id\":\"https:\/\/allmamates.com\/product\/32t-universal-basic-set\/\",\"url\":\"https:\/\/allmamates.com\/product\/32t-universal-basic-set\/\",\"name\":\"32T Universal Basic Set - All Ma Mates\u00ae\",\"isPartOf\":{\"@id\":\"https:\/\/allmamates.com\/#website\"},\"primaryImageOfPage\":{\"@id\":\"https:\/\/allmamates.com\/product\/32t-universal-basic-set\/#primaryimage\"},\"image\":{\"@id\":\"https:\/\/allmamates.com\/product\/32t-universal-basic-set\/#primaryimage\"},\"thumbnailUrl\":\"https:\/\/allmamates.com\/wp-content\/uploads\/2024\/04\/64.png\",\"datePublished\":\"2024-04-16T00:07:28+00:00\",\"dateModified\":\"2024-05-18T04:40:23+00:00\",\"breadcrumb\":{\"@id\":\"https:\/\/allmamates.com\/product\/32t-universal-basic-set\/#breadcrumb\"},\"inLanguage\":\"pt-PT\",\"potentialAction\":[{\"@type\":\"ReadAction\",\"target\":[\"https:\/\/allmamates.com\/product\/32t-universal-basic-set\/\"]}]},{\"@type\":\"ImageObject\",\"inLanguage\":\"pt-PT\",\"@id\":\"https:\/\/allmamates.com\/product\/32t-universal-basic-set\/#primaryimage\",\"url\":\"https:\/\/allmamates.com\/wp-content\/uploads\/2024\/04\/64.png\",\"contentUrl\":\"https:\/\/allmamates.com\/wp-content\/uploads\/2024\/04\/64.png\",\"width\":1080,\"height\":1080},{\"@type\":\"BreadcrumbList\",\"@id\":\"https:\/\/allmamates.com\/product\/32t-universal-basic-set\/#breadcrumb\",\"itemListElement\":[{\"@type\":\"ListItem\",\"position\":1,\"name\":\"Home\",\"item\":\"https:\/\/allmamates.com\/\"},{\"@type\":\"ListItem\",\"position\":2,\"name\":\"Products\",\"item\":\"https:\/\/allmamates.com\/shop\/\"},{\"@type\":\"ListItem\",\"position\":3,\"name\":\"32T Universal Basic Set\"}]},{\"@type\":\"WebSite\",\"@id\":\"https:\/\/allmamates.com\/#website\",\"url\":\"https:\/\/allmamates.com\/\",\"name\":\"All Ma Mates\u00ae\",\"description\":\"Your wheel end tool equipment supplier.\",\"publisher\":{\"@id\":\"https:\/\/allmamates.com\/#organization\"},\"potentialAction\":[{\"@type\":\"SearchAction\",\"target\":{\"@type\":\"EntryPoint\",\"urlTemplate\":\"https:\/\/allmamates.com\/?s={search_term_string}\"},\"query-input\":{\"@type\":\"PropertyValueSpecification\",\"valueRequired\":true,\"valueName\":\"search_term_string\"}}],\"inLanguage\":\"pt-PT\"},{\"@type\":\"Organization\",\"@id\":\"https:\/\/allmamates.com\/#organization\",\"name\":\"All Ma Mates\u00ae\",\"url\":\"https:\/\/allmamates.com\/\",\"logo\":{\"@type\":\"ImageObject\",\"inLanguage\":\"pt-PT\",\"@id\":\"https:\/\/allmamates.com\/#\/schema\/logo\/image\/\",\"url\":\"https:\/\/allmamates.com\/wp-content\/uploads\/2024\/02\/a.png\",\"contentUrl\":\"https:\/\/allmamates.com\/wp-content\/uploads\/2024\/02\/a.png\",\"width\":847,\"height\":434,\"caption\":\"All Ma Mates\u00ae\"},\"image\":{\"@id\":\"https:\/\/allmamates.com\/#\/schema\/logo\/image\/\"}}]}<\/script>\n<!-- \/ Yoast SEO plugin. -->","yoast_head_json":{"title":"32T Universal Basic Set - All Ma Mates\u00ae","robots":{"index":"index","follow":"follow","max-snippet":"max-snippet:-1","max-image-preview":"max-image-preview:large","max-video-preview":"max-video-preview:-1"},"canonical":"https:\/\/allmamates.com\/pt\/produto\/32t-universal-basic-set\/","og_locale":"pt_PT","og_type":"article","og_title":"32T Universal Basic Set - All Ma Mates\u00ae","og_description":"Efficiently presses out ball joints and slack adjusters on trucks, buses, and trailers.  Pulls off and easily inserts wheel studs  Smoothly dismantles and fits wheel bolts, thanks to its flexible design.  Two distance rings provide for various height adjustment options.  The anvil tool has two different opening sizes (42mm and 57mm) for versatility.  The tools can be repositioned on the cylinder for access in tight spaces.  Easily removes conical and traditional kingpins.  Allows for hammering to create a vibration with the 32T cylinder and accessories.  6 press plate adapters included.  Works perfectly with our 10,000PSI hydraulic pump model TBE110, or TBE111.","og_url":"https:\/\/allmamates.com\/pt\/produto\/32t-universal-basic-set\/","og_site_name":"All Ma Mates\u00ae","article_modified_time":"2024-05-18T04:40:23+00:00","og_image":[{"width":1080,"height":1080,"url":"https:\/\/allmamates.com\/wp-content\/uploads\/2024\/04\/64.png","type":"image\/png"}],"twitter_card":"summary_large_image","twitter_misc":{"Tempo estimado de leitura":"1 minuto"},"schema":{"@context":"https:\/\/schema.org","@graph":[{"@type":"WebPage","@id":"https:\/\/allmamates.com\/product\/32t-universal-basic-set\/","url":"https:\/\/allmamates.com\/product\/32t-universal-basic-set\/","name":"32T Universal Basic Set - All Ma Mates\u00ae","isPartOf":{"@id":"https:\/\/allmamates.com\/#website"},"primaryImageOfPage":{"@id":"https:\/\/allmamates.com\/product\/32t-universal-basic-set\/#primaryimage"},"image":{"@id":"https:\/\/allmamates.com\/product\/32t-universal-basic-set\/#primaryimage"},"thumbnailUrl":"https:\/\/allmamates.com\/wp-content\/uploads\/2024\/04\/64.png","datePublished":"2024-04-16T00:07:28+00:00","dateModified":"2024-05-18T04:40:23+00:00","breadcrumb":{"@id":"https:\/\/allmamates.com\/product\/32t-universal-basic-set\/#breadcrumb"},"inLanguage":"pt-PT","potentialAction":[{"@type":"ReadAction","target":["https:\/\/allmamates.com\/product\/32t-universal-basic-set\/"]}]},{"@type":"ImageObject","inLanguage":"pt-PT","@id":"https:\/\/allmamates.com\/product\/32t-universal-basic-set\/#primaryimage","url":"https:\/\/allmamates.com\/wp-content\/uploads\/2024\/04\/64.png","contentUrl":"https:\/\/allmamates.com\/wp-content\/uploads\/2024\/04\/64.png","width":1080,"height":1080},{"@type":"BreadcrumbList","@id":"https:\/\/allmamates.com\/product\/32t-universal-basic-set\/#breadcrumb","itemListElement":[{"@type":"ListItem","position":1,"name":"Home","item":"https:\/\/allmamates.com\/"},{"@type":"ListItem","position":2,"name":"Products","item":"https:\/\/allmamates.com\/shop\/"},{"@type":"ListItem","position":3,"name":"32T Universal Basic Set"}]},{"@type":"WebSite","@id":"https:\/\/allmamates.com\/#website","url":"https:\/\/allmamates.com\/","name":"All Ma Mates\u00ae","description":"Your wheel end tool equipment supplier.","publisher":{"@id":"https:\/\/allmamates.com\/#organization"},"potentialAction":[{"@type":"SearchAction","target":{"@type":"EntryPoint","urlTemplate":"https:\/\/allmamates.com\/?s={search_term_string}"},"query-input":{"@type":"PropertyValueSpecification","valueRequired":true,"valueName":"search_term_string"}}],"inLanguage":"pt-PT"},{"@type":"Organization","@id":"https:\/\/allmamates.com\/#organization","name":"All Ma Mates\u00ae","url":"https:\/\/allmamates.com\/","logo":{"@type":"ImageObject","inLanguage":"pt-PT","@id":"https:\/\/allmamates.com\/#\/schema\/logo\/image\/","url":"https:\/\/allmamates.com\/wp-content\/uploads\/2024\/02\/a.png","contentUrl":"https:\/\/allmamates.com\/wp-content\/uploads\/2024\/02\/a.png","width":847,"height":434,"caption":"All Ma Mates\u00ae"},"image":{"@id":"https:\/\/allmamates.com\/#\/schema\/logo\/image\/"}}]}},"_links":{"self":[{"href":"https:\/\/allmamates.com\/pt\/wp-json\/wp\/v2\/product\/1919","targetHints":{"allow":["GET"]}}],"collection":[{"href":"https:\/\/allmamates.com\/pt\/wp-json\/wp\/v2\/product"}],"about":[{"href":"https:\/\/allmamates.com\/pt\/wp-json\/wp\/v2\/types\/product"}],"replies":[{"embeddable":true,"href":"https:\/\/allmamates.com\/pt\/wp-json\/wp\/v2\/comments?post=1919"}],"wp:featuredmedia":[{"embeddable":true,"href":"https:\/\/allmamates.com\/pt\/wp-json\/wp\/v2\/media\/1922"}],"wp:attachment":[{"href":"https:\/\/allmamates.com\/pt\/wp-json\/wp\/v2\/media?parent=1919"}],"wp:term":[{"taxonomy":"product_brand","embeddable":true,"href":"https:\/\/allmamates.com\/pt\/wp-json\/wp\/v2\/product_brand?post=1919"},{"taxonomy":"product_cat","embeddable":true,"href":"https:\/\/allmamates.com\/pt\/wp-json\/wp\/v2\/product_cat?post=1919"},{"taxonomy":"product_tag","embeddable":true,"href":"https:\/\/allmamates.com\/pt\/wp-json\/wp\/v2\/product_tag?post=1919"}],"curies":[{"name":"wp","href":"https:\/\/api.w.org\/{rel}","templated":true}]}}