{"id":1862,"date":"2024-04-03T03:55:40","date_gmt":"2024-04-03T03:55:40","guid":{"rendered":"https:\/\/allmamates.com\/?post_type=product&#038;p=1862"},"modified":"2024-05-28T13:55:32","modified_gmt":"2024-05-28T13:55:32","slug":"hydraulic-cylinders","status":"publish","type":"product","link":"https:\/\/allmamates.com\/pt\/produto\/hydraulic-cylinders\/","title":{"rendered":"Cilindros Hidr\u00e1ulicos"},"content":{"rendered":"<h2 class=\"elementor-heading-title elementor-size-default\">Cilindro Hidr\u00e1ulico 45T com Acess\u00f3rios.<\/h2>\n<p>The hydraulic cylinder 45T with acc. is a 45-ton pressing and pulling cylinder designed specifically for everyday use in bus, truck and trailer maintenance shops. It\u2019s like the perfect add-on for our hub dismantling and King Pin tools, such as the Universal set 32T for King pin (TBE102) and Universal set 45T for King pin (TBE103). The best part is, you can even combine the hydraulic cylinder\u2019s pressure with punching force when you\u2019re using a punching socket. It\u2019s lightweight, weighing just 11.7 kg, and it\u2019s got a stroke of 70 mm and an automatic return feature. Made in Sweden. Product: TBE100.<\/p>\n<p>&nbsp;<\/p>\n<h2 class=\"elementor-heading-title elementor-size-default\">Cilindro Hidr\u00e1ulico 32T<\/h2>\n<p>O cilindro hidr\u00e1ulico 32T \u00e9 um cilindro hidr\u00e1ulico de press\u00e3o e tra\u00e7\u00e3o de 32 tons projetado para uso di\u00e1rio em oficinas de manuten\u00e7\u00e3o de \u00f4nibus, caminh\u00f5es e reboques. Principalmente para ser utilizado com nossas ferramentas de rolamentos para ve\u00edculos leves e pesados (caminh\u00f5es). A press\u00e3o hidr\u00e1ulica do cilindro pode ser combinada com a for\u00e7a de perfura\u00e7\u00e3o ao usar uma bucha de perfura\u00e7\u00e3o ou uma porca de perfura\u00e7\u00e3o. Peso: 8,2 kg. Curso: 112 mm. Retorno autom\u00e1tico. Fabricado na Su\u00e9cia. Produto: TBE108.<\/p>","protected":false},"excerpt":{"rendered":"<table>\n<tbody>\n<tr>\n<td width=\"479\">\n<h2 style=\"text-align: center;\"><strong><u>45T<\/u><\/strong><\/h2>\n<\/td>\n<td width=\"479\">\n<h2 style=\"text-align: center;\"><u>32T<\/u><\/h2>\n<\/td>\n<\/tr>\n<tr>\n<td width=\"479\">\u00b7\u00a0\u00a0\u00a0\u00a0\u00a0\u00a0 Peso: 11.7 kg.<\/p>\n<p>\u00b7\u00a0\u00a0\u00a0\u00a0\u00a0\u00a0 Curso: 70 mm.<\/p>\n<p>\u00b7\u00a0\u00a0\u00a0\u00a0\u00a0\u00a0 Retorno autom\u00e1tico.<\/td>\n<td width=\"479\">\u00b7\u00a0\u00a0\u00a0\u00a0\u00a0\u00a0 Peso: 8.2 kg.<\/p>\n<p>\u00b7\u00a0\u00a0\u00a0\u00a0\u00a0\u00a0 Curso: 112 mm.<\/p>\n<p>\u00b7\u00a0\u00a0\u00a0\u00a0\u00a0\u00a0 Retorno autom\u00e1tico.<\/td>\n<\/tr>\n<\/tbody>\n<\/table>\n<p>&nbsp;<\/p>\n<p>https:\/\/youtu.be\/9KJLauT3joU?feature=shared<\/p>","protected":false},"featured_media":1863,"comment_status":"open","ping_status":"closed","template":"","meta":{"site-sidebar-layout":"default","site-content-layout":"","ast-site-content-layout":"default","site-content-style":"default","site-sidebar-style":"default","ast-global-header-display":"","ast-banner-title-visibility":"","ast-main-header-display":"","ast-hfb-above-header-display":"","ast-hfb-below-header-display":"","ast-hfb-mobile-header-display":"","site-post-title":"","ast-breadcrumbs-content":"","ast-featured-img":"","footer-sml-layout":"","theme-transparent-header-meta":"default","adv-header-id-meta":"","stick-header-meta":"","header-above-stick-meta":"","header-main-stick-meta":"","header-below-stick-meta":"","astra-migrate-meta-layouts":"set","ast-page-background-enabled":"default","ast-page-background-meta":{"desktop":{"background-color":"var(--ast-global-color-4)","background-image":"","background-repeat":"repeat","background-position":"center center","background-size":"auto","background-attachment":"scroll","background-type":"","background-media":"","overlay-type":"","overlay-color":"","overlay-gradient":""},"tablet":{"background-color":"","background-image":"","background-repeat":"repeat","background-position":"center center","background-size":"auto","background-attachment":"scroll","background-type":"","background-media":"","overlay-type":"","overlay-color":"","overlay-gradient":""},"mobile":{"background-color":"","background-image":"","background-repeat":"repeat","background-position":"center center","background-size":"auto","background-attachment":"scroll","background-type":"","background-media":"","overlay-type":"","overlay-color":"","overlay-gradient":""}},"ast-content-background-meta":{"desktop":{"background-color":"var(--ast-global-color-5)","background-image":"","background-repeat":"repeat","background-position":"center center","background-size":"auto","background-attachment":"scroll","background-type":"","background-media":"","overlay-type":"","overlay-color":"","overlay-gradient":""},"tablet":{"background-color":"var(--ast-global-color-5)","background-image":"","background-repeat":"repeat","background-position":"center center","background-size":"auto","background-attachment":"scroll","background-type":"","background-media":"","overlay-type":"","overlay-color":"","overlay-gradient":""},"mobile":{"background-color":"var(--ast-global-color-5)","background-image":"","background-repeat":"repeat","background-position":"center center","background-size":"auto","background-attachment":"scroll","background-type":"","background-media":"","overlay-type":"","overlay-color":"","overlay-gradient":""}}},"product_brand":[],"product_cat":[22,23],"product_tag":[],"class_list":{"0":"post-1862","1":"product","2":"type-product","3":"status-publish","4":"has-post-thumbnail","6":"product_cat-new-products","7":"product_cat-tool-box-essentials","8":"desktop-align-left","9":"tablet-align-left","10":"mobile-align-left","12":"first","13":"instock","14":"shipping-taxable","15":"product-type-simple"},"yoast_head":"<!-- This site is optimized with the Yoast SEO plugin v27.2 - https:\/\/yoast.com\/product\/yoast-seo-wordpress\/ -->\n<title>Hydraulic Cylinders - All Ma Mates\u00ae<\/title>\n<meta name=\"robots\" content=\"index, follow, max-snippet:-1, max-image-preview:large, max-video-preview:-1\" \/>\n<link rel=\"canonical\" href=\"https:\/\/allmamates.com\/pt\/produto\/hydraulic-cylinders\/\" \/>\n<meta property=\"og:locale\" content=\"pt_PT\" \/>\n<meta property=\"og:type\" content=\"article\" \/>\n<meta property=\"og:title\" content=\"Hydraulic Cylinders - All Ma Mates\u00ae\" \/>\n<meta property=\"og:description\" content=\"45T   32T    \u00b7\u00a0\u00a0\u00a0\u00a0\u00a0\u00a0 Weight: 11.7 kg.  \u00b7\u00a0\u00a0\u00a0\u00a0\u00a0\u00a0 Stroke: 70 mm.  \u00b7\u00a0\u00a0\u00a0\u00a0\u00a0\u00a0 Automatic return. \u00b7\u00a0\u00a0\u00a0\u00a0\u00a0\u00a0 Weight: 8.2 kg.  \u00b7\u00a0\u00a0\u00a0\u00a0\u00a0\u00a0 Stroke: 112 mm.  \u00b7\u00a0\u00a0\u00a0\u00a0\u00a0\u00a0 Automatic return.    &nbsp;  https:\/\/youtu.be\/9KJLauT3joU?feature=shared\" \/>\n<meta property=\"og:url\" content=\"https:\/\/allmamates.com\/pt\/produto\/hydraulic-cylinders\/\" \/>\n<meta property=\"og:site_name\" content=\"All Ma Mates\u00ae\" \/>\n<meta property=\"article:modified_time\" content=\"2024-05-28T13:55:32+00:00\" \/>\n<meta property=\"og:image\" content=\"https:\/\/allmamates.com\/wp-content\/uploads\/2024\/04\/35.png\" \/>\n\t<meta property=\"og:image:width\" content=\"1080\" \/>\n\t<meta property=\"og:image:height\" content=\"1080\" \/>\n\t<meta property=\"og:image:type\" content=\"image\/png\" \/>\n<meta name=\"twitter:card\" content=\"summary_large_image\" \/>\n<meta name=\"twitter:label1\" content=\"Tempo estimado de leitura\" \/>\n\t<meta name=\"twitter:data1\" content=\"1 minuto\" \/>\n<script type=\"application\/ld+json\" class=\"yoast-schema-graph\">{\"@context\":\"https:\/\/schema.org\",\"@graph\":[{\"@type\":\"WebPage\",\"@id\":\"https:\/\/allmamates.com\/product\/hydraulic-cylinders\/\",\"url\":\"https:\/\/allmamates.com\/product\/hydraulic-cylinders\/\",\"name\":\"Hydraulic Cylinders - All Ma Mates\u00ae\",\"isPartOf\":{\"@id\":\"https:\/\/allmamates.com\/#website\"},\"primaryImageOfPage\":{\"@id\":\"https:\/\/allmamates.com\/product\/hydraulic-cylinders\/#primaryimage\"},\"image\":{\"@id\":\"https:\/\/allmamates.com\/product\/hydraulic-cylinders\/#primaryimage\"},\"thumbnailUrl\":\"https:\/\/allmamates.com\/wp-content\/uploads\/2024\/04\/35.png\",\"datePublished\":\"2024-04-03T03:55:40+00:00\",\"dateModified\":\"2024-05-28T13:55:32+00:00\",\"breadcrumb\":{\"@id\":\"https:\/\/allmamates.com\/product\/hydraulic-cylinders\/#breadcrumb\"},\"inLanguage\":\"pt-PT\",\"potentialAction\":[{\"@type\":\"ReadAction\",\"target\":[\"https:\/\/allmamates.com\/product\/hydraulic-cylinders\/\"]}]},{\"@type\":\"ImageObject\",\"inLanguage\":\"pt-PT\",\"@id\":\"https:\/\/allmamates.com\/product\/hydraulic-cylinders\/#primaryimage\",\"url\":\"https:\/\/allmamates.com\/wp-content\/uploads\/2024\/04\/35.png\",\"contentUrl\":\"https:\/\/allmamates.com\/wp-content\/uploads\/2024\/04\/35.png\",\"width\":1080,\"height\":1080},{\"@type\":\"BreadcrumbList\",\"@id\":\"https:\/\/allmamates.com\/product\/hydraulic-cylinders\/#breadcrumb\",\"itemListElement\":[{\"@type\":\"ListItem\",\"position\":1,\"name\":\"Home\",\"item\":\"https:\/\/allmamates.com\/\"},{\"@type\":\"ListItem\",\"position\":2,\"name\":\"Products\",\"item\":\"https:\/\/allmamates.com\/shop\/\"},{\"@type\":\"ListItem\",\"position\":3,\"name\":\"Hydraulic Cylinders\"}]},{\"@type\":\"WebSite\",\"@id\":\"https:\/\/allmamates.com\/#website\",\"url\":\"https:\/\/allmamates.com\/\",\"name\":\"All Ma Mates\u00ae\",\"description\":\"Your wheel end tool equipment supplier.\",\"publisher\":{\"@id\":\"https:\/\/allmamates.com\/#organization\"},\"potentialAction\":[{\"@type\":\"SearchAction\",\"target\":{\"@type\":\"EntryPoint\",\"urlTemplate\":\"https:\/\/allmamates.com\/?s={search_term_string}\"},\"query-input\":{\"@type\":\"PropertyValueSpecification\",\"valueRequired\":true,\"valueName\":\"search_term_string\"}}],\"inLanguage\":\"pt-PT\"},{\"@type\":\"Organization\",\"@id\":\"https:\/\/allmamates.com\/#organization\",\"name\":\"All Ma Mates\u00ae\",\"url\":\"https:\/\/allmamates.com\/\",\"logo\":{\"@type\":\"ImageObject\",\"inLanguage\":\"pt-PT\",\"@id\":\"https:\/\/allmamates.com\/#\/schema\/logo\/image\/\",\"url\":\"https:\/\/allmamates.com\/wp-content\/uploads\/2024\/02\/a.png\",\"contentUrl\":\"https:\/\/allmamates.com\/wp-content\/uploads\/2024\/02\/a.png\",\"width\":847,\"height\":434,\"caption\":\"All Ma Mates\u00ae\"},\"image\":{\"@id\":\"https:\/\/allmamates.com\/#\/schema\/logo\/image\/\"}}]}<\/script>\n<!-- \/ Yoast SEO plugin. -->","yoast_head_json":{"title":"Hydraulic Cylinders - All Ma Mates\u00ae","robots":{"index":"index","follow":"follow","max-snippet":"max-snippet:-1","max-image-preview":"max-image-preview:large","max-video-preview":"max-video-preview:-1"},"canonical":"https:\/\/allmamates.com\/pt\/produto\/hydraulic-cylinders\/","og_locale":"pt_PT","og_type":"article","og_title":"Hydraulic Cylinders - All Ma Mates\u00ae","og_description":"45T   32T    \u00b7\u00a0\u00a0\u00a0\u00a0\u00a0\u00a0 Weight: 11.7 kg.  \u00b7\u00a0\u00a0\u00a0\u00a0\u00a0\u00a0 Stroke: 70 mm.  \u00b7\u00a0\u00a0\u00a0\u00a0\u00a0\u00a0 Automatic return. \u00b7\u00a0\u00a0\u00a0\u00a0\u00a0\u00a0 Weight: 8.2 kg.  \u00b7\u00a0\u00a0\u00a0\u00a0\u00a0\u00a0 Stroke: 112 mm.  \u00b7\u00a0\u00a0\u00a0\u00a0\u00a0\u00a0 Automatic return.    &nbsp;  https:\/\/youtu.be\/9KJLauT3joU?feature=shared","og_url":"https:\/\/allmamates.com\/pt\/produto\/hydraulic-cylinders\/","og_site_name":"All Ma Mates\u00ae","article_modified_time":"2024-05-28T13:55:32+00:00","og_image":[{"width":1080,"height":1080,"url":"https:\/\/allmamates.com\/wp-content\/uploads\/2024\/04\/35.png","type":"image\/png"}],"twitter_card":"summary_large_image","twitter_misc":{"Tempo estimado de leitura":"1 minuto"},"schema":{"@context":"https:\/\/schema.org","@graph":[{"@type":"WebPage","@id":"https:\/\/allmamates.com\/product\/hydraulic-cylinders\/","url":"https:\/\/allmamates.com\/product\/hydraulic-cylinders\/","name":"Hydraulic Cylinders - All Ma Mates\u00ae","isPartOf":{"@id":"https:\/\/allmamates.com\/#website"},"primaryImageOfPage":{"@id":"https:\/\/allmamates.com\/product\/hydraulic-cylinders\/#primaryimage"},"image":{"@id":"https:\/\/allmamates.com\/product\/hydraulic-cylinders\/#primaryimage"},"thumbnailUrl":"https:\/\/allmamates.com\/wp-content\/uploads\/2024\/04\/35.png","datePublished":"2024-04-03T03:55:40+00:00","dateModified":"2024-05-28T13:55:32+00:00","breadcrumb":{"@id":"https:\/\/allmamates.com\/product\/hydraulic-cylinders\/#breadcrumb"},"inLanguage":"pt-PT","potentialAction":[{"@type":"ReadAction","target":["https:\/\/allmamates.com\/product\/hydraulic-cylinders\/"]}]},{"@type":"ImageObject","inLanguage":"pt-PT","@id":"https:\/\/allmamates.com\/product\/hydraulic-cylinders\/#primaryimage","url":"https:\/\/allmamates.com\/wp-content\/uploads\/2024\/04\/35.png","contentUrl":"https:\/\/allmamates.com\/wp-content\/uploads\/2024\/04\/35.png","width":1080,"height":1080},{"@type":"BreadcrumbList","@id":"https:\/\/allmamates.com\/product\/hydraulic-cylinders\/#breadcrumb","itemListElement":[{"@type":"ListItem","position":1,"name":"Home","item":"https:\/\/allmamates.com\/"},{"@type":"ListItem","position":2,"name":"Products","item":"https:\/\/allmamates.com\/shop\/"},{"@type":"ListItem","position":3,"name":"Hydraulic Cylinders"}]},{"@type":"WebSite","@id":"https:\/\/allmamates.com\/#website","url":"https:\/\/allmamates.com\/","name":"All Ma Mates\u00ae","description":"Your wheel end tool equipment supplier.","publisher":{"@id":"https:\/\/allmamates.com\/#organization"},"potentialAction":[{"@type":"SearchAction","target":{"@type":"EntryPoint","urlTemplate":"https:\/\/allmamates.com\/?s={search_term_string}"},"query-input":{"@type":"PropertyValueSpecification","valueRequired":true,"valueName":"search_term_string"}}],"inLanguage":"pt-PT"},{"@type":"Organization","@id":"https:\/\/allmamates.com\/#organization","name":"All Ma Mates\u00ae","url":"https:\/\/allmamates.com\/","logo":{"@type":"ImageObject","inLanguage":"pt-PT","@id":"https:\/\/allmamates.com\/#\/schema\/logo\/image\/","url":"https:\/\/allmamates.com\/wp-content\/uploads\/2024\/02\/a.png","contentUrl":"https:\/\/allmamates.com\/wp-content\/uploads\/2024\/02\/a.png","width":847,"height":434,"caption":"All Ma Mates\u00ae"},"image":{"@id":"https:\/\/allmamates.com\/#\/schema\/logo\/image\/"}}]}},"_links":{"self":[{"href":"https:\/\/allmamates.com\/pt\/wp-json\/wp\/v2\/product\/1862","targetHints":{"allow":["GET"]}}],"collection":[{"href":"https:\/\/allmamates.com\/pt\/wp-json\/wp\/v2\/product"}],"about":[{"href":"https:\/\/allmamates.com\/pt\/wp-json\/wp\/v2\/types\/product"}],"replies":[{"embeddable":true,"href":"https:\/\/allmamates.com\/pt\/wp-json\/wp\/v2\/comments?post=1862"}],"wp:featuredmedia":[{"embeddable":true,"href":"https:\/\/allmamates.com\/pt\/wp-json\/wp\/v2\/media\/1863"}],"wp:attachment":[{"href":"https:\/\/allmamates.com\/pt\/wp-json\/wp\/v2\/media?parent=1862"}],"wp:term":[{"taxonomy":"product_brand","embeddable":true,"href":"https:\/\/allmamates.com\/pt\/wp-json\/wp\/v2\/product_brand?post=1862"},{"taxonomy":"product_cat","embeddable":true,"href":"https:\/\/allmamates.com\/pt\/wp-json\/wp\/v2\/product_cat?post=1862"},{"taxonomy":"product_tag","embeddable":true,"href":"https:\/\/allmamates.com\/pt\/wp-json\/wp\/v2\/product_tag?post=1862"}],"curies":[{"name":"wp","href":"https:\/\/api.w.org\/{rel}","templated":true}]}}