{"id":3,"date":"2024-02-02T01:34:49","date_gmt":"2024-02-02T01:34:49","guid":{"rendered":"https:\/\/digentify.com\/allmamates\/?page_id=3"},"modified":"2025-01-12T16:09:59","modified_gmt":"2025-01-12T16:09:59","slug":"privacy-policy","status":"publish","type":"page","link":"https:\/\/allmamates.com\/pt\/privacy-policy\/","title":{"rendered":"Pol\u00edtica de Privacidade"},"content":{"rendered":"<p><strong>Privacy Policy for All Ma Mates\u00ae Ltd.<\/strong><\/p>\r\n<p>At\u00a0 All Ma Mates\u00ae Ltd. which you can access from <a href=\"https:\/\/allmamates.com\/pt\/\">https:\/\/allmamates.com<\/a>, one of our main priorities is the privacy of our visitors. This Privacy Policy contains information that is collected and recorded by All Ma Mates\u00ae Ltd. and how we use it.<\/p>\r\n<p>Se voc\u00ea tiver d\u00favidas ou precisar de mais informa\u00e7\u00f5es sobre nossa pol\u00edtica, n\u00e3o hesite em nos contatar.<\/p>\r\n<p>The Privacy Policy applies to our online activities and is valid for visitors to our website with regards to the information that they share and or that All Ma Mates\u00ae Ltd. collects. This policy is not applicable to any information that may be collected offline or via other channels outside of this website.<\/p>\r\n<p>&nbsp;<\/p>\r\n<p><strong>CONSENTIMENTO<\/strong><\/p>\r\n<p>Ao usar nosso site, voc\u00ea est\u00e1 consentindo com nossa Pol\u00edtica de Privacidade e concorda com seus termos.<\/p>\r\n<p>&nbsp;<\/p>\r\n<p><strong>INFORMA\u00c7\u00d5ES QUE COLETAMOS<\/strong><\/p>\r\n<p>As informa\u00e7\u00f5es pessoais que solicitamos e os motivos pelos quais voc\u00ea est\u00e1 fornecendo essas informa\u00e7\u00f5es ser\u00e3o claros para voc\u00ea no momento em que solicitarmos que voc\u00ea forne\u00e7a suas informa\u00e7\u00f5es pessoais.<\/p>\r\n<p>Se voc\u00ea entrar em contato conosco diretamente, podemos receber informa\u00e7\u00f5es adicionais, como seu nome, endere\u00e7o de e-mail, n\u00famero de telefone, conte\u00fado de mensagens e\/ou anexos que voc\u00ea nos enviar. Isso tamb\u00e9m inclui qualquer outra informa\u00e7\u00e3o que voc\u00ea possa escolher fornecer.<\/p>\r\n<p>Quando voc\u00ea se registra para uma Conta, podemos solicitar informa\u00e7\u00f5es de contato, incluindo informa\u00e7\u00f5es como nome, nome da empresa, endere\u00e7o, endere\u00e7o de e-mail e n\u00famero de telefone.<\/p>\r\n<p><u>COMO USAMOS SUAS INFORMA\u00c7\u00d5ES<\/u><\/p>\r\n<p>Usamos as informa\u00e7\u00f5es que coletamos de v\u00e1rias maneiras, tais como:<\/p>\r\n<ul>\r\n<li>Fornecer, operar e manter nosso site.<\/li>\r\n<li>Melhorar, expandir e personalizar nosso site.<\/li>\r\n<li>Compreender e analisar como voc\u00ea usa nosso site.<\/li>\r\n<li>Desenvolver novos produtos, recursos, fun\u00e7\u00f5es e servi\u00e7os.<\/li>\r\n<li>Comunicar-se diretamente com voc\u00ea ou por meio de um de nossos parceiros, inclusive para atendimento ao cliente, fornecer atualiza\u00e7\u00f5es e outras informa\u00e7\u00f5es relacionadas ao site e para fins de marketing e promo\u00e7\u00e3o.<\/li>\r\n<li>Enviar e-mails para voc\u00ea.<\/li>\r\n<li>Auxiliar na identifica\u00e7\u00e3o e preven\u00e7\u00e3o de fraudes.<\/li>\r\n<\/ul>\r\n<p>&nbsp;<\/p>\r\n<p><strong>COOKIES E WEB BEACONS<\/strong><\/p>\r\n<p>Like other websites, All Ma Mates\u2122 Ltd. uses cookies. These cookies are used to store information including visitors\u2019 preferences and the pages on the website that the visitor accessed or visited. This information is used to optimize the users\u2019 experience by customizing our web page content based on visitor browser type and\/or other information.<\/p>","protected":false},"excerpt":{"rendered":"<p>Privacy Policy for All Ma Mates\u00ae Ltd. At\u00a0 All Ma Mates\u00ae Ltd. which you can access from https:\/\/allmamates.com, one of [&hellip;]<\/p>","protected":false},"author":1,"featured_media":0,"parent":0,"menu_order":0,"comment_status":"closed","ping_status":"open","template":"","meta":{"site-sidebar-layout":"default","site-content-layout":"","ast-site-content-layout":"default","site-content-style":"default","site-sidebar-style":"default","ast-global-header-display":"","ast-banner-title-visibility":"","ast-main-header-display":"","ast-hfb-above-header-display":"","ast-hfb-below-header-display":"","ast-hfb-mobile-header-display":"","site-post-title":"","ast-breadcrumbs-content":"","ast-featured-img":"","footer-sml-layout":"","theme-transparent-header-meta":"default","adv-header-id-meta":"","stick-header-meta":"","header-above-stick-meta":"","header-main-stick-meta":"","header-below-stick-meta":"","astra-migrate-meta-layouts":"set","ast-page-background-enabled":"default","ast-page-background-meta":{"desktop":{"background-color":"var(--ast-global-color-4)","background-image":"","background-repeat":"repeat","background-position":"center center","background-size":"auto","background-attachment":"scroll","background-type":"","background-media":"","overlay-type":"","overlay-color":"","overlay-gradient":""},"tablet":{"background-color":"","background-image":"","background-repeat":"repeat","background-position":"center center","background-size":"auto","background-attachment":"scroll","background-type":"","background-media":"","overlay-type":"","overlay-color":"","overlay-gradient":""},"mobile":{"background-color":"","background-image":"","background-repeat":"repeat","background-position":"center center","background-size":"auto","background-attachment":"scroll","background-type":"","background-media":"","overlay-type":"","overlay-color":"","overlay-gradient":""}},"ast-content-background-meta":{"desktop":{"background-color":"var(--ast-global-color-5)","background-image":"","background-repeat":"repeat","background-position":"center center","background-size":"auto","background-attachment":"scroll","background-type":"","background-media":"","overlay-type":"","overlay-color":"","overlay-gradient":""},"tablet":{"background-color":"var(--ast-global-color-5)","background-image":"","background-repeat":"repeat","background-position":"center center","background-size":"auto","background-attachment":"scroll","background-type":"","background-media":"","overlay-type":"","overlay-color":"","overlay-gradient":""},"mobile":{"background-color":"var(--ast-global-color-5)","background-image":"","background-repeat":"repeat","background-position":"center center","background-size":"auto","background-attachment":"scroll","background-type":"","background-media":"","overlay-type":"","overlay-color":"","overlay-gradient":""}},"footnotes":""},"class_list":["post-3","page","type-page","status-publish","hentry"],"yoast_head":"<!-- This site is optimized with the Yoast SEO plugin v27.2 - https:\/\/yoast.com\/product\/yoast-seo-wordpress\/ -->\n<title>Privacy Policy - All Ma Mates\u00ae<\/title>\n<meta name=\"robots\" content=\"index, follow, max-snippet:-1, max-image-preview:large, max-video-preview:-1\" \/>\n<link rel=\"canonical\" href=\"https:\/\/allmamates.com\/pt\/privacy-policy\/\" \/>\n<meta property=\"og:locale\" content=\"pt_PT\" \/>\n<meta property=\"og:type\" content=\"article\" \/>\n<meta property=\"og:title\" content=\"Privacy Policy - All Ma Mates\u00ae\" \/>\n<meta property=\"og:description\" content=\"Privacy Policy for All Ma Mates\u00ae Ltd. At\u00a0 All Ma Mates\u00ae Ltd. which you can access from https:\/\/allmamates.com, one of [&hellip;]\" \/>\n<meta property=\"og:url\" content=\"https:\/\/allmamates.com\/pt\/privacy-policy\/\" \/>\n<meta property=\"og:site_name\" content=\"All Ma Mates\u00ae\" \/>\n<meta property=\"article:modified_time\" content=\"2025-01-12T16:09:59+00:00\" \/>\n<meta name=\"twitter:card\" content=\"summary_large_image\" \/>\n<meta name=\"twitter:label1\" content=\"Tempo estimado de leitura\" \/>\n\t<meta name=\"twitter:data1\" content=\"2 minutos\" \/>\n<script type=\"application\/ld+json\" class=\"yoast-schema-graph\">{\"@context\":\"https:\/\/schema.org\",\"@graph\":[{\"@type\":\"WebPage\",\"@id\":\"https:\/\/allmamates.com\/privacy-policy\/\",\"url\":\"https:\/\/allmamates.com\/privacy-policy\/\",\"name\":\"Privacy Policy - All Ma Mates\u00ae\",\"isPartOf\":{\"@id\":\"https:\/\/allmamates.com\/#website\"},\"datePublished\":\"2024-02-02T01:34:49+00:00\",\"dateModified\":\"2025-01-12T16:09:59+00:00\",\"breadcrumb\":{\"@id\":\"https:\/\/allmamates.com\/privacy-policy\/#breadcrumb\"},\"inLanguage\":\"pt-PT\",\"potentialAction\":[{\"@type\":\"ReadAction\",\"target\":[\"https:\/\/allmamates.com\/privacy-policy\/\"]}]},{\"@type\":\"BreadcrumbList\",\"@id\":\"https:\/\/allmamates.com\/privacy-policy\/#breadcrumb\",\"itemListElement\":[{\"@type\":\"ListItem\",\"position\":1,\"name\":\"Home\",\"item\":\"https:\/\/allmamates.com\/\"},{\"@type\":\"ListItem\",\"position\":2,\"name\":\"Privacy Policy\"}]},{\"@type\":\"WebSite\",\"@id\":\"https:\/\/allmamates.com\/#website\",\"url\":\"https:\/\/allmamates.com\/\",\"name\":\"All Ma Mates\u00ae\",\"description\":\"Your wheel end tool equipment supplier.\",\"publisher\":{\"@id\":\"https:\/\/allmamates.com\/#organization\"},\"potentialAction\":[{\"@type\":\"SearchAction\",\"target\":{\"@type\":\"EntryPoint\",\"urlTemplate\":\"https:\/\/allmamates.com\/?s={search_term_string}\"},\"query-input\":{\"@type\":\"PropertyValueSpecification\",\"valueRequired\":true,\"valueName\":\"search_term_string\"}}],\"inLanguage\":\"pt-PT\"},{\"@type\":\"Organization\",\"@id\":\"https:\/\/allmamates.com\/#organization\",\"name\":\"All Ma Mates\u00ae\",\"url\":\"https:\/\/allmamates.com\/\",\"logo\":{\"@type\":\"ImageObject\",\"inLanguage\":\"pt-PT\",\"@id\":\"https:\/\/allmamates.com\/#\/schema\/logo\/image\/\",\"url\":\"https:\/\/allmamates.com\/wp-content\/uploads\/2024\/02\/a.png\",\"contentUrl\":\"https:\/\/allmamates.com\/wp-content\/uploads\/2024\/02\/a.png\",\"width\":847,\"height\":434,\"caption\":\"All Ma Mates\u00ae\"},\"image\":{\"@id\":\"https:\/\/allmamates.com\/#\/schema\/logo\/image\/\"}}]}<\/script>\n<!-- \/ Yoast SEO plugin. -->","yoast_head_json":{"title":"Privacy Policy - All Ma Mates\u00ae","robots":{"index":"index","follow":"follow","max-snippet":"max-snippet:-1","max-image-preview":"max-image-preview:large","max-video-preview":"max-video-preview:-1"},"canonical":"https:\/\/allmamates.com\/pt\/privacy-policy\/","og_locale":"pt_PT","og_type":"article","og_title":"Privacy Policy - All Ma Mates\u00ae","og_description":"Privacy Policy for All Ma Mates\u00ae Ltd. At\u00a0 All Ma Mates\u00ae Ltd. which you can access from https:\/\/allmamates.com, one of [&hellip;]","og_url":"https:\/\/allmamates.com\/pt\/privacy-policy\/","og_site_name":"All Ma Mates\u00ae","article_modified_time":"2025-01-12T16:09:59+00:00","twitter_card":"summary_large_image","twitter_misc":{"Tempo estimado de leitura":"2 minutos"},"schema":{"@context":"https:\/\/schema.org","@graph":[{"@type":"WebPage","@id":"https:\/\/allmamates.com\/privacy-policy\/","url":"https:\/\/allmamates.com\/privacy-policy\/","name":"Privacy Policy - All Ma Mates\u00ae","isPartOf":{"@id":"https:\/\/allmamates.com\/#website"},"datePublished":"2024-02-02T01:34:49+00:00","dateModified":"2025-01-12T16:09:59+00:00","breadcrumb":{"@id":"https:\/\/allmamates.com\/privacy-policy\/#breadcrumb"},"inLanguage":"pt-PT","potentialAction":[{"@type":"ReadAction","target":["https:\/\/allmamates.com\/privacy-policy\/"]}]},{"@type":"BreadcrumbList","@id":"https:\/\/allmamates.com\/privacy-policy\/#breadcrumb","itemListElement":[{"@type":"ListItem","position":1,"name":"Home","item":"https:\/\/allmamates.com\/"},{"@type":"ListItem","position":2,"name":"Privacy Policy"}]},{"@type":"WebSite","@id":"https:\/\/allmamates.com\/#website","url":"https:\/\/allmamates.com\/","name":"All Ma Mates\u00ae","description":"Your wheel end tool equipment supplier.","publisher":{"@id":"https:\/\/allmamates.com\/#organization"},"potentialAction":[{"@type":"SearchAction","target":{"@type":"EntryPoint","urlTemplate":"https:\/\/allmamates.com\/?s={search_term_string}"},"query-input":{"@type":"PropertyValueSpecification","valueRequired":true,"valueName":"search_term_string"}}],"inLanguage":"pt-PT"},{"@type":"Organization","@id":"https:\/\/allmamates.com\/#organization","name":"All Ma Mates\u00ae","url":"https:\/\/allmamates.com\/","logo":{"@type":"ImageObject","inLanguage":"pt-PT","@id":"https:\/\/allmamates.com\/#\/schema\/logo\/image\/","url":"https:\/\/allmamates.com\/wp-content\/uploads\/2024\/02\/a.png","contentUrl":"https:\/\/allmamates.com\/wp-content\/uploads\/2024\/02\/a.png","width":847,"height":434,"caption":"All Ma Mates\u00ae"},"image":{"@id":"https:\/\/allmamates.com\/#\/schema\/logo\/image\/"}}]}},"_links":{"self":[{"href":"https:\/\/allmamates.com\/pt\/wp-json\/wp\/v2\/pages\/3","targetHints":{"allow":["GET"]}}],"collection":[{"href":"https:\/\/allmamates.com\/pt\/wp-json\/wp\/v2\/pages"}],"about":[{"href":"https:\/\/allmamates.com\/pt\/wp-json\/wp\/v2\/types\/page"}],"author":[{"embeddable":true,"href":"https:\/\/allmamates.com\/pt\/wp-json\/wp\/v2\/users\/1"}],"replies":[{"embeddable":true,"href":"https:\/\/allmamates.com\/pt\/wp-json\/wp\/v2\/comments?post=3"}],"version-history":[{"count":2,"href":"https:\/\/allmamates.com\/pt\/wp-json\/wp\/v2\/pages\/3\/revisions"}],"predecessor-version":[{"id":2129,"href":"https:\/\/allmamates.com\/pt\/wp-json\/wp\/v2\/pages\/3\/revisions\/2129"}],"wp:attachment":[{"href":"https:\/\/allmamates.com\/pt\/wp-json\/wp\/v2\/media?parent=3"}],"curies":[{"name":"wp","href":"https:\/\/api.w.org\/{rel}","templated":true}]}}