{"id":1645,"date":"2024-03-04T16:33:21","date_gmt":"2024-03-04T16:33:21","guid":{"rendered":"https:\/\/allmamates.com\/?page_id=1645"},"modified":"2025-01-12T16:13:26","modified_gmt":"2025-01-12T16:13:26","slug":"warranty-statement","status":"publish","type":"page","link":"https:\/\/allmamates.com\/pt\/warranty-statement\/","title":{"rendered":"Declara\u00e7\u00e3o de garantia"},"content":{"rendered":"<div data-elementor-type=\"wp-page\" data-elementor-id=\"1645\" class=\"elementor elementor-1645\" data-elementor-post-type=\"page\">\n\t\t\t\t<div class=\"elementor-element elementor-element-9a9f26f e-flex e-con-boxed e-con e-parent\" data-id=\"9a9f26f\" data-element_type=\"container\">\n\t\t\t\t\t<div class=\"e-con-inner\">\n\t\t\t\t\t<\/div>\n\t\t\t\t<\/div>\n\t\t<div class=\"elementor-element elementor-element-32af46a3 e-flex e-con-boxed e-con e-parent\" data-id=\"32af46a3\" data-element_type=\"container\">\n\t\t\t\t\t<div class=\"e-con-inner\">\n\t\t\t\t<div class=\"elementor-element elementor-element-3fbd3f7 elementor-widget elementor-widget-text-editor\" data-id=\"3fbd3f7\" data-element_type=\"widget\" data-widget_type=\"text-editor.default\">\n\t\t\t\t<div class=\"elementor-widget-container\">\n\t\t\t\t\t\t\t\t\t<p style=\"text-align: center;\"><a href=\"mailto:Info@allmamates.com\">Info@allmamates.com<\/a><\/p><p style=\"text-align: center;\">TELEFONE: 1-844-465-6283<\/p><p style=\"text-align: center;\">Por favor, indique no cabe\u00e7alho do seu e-mail o assunto \"GARANTIA\"<\/p><p style=\"text-align: center;\">9049 Commercial St. Suite 118<\/p><p style=\"text-align: center;\">New Minas, NS, Canad\u00e1 B4N 3E3<\/p>\t\t\t\t\t\t\t\t<\/div>\n\t\t\t\t<\/div>\n\t\t\t\t<div class=\"elementor-element elementor-element-3ca3c81a elementor-widget elementor-widget-text-editor\" data-id=\"3ca3c81a\" data-element_type=\"widget\" data-widget_type=\"text-editor.default\">\n\t\t\t\t<div class=\"elementor-widget-container\">\n\t\t\t\t\t\t\t\t\t<p style=\"text-align: center;\"><strong>COMPREHENSIVE WARRANTY STATEMENT<\/strong><\/p><p>All Ma Mates\u00ae Ltd. warrants that all equipment listed on the following pages shall be free of defects in material or workmanship, from original date of service. This warranty coverage only applies to all equipment that have been properly assembled and properly maintained and used in the recommended applications.<\/p><p>All non-recommended applications must receive written approval from All Ma Mates\u00ae Ltd. in order to be covered under this warranty. The terms and coverages in this warranty document apply only to all original purchasers.<\/p><ul><li><strong>Do not destroy parts<\/strong> being considered for warranty. All parts in question must be returned to All Ma Mates\u00ae for evaluation. Returned warranty parts must be returned to All Ma Mates\u00ae Ltd. within 45 days for timely processing of the warranty claim. Failure to return such parts may result in partial or complete loss of warranty coverage.<\/li><li><strong>Parts requested<\/strong> to be returned under warranty must be accompanied by a warranty claim number issued by the All Ma Mates\u00ae Ltd. warranty department<\/li><li><strong>Freight charges<\/strong> will be reimbursed if the returned parts are found defective or not functioning. Parts returned under a warranty claim number must be sent prepaid.<\/li><li><strong>Product returned<\/strong> to All Ma Mates\u00ae Ltd. under this warranty shall become the property of All Ma Mates\u00ae Ltd.<\/li><\/ul><p><strong>CONDI\u00c7\u00d5ES: <\/strong>\u00a0Warranty is subject to certain conditions, exclusions and limitations. All Ma Mates\u00ae Ltd. reserves the right to reject a warranty claim for any or all of the following reasons.<\/p><ul><li>Componentes ou pe\u00e7as originais solicitados para devolu\u00e7\u00e3o n\u00e3o foram devolvidos para inspe\u00e7\u00e3o.<\/li><li>Produto inspecionado n\u00e3o comprova a reclama\u00e7\u00e3o ou indica uma falha.<\/li><li>Acidente, inc\u00eandio, inunda\u00e7\u00e3o ou outra calamidade.<\/li><li>Uso indevido ou neglig\u00eancia, incluindo, mas n\u00e3o se limitando a, sobrecarga.<\/li><li>Falta de manuten\u00e7\u00e3o razo\u00e1vel e adequada.<\/li><li>Modification to a specific component part, not performed by All Ma Mates\u00ae Ltd.<\/li><\/ul><p>The liability of All Ma Mated\u2122 Ltd. under this warranty is limited solely to the repair or replacement of defective material or workmanship by an authorized party. If an item or subject is not listed within this Comprehensive Warranty Statement publication, then it is not covered by All Ma Mates\u00ae Ltd. warranty coverage.<\/p><table><tbody><tr><td width=\"312\">BrakeMate\u00ae<\/td><td width=\"312\">3 anos a partir da data da compra<\/td><\/tr><tr><td width=\"312\">DrumMate\u2122<\/td><td width=\"312\">3 anos a partir da data da compra<\/td><\/tr><tr><td width=\"312\">HR Splitter Mate\u2122<\/td><td width=\"312\">2 anos a partir da data da compra<\/td><\/tr><tr><td width=\"312\">RotorMate\u00ae<\/td><td width=\"312\">2 anos a partir da data da compra<\/td><\/tr><tr><td width=\"312\">NutMate\u2122<\/td><td width=\"312\">2 anos a partir da data da compra<\/td><\/tr><tr><td width=\"312\">StudMate\u2122<\/td><td width=\"312\">1 ano a partir da data da compra<\/td><\/tr><\/tbody><\/table><p><img fetchpriority=\"high\" decoding=\"async\" class=\"size-medium wp-image-182 alignleft\" src=\"https:\/\/allmamates.com\/wp-content\/uploads\/2024\/02\/1-300x300.png\" alt=\"\" width=\"300\" height=\"300\" srcset=\"https:\/\/allmamates.com\/wp-content\/uploads\/2024\/02\/1-300x300.png 300w, https:\/\/allmamates.com\/wp-content\/uploads\/2024\/02\/1-100x100.png 100w, https:\/\/allmamates.com\/wp-content\/uploads\/2024\/02\/1-600x600.png 600w, https:\/\/allmamates.com\/wp-content\/uploads\/2024\/02\/1-1024x1024.png 1024w, https:\/\/allmamates.com\/wp-content\/uploads\/2024\/02\/1-150x150.png 150w, https:\/\/allmamates.com\/wp-content\/uploads\/2024\/02\/1-768x768.png 768w, https:\/\/allmamates.com\/wp-content\/uploads\/2024\/02\/1.png 1080w\" sizes=\"(max-width: 300px) 100vw, 300px\" \/><img decoding=\"async\" class=\"size-medium wp-image-710 alignleft\" src=\"https:\/\/allmamates.com\/wp-content\/uploads\/2024\/02\/4-1-300x300.png\" alt=\"\" width=\"300\" height=\"300\" srcset=\"https:\/\/allmamates.com\/wp-content\/uploads\/2024\/02\/4-1-300x300.png 300w, https:\/\/allmamates.com\/wp-content\/uploads\/2024\/02\/4-1-100x100.png 100w, https:\/\/allmamates.com\/wp-content\/uploads\/2024\/02\/4-1-600x600.png 600w, https:\/\/allmamates.com\/wp-content\/uploads\/2024\/02\/4-1-1024x1024.png 1024w, https:\/\/allmamates.com\/wp-content\/uploads\/2024\/02\/4-1-150x150.png 150w, https:\/\/allmamates.com\/wp-content\/uploads\/2024\/02\/4-1-768x768.png 768w, https:\/\/allmamates.com\/wp-content\/uploads\/2024\/02\/4-1.png 1080w\" sizes=\"(max-width: 300px) 100vw, 300px\" \/><img decoding=\"async\" class=\"size-medium wp-image-1644 alignleft\" src=\"https:\/\/allmamates.com\/wp-content\/uploads\/2024\/02\/Square-PNGS-26-300x300.png\" alt=\"\" width=\"300\" height=\"300\" srcset=\"https:\/\/allmamates.com\/wp-content\/uploads\/2024\/02\/Square-PNGS-26-300x300.png 300w, https:\/\/allmamates.com\/wp-content\/uploads\/2024\/02\/Square-PNGS-26-1024x1024.png 1024w, https:\/\/allmamates.com\/wp-content\/uploads\/2024\/02\/Square-PNGS-26-150x150.png 150w, https:\/\/allmamates.com\/wp-content\/uploads\/2024\/02\/Square-PNGS-26-768x768.png 768w, https:\/\/allmamates.com\/wp-content\/uploads\/2024\/02\/Square-PNGS-26-12x12.png 12w, https:\/\/allmamates.com\/wp-content\/uploads\/2024\/02\/Square-PNGS-26-600x600.png 600w, https:\/\/allmamates.com\/wp-content\/uploads\/2024\/02\/Square-PNGS-26-100x100.png 100w, https:\/\/allmamates.com\/wp-content\/uploads\/2024\/02\/Square-PNGS-26.png 1080w\" sizes=\"(max-width: 300px) 100vw, 300px\" \/><img loading=\"lazy\" decoding=\"async\" class=\"size-medium wp-image-1020 alignleft\" src=\"https:\/\/allmamates.com\/wp-content\/uploads\/2024\/02\/Square-PNGS-21-300x300.png\" alt=\"\" width=\"300\" height=\"300\" srcset=\"https:\/\/allmamates.com\/wp-content\/uploads\/2024\/02\/Square-PNGS-21-300x300.png 300w, https:\/\/allmamates.com\/wp-content\/uploads\/2024\/02\/Square-PNGS-21-100x100.png 100w, https:\/\/allmamates.com\/wp-content\/uploads\/2024\/02\/Square-PNGS-21-600x600.png 600w, https:\/\/allmamates.com\/wp-content\/uploads\/2024\/02\/Square-PNGS-21-1024x1024.png 1024w, https:\/\/allmamates.com\/wp-content\/uploads\/2024\/02\/Square-PNGS-21-150x150.png 150w, https:\/\/allmamates.com\/wp-content\/uploads\/2024\/02\/Square-PNGS-21-768x768.png 768w, https:\/\/allmamates.com\/wp-content\/uploads\/2024\/02\/Square-PNGS-21.png 1080w\" sizes=\"(max-width: 300px) 100vw, 300px\" \/><\/p><p><img loading=\"lazy\" decoding=\"async\" class=\"size-medium wp-image-720 alignleft\" src=\"https:\/\/allmamates.com\/wp-content\/uploads\/2024\/02\/Square-PNGS-6-300x300.png\" alt=\"\" width=\"300\" height=\"300\" srcset=\"https:\/\/allmamates.com\/wp-content\/uploads\/2024\/02\/Square-PNGS-6-300x300.png 300w, https:\/\/allmamates.com\/wp-content\/uploads\/2024\/02\/Square-PNGS-6-100x100.png 100w, https:\/\/allmamates.com\/wp-content\/uploads\/2024\/02\/Square-PNGS-6-600x600.png 600w, https:\/\/allmamates.com\/wp-content\/uploads\/2024\/02\/Square-PNGS-6-1024x1024.png 1024w, https:\/\/allmamates.com\/wp-content\/uploads\/2024\/02\/Square-PNGS-6-150x150.png 150w, https:\/\/allmamates.com\/wp-content\/uploads\/2024\/02\/Square-PNGS-6-768x768.png 768w, https:\/\/allmamates.com\/wp-content\/uploads\/2024\/02\/Square-PNGS-6.png 1080w\" sizes=\"(max-width: 300px) 100vw, 300px\" \/><img loading=\"lazy\" decoding=\"async\" class=\"size-medium wp-image-714 alignleft\" src=\"https:\/\/allmamates.com\/wp-content\/uploads\/2024\/02\/2-1-300x300.png\" alt=\"\" width=\"300\" height=\"300\" srcset=\"https:\/\/allmamates.com\/wp-content\/uploads\/2024\/02\/2-1-300x300.png 300w, https:\/\/allmamates.com\/wp-content\/uploads\/2024\/02\/2-1-100x100.png 100w, https:\/\/allmamates.com\/wp-content\/uploads\/2024\/02\/2-1-600x600.png 600w, https:\/\/allmamates.com\/wp-content\/uploads\/2024\/02\/2-1-1024x1024.png 1024w, https:\/\/allmamates.com\/wp-content\/uploads\/2024\/02\/2-1-150x150.png 150w, https:\/\/allmamates.com\/wp-content\/uploads\/2024\/02\/2-1-768x768.png 768w, https:\/\/allmamates.com\/wp-content\/uploads\/2024\/02\/2-1.png 1080w\" sizes=\"(max-width: 300px) 100vw, 300px\" \/><img loading=\"lazy\" decoding=\"async\" class=\"size-medium wp-image-709 alignleft\" src=\"https:\/\/allmamates.com\/wp-content\/uploads\/2024\/02\/6-1-300x300.png\" alt=\"\" width=\"300\" height=\"300\" srcset=\"https:\/\/allmamates.com\/wp-content\/uploads\/2024\/02\/6-1-300x300.png 300w, https:\/\/allmamates.com\/wp-content\/uploads\/2024\/02\/6-1-100x100.png 100w, https:\/\/allmamates.com\/wp-content\/uploads\/2024\/02\/6-1-600x600.png 600w, https:\/\/allmamates.com\/wp-content\/uploads\/2024\/02\/6-1-1024x1024.png 1024w, https:\/\/allmamates.com\/wp-content\/uploads\/2024\/02\/6-1-150x150.png 150w, https:\/\/allmamates.com\/wp-content\/uploads\/2024\/02\/6-1-768x768.png 768w, https:\/\/allmamates.com\/wp-content\/uploads\/2024\/02\/6-1.png 1080w\" sizes=\"(max-width: 300px) 100vw, 300px\" \/><\/p><p><img loading=\"lazy\" decoding=\"async\" class=\"size-medium wp-image-707 alignleft\" src=\"https:\/\/allmamates.com\/wp-content\/uploads\/2024\/02\/1-1-300x300.png\" alt=\"\" width=\"300\" height=\"300\" srcset=\"https:\/\/allmamates.com\/wp-content\/uploads\/2024\/02\/1-1-300x300.png 300w, https:\/\/allmamates.com\/wp-content\/uploads\/2024\/02\/1-1-100x100.png 100w, https:\/\/allmamates.com\/wp-content\/uploads\/2024\/02\/1-1-600x600.png 600w, https:\/\/allmamates.com\/wp-content\/uploads\/2024\/02\/1-1-1024x1024.png 1024w, https:\/\/allmamates.com\/wp-content\/uploads\/2024\/02\/1-1-150x150.png 150w, https:\/\/allmamates.com\/wp-content\/uploads\/2024\/02\/1-1-768x768.png 768w, https:\/\/allmamates.com\/wp-content\/uploads\/2024\/02\/1-1.png 1080w\" sizes=\"(max-width: 300px) 100vw, 300px\" \/><\/p><div id=\"gtx-trans\" style=\"position: absolute; left: 447px; top: 1196.61px;\"><div class=\"gtx-trans-icon\">\u00a0<\/div><\/div>\t\t\t\t\t\t\t\t<\/div>\n\t\t\t\t<\/div>\n\t\t\t\t<div class=\"elementor-element elementor-element-dbf54b1 elementor-widget elementor-widget-heading\" data-id=\"dbf54b1\" data-element_type=\"widget\" data-widget_type=\"heading.default\">\n\t\t\t\t<div class=\"elementor-widget-container\">\n\t\t\t\t\t<h2 class=\"elementor-heading-title elementor-size-default\"><a href=\"https:\/\/forms.zohopublic.com\/mark95\/form\/WarrantyRegistrationForm\/formperma\/1PdcU3k3P6tYd5EUrPsUSfwlfM90aYwpJuWP33hr-JI\">Registro de garantia<\/a><\/h2>\t\t\t\t<\/div>\n\t\t\t\t<\/div>\n\t\t\t\t\t<\/div>\n\t\t\t\t<\/div>\n\t\t\t\t<\/div>","protected":false},"excerpt":{"rendered":"<p>Info@allmamates.com PHONE: 1-844-465-6283 Please state in the heading of your email WARRANTY 9049 Commercial St. Suite 118 New Minas, NS, [&hellip;]<\/p>","protected":false},"author":1,"featured_media":0,"parent":0,"menu_order":0,"comment_status":"closed","ping_status":"closed","template":"","meta":{"site-sidebar-layout":"default","site-content-layout":"","ast-site-content-layout":"default","site-content-style":"default","site-sidebar-style":"default","ast-global-header-display":"","ast-banner-title-visibility":"","ast-main-header-display":"","ast-hfb-above-header-display":"","ast-hfb-below-header-display":"","ast-hfb-mobile-header-display":"","site-post-title":"","ast-breadcrumbs-content":"","ast-featured-img":"","footer-sml-layout":"","theme-transparent-header-meta":"default","adv-header-id-meta":"","stick-header-meta":"","header-above-stick-meta":"","header-main-stick-meta":"","header-below-stick-meta":"","astra-migrate-meta-layouts":"set","ast-page-background-enabled":"default","ast-page-background-meta":{"desktop":{"background-color":"var(--ast-global-color-4)","background-image":"","background-repeat":"repeat","background-position":"center center","background-size":"auto","background-attachment":"scroll","background-type":"","background-media":"","overlay-type":"","overlay-color":"","overlay-gradient":""},"tablet":{"background-color":"","background-image":"","background-repeat":"repeat","background-position":"center center","background-size":"auto","background-attachment":"scroll","background-type":"","background-media":"","overlay-type":"","overlay-color":"","overlay-gradient":""},"mobile":{"background-color":"","background-image":"","background-repeat":"repeat","background-position":"center center","background-size":"auto","background-attachment":"scroll","background-type":"","background-media":"","overlay-type":"","overlay-color":"","overlay-gradient":""}},"ast-content-background-meta":{"desktop":{"background-color":"var(--ast-global-color-5)","background-image":"","background-repeat":"repeat","background-position":"center center","background-size":"auto","background-attachment":"scroll","background-type":"","background-media":"","overlay-type":"","overlay-color":"","overlay-gradient":""},"tablet":{"background-color":"var(--ast-global-color-5)","background-image":"","background-repeat":"repeat","background-position":"center center","background-size":"auto","background-attachment":"scroll","background-type":"","background-media":"","overlay-type":"","overlay-color":"","overlay-gradient":""},"mobile":{"background-color":"var(--ast-global-color-5)","background-image":"","background-repeat":"repeat","background-position":"center center","background-size":"auto","background-attachment":"scroll","background-type":"","background-media":"","overlay-type":"","overlay-color":"","overlay-gradient":""}},"footnotes":""},"class_list":["post-1645","page","type-page","status-publish","hentry"],"yoast_head":"<!-- This site is optimized with the Yoast SEO plugin v27.2 - https:\/\/yoast.com\/product\/yoast-seo-wordpress\/ -->\n<title>Warranty Statement - All Ma Mates\u00ae<\/title>\n<meta name=\"robots\" content=\"index, follow, max-snippet:-1, max-image-preview:large, max-video-preview:-1\" \/>\n<link rel=\"canonical\" href=\"https:\/\/allmamates.com\/pt\/warranty-statement\/\" \/>\n<meta property=\"og:locale\" content=\"pt_PT\" \/>\n<meta property=\"og:type\" content=\"article\" \/>\n<meta property=\"og:title\" content=\"Warranty Statement - All Ma Mates\u00ae\" \/>\n<meta property=\"og:description\" content=\"Info@allmamates.com PHONE: 1-844-465-6283 Please state in the heading of your email WARRANTY 9049 Commercial St. Suite 118 New Minas, NS, [&hellip;]\" \/>\n<meta property=\"og:url\" content=\"https:\/\/allmamates.com\/pt\/warranty-statement\/\" \/>\n<meta property=\"og:site_name\" content=\"All Ma Mates\u00ae\" \/>\n<meta property=\"article:modified_time\" content=\"2025-01-12T16:13:26+00:00\" \/>\n<meta property=\"og:image\" content=\"https:\/\/allmamates.com\/wp-content\/uploads\/2024\/02\/1.png\" \/>\n\t<meta property=\"og:image:width\" content=\"1080\" \/>\n\t<meta property=\"og:image:height\" content=\"1080\" \/>\n\t<meta property=\"og:image:type\" content=\"image\/png\" \/>\n<meta name=\"twitter:card\" content=\"summary_large_image\" \/>\n<meta name=\"twitter:label1\" content=\"Tempo estimado de leitura\" \/>\n\t<meta name=\"twitter:data1\" content=\"2 minutos\" \/>\n<script type=\"application\/ld+json\" class=\"yoast-schema-graph\">{\"@context\":\"https:\/\/schema.org\",\"@graph\":[{\"@type\":\"WebPage\",\"@id\":\"https:\/\/allmamates.com\/warranty-statement\/\",\"url\":\"https:\/\/allmamates.com\/warranty-statement\/\",\"name\":\"Warranty Statement - All Ma Mates\u00ae\",\"isPartOf\":{\"@id\":\"https:\/\/allmamates.com\/#website\"},\"primaryImageOfPage\":{\"@id\":\"https:\/\/allmamates.com\/warranty-statement\/#primaryimage\"},\"image\":{\"@id\":\"https:\/\/allmamates.com\/warranty-statement\/#primaryimage\"},\"thumbnailUrl\":\"https:\/\/allmamates.com\/wp-content\/uploads\/2024\/02\/1-300x300.png\",\"datePublished\":\"2024-03-04T16:33:21+00:00\",\"dateModified\":\"2025-01-12T16:13:26+00:00\",\"breadcrumb\":{\"@id\":\"https:\/\/allmamates.com\/warranty-statement\/#breadcrumb\"},\"inLanguage\":\"pt-PT\",\"potentialAction\":[{\"@type\":\"ReadAction\",\"target\":[\"https:\/\/allmamates.com\/warranty-statement\/\"]}]},{\"@type\":\"ImageObject\",\"inLanguage\":\"pt-PT\",\"@id\":\"https:\/\/allmamates.com\/warranty-statement\/#primaryimage\",\"url\":\"https:\/\/allmamates.com\/wp-content\/uploads\/2024\/02\/1-300x300.png\",\"contentUrl\":\"https:\/\/allmamates.com\/wp-content\/uploads\/2024\/02\/1-300x300.png\"},{\"@type\":\"BreadcrumbList\",\"@id\":\"https:\/\/allmamates.com\/warranty-statement\/#breadcrumb\",\"itemListElement\":[{\"@type\":\"ListItem\",\"position\":1,\"name\":\"Home\",\"item\":\"https:\/\/allmamates.com\/\"},{\"@type\":\"ListItem\",\"position\":2,\"name\":\"Warranty Statement\"}]},{\"@type\":\"WebSite\",\"@id\":\"https:\/\/allmamates.com\/#website\",\"url\":\"https:\/\/allmamates.com\/\",\"name\":\"All Ma Mates\u00ae\",\"description\":\"Your wheel end tool equipment supplier.\",\"publisher\":{\"@id\":\"https:\/\/allmamates.com\/#organization\"},\"potentialAction\":[{\"@type\":\"SearchAction\",\"target\":{\"@type\":\"EntryPoint\",\"urlTemplate\":\"https:\/\/allmamates.com\/?s={search_term_string}\"},\"query-input\":{\"@type\":\"PropertyValueSpecification\",\"valueRequired\":true,\"valueName\":\"search_term_string\"}}],\"inLanguage\":\"pt-PT\"},{\"@type\":\"Organization\",\"@id\":\"https:\/\/allmamates.com\/#organization\",\"name\":\"All Ma Mates\u00ae\",\"url\":\"https:\/\/allmamates.com\/\",\"logo\":{\"@type\":\"ImageObject\",\"inLanguage\":\"pt-PT\",\"@id\":\"https:\/\/allmamates.com\/#\/schema\/logo\/image\/\",\"url\":\"https:\/\/allmamates.com\/wp-content\/uploads\/2024\/02\/a.png\",\"contentUrl\":\"https:\/\/allmamates.com\/wp-content\/uploads\/2024\/02\/a.png\",\"width\":847,\"height\":434,\"caption\":\"All Ma Mates\u00ae\"},\"image\":{\"@id\":\"https:\/\/allmamates.com\/#\/schema\/logo\/image\/\"}}]}<\/script>\n<!-- \/ Yoast SEO plugin. -->","yoast_head_json":{"title":"Warranty Statement - All Ma Mates\u00ae","robots":{"index":"index","follow":"follow","max-snippet":"max-snippet:-1","max-image-preview":"max-image-preview:large","max-video-preview":"max-video-preview:-1"},"canonical":"https:\/\/allmamates.com\/pt\/warranty-statement\/","og_locale":"pt_PT","og_type":"article","og_title":"Warranty Statement - All Ma Mates\u00ae","og_description":"Info@allmamates.com PHONE: 1-844-465-6283 Please state in the heading of your email WARRANTY 9049 Commercial St. Suite 118 New Minas, NS, [&hellip;]","og_url":"https:\/\/allmamates.com\/pt\/warranty-statement\/","og_site_name":"All Ma Mates\u00ae","article_modified_time":"2025-01-12T16:13:26+00:00","og_image":[{"width":1080,"height":1080,"url":"https:\/\/allmamates.com\/wp-content\/uploads\/2024\/02\/1.png","type":"image\/png"}],"twitter_card":"summary_large_image","twitter_misc":{"Tempo estimado de leitura":"2 minutos"},"schema":{"@context":"https:\/\/schema.org","@graph":[{"@type":"WebPage","@id":"https:\/\/allmamates.com\/warranty-statement\/","url":"https:\/\/allmamates.com\/warranty-statement\/","name":"Warranty Statement - All Ma Mates\u00ae","isPartOf":{"@id":"https:\/\/allmamates.com\/#website"},"primaryImageOfPage":{"@id":"https:\/\/allmamates.com\/warranty-statement\/#primaryimage"},"image":{"@id":"https:\/\/allmamates.com\/warranty-statement\/#primaryimage"},"thumbnailUrl":"https:\/\/allmamates.com\/wp-content\/uploads\/2024\/02\/1-300x300.png","datePublished":"2024-03-04T16:33:21+00:00","dateModified":"2025-01-12T16:13:26+00:00","breadcrumb":{"@id":"https:\/\/allmamates.com\/warranty-statement\/#breadcrumb"},"inLanguage":"pt-PT","potentialAction":[{"@type":"ReadAction","target":["https:\/\/allmamates.com\/warranty-statement\/"]}]},{"@type":"ImageObject","inLanguage":"pt-PT","@id":"https:\/\/allmamates.com\/warranty-statement\/#primaryimage","url":"https:\/\/allmamates.com\/wp-content\/uploads\/2024\/02\/1-300x300.png","contentUrl":"https:\/\/allmamates.com\/wp-content\/uploads\/2024\/02\/1-300x300.png"},{"@type":"BreadcrumbList","@id":"https:\/\/allmamates.com\/warranty-statement\/#breadcrumb","itemListElement":[{"@type":"ListItem","position":1,"name":"Home","item":"https:\/\/allmamates.com\/"},{"@type":"ListItem","position":2,"name":"Warranty Statement"}]},{"@type":"WebSite","@id":"https:\/\/allmamates.com\/#website","url":"https:\/\/allmamates.com\/","name":"All Ma Mates\u00ae","description":"Your wheel end tool equipment supplier.","publisher":{"@id":"https:\/\/allmamates.com\/#organization"},"potentialAction":[{"@type":"SearchAction","target":{"@type":"EntryPoint","urlTemplate":"https:\/\/allmamates.com\/?s={search_term_string}"},"query-input":{"@type":"PropertyValueSpecification","valueRequired":true,"valueName":"search_term_string"}}],"inLanguage":"pt-PT"},{"@type":"Organization","@id":"https:\/\/allmamates.com\/#organization","name":"All Ma Mates\u00ae","url":"https:\/\/allmamates.com\/","logo":{"@type":"ImageObject","inLanguage":"pt-PT","@id":"https:\/\/allmamates.com\/#\/schema\/logo\/image\/","url":"https:\/\/allmamates.com\/wp-content\/uploads\/2024\/02\/a.png","contentUrl":"https:\/\/allmamates.com\/wp-content\/uploads\/2024\/02\/a.png","width":847,"height":434,"caption":"All Ma Mates\u00ae"},"image":{"@id":"https:\/\/allmamates.com\/#\/schema\/logo\/image\/"}}]}},"_links":{"self":[{"href":"https:\/\/allmamates.com\/pt\/wp-json\/wp\/v2\/pages\/1645","targetHints":{"allow":["GET"]}}],"collection":[{"href":"https:\/\/allmamates.com\/pt\/wp-json\/wp\/v2\/pages"}],"about":[{"href":"https:\/\/allmamates.com\/pt\/wp-json\/wp\/v2\/types\/page"}],"author":[{"embeddable":true,"href":"https:\/\/allmamates.com\/pt\/wp-json\/wp\/v2\/users\/1"}],"replies":[{"embeddable":true,"href":"https:\/\/allmamates.com\/pt\/wp-json\/wp\/v2\/comments?post=1645"}],"version-history":[{"count":6,"href":"https:\/\/allmamates.com\/pt\/wp-json\/wp\/v2\/pages\/1645\/revisions"}],"predecessor-version":[{"id":2133,"href":"https:\/\/allmamates.com\/pt\/wp-json\/wp\/v2\/pages\/1645\/revisions\/2133"}],"wp:attachment":[{"href":"https:\/\/allmamates.com\/pt\/wp-json\/wp\/v2\/media?parent=1645"}],"curies":[{"name":"wp","href":"https:\/\/api.w.org\/{rel}","templated":true}]}}