{"id":366,"date":"2024-02-03T06:47:23","date_gmt":"2024-02-03T06:47:23","guid":{"rendered":"https:\/\/digentify.com\/allmamates\/?post_type=product&#038;p=366"},"modified":"2026-01-30T21:25:47","modified_gmt":"2026-01-30T21:25:47","slug":"unitized-hub-brackets","status":"publish","type":"product","link":"https:\/\/allmamates.com\/fr\/produit\/unitized-hub-brackets\/","title":{"rendered":"Supports de moyeux unitis\u00e9s"},"content":{"rendered":"<p>Les supports de moyeu unifi\u00e9s sont une paire de pinces \u00e0 bras courts qui assurent une fixation s\u00e9curis\u00e9e sur la plaque frontale de la roue et des rotors. Avec ces supports, vous pouvez facilement fixer le BrakeMate\u00ae et rationaliser le processus de changement de rotor. Fixez simplement le rotor et le plateau de roue ensemble \u00e0 l'aide des nouvelles pinces, retirez les boulons du moyeu et ins\u00e9rez les goupilles de centrage pour l'alignement. Une fois le rotor chang\u00e9, vous pouvez facilement positionner l'ensemble avec le BrakeMate\u00ae puis retirer les goupilles de positionnement. C\u2019est une solution pratique et efficace pour le remplacement du rotor.<\/p>","protected":false},"excerpt":{"rendered":"<ul>\n<li>Fournit une fixation s\u00e9curis\u00e9e pour le BrakeMate\u00ae sur la plaque frontale de la roue et les rotors<\/li>\n<li>Rationalise le processus de changement de rotors<\/li>\n<li>Serrage facile du rotor et de la plaque PCD gr\u00e2ce aux pinces \u00e0 bras courts<\/li>\n<li>Simplifie l'alignement avec les broches de centrage<\/li>\n<li>Permet un positionnement et un retrait faciles de l'ensemble avec le BrakeMate\u00ae<\/li>\n<li>Gain de temps et d'efforts lors du remplacement du rotor<\/li>\n<\/ul>","protected":false},"featured_media":709,"comment_status":"open","ping_status":"closed","template":"","meta":{"site-sidebar-layout":"default","site-content-layout":"","ast-site-content-layout":"default","site-content-style":"default","site-sidebar-style":"default","ast-global-header-display":"","ast-banner-title-visibility":"","ast-main-header-display":"","ast-hfb-above-header-display":"","ast-hfb-below-header-display":"","ast-hfb-mobile-header-display":"","site-post-title":"","ast-breadcrumbs-content":"","ast-featured-img":"","footer-sml-layout":"","theme-transparent-header-meta":"default","adv-header-id-meta":"","stick-header-meta":"","header-above-stick-meta":"","header-main-stick-meta":"","header-below-stick-meta":"","astra-migrate-meta-layouts":"set","ast-page-background-enabled":"default","ast-page-background-meta":{"desktop":{"background-color":"var(--ast-global-color-4)","background-image":"","background-repeat":"repeat","background-position":"center center","background-size":"auto","background-attachment":"scroll","background-type":"","background-media":"","overlay-type":"","overlay-color":"","overlay-gradient":""},"tablet":{"background-color":"","background-image":"","background-repeat":"repeat","background-position":"center center","background-size":"auto","background-attachment":"scroll","background-type":"","background-media":"","overlay-type":"","overlay-color":"","overlay-gradient":""},"mobile":{"background-color":"","background-image":"","background-repeat":"repeat","background-position":"center center","background-size":"auto","background-attachment":"scroll","background-type":"","background-media":"","overlay-type":"","overlay-color":"","overlay-gradient":""}},"ast-content-background-meta":{"desktop":{"background-color":"var(--ast-global-color-5)","background-image":"","background-repeat":"repeat","background-position":"center center","background-size":"auto","background-attachment":"scroll","background-type":"","background-media":"","overlay-type":"","overlay-color":"","overlay-gradient":""},"tablet":{"background-color":"var(--ast-global-color-5)","background-image":"","background-repeat":"repeat","background-position":"center center","background-size":"auto","background-attachment":"scroll","background-type":"","background-media":"","overlay-type":"","overlay-color":"","overlay-gradient":""},"mobile":{"background-color":"var(--ast-global-color-5)","background-image":"","background-repeat":"repeat","background-position":"center center","background-size":"auto","background-attachment":"scroll","background-type":"","background-media":"","overlay-type":"","overlay-color":"","overlay-gradient":""}}},"product_brand":[],"product_cat":[24],"product_tag":[],"class_list":{"0":"post-366","1":"product","2":"type-product","3":"status-publish","4":"has-post-thumbnail","6":"product_cat-accessories","7":"desktop-align-left","8":"tablet-align-left","9":"mobile-align-left","11":"first","12":"instock","13":"shipping-taxable","14":"product-type-simple"},"yoast_head":"<!-- This site is optimized with the Yoast SEO plugin v27.2 - https:\/\/yoast.com\/product\/yoast-seo-wordpress\/ -->\n<title>Unitized Hub Brackets Price for Heavy-Duty Trucks | All Ma Mates\u00ae<\/title>\n<meta name=\"description\" content=\"Unitized Hub Brackets for heavy-duty trucks with competitive pricing. All Ma Mates\u00ae supports professional workshops and fleet operations.\" \/>\n<meta name=\"robots\" content=\"index, follow, max-snippet:-1, max-image-preview:large, max-video-preview:-1\" \/>\n<link rel=\"canonical\" href=\"https:\/\/allmamates.com\/fr\/produit\/unitized-hub-brackets\/\" \/>\n<meta property=\"og:locale\" content=\"fr_FR\" \/>\n<meta property=\"og:type\" content=\"article\" \/>\n<meta property=\"og:title\" content=\"Unitized Hub Brackets Price for Heavy-Duty Trucks | All Ma Mates\u00ae\" \/>\n<meta property=\"og:description\" content=\"Unitized Hub Brackets for heavy-duty trucks with competitive pricing. All Ma Mates\u00ae supports professional workshops and fleet operations.\" \/>\n<meta property=\"og:url\" content=\"https:\/\/allmamates.com\/fr\/produit\/unitized-hub-brackets\/\" \/>\n<meta property=\"og:site_name\" content=\"All Ma Mates\u00ae\" \/>\n<meta property=\"article:modified_time\" content=\"2026-01-30T21:25:47+00:00\" \/>\n<meta property=\"og:image\" content=\"https:\/\/allmamates.com\/wp-content\/uploads\/2024\/02\/6-1.png\" \/>\n\t<meta property=\"og:image:width\" content=\"1080\" \/>\n\t<meta property=\"og:image:height\" content=\"1080\" \/>\n\t<meta property=\"og:image:type\" content=\"image\/png\" \/>\n<meta name=\"twitter:card\" content=\"summary_large_image\" \/>\n<meta name=\"twitter:label1\" content=\"Dur\u00e9e de lecture estim\u00e9e\" \/>\n\t<meta name=\"twitter:data1\" content=\"1 minute\" \/>\n<script type=\"application\/ld+json\" class=\"yoast-schema-graph\">{\"@context\":\"https:\/\/schema.org\",\"@graph\":[{\"@type\":\"WebPage\",\"@id\":\"https:\/\/allmamates.com\/product\/unitized-hub-brackets\/\",\"url\":\"https:\/\/allmamates.com\/product\/unitized-hub-brackets\/\",\"name\":\"Unitized Hub Brackets Price for Heavy-Duty Trucks | All Ma Mates\u00ae\",\"isPartOf\":{\"@id\":\"https:\/\/allmamates.com\/#website\"},\"primaryImageOfPage\":{\"@id\":\"https:\/\/allmamates.com\/product\/unitized-hub-brackets\/#primaryimage\"},\"image\":{\"@id\":\"https:\/\/allmamates.com\/product\/unitized-hub-brackets\/#primaryimage\"},\"thumbnailUrl\":\"https:\/\/allmamates.com\/wp-content\/uploads\/2024\/02\/6-1.png\",\"datePublished\":\"2024-02-03T06:47:23+00:00\",\"dateModified\":\"2026-01-30T21:25:47+00:00\",\"description\":\"Unitized Hub Brackets for heavy-duty trucks with competitive pricing. All Ma Mates\u00ae supports professional workshops and fleet operations.\",\"breadcrumb\":{\"@id\":\"https:\/\/allmamates.com\/product\/unitized-hub-brackets\/#breadcrumb\"},\"inLanguage\":\"fr-FR\",\"potentialAction\":[{\"@type\":\"ReadAction\",\"target\":[\"https:\/\/allmamates.com\/product\/unitized-hub-brackets\/\"]}]},{\"@type\":\"ImageObject\",\"inLanguage\":\"fr-FR\",\"@id\":\"https:\/\/allmamates.com\/product\/unitized-hub-brackets\/#primaryimage\",\"url\":\"https:\/\/allmamates.com\/wp-content\/uploads\/2024\/02\/6-1.png\",\"contentUrl\":\"https:\/\/allmamates.com\/wp-content\/uploads\/2024\/02\/6-1.png\",\"width\":1080,\"height\":1080},{\"@type\":\"BreadcrumbList\",\"@id\":\"https:\/\/allmamates.com\/product\/unitized-hub-brackets\/#breadcrumb\",\"itemListElement\":[{\"@type\":\"ListItem\",\"position\":1,\"name\":\"Home\",\"item\":\"https:\/\/allmamates.com\/\"},{\"@type\":\"ListItem\",\"position\":2,\"name\":\"Products\",\"item\":\"https:\/\/allmamates.com\/shop\/\"},{\"@type\":\"ListItem\",\"position\":3,\"name\":\"Unitized Hub Brackets\"}]},{\"@type\":\"WebSite\",\"@id\":\"https:\/\/allmamates.com\/#website\",\"url\":\"https:\/\/allmamates.com\/\",\"name\":\"All Ma Mates\u00ae\",\"description\":\"Your wheel end tool equipment supplier.\",\"publisher\":{\"@id\":\"https:\/\/allmamates.com\/#organization\"},\"potentialAction\":[{\"@type\":\"SearchAction\",\"target\":{\"@type\":\"EntryPoint\",\"urlTemplate\":\"https:\/\/allmamates.com\/?s={search_term_string}\"},\"query-input\":{\"@type\":\"PropertyValueSpecification\",\"valueRequired\":true,\"valueName\":\"search_term_string\"}}],\"inLanguage\":\"fr-FR\"},{\"@type\":\"Organization\",\"@id\":\"https:\/\/allmamates.com\/#organization\",\"name\":\"All Ma Mates\u00ae\",\"url\":\"https:\/\/allmamates.com\/\",\"logo\":{\"@type\":\"ImageObject\",\"inLanguage\":\"fr-FR\",\"@id\":\"https:\/\/allmamates.com\/#\/schema\/logo\/image\/\",\"url\":\"https:\/\/allmamates.com\/wp-content\/uploads\/2024\/02\/a.png\",\"contentUrl\":\"https:\/\/allmamates.com\/wp-content\/uploads\/2024\/02\/a.png\",\"width\":847,\"height\":434,\"caption\":\"All Ma Mates\u00ae\"},\"image\":{\"@id\":\"https:\/\/allmamates.com\/#\/schema\/logo\/image\/\"}}]}<\/script>\n<!-- \/ Yoast SEO plugin. -->","yoast_head_json":{"title":"Unitized Hub Brackets Price for Heavy-Duty Trucks | All Ma Mates\u00ae","description":"Unitized Hub Brackets for heavy-duty trucks with competitive pricing. All Ma Mates\u00ae supports professional workshops and fleet operations.","robots":{"index":"index","follow":"follow","max-snippet":"max-snippet:-1","max-image-preview":"max-image-preview:large","max-video-preview":"max-video-preview:-1"},"canonical":"https:\/\/allmamates.com\/fr\/produit\/unitized-hub-brackets\/","og_locale":"fr_FR","og_type":"article","og_title":"Unitized Hub Brackets Price for Heavy-Duty Trucks | All Ma Mates\u00ae","og_description":"Unitized Hub Brackets for heavy-duty trucks with competitive pricing. All Ma Mates\u00ae supports professional workshops and fleet operations.","og_url":"https:\/\/allmamates.com\/fr\/produit\/unitized-hub-brackets\/","og_site_name":"All Ma Mates\u00ae","article_modified_time":"2026-01-30T21:25:47+00:00","og_image":[{"width":1080,"height":1080,"url":"https:\/\/allmamates.com\/wp-content\/uploads\/2024\/02\/6-1.png","type":"image\/png"}],"twitter_card":"summary_large_image","twitter_misc":{"Dur\u00e9e de lecture estim\u00e9e":"1 minute"},"schema":{"@context":"https:\/\/schema.org","@graph":[{"@type":"WebPage","@id":"https:\/\/allmamates.com\/product\/unitized-hub-brackets\/","url":"https:\/\/allmamates.com\/product\/unitized-hub-brackets\/","name":"Unitized Hub Brackets Price for Heavy-Duty Trucks | All Ma Mates\u00ae","isPartOf":{"@id":"https:\/\/allmamates.com\/#website"},"primaryImageOfPage":{"@id":"https:\/\/allmamates.com\/product\/unitized-hub-brackets\/#primaryimage"},"image":{"@id":"https:\/\/allmamates.com\/product\/unitized-hub-brackets\/#primaryimage"},"thumbnailUrl":"https:\/\/allmamates.com\/wp-content\/uploads\/2024\/02\/6-1.png","datePublished":"2024-02-03T06:47:23+00:00","dateModified":"2026-01-30T21:25:47+00:00","description":"Unitized Hub Brackets for heavy-duty trucks with competitive pricing. All Ma Mates\u00ae supports professional workshops and fleet operations.","breadcrumb":{"@id":"https:\/\/allmamates.com\/product\/unitized-hub-brackets\/#breadcrumb"},"inLanguage":"fr-FR","potentialAction":[{"@type":"ReadAction","target":["https:\/\/allmamates.com\/product\/unitized-hub-brackets\/"]}]},{"@type":"ImageObject","inLanguage":"fr-FR","@id":"https:\/\/allmamates.com\/product\/unitized-hub-brackets\/#primaryimage","url":"https:\/\/allmamates.com\/wp-content\/uploads\/2024\/02\/6-1.png","contentUrl":"https:\/\/allmamates.com\/wp-content\/uploads\/2024\/02\/6-1.png","width":1080,"height":1080},{"@type":"BreadcrumbList","@id":"https:\/\/allmamates.com\/product\/unitized-hub-brackets\/#breadcrumb","itemListElement":[{"@type":"ListItem","position":1,"name":"Home","item":"https:\/\/allmamates.com\/"},{"@type":"ListItem","position":2,"name":"Products","item":"https:\/\/allmamates.com\/shop\/"},{"@type":"ListItem","position":3,"name":"Unitized Hub Brackets"}]},{"@type":"WebSite","@id":"https:\/\/allmamates.com\/#website","url":"https:\/\/allmamates.com\/","name":"All Ma Mates\u00ae","description":"Your wheel end tool equipment supplier.","publisher":{"@id":"https:\/\/allmamates.com\/#organization"},"potentialAction":[{"@type":"SearchAction","target":{"@type":"EntryPoint","urlTemplate":"https:\/\/allmamates.com\/?s={search_term_string}"},"query-input":{"@type":"PropertyValueSpecification","valueRequired":true,"valueName":"search_term_string"}}],"inLanguage":"fr-FR"},{"@type":"Organization","@id":"https:\/\/allmamates.com\/#organization","name":"All Ma Mates\u00ae","url":"https:\/\/allmamates.com\/","logo":{"@type":"ImageObject","inLanguage":"fr-FR","@id":"https:\/\/allmamates.com\/#\/schema\/logo\/image\/","url":"https:\/\/allmamates.com\/wp-content\/uploads\/2024\/02\/a.png","contentUrl":"https:\/\/allmamates.com\/wp-content\/uploads\/2024\/02\/a.png","width":847,"height":434,"caption":"All Ma Mates\u00ae"},"image":{"@id":"https:\/\/allmamates.com\/#\/schema\/logo\/image\/"}}]}},"_links":{"self":[{"href":"https:\/\/allmamates.com\/fr\/wp-json\/wp\/v2\/product\/366","targetHints":{"allow":["GET"]}}],"collection":[{"href":"https:\/\/allmamates.com\/fr\/wp-json\/wp\/v2\/product"}],"about":[{"href":"https:\/\/allmamates.com\/fr\/wp-json\/wp\/v2\/types\/product"}],"replies":[{"embeddable":true,"href":"https:\/\/allmamates.com\/fr\/wp-json\/wp\/v2\/comments?post=366"}],"wp:featuredmedia":[{"embeddable":true,"href":"https:\/\/allmamates.com\/fr\/wp-json\/wp\/v2\/media\/709"}],"wp:attachment":[{"href":"https:\/\/allmamates.com\/fr\/wp-json\/wp\/v2\/media?parent=366"}],"wp:term":[{"taxonomy":"product_brand","embeddable":true,"href":"https:\/\/allmamates.com\/fr\/wp-json\/wp\/v2\/product_brand?post=366"},{"taxonomy":"product_cat","embeddable":true,"href":"https:\/\/allmamates.com\/fr\/wp-json\/wp\/v2\/product_cat?post=366"},{"taxonomy":"product_tag","embeddable":true,"href":"https:\/\/allmamates.com\/fr\/wp-json\/wp\/v2\/product_tag?post=366"}],"curies":[{"name":"wp","href":"https:\/\/api.w.org\/{rel}","templated":true}]}}