{"id":351,"date":"2024-02-03T04:06:08","date_gmt":"2024-02-03T04:06:08","guid":{"rendered":"https:\/\/digentify.com\/allmamates\/?post_type=product&#038;p=351"},"modified":"2026-01-30T21:12:07","modified_gmt":"2026-01-30T21:12:07","slug":"hr-splitter-mate","status":"publish","type":"product","link":"https:\/\/allmamates.com\/fr\/produit\/hr-splitter-mate\/","title":{"rendered":"HR Splitter Mate\u2122"},"content":{"rendered":"<p>Le HR Splitter Mate\u2122 s\u00e9pare facilement les moyeux et les rotors des freins \u00e0 disque pneumatiques gripp\u00e9s ou difficiles \u00e0 s\u00e9parer. Souvent, les produits chimiques hivernaux sur les routes et l\u2019accumulation d\u2019humidit\u00e9 font des ravages sur ces composants. Facile \u00e0 utiliser sur n\u2019importe quelle surface plane, la s\u00e9paration des composants peut prendre moins de deux minutes. Il peut \u00e9galement \u00eatre utilis\u00e9 comme unit\u00e9 autonome.<\/p>\n<p>Plus besoin d'utiliser une masse, une presse d'atelier ou d'appliquer de la chaleur pour s\u00e9parer les moyeux et les rotors gripp\u00e9s.<\/p>","protected":false},"excerpt":{"rendered":"<p><img fetchpriority=\"high\" decoding=\"async\" class=\"size-medium wp-image-1019 alignright\" src=\"https:\/\/allmamates.com\/wp-content\/uploads\/2024\/02\/IMG_2915-300x300.jpg\" alt=\"\" width=\"300\" height=\"300\" srcset=\"https:\/\/allmamates.com\/wp-content\/uploads\/2024\/02\/IMG_2915-300x300.jpg 300w, https:\/\/allmamates.com\/wp-content\/uploads\/2024\/02\/IMG_2915-100x100.jpg 100w, https:\/\/allmamates.com\/wp-content\/uploads\/2024\/02\/IMG_2915-600x600.jpg 600w, https:\/\/allmamates.com\/wp-content\/uploads\/2024\/02\/IMG_2915-150x150.jpg 150w, https:\/\/allmamates.com\/wp-content\/uploads\/2024\/02\/IMG_2915-768x768.jpg 768w, https:\/\/allmamates.com\/wp-content\/uploads\/2024\/02\/IMG_2915.jpg 793w\" sizes=\"(max-width: 300px) 100vw, 300px\" \/><\/p>\n<ul>\n<li>Mod\u00e8les europ\u00e9ens et am\u00e9ricains disponibles<\/li>\n<li>Diminution du temps de r\u00e9paration pour la s\u00e9paration du rotor et du frein<\/li>\n<li>Avantages en mati\u00e8re de SST pour une r\u00e9duction des blessures et la s\u00e9curit\u00e9 des travailleurs<\/li>\n<li>Autonome ou int\u00e9gr\u00e9 \u00e0 votre \u00e9quipement de maintenance des freins<\/li>\n<li>P\u00e9dale de commande hydraulique en option pour une utilisation facile<\/li>\n<li>Vannes individuelles pour commande directe du piston<\/li>\n<li>3 pistons hydrauliques \u00e9valu\u00e9s \u00e0 10 000 PSI chacun<\/li>\n<\/ul>\n<p>&nbsp;<\/p>\n<p>&nbsp;<\/p>\n<p>https:\/\/youtu.be\/mcIx8JXqqso<\/p>\n<p>&nbsp;<\/p>\n<p>&nbsp;<\/p>","protected":false},"featured_media":714,"comment_status":"open","ping_status":"closed","template":"","meta":{"site-sidebar-layout":"default","site-content-layout":"","ast-site-content-layout":"default","site-content-style":"default","site-sidebar-style":"default","ast-global-header-display":"","ast-banner-title-visibility":"","ast-main-header-display":"","ast-hfb-above-header-display":"","ast-hfb-below-header-display":"","ast-hfb-mobile-header-display":"","site-post-title":"","ast-breadcrumbs-content":"","ast-featured-img":"","footer-sml-layout":"","theme-transparent-header-meta":"default","adv-header-id-meta":"","stick-header-meta":"","header-above-stick-meta":"","header-main-stick-meta":"","header-below-stick-meta":"","astra-migrate-meta-layouts":"set","ast-page-background-enabled":"default","ast-page-background-meta":{"desktop":{"background-color":"var(--ast-global-color-4)","background-image":"","background-repeat":"repeat","background-position":"center center","background-size":"auto","background-attachment":"scroll","background-type":"","background-media":"","overlay-type":"","overlay-color":"","overlay-gradient":""},"tablet":{"background-color":"","background-image":"","background-repeat":"repeat","background-position":"center center","background-size":"auto","background-attachment":"scroll","background-type":"","background-media":"","overlay-type":"","overlay-color":"","overlay-gradient":""},"mobile":{"background-color":"","background-image":"","background-repeat":"repeat","background-position":"center center","background-size":"auto","background-attachment":"scroll","background-type":"","background-media":"","overlay-type":"","overlay-color":"","overlay-gradient":""}},"ast-content-background-meta":{"desktop":{"background-color":"var(--ast-global-color-5)","background-image":"","background-repeat":"repeat","background-position":"center center","background-size":"auto","background-attachment":"scroll","background-type":"","background-media":"","overlay-type":"","overlay-color":"","overlay-gradient":""},"tablet":{"background-color":"var(--ast-global-color-5)","background-image":"","background-repeat":"repeat","background-position":"center center","background-size":"auto","background-attachment":"scroll","background-type":"","background-media":"","overlay-type":"","overlay-color":"","overlay-gradient":""},"mobile":{"background-color":"var(--ast-global-color-5)","background-image":"","background-repeat":"repeat","background-position":"center center","background-size":"auto","background-attachment":"scroll","background-type":"","background-media":"","overlay-type":"","overlay-color":"","overlay-gradient":""}}},"product_brand":[],"product_cat":[19],"product_tag":[],"class_list":{"0":"post-351","1":"product","2":"type-product","3":"status-publish","4":"has-post-thumbnail","6":"product_cat-uncategorized","7":"desktop-align-left","8":"tablet-align-left","9":"mobile-align-left","11":"first","12":"instock","13":"shipping-taxable","14":"product-type-simple"},"yoast_head":"<!-- This site is optimized with the Yoast SEO plugin v27.2 - https:\/\/yoast.com\/product\/yoast-seo-wordpress\/ -->\n<title>HR Splitter Mate Price for Heavy-Duty Truck Tools | All Ma Mates\u00ae<\/title>\n<meta name=\"description\" content=\"HR Splitter Mate for heavy-duty truck brake servicing with competitive pricing. All Ma Mates\u00ae supports professional workshops and fleet operations.\" \/>\n<meta name=\"robots\" content=\"index, follow, max-snippet:-1, max-image-preview:large, max-video-preview:-1\" \/>\n<link rel=\"canonical\" href=\"https:\/\/allmamates.com\/fr\/produit\/hr-splitter-mate\/\" \/>\n<meta property=\"og:locale\" content=\"fr_FR\" \/>\n<meta property=\"og:type\" content=\"article\" \/>\n<meta property=\"og:title\" content=\"HR Splitter Mate Price for Heavy-Duty Truck Tools | All Ma Mates\u00ae\" \/>\n<meta property=\"og:description\" content=\"HR Splitter Mate for heavy-duty truck brake servicing with competitive pricing. All Ma Mates\u00ae supports professional workshops and fleet operations.\" \/>\n<meta property=\"og:url\" content=\"https:\/\/allmamates.com\/fr\/produit\/hr-splitter-mate\/\" \/>\n<meta property=\"og:site_name\" content=\"All Ma Mates\u00ae\" \/>\n<meta property=\"article:modified_time\" content=\"2026-01-30T21:12:07+00:00\" \/>\n<meta property=\"og:image\" content=\"https:\/\/allmamates.com\/wp-content\/uploads\/2024\/02\/2-1.png\" \/>\n\t<meta property=\"og:image:width\" content=\"1080\" \/>\n\t<meta property=\"og:image:height\" content=\"1080\" \/>\n\t<meta property=\"og:image:type\" content=\"image\/png\" \/>\n<meta name=\"twitter:card\" content=\"summary_large_image\" \/>\n<meta name=\"twitter:label1\" content=\"Dur\u00e9e de lecture estim\u00e9e\" \/>\n\t<meta name=\"twitter:data1\" content=\"1 minute\" \/>\n<script type=\"application\/ld+json\" class=\"yoast-schema-graph\">{\"@context\":\"https:\/\/schema.org\",\"@graph\":[{\"@type\":\"WebPage\",\"@id\":\"https:\/\/allmamates.com\/product\/hr-splitter-mate\/\",\"url\":\"https:\/\/allmamates.com\/product\/hr-splitter-mate\/\",\"name\":\"HR Splitter Mate Price for Heavy-Duty Truck Tools | All Ma Mates\u00ae\",\"isPartOf\":{\"@id\":\"https:\/\/allmamates.com\/#website\"},\"primaryImageOfPage\":{\"@id\":\"https:\/\/allmamates.com\/product\/hr-splitter-mate\/#primaryimage\"},\"image\":{\"@id\":\"https:\/\/allmamates.com\/product\/hr-splitter-mate\/#primaryimage\"},\"thumbnailUrl\":\"https:\/\/allmamates.com\/wp-content\/uploads\/2024\/02\/2-1.png\",\"datePublished\":\"2024-02-03T04:06:08+00:00\",\"dateModified\":\"2026-01-30T21:12:07+00:00\",\"description\":\"HR Splitter Mate for heavy-duty truck brake servicing with competitive pricing. All Ma Mates\u00ae supports professional workshops and fleet operations.\",\"breadcrumb\":{\"@id\":\"https:\/\/allmamates.com\/product\/hr-splitter-mate\/#breadcrumb\"},\"inLanguage\":\"fr-FR\",\"potentialAction\":[{\"@type\":\"ReadAction\",\"target\":[\"https:\/\/allmamates.com\/product\/hr-splitter-mate\/\"]}]},{\"@type\":\"ImageObject\",\"inLanguage\":\"fr-FR\",\"@id\":\"https:\/\/allmamates.com\/product\/hr-splitter-mate\/#primaryimage\",\"url\":\"https:\/\/allmamates.com\/wp-content\/uploads\/2024\/02\/2-1.png\",\"contentUrl\":\"https:\/\/allmamates.com\/wp-content\/uploads\/2024\/02\/2-1.png\",\"width\":1080,\"height\":1080},{\"@type\":\"BreadcrumbList\",\"@id\":\"https:\/\/allmamates.com\/product\/hr-splitter-mate\/#breadcrumb\",\"itemListElement\":[{\"@type\":\"ListItem\",\"position\":1,\"name\":\"Home\",\"item\":\"https:\/\/allmamates.com\/\"},{\"@type\":\"ListItem\",\"position\":2,\"name\":\"Products\",\"item\":\"https:\/\/allmamates.com\/shop\/\"},{\"@type\":\"ListItem\",\"position\":3,\"name\":\"HR Splitter Mate\u2122\"}]},{\"@type\":\"WebSite\",\"@id\":\"https:\/\/allmamates.com\/#website\",\"url\":\"https:\/\/allmamates.com\/\",\"name\":\"All Ma Mates\u00ae\",\"description\":\"Your wheel end tool equipment supplier.\",\"publisher\":{\"@id\":\"https:\/\/allmamates.com\/#organization\"},\"potentialAction\":[{\"@type\":\"SearchAction\",\"target\":{\"@type\":\"EntryPoint\",\"urlTemplate\":\"https:\/\/allmamates.com\/?s={search_term_string}\"},\"query-input\":{\"@type\":\"PropertyValueSpecification\",\"valueRequired\":true,\"valueName\":\"search_term_string\"}}],\"inLanguage\":\"fr-FR\"},{\"@type\":\"Organization\",\"@id\":\"https:\/\/allmamates.com\/#organization\",\"name\":\"All Ma Mates\u00ae\",\"url\":\"https:\/\/allmamates.com\/\",\"logo\":{\"@type\":\"ImageObject\",\"inLanguage\":\"fr-FR\",\"@id\":\"https:\/\/allmamates.com\/#\/schema\/logo\/image\/\",\"url\":\"https:\/\/allmamates.com\/wp-content\/uploads\/2024\/02\/a.png\",\"contentUrl\":\"https:\/\/allmamates.com\/wp-content\/uploads\/2024\/02\/a.png\",\"width\":847,\"height\":434,\"caption\":\"All Ma Mates\u00ae\"},\"image\":{\"@id\":\"https:\/\/allmamates.com\/#\/schema\/logo\/image\/\"}}]}<\/script>\n<!-- \/ Yoast SEO plugin. -->","yoast_head_json":{"title":"HR Splitter Mate Price for Heavy-Duty Truck Tools | All Ma Mates\u00ae","description":"HR Splitter Mate for heavy-duty truck brake servicing with competitive pricing. All Ma Mates\u00ae supports professional workshops and fleet operations.","robots":{"index":"index","follow":"follow","max-snippet":"max-snippet:-1","max-image-preview":"max-image-preview:large","max-video-preview":"max-video-preview:-1"},"canonical":"https:\/\/allmamates.com\/fr\/produit\/hr-splitter-mate\/","og_locale":"fr_FR","og_type":"article","og_title":"HR Splitter Mate Price for Heavy-Duty Truck Tools | All Ma Mates\u00ae","og_description":"HR Splitter Mate for heavy-duty truck brake servicing with competitive pricing. All Ma Mates\u00ae supports professional workshops and fleet operations.","og_url":"https:\/\/allmamates.com\/fr\/produit\/hr-splitter-mate\/","og_site_name":"All Ma Mates\u00ae","article_modified_time":"2026-01-30T21:12:07+00:00","og_image":[{"width":1080,"height":1080,"url":"https:\/\/allmamates.com\/wp-content\/uploads\/2024\/02\/2-1.png","type":"image\/png"}],"twitter_card":"summary_large_image","twitter_misc":{"Dur\u00e9e de lecture estim\u00e9e":"1 minute"},"schema":{"@context":"https:\/\/schema.org","@graph":[{"@type":"WebPage","@id":"https:\/\/allmamates.com\/product\/hr-splitter-mate\/","url":"https:\/\/allmamates.com\/product\/hr-splitter-mate\/","name":"HR Splitter Mate Price for Heavy-Duty Truck Tools | All Ma Mates\u00ae","isPartOf":{"@id":"https:\/\/allmamates.com\/#website"},"primaryImageOfPage":{"@id":"https:\/\/allmamates.com\/product\/hr-splitter-mate\/#primaryimage"},"image":{"@id":"https:\/\/allmamates.com\/product\/hr-splitter-mate\/#primaryimage"},"thumbnailUrl":"https:\/\/allmamates.com\/wp-content\/uploads\/2024\/02\/2-1.png","datePublished":"2024-02-03T04:06:08+00:00","dateModified":"2026-01-30T21:12:07+00:00","description":"HR Splitter Mate for heavy-duty truck brake servicing with competitive pricing. All Ma Mates\u00ae supports professional workshops and fleet operations.","breadcrumb":{"@id":"https:\/\/allmamates.com\/product\/hr-splitter-mate\/#breadcrumb"},"inLanguage":"fr-FR","potentialAction":[{"@type":"ReadAction","target":["https:\/\/allmamates.com\/product\/hr-splitter-mate\/"]}]},{"@type":"ImageObject","inLanguage":"fr-FR","@id":"https:\/\/allmamates.com\/product\/hr-splitter-mate\/#primaryimage","url":"https:\/\/allmamates.com\/wp-content\/uploads\/2024\/02\/2-1.png","contentUrl":"https:\/\/allmamates.com\/wp-content\/uploads\/2024\/02\/2-1.png","width":1080,"height":1080},{"@type":"BreadcrumbList","@id":"https:\/\/allmamates.com\/product\/hr-splitter-mate\/#breadcrumb","itemListElement":[{"@type":"ListItem","position":1,"name":"Home","item":"https:\/\/allmamates.com\/"},{"@type":"ListItem","position":2,"name":"Products","item":"https:\/\/allmamates.com\/shop\/"},{"@type":"ListItem","position":3,"name":"HR Splitter Mate\u2122"}]},{"@type":"WebSite","@id":"https:\/\/allmamates.com\/#website","url":"https:\/\/allmamates.com\/","name":"All Ma Mates\u00ae","description":"Your wheel end tool equipment supplier.","publisher":{"@id":"https:\/\/allmamates.com\/#organization"},"potentialAction":[{"@type":"SearchAction","target":{"@type":"EntryPoint","urlTemplate":"https:\/\/allmamates.com\/?s={search_term_string}"},"query-input":{"@type":"PropertyValueSpecification","valueRequired":true,"valueName":"search_term_string"}}],"inLanguage":"fr-FR"},{"@type":"Organization","@id":"https:\/\/allmamates.com\/#organization","name":"All Ma Mates\u00ae","url":"https:\/\/allmamates.com\/","logo":{"@type":"ImageObject","inLanguage":"fr-FR","@id":"https:\/\/allmamates.com\/#\/schema\/logo\/image\/","url":"https:\/\/allmamates.com\/wp-content\/uploads\/2024\/02\/a.png","contentUrl":"https:\/\/allmamates.com\/wp-content\/uploads\/2024\/02\/a.png","width":847,"height":434,"caption":"All Ma Mates\u00ae"},"image":{"@id":"https:\/\/allmamates.com\/#\/schema\/logo\/image\/"}}]}},"_links":{"self":[{"href":"https:\/\/allmamates.com\/fr\/wp-json\/wp\/v2\/product\/351","targetHints":{"allow":["GET"]}}],"collection":[{"href":"https:\/\/allmamates.com\/fr\/wp-json\/wp\/v2\/product"}],"about":[{"href":"https:\/\/allmamates.com\/fr\/wp-json\/wp\/v2\/types\/product"}],"replies":[{"embeddable":true,"href":"https:\/\/allmamates.com\/fr\/wp-json\/wp\/v2\/comments?post=351"}],"wp:featuredmedia":[{"embeddable":true,"href":"https:\/\/allmamates.com\/fr\/wp-json\/wp\/v2\/media\/714"}],"wp:attachment":[{"href":"https:\/\/allmamates.com\/fr\/wp-json\/wp\/v2\/media?parent=351"}],"wp:term":[{"taxonomy":"product_brand","embeddable":true,"href":"https:\/\/allmamates.com\/fr\/wp-json\/wp\/v2\/product_brand?post=351"},{"taxonomy":"product_cat","embeddable":true,"href":"https:\/\/allmamates.com\/fr\/wp-json\/wp\/v2\/product_cat?post=351"},{"taxonomy":"product_tag","embeddable":true,"href":"https:\/\/allmamates.com\/fr\/wp-json\/wp\/v2\/product_tag?post=351"}],"curies":[{"name":"wp","href":"https:\/\/api.w.org\/{rel}","templated":true}]}}