{"id":350,"date":"2024-02-03T04:02:09","date_gmt":"2024-02-03T04:02:09","guid":{"rendered":"https:\/\/digentify.com\/allmamates\/?post_type=product&#038;p=350"},"modified":"2026-01-30T21:09:46","modified_gmt":"2026-01-30T21:09:46","slug":"drummate-adaptor","status":"publish","type":"product","link":"https:\/\/allmamates.com\/fr\/produit\/drummate-adaptor\/","title":{"rendered":"DrumMate\u2122 Adaptateur"},"content":{"rendered":"<p>L'adaptateur DrumMate\u2122 est le compl\u00e9ment parfait au BrakeMate\u00ae ! Alors que de plus en plus de flottes passent d\u2019ensemble de freins \u00e0 tambour aux freins \u00e0 disque pneumatiques, cet adaptateur facilite la transition en \u00e9liminant le levage lourd impliqu\u00e9 dans le retrait du tambour. Fixez simplement l\u2019adaptateur solidement au chariot du moyeu du rotor et vous \u00eates pr\u00eat \u00e0 partir.<\/p>","protected":false},"excerpt":{"rendered":"<ul>\n<li>Adaptateur facile \u00e0 visser<\/li>\n<li>Installation en une minute<\/li>\n<li>Permet le retrait du tambour par une seule personne<\/li>\n<li>\u00c9limine le levage de charges lourdes \u00e0 l'extr\u00e9mit\u00e9 de la roue<\/li>\n<li>Convient \u00e0 tous les tambours europ\u00e9ens et nord-am\u00e9ricains<\/li>\n<li>Avantages pour la sant\u00e9 et la s\u00e9curit\u00e9 avec une r\u00e9duction des blessures<\/li>\n<li>Con\u00e7u de mani\u00e8re ergonomique pour la main-d\u2019\u0153uvre d\u2019aujourd\u2019hui<\/li>\n<li>R\u00e9duit les temps de remplacement<\/li>\n<li>Sangle d'arrimage incluse<\/li>\n<\/ul>\n<p>&nbsp;<\/p>\n<p>https:\/\/youtu.be\/R03N-H4ehFg<\/p>\n<p>&nbsp;<\/p>\n<p>&nbsp;<\/p>\n<div id=\"gtx-trans\" style=\"position: absolute; left: 8px; top: 955.453px;\">\n<div class=\"gtx-trans-icon\"><\/div>\n<\/div>","protected":false},"featured_media":966,"comment_status":"open","ping_status":"closed","template":"","meta":{"site-sidebar-layout":"default","site-content-layout":"","ast-site-content-layout":"default","site-content-style":"default","site-sidebar-style":"default","ast-global-header-display":"","ast-banner-title-visibility":"","ast-main-header-display":"","ast-hfb-above-header-display":"","ast-hfb-below-header-display":"","ast-hfb-mobile-header-display":"","site-post-title":"","ast-breadcrumbs-content":"","ast-featured-img":"","footer-sml-layout":"","theme-transparent-header-meta":"default","adv-header-id-meta":"","stick-header-meta":"","header-above-stick-meta":"","header-main-stick-meta":"","header-below-stick-meta":"","astra-migrate-meta-layouts":"set","ast-page-background-enabled":"default","ast-page-background-meta":{"desktop":{"background-color":"var(--ast-global-color-4)","background-image":"","background-repeat":"repeat","background-position":"center center","background-size":"auto","background-attachment":"scroll","background-type":"","background-media":"","overlay-type":"","overlay-color":"","overlay-gradient":""},"tablet":{"background-color":"","background-image":"","background-repeat":"repeat","background-position":"center center","background-size":"auto","background-attachment":"scroll","background-type":"","background-media":"","overlay-type":"","overlay-color":"","overlay-gradient":""},"mobile":{"background-color":"","background-image":"","background-repeat":"repeat","background-position":"center center","background-size":"auto","background-attachment":"scroll","background-type":"","background-media":"","overlay-type":"","overlay-color":"","overlay-gradient":""}},"ast-content-background-meta":{"desktop":{"background-color":"var(--ast-global-color-5)","background-image":"","background-repeat":"repeat","background-position":"center center","background-size":"auto","background-attachment":"scroll","background-type":"","background-media":"","overlay-type":"","overlay-color":"","overlay-gradient":""},"tablet":{"background-color":"var(--ast-global-color-5)","background-image":"","background-repeat":"repeat","background-position":"center center","background-size":"auto","background-attachment":"scroll","background-type":"","background-media":"","overlay-type":"","overlay-color":"","overlay-gradient":""},"mobile":{"background-color":"var(--ast-global-color-5)","background-image":"","background-repeat":"repeat","background-position":"center center","background-size":"auto","background-attachment":"scroll","background-type":"","background-media":"","overlay-type":"","overlay-color":"","overlay-gradient":""}}},"product_brand":[],"product_cat":[19],"product_tag":[],"class_list":{"0":"post-350","1":"product","2":"type-product","3":"status-publish","4":"has-post-thumbnail","6":"product_cat-uncategorized","7":"desktop-align-left","8":"tablet-align-left","9":"mobile-align-left","11":"first","12":"instock","13":"shipping-taxable","14":"product-type-simple"},"yoast_head":"<!-- This site is optimized with the Yoast SEO plugin v27.2 - https:\/\/yoast.com\/product\/yoast-seo-wordpress\/ -->\n<title>DrumMate Adaptor Price for Heavy-Duty Truck Tools | All Ma Mates\u00ae<\/title>\n<meta name=\"description\" content=\"DrumMate Adaptor for heavy-duty truck brake servicing with competitive pricing. All Ma Mates\u00ae supports professional workshops and fleets.\" \/>\n<meta name=\"robots\" content=\"index, follow, max-snippet:-1, max-image-preview:large, max-video-preview:-1\" \/>\n<link rel=\"canonical\" href=\"https:\/\/allmamates.com\/fr\/produit\/drummate-adaptor\/\" \/>\n<meta property=\"og:locale\" content=\"fr_FR\" \/>\n<meta property=\"og:type\" content=\"article\" \/>\n<meta property=\"og:title\" content=\"DrumMate Adaptor Price for Heavy-Duty Truck Tools | All Ma Mates\u00ae\" \/>\n<meta property=\"og:description\" content=\"DrumMate Adaptor for heavy-duty truck brake servicing with competitive pricing. All Ma Mates\u00ae supports professional workshops and fleets.\" \/>\n<meta property=\"og:url\" content=\"https:\/\/allmamates.com\/fr\/produit\/drummate-adaptor\/\" \/>\n<meta property=\"og:site_name\" content=\"All Ma Mates\u00ae\" \/>\n<meta property=\"article:modified_time\" content=\"2026-01-30T21:09:46+00:00\" \/>\n<meta property=\"og:image\" content=\"https:\/\/allmamates.com\/wp-content\/uploads\/2024\/02\/Square-PNGS-19.png\" \/>\n\t<meta property=\"og:image:width\" content=\"1080\" \/>\n\t<meta property=\"og:image:height\" content=\"1080\" \/>\n\t<meta property=\"og:image:type\" content=\"image\/png\" \/>\n<meta name=\"twitter:card\" content=\"summary_large_image\" \/>\n<meta name=\"twitter:label1\" content=\"Dur\u00e9e de lecture estim\u00e9e\" \/>\n\t<meta name=\"twitter:data1\" content=\"1 minute\" \/>\n<script type=\"application\/ld+json\" class=\"yoast-schema-graph\">{\"@context\":\"https:\/\/schema.org\",\"@graph\":[{\"@type\":\"WebPage\",\"@id\":\"https:\/\/allmamates.com\/product\/drummate-adaptor\/\",\"url\":\"https:\/\/allmamates.com\/product\/drummate-adaptor\/\",\"name\":\"DrumMate Adaptor Price for Heavy-Duty Truck Tools | All Ma Mates\u00ae\",\"isPartOf\":{\"@id\":\"https:\/\/allmamates.com\/#website\"},\"primaryImageOfPage\":{\"@id\":\"https:\/\/allmamates.com\/product\/drummate-adaptor\/#primaryimage\"},\"image\":{\"@id\":\"https:\/\/allmamates.com\/product\/drummate-adaptor\/#primaryimage\"},\"thumbnailUrl\":\"https:\/\/allmamates.com\/wp-content\/uploads\/2024\/02\/Square-PNGS-19.png\",\"datePublished\":\"2024-02-03T04:02:09+00:00\",\"dateModified\":\"2026-01-30T21:09:46+00:00\",\"description\":\"DrumMate Adaptor for heavy-duty truck brake servicing with competitive pricing. All Ma Mates\u00ae supports professional workshops and fleets.\",\"breadcrumb\":{\"@id\":\"https:\/\/allmamates.com\/product\/drummate-adaptor\/#breadcrumb\"},\"inLanguage\":\"fr-FR\",\"potentialAction\":[{\"@type\":\"ReadAction\",\"target\":[\"https:\/\/allmamates.com\/product\/drummate-adaptor\/\"]}]},{\"@type\":\"ImageObject\",\"inLanguage\":\"fr-FR\",\"@id\":\"https:\/\/allmamates.com\/product\/drummate-adaptor\/#primaryimage\",\"url\":\"https:\/\/allmamates.com\/wp-content\/uploads\/2024\/02\/Square-PNGS-19.png\",\"contentUrl\":\"https:\/\/allmamates.com\/wp-content\/uploads\/2024\/02\/Square-PNGS-19.png\",\"width\":1080,\"height\":1080},{\"@type\":\"BreadcrumbList\",\"@id\":\"https:\/\/allmamates.com\/product\/drummate-adaptor\/#breadcrumb\",\"itemListElement\":[{\"@type\":\"ListItem\",\"position\":1,\"name\":\"Home\",\"item\":\"https:\/\/allmamates.com\/\"},{\"@type\":\"ListItem\",\"position\":2,\"name\":\"Products\",\"item\":\"https:\/\/allmamates.com\/shop\/\"},{\"@type\":\"ListItem\",\"position\":3,\"name\":\"DrumMate\u2122 Adaptor\"}]},{\"@type\":\"WebSite\",\"@id\":\"https:\/\/allmamates.com\/#website\",\"url\":\"https:\/\/allmamates.com\/\",\"name\":\"All Ma Mates\u00ae\",\"description\":\"Your wheel end tool equipment supplier.\",\"publisher\":{\"@id\":\"https:\/\/allmamates.com\/#organization\"},\"potentialAction\":[{\"@type\":\"SearchAction\",\"target\":{\"@type\":\"EntryPoint\",\"urlTemplate\":\"https:\/\/allmamates.com\/?s={search_term_string}\"},\"query-input\":{\"@type\":\"PropertyValueSpecification\",\"valueRequired\":true,\"valueName\":\"search_term_string\"}}],\"inLanguage\":\"fr-FR\"},{\"@type\":\"Organization\",\"@id\":\"https:\/\/allmamates.com\/#organization\",\"name\":\"All Ma Mates\u00ae\",\"url\":\"https:\/\/allmamates.com\/\",\"logo\":{\"@type\":\"ImageObject\",\"inLanguage\":\"fr-FR\",\"@id\":\"https:\/\/allmamates.com\/#\/schema\/logo\/image\/\",\"url\":\"https:\/\/allmamates.com\/wp-content\/uploads\/2024\/02\/a.png\",\"contentUrl\":\"https:\/\/allmamates.com\/wp-content\/uploads\/2024\/02\/a.png\",\"width\":847,\"height\":434,\"caption\":\"All Ma Mates\u00ae\"},\"image\":{\"@id\":\"https:\/\/allmamates.com\/#\/schema\/logo\/image\/\"}}]}<\/script>\n<!-- \/ Yoast SEO plugin. -->","yoast_head_json":{"title":"DrumMate Adaptor Price for Heavy-Duty Truck Tools | All Ma Mates\u00ae","description":"DrumMate Adaptor for heavy-duty truck brake servicing with competitive pricing. All Ma Mates\u00ae supports professional workshops and fleets.","robots":{"index":"index","follow":"follow","max-snippet":"max-snippet:-1","max-image-preview":"max-image-preview:large","max-video-preview":"max-video-preview:-1"},"canonical":"https:\/\/allmamates.com\/fr\/produit\/drummate-adaptor\/","og_locale":"fr_FR","og_type":"article","og_title":"DrumMate Adaptor Price for Heavy-Duty Truck Tools | All Ma Mates\u00ae","og_description":"DrumMate Adaptor for heavy-duty truck brake servicing with competitive pricing. All Ma Mates\u00ae supports professional workshops and fleets.","og_url":"https:\/\/allmamates.com\/fr\/produit\/drummate-adaptor\/","og_site_name":"All Ma Mates\u00ae","article_modified_time":"2026-01-30T21:09:46+00:00","og_image":[{"width":1080,"height":1080,"url":"https:\/\/allmamates.com\/wp-content\/uploads\/2024\/02\/Square-PNGS-19.png","type":"image\/png"}],"twitter_card":"summary_large_image","twitter_misc":{"Dur\u00e9e de lecture estim\u00e9e":"1 minute"},"schema":{"@context":"https:\/\/schema.org","@graph":[{"@type":"WebPage","@id":"https:\/\/allmamates.com\/product\/drummate-adaptor\/","url":"https:\/\/allmamates.com\/product\/drummate-adaptor\/","name":"DrumMate Adaptor Price for Heavy-Duty Truck Tools | All Ma Mates\u00ae","isPartOf":{"@id":"https:\/\/allmamates.com\/#website"},"primaryImageOfPage":{"@id":"https:\/\/allmamates.com\/product\/drummate-adaptor\/#primaryimage"},"image":{"@id":"https:\/\/allmamates.com\/product\/drummate-adaptor\/#primaryimage"},"thumbnailUrl":"https:\/\/allmamates.com\/wp-content\/uploads\/2024\/02\/Square-PNGS-19.png","datePublished":"2024-02-03T04:02:09+00:00","dateModified":"2026-01-30T21:09:46+00:00","description":"DrumMate Adaptor for heavy-duty truck brake servicing with competitive pricing. All Ma Mates\u00ae supports professional workshops and fleets.","breadcrumb":{"@id":"https:\/\/allmamates.com\/product\/drummate-adaptor\/#breadcrumb"},"inLanguage":"fr-FR","potentialAction":[{"@type":"ReadAction","target":["https:\/\/allmamates.com\/product\/drummate-adaptor\/"]}]},{"@type":"ImageObject","inLanguage":"fr-FR","@id":"https:\/\/allmamates.com\/product\/drummate-adaptor\/#primaryimage","url":"https:\/\/allmamates.com\/wp-content\/uploads\/2024\/02\/Square-PNGS-19.png","contentUrl":"https:\/\/allmamates.com\/wp-content\/uploads\/2024\/02\/Square-PNGS-19.png","width":1080,"height":1080},{"@type":"BreadcrumbList","@id":"https:\/\/allmamates.com\/product\/drummate-adaptor\/#breadcrumb","itemListElement":[{"@type":"ListItem","position":1,"name":"Home","item":"https:\/\/allmamates.com\/"},{"@type":"ListItem","position":2,"name":"Products","item":"https:\/\/allmamates.com\/shop\/"},{"@type":"ListItem","position":3,"name":"DrumMate\u2122 Adaptor"}]},{"@type":"WebSite","@id":"https:\/\/allmamates.com\/#website","url":"https:\/\/allmamates.com\/","name":"All Ma Mates\u00ae","description":"Your wheel end tool equipment supplier.","publisher":{"@id":"https:\/\/allmamates.com\/#organization"},"potentialAction":[{"@type":"SearchAction","target":{"@type":"EntryPoint","urlTemplate":"https:\/\/allmamates.com\/?s={search_term_string}"},"query-input":{"@type":"PropertyValueSpecification","valueRequired":true,"valueName":"search_term_string"}}],"inLanguage":"fr-FR"},{"@type":"Organization","@id":"https:\/\/allmamates.com\/#organization","name":"All Ma Mates\u00ae","url":"https:\/\/allmamates.com\/","logo":{"@type":"ImageObject","inLanguage":"fr-FR","@id":"https:\/\/allmamates.com\/#\/schema\/logo\/image\/","url":"https:\/\/allmamates.com\/wp-content\/uploads\/2024\/02\/a.png","contentUrl":"https:\/\/allmamates.com\/wp-content\/uploads\/2024\/02\/a.png","width":847,"height":434,"caption":"All Ma Mates\u00ae"},"image":{"@id":"https:\/\/allmamates.com\/#\/schema\/logo\/image\/"}}]}},"_links":{"self":[{"href":"https:\/\/allmamates.com\/fr\/wp-json\/wp\/v2\/product\/350","targetHints":{"allow":["GET"]}}],"collection":[{"href":"https:\/\/allmamates.com\/fr\/wp-json\/wp\/v2\/product"}],"about":[{"href":"https:\/\/allmamates.com\/fr\/wp-json\/wp\/v2\/types\/product"}],"replies":[{"embeddable":true,"href":"https:\/\/allmamates.com\/fr\/wp-json\/wp\/v2\/comments?post=350"}],"wp:featuredmedia":[{"embeddable":true,"href":"https:\/\/allmamates.com\/fr\/wp-json\/wp\/v2\/media\/966"}],"wp:attachment":[{"href":"https:\/\/allmamates.com\/fr\/wp-json\/wp\/v2\/media?parent=350"}],"wp:term":[{"taxonomy":"product_brand","embeddable":true,"href":"https:\/\/allmamates.com\/fr\/wp-json\/wp\/v2\/product_brand?post=350"},{"taxonomy":"product_cat","embeddable":true,"href":"https:\/\/allmamates.com\/fr\/wp-json\/wp\/v2\/product_cat?post=350"},{"taxonomy":"product_tag","embeddable":true,"href":"https:\/\/allmamates.com\/fr\/wp-json\/wp\/v2\/product_tag?post=350"}],"curies":[{"name":"wp","href":"https:\/\/api.w.org\/{rel}","templated":true}]}}