{"id":1919,"date":"2024-04-16T00:07:28","date_gmt":"2024-04-16T00:07:28","guid":{"rendered":"https:\/\/allmamates.com\/?post_type=product&#038;p=1919"},"modified":"2024-05-18T04:40:23","modified_gmt":"2024-05-18T04:40:23","slug":"32t-universal-basic-set","status":"publish","type":"product","link":"https:\/\/allmamates.com\/fr\/produit\/32t-universal-basic-set\/","title":{"rendered":"Kit Basic Universel 32T"},"content":{"rendered":"<p>Kit Basic Universel 32T avec l\u2019Outil Cylindrique Multifonction. Le kit universel est livr\u00e9 avec tout ce dont vous avez besoin pour vous attaquer aux d\u00e9fis de maintenance des bus, camions et remorques. Fonctionne pour d\u00e9loger des joints \u00e0 rotule, des pivots coniques, des r\u00e9gleurs \u00e0 semelle de frein, des goujons de roue, de d\u00e9monter des joints de cardan, d\u2019enlever des bagues d\u2019amortisseur et tant d\u2019autres pi\u00e8ces.\nVous trouverez inclus dans ce kit notre outil d\u2019\u00e9crou \u00e0 encoche avec trois fixations.\nAttachez-y votre cl\u00e9 \u00e0 douille et profitez de votre nouveau gain de temps. Le kit universel rend le travail bien plus facile, plus s\u00fbr et plus rapide ! Id\u00e9al pour les garagistes qui en ont assez de chercher de nouvelles fa\u00e7ons cr\u00e9atives d\u2019enlever les pi\u00e8ces d\u00e9tachables. Les m\u00e9caniciens vous en remercieront ! R\u00e9pond \u00e0 certaines des plus communes des frustrations des m\u00e9caniciens pour d\u00e9monter des composants coinc\u00e9s. Fait en Su\u00e8de. Produit : TBE112.<\/p>","protected":false},"excerpt":{"rendered":"<ul>\n<li>D\u00e9loge facilement les joints \u00e0 rotule et les r\u00e9gleurs de semelle de frein sur les camions, bus et remorques.<\/li>\n<li>Retire et ins\u00e8re facilement les goujons de roue.<\/li>\n<li>D\u00e9monte et r\u00e9installe avec aise les boulons de roue, gr\u00e2ce \u00e0 son design flexible.<\/li>\n<li>Deux bagues entretoises permettent d\u2019ajuster la hauteur.<\/li>\n<li>L\u2019outil enclume a deux tailles d\u2019ouverture (42mm et 57mm) pour offrir de la polyvalence.<\/li>\n<li>Les outils peuvent \u00eatre repositionn\u00e9s sur le cylindre pour acc\u00e9der \u00e0 des espaces restreints.<\/li>\n<li>Retire facilement les pivots coniques et traditionnels.<\/li>\n<li>Permet de marteler et de cr\u00e9er des vibrations avec le cylindre 32T et ses accessoires.<\/li>\n<li>6 adaptateurs de presse inclus.<\/li>\n<li>Fonctionne parfaitement avec notre pompe hydraulique de 10 000PSI, mod\u00e8les TBE110 ou TBE111.<\/li>\n<\/ul>","protected":false},"featured_media":1922,"comment_status":"open","ping_status":"closed","template":"","meta":{"site-sidebar-layout":"default","site-content-layout":"","ast-site-content-layout":"default","site-content-style":"default","site-sidebar-style":"default","ast-global-header-display":"","ast-banner-title-visibility":"","ast-main-header-display":"","ast-hfb-above-header-display":"","ast-hfb-below-header-display":"","ast-hfb-mobile-header-display":"","site-post-title":"","ast-breadcrumbs-content":"","ast-featured-img":"","footer-sml-layout":"","theme-transparent-header-meta":"default","adv-header-id-meta":"","stick-header-meta":"","header-above-stick-meta":"","header-main-stick-meta":"","header-below-stick-meta":"","astra-migrate-meta-layouts":"set","ast-page-background-enabled":"default","ast-page-background-meta":{"desktop":{"background-color":"var(--ast-global-color-4)","background-image":"","background-repeat":"repeat","background-position":"center center","background-size":"auto","background-attachment":"scroll","background-type":"","background-media":"","overlay-type":"","overlay-color":"","overlay-gradient":""},"tablet":{"background-color":"","background-image":"","background-repeat":"repeat","background-position":"center center","background-size":"auto","background-attachment":"scroll","background-type":"","background-media":"","overlay-type":"","overlay-color":"","overlay-gradient":""},"mobile":{"background-color":"","background-image":"","background-repeat":"repeat","background-position":"center center","background-size":"auto","background-attachment":"scroll","background-type":"","background-media":"","overlay-type":"","overlay-color":"","overlay-gradient":""}},"ast-content-background-meta":{"desktop":{"background-color":"var(--ast-global-color-5)","background-image":"","background-repeat":"repeat","background-position":"center center","background-size":"auto","background-attachment":"scroll","background-type":"","background-media":"","overlay-type":"","overlay-color":"","overlay-gradient":""},"tablet":{"background-color":"var(--ast-global-color-5)","background-image":"","background-repeat":"repeat","background-position":"center center","background-size":"auto","background-attachment":"scroll","background-type":"","background-media":"","overlay-type":"","overlay-color":"","overlay-gradient":""},"mobile":{"background-color":"var(--ast-global-color-5)","background-image":"","background-repeat":"repeat","background-position":"center center","background-size":"auto","background-attachment":"scroll","background-type":"","background-media":"","overlay-type":"","overlay-color":"","overlay-gradient":""}}},"product_brand":[],"product_cat":[22,23],"product_tag":[],"class_list":{"0":"post-1919","1":"product","2":"type-product","3":"status-publish","4":"has-post-thumbnail","6":"product_cat-new-products","7":"product_cat-tool-box-essentials","8":"desktop-align-left","9":"tablet-align-left","10":"mobile-align-left","12":"first","13":"instock","14":"shipping-taxable","15":"product-type-simple"},"yoast_head":"<!-- This site is optimized with the Yoast SEO plugin v27.2 - https:\/\/yoast.com\/product\/yoast-seo-wordpress\/ -->\n<title>32T Universal Basic Set - All Ma Mates\u00ae<\/title>\n<meta name=\"robots\" content=\"index, follow, max-snippet:-1, max-image-preview:large, max-video-preview:-1\" \/>\n<link rel=\"canonical\" href=\"https:\/\/allmamates.com\/fr\/produit\/32t-universal-basic-set\/\" \/>\n<meta property=\"og:locale\" content=\"fr_FR\" \/>\n<meta property=\"og:type\" content=\"article\" \/>\n<meta property=\"og:title\" content=\"32T Universal Basic Set - All Ma Mates\u00ae\" \/>\n<meta property=\"og:description\" content=\"Efficiently presses out ball joints and slack adjusters on trucks, buses, and trailers.  Pulls off and easily inserts wheel studs  Smoothly dismantles and fits wheel bolts, thanks to its flexible design.  Two distance rings provide for various height adjustment options.  The anvil tool has two different opening sizes (42mm and 57mm) for versatility.  The tools can be repositioned on the cylinder for access in tight spaces.  Easily removes conical and traditional kingpins.  Allows for hammering to create a vibration with the 32T cylinder and accessories.  6 press plate adapters included.  Works perfectly with our 10,000PSI hydraulic pump model TBE110, or TBE111.\" \/>\n<meta property=\"og:url\" content=\"https:\/\/allmamates.com\/fr\/produit\/32t-universal-basic-set\/\" \/>\n<meta property=\"og:site_name\" content=\"All Ma Mates\u00ae\" \/>\n<meta property=\"article:modified_time\" content=\"2024-05-18T04:40:23+00:00\" \/>\n<meta property=\"og:image\" content=\"https:\/\/allmamates.com\/wp-content\/uploads\/2024\/04\/64.png\" \/>\n\t<meta property=\"og:image:width\" content=\"1080\" \/>\n\t<meta property=\"og:image:height\" content=\"1080\" \/>\n\t<meta property=\"og:image:type\" content=\"image\/png\" \/>\n<meta name=\"twitter:card\" content=\"summary_large_image\" \/>\n<meta name=\"twitter:label1\" content=\"Dur\u00e9e de lecture estim\u00e9e\" \/>\n\t<meta name=\"twitter:data1\" content=\"1 minute\" \/>\n<script type=\"application\/ld+json\" class=\"yoast-schema-graph\">{\"@context\":\"https:\/\/schema.org\",\"@graph\":[{\"@type\":\"WebPage\",\"@id\":\"https:\/\/allmamates.com\/product\/32t-universal-basic-set\/\",\"url\":\"https:\/\/allmamates.com\/product\/32t-universal-basic-set\/\",\"name\":\"32T Universal Basic Set - All Ma Mates\u00ae\",\"isPartOf\":{\"@id\":\"https:\/\/allmamates.com\/#website\"},\"primaryImageOfPage\":{\"@id\":\"https:\/\/allmamates.com\/product\/32t-universal-basic-set\/#primaryimage\"},\"image\":{\"@id\":\"https:\/\/allmamates.com\/product\/32t-universal-basic-set\/#primaryimage\"},\"thumbnailUrl\":\"https:\/\/allmamates.com\/wp-content\/uploads\/2024\/04\/64.png\",\"datePublished\":\"2024-04-16T00:07:28+00:00\",\"dateModified\":\"2024-05-18T04:40:23+00:00\",\"breadcrumb\":{\"@id\":\"https:\/\/allmamates.com\/product\/32t-universal-basic-set\/#breadcrumb\"},\"inLanguage\":\"fr-FR\",\"potentialAction\":[{\"@type\":\"ReadAction\",\"target\":[\"https:\/\/allmamates.com\/product\/32t-universal-basic-set\/\"]}]},{\"@type\":\"ImageObject\",\"inLanguage\":\"fr-FR\",\"@id\":\"https:\/\/allmamates.com\/product\/32t-universal-basic-set\/#primaryimage\",\"url\":\"https:\/\/allmamates.com\/wp-content\/uploads\/2024\/04\/64.png\",\"contentUrl\":\"https:\/\/allmamates.com\/wp-content\/uploads\/2024\/04\/64.png\",\"width\":1080,\"height\":1080},{\"@type\":\"BreadcrumbList\",\"@id\":\"https:\/\/allmamates.com\/product\/32t-universal-basic-set\/#breadcrumb\",\"itemListElement\":[{\"@type\":\"ListItem\",\"position\":1,\"name\":\"Home\",\"item\":\"https:\/\/allmamates.com\/\"},{\"@type\":\"ListItem\",\"position\":2,\"name\":\"Products\",\"item\":\"https:\/\/allmamates.com\/shop\/\"},{\"@type\":\"ListItem\",\"position\":3,\"name\":\"32T Universal Basic Set\"}]},{\"@type\":\"WebSite\",\"@id\":\"https:\/\/allmamates.com\/#website\",\"url\":\"https:\/\/allmamates.com\/\",\"name\":\"All Ma Mates\u00ae\",\"description\":\"Your wheel end tool equipment supplier.\",\"publisher\":{\"@id\":\"https:\/\/allmamates.com\/#organization\"},\"potentialAction\":[{\"@type\":\"SearchAction\",\"target\":{\"@type\":\"EntryPoint\",\"urlTemplate\":\"https:\/\/allmamates.com\/?s={search_term_string}\"},\"query-input\":{\"@type\":\"PropertyValueSpecification\",\"valueRequired\":true,\"valueName\":\"search_term_string\"}}],\"inLanguage\":\"fr-FR\"},{\"@type\":\"Organization\",\"@id\":\"https:\/\/allmamates.com\/#organization\",\"name\":\"All Ma Mates\u00ae\",\"url\":\"https:\/\/allmamates.com\/\",\"logo\":{\"@type\":\"ImageObject\",\"inLanguage\":\"fr-FR\",\"@id\":\"https:\/\/allmamates.com\/#\/schema\/logo\/image\/\",\"url\":\"https:\/\/allmamates.com\/wp-content\/uploads\/2024\/02\/a.png\",\"contentUrl\":\"https:\/\/allmamates.com\/wp-content\/uploads\/2024\/02\/a.png\",\"width\":847,\"height\":434,\"caption\":\"All Ma Mates\u00ae\"},\"image\":{\"@id\":\"https:\/\/allmamates.com\/#\/schema\/logo\/image\/\"}}]}<\/script>\n<!-- \/ Yoast SEO plugin. -->","yoast_head_json":{"title":"32T Universal Basic Set - All Ma Mates\u00ae","robots":{"index":"index","follow":"follow","max-snippet":"max-snippet:-1","max-image-preview":"max-image-preview:large","max-video-preview":"max-video-preview:-1"},"canonical":"https:\/\/allmamates.com\/fr\/produit\/32t-universal-basic-set\/","og_locale":"fr_FR","og_type":"article","og_title":"32T Universal Basic Set - All Ma Mates\u00ae","og_description":"Efficiently presses out ball joints and slack adjusters on trucks, buses, and trailers.  Pulls off and easily inserts wheel studs  Smoothly dismantles and fits wheel bolts, thanks to its flexible design.  Two distance rings provide for various height adjustment options.  The anvil tool has two different opening sizes (42mm and 57mm) for versatility.  The tools can be repositioned on the cylinder for access in tight spaces.  Easily removes conical and traditional kingpins.  Allows for hammering to create a vibration with the 32T cylinder and accessories.  6 press plate adapters included.  Works perfectly with our 10,000PSI hydraulic pump model TBE110, or TBE111.","og_url":"https:\/\/allmamates.com\/fr\/produit\/32t-universal-basic-set\/","og_site_name":"All Ma Mates\u00ae","article_modified_time":"2024-05-18T04:40:23+00:00","og_image":[{"width":1080,"height":1080,"url":"https:\/\/allmamates.com\/wp-content\/uploads\/2024\/04\/64.png","type":"image\/png"}],"twitter_card":"summary_large_image","twitter_misc":{"Dur\u00e9e de lecture estim\u00e9e":"1 minute"},"schema":{"@context":"https:\/\/schema.org","@graph":[{"@type":"WebPage","@id":"https:\/\/allmamates.com\/product\/32t-universal-basic-set\/","url":"https:\/\/allmamates.com\/product\/32t-universal-basic-set\/","name":"32T Universal Basic Set - All Ma Mates\u00ae","isPartOf":{"@id":"https:\/\/allmamates.com\/#website"},"primaryImageOfPage":{"@id":"https:\/\/allmamates.com\/product\/32t-universal-basic-set\/#primaryimage"},"image":{"@id":"https:\/\/allmamates.com\/product\/32t-universal-basic-set\/#primaryimage"},"thumbnailUrl":"https:\/\/allmamates.com\/wp-content\/uploads\/2024\/04\/64.png","datePublished":"2024-04-16T00:07:28+00:00","dateModified":"2024-05-18T04:40:23+00:00","breadcrumb":{"@id":"https:\/\/allmamates.com\/product\/32t-universal-basic-set\/#breadcrumb"},"inLanguage":"fr-FR","potentialAction":[{"@type":"ReadAction","target":["https:\/\/allmamates.com\/product\/32t-universal-basic-set\/"]}]},{"@type":"ImageObject","inLanguage":"fr-FR","@id":"https:\/\/allmamates.com\/product\/32t-universal-basic-set\/#primaryimage","url":"https:\/\/allmamates.com\/wp-content\/uploads\/2024\/04\/64.png","contentUrl":"https:\/\/allmamates.com\/wp-content\/uploads\/2024\/04\/64.png","width":1080,"height":1080},{"@type":"BreadcrumbList","@id":"https:\/\/allmamates.com\/product\/32t-universal-basic-set\/#breadcrumb","itemListElement":[{"@type":"ListItem","position":1,"name":"Home","item":"https:\/\/allmamates.com\/"},{"@type":"ListItem","position":2,"name":"Products","item":"https:\/\/allmamates.com\/shop\/"},{"@type":"ListItem","position":3,"name":"32T Universal Basic Set"}]},{"@type":"WebSite","@id":"https:\/\/allmamates.com\/#website","url":"https:\/\/allmamates.com\/","name":"All Ma Mates\u00ae","description":"Your wheel end tool equipment supplier.","publisher":{"@id":"https:\/\/allmamates.com\/#organization"},"potentialAction":[{"@type":"SearchAction","target":{"@type":"EntryPoint","urlTemplate":"https:\/\/allmamates.com\/?s={search_term_string}"},"query-input":{"@type":"PropertyValueSpecification","valueRequired":true,"valueName":"search_term_string"}}],"inLanguage":"fr-FR"},{"@type":"Organization","@id":"https:\/\/allmamates.com\/#organization","name":"All Ma Mates\u00ae","url":"https:\/\/allmamates.com\/","logo":{"@type":"ImageObject","inLanguage":"fr-FR","@id":"https:\/\/allmamates.com\/#\/schema\/logo\/image\/","url":"https:\/\/allmamates.com\/wp-content\/uploads\/2024\/02\/a.png","contentUrl":"https:\/\/allmamates.com\/wp-content\/uploads\/2024\/02\/a.png","width":847,"height":434,"caption":"All Ma Mates\u00ae"},"image":{"@id":"https:\/\/allmamates.com\/#\/schema\/logo\/image\/"}}]}},"_links":{"self":[{"href":"https:\/\/allmamates.com\/fr\/wp-json\/wp\/v2\/product\/1919","targetHints":{"allow":["GET"]}}],"collection":[{"href":"https:\/\/allmamates.com\/fr\/wp-json\/wp\/v2\/product"}],"about":[{"href":"https:\/\/allmamates.com\/fr\/wp-json\/wp\/v2\/types\/product"}],"replies":[{"embeddable":true,"href":"https:\/\/allmamates.com\/fr\/wp-json\/wp\/v2\/comments?post=1919"}],"wp:featuredmedia":[{"embeddable":true,"href":"https:\/\/allmamates.com\/fr\/wp-json\/wp\/v2\/media\/1922"}],"wp:attachment":[{"href":"https:\/\/allmamates.com\/fr\/wp-json\/wp\/v2\/media?parent=1919"}],"wp:term":[{"taxonomy":"product_brand","embeddable":true,"href":"https:\/\/allmamates.com\/fr\/wp-json\/wp\/v2\/product_brand?post=1919"},{"taxonomy":"product_cat","embeddable":true,"href":"https:\/\/allmamates.com\/fr\/wp-json\/wp\/v2\/product_cat?post=1919"},{"taxonomy":"product_tag","embeddable":true,"href":"https:\/\/allmamates.com\/fr\/wp-json\/wp\/v2\/product_tag?post=1919"}],"curies":[{"name":"wp","href":"https:\/\/api.w.org\/{rel}","templated":true}]}}