{"id":1885,"date":"2024-04-05T16:17:27","date_gmt":"2024-04-05T16:17:27","guid":{"rendered":"https:\/\/allmamates.com\/?post_type=product&#038;p=1885"},"modified":"2026-01-30T21:33:02","modified_gmt":"2026-01-30T21:33:02","slug":"hydraulic-cylinder-22t","status":"publish","type":"product","link":"https:\/\/allmamates.com\/fr\/produit\/hydraulic-cylinder-22t\/","title":{"rendered":"Hydraulic Cylinder 22T"},"content":{"rendered":"<p>Ce v\u00e9rin hydraulique \u00e0 capacit\u00e9 de 22 tonnes avec ressort de retour est un v\u00e9rin \u00e0 pression et traction compact, avec un piston \u00e0 retour automatique con\u00e7u sp\u00e9cialement pour l\u2019utilisation quotidienne dans les garages \u00e0 bus, camions et remorques. La pression hydraulique du v\u00e9rin peut \u00eatre combin\u00e9e \u00e0 la force de poin\u00e7onnage lorsque vous utilisez une douille de poin\u00e7onnage. Poids : 4,7Kg. Piston : 70mm. Retour automatique. Fait en Su\u00e8de. Produit : TBE101.<\/p>","protected":false},"excerpt":{"rendered":"<ul>\n<li>Poids : 4,7Kg.<\/li>\n<li>Piston : 70mm<\/li>\n<li>Retour automatique.<\/li>\n<li>Cr\u00e9e une action de vibration lorsque vous utilisez la force de poin\u00e7onnage.<\/li>\n<\/ul>\n<p>https:\/\/youtu.be\/ZKZPQtbchcY?feature=shared<\/p>","protected":false},"featured_media":1883,"comment_status":"open","ping_status":"closed","template":"","meta":{"site-sidebar-layout":"default","site-content-layout":"","ast-site-content-layout":"default","site-content-style":"default","site-sidebar-style":"default","ast-global-header-display":"","ast-banner-title-visibility":"","ast-main-header-display":"","ast-hfb-above-header-display":"","ast-hfb-below-header-display":"","ast-hfb-mobile-header-display":"","site-post-title":"","ast-breadcrumbs-content":"","ast-featured-img":"","footer-sml-layout":"","theme-transparent-header-meta":"default","adv-header-id-meta":"","stick-header-meta":"","header-above-stick-meta":"","header-main-stick-meta":"","header-below-stick-meta":"","astra-migrate-meta-layouts":"set","ast-page-background-enabled":"default","ast-page-background-meta":{"desktop":{"background-color":"var(--ast-global-color-4)","background-image":"","background-repeat":"repeat","background-position":"center center","background-size":"auto","background-attachment":"scroll","background-type":"","background-media":"","overlay-type":"","overlay-color":"","overlay-gradient":""},"tablet":{"background-color":"","background-image":"","background-repeat":"repeat","background-position":"center center","background-size":"auto","background-attachment":"scroll","background-type":"","background-media":"","overlay-type":"","overlay-color":"","overlay-gradient":""},"mobile":{"background-color":"","background-image":"","background-repeat":"repeat","background-position":"center center","background-size":"auto","background-attachment":"scroll","background-type":"","background-media":"","overlay-type":"","overlay-color":"","overlay-gradient":""}},"ast-content-background-meta":{"desktop":{"background-color":"var(--ast-global-color-5)","background-image":"","background-repeat":"repeat","background-position":"center center","background-size":"auto","background-attachment":"scroll","background-type":"","background-media":"","overlay-type":"","overlay-color":"","overlay-gradient":""},"tablet":{"background-color":"var(--ast-global-color-5)","background-image":"","background-repeat":"repeat","background-position":"center center","background-size":"auto","background-attachment":"scroll","background-type":"","background-media":"","overlay-type":"","overlay-color":"","overlay-gradient":""},"mobile":{"background-color":"var(--ast-global-color-5)","background-image":"","background-repeat":"repeat","background-position":"center center","background-size":"auto","background-attachment":"scroll","background-type":"","background-media":"","overlay-type":"","overlay-color":"","overlay-gradient":""}}},"product_brand":[],"product_cat":[22,23],"product_tag":[],"class_list":{"0":"post-1885","1":"product","2":"type-product","3":"status-publish","4":"has-post-thumbnail","6":"product_cat-new-products","7":"product_cat-tool-box-essentials","8":"desktop-align-left","9":"tablet-align-left","10":"mobile-align-left","12":"first","13":"instock","14":"shipping-taxable","15":"product-type-simple"},"yoast_head":"<!-- This site is optimized with the Yoast SEO plugin v27.2 - https:\/\/yoast.com\/product\/yoast-seo-wordpress\/ -->\n<title>Hydraulic Cylinder 22T - Premium Quality | All Ma Mates\u00ae Ltd<\/title>\n<meta name=\"description\" content=\"All Ma Mates\u00ae Ltd supplies premium 22T Hydraulic Cylinders. Engineered for durability and consistent performance. Expert service and quality guaranteed. Order now.\" \/>\n<meta name=\"robots\" content=\"index, follow, max-snippet:-1, max-image-preview:large, max-video-preview:-1\" \/>\n<link rel=\"canonical\" href=\"https:\/\/allmamates.com\/fr\/produit\/hydraulic-cylinder-22t\/\" \/>\n<meta property=\"og:locale\" content=\"fr_FR\" \/>\n<meta property=\"og:type\" content=\"article\" \/>\n<meta property=\"og:title\" content=\"Hydraulic Cylinder 22T - Premium Quality | All Ma Mates\u00ae Ltd\" \/>\n<meta property=\"og:description\" content=\"All Ma Mates\u00ae Ltd supplies premium 22T Hydraulic Cylinders. Engineered for durability and consistent performance. Expert service and quality guaranteed. Order now.\" \/>\n<meta property=\"og:url\" content=\"https:\/\/allmamates.com\/fr\/produit\/hydraulic-cylinder-22t\/\" \/>\n<meta property=\"og:site_name\" content=\"All Ma Mates\u00ae\" \/>\n<meta property=\"article:modified_time\" content=\"2026-01-30T21:33:02+00:00\" \/>\n<meta property=\"og:image\" content=\"https:\/\/allmamates.com\/wp-content\/uploads\/2024\/04\/49.png\" \/>\n\t<meta property=\"og:image:width\" content=\"1080\" \/>\n\t<meta property=\"og:image:height\" content=\"1080\" \/>\n\t<meta property=\"og:image:type\" content=\"image\/png\" \/>\n<meta name=\"twitter:card\" content=\"summary_large_image\" \/>\n<meta name=\"twitter:label1\" content=\"Dur\u00e9e de lecture estim\u00e9e\" \/>\n\t<meta name=\"twitter:data1\" content=\"1 minute\" \/>\n<script type=\"application\/ld+json\" class=\"yoast-schema-graph\">{\"@context\":\"https:\/\/schema.org\",\"@graph\":[{\"@type\":\"WebPage\",\"@id\":\"https:\/\/allmamates.com\/product\/hydraulic-cylinder-22t\/\",\"url\":\"https:\/\/allmamates.com\/product\/hydraulic-cylinder-22t\/\",\"name\":\"Hydraulic Cylinder 22T - Premium Quality | All Ma Mates\u00ae Ltd\",\"isPartOf\":{\"@id\":\"https:\/\/allmamates.com\/#website\"},\"primaryImageOfPage\":{\"@id\":\"https:\/\/allmamates.com\/product\/hydraulic-cylinder-22t\/#primaryimage\"},\"image\":{\"@id\":\"https:\/\/allmamates.com\/product\/hydraulic-cylinder-22t\/#primaryimage\"},\"thumbnailUrl\":\"https:\/\/allmamates.com\/wp-content\/uploads\/2024\/04\/49.png\",\"datePublished\":\"2024-04-05T16:17:27+00:00\",\"dateModified\":\"2026-01-30T21:33:02+00:00\",\"description\":\"All Ma Mates\u00ae Ltd supplies premium 22T Hydraulic Cylinders. Engineered for durability and consistent performance. Expert service and quality guaranteed. Order now.\",\"breadcrumb\":{\"@id\":\"https:\/\/allmamates.com\/product\/hydraulic-cylinder-22t\/#breadcrumb\"},\"inLanguage\":\"fr-FR\",\"potentialAction\":[{\"@type\":\"ReadAction\",\"target\":[\"https:\/\/allmamates.com\/product\/hydraulic-cylinder-22t\/\"]}]},{\"@type\":\"ImageObject\",\"inLanguage\":\"fr-FR\",\"@id\":\"https:\/\/allmamates.com\/product\/hydraulic-cylinder-22t\/#primaryimage\",\"url\":\"https:\/\/allmamates.com\/wp-content\/uploads\/2024\/04\/49.png\",\"contentUrl\":\"https:\/\/allmamates.com\/wp-content\/uploads\/2024\/04\/49.png\",\"width\":1080,\"height\":1080},{\"@type\":\"BreadcrumbList\",\"@id\":\"https:\/\/allmamates.com\/product\/hydraulic-cylinder-22t\/#breadcrumb\",\"itemListElement\":[{\"@type\":\"ListItem\",\"position\":1,\"name\":\"Home\",\"item\":\"https:\/\/allmamates.com\/\"},{\"@type\":\"ListItem\",\"position\":2,\"name\":\"Products\",\"item\":\"https:\/\/allmamates.com\/shop\/\"},{\"@type\":\"ListItem\",\"position\":3,\"name\":\"Hydraulic Cylinder 22T\"}]},{\"@type\":\"WebSite\",\"@id\":\"https:\/\/allmamates.com\/#website\",\"url\":\"https:\/\/allmamates.com\/\",\"name\":\"All Ma Mates\u00ae\",\"description\":\"Your wheel end tool equipment supplier.\",\"publisher\":{\"@id\":\"https:\/\/allmamates.com\/#organization\"},\"potentialAction\":[{\"@type\":\"SearchAction\",\"target\":{\"@type\":\"EntryPoint\",\"urlTemplate\":\"https:\/\/allmamates.com\/?s={search_term_string}\"},\"query-input\":{\"@type\":\"PropertyValueSpecification\",\"valueRequired\":true,\"valueName\":\"search_term_string\"}}],\"inLanguage\":\"fr-FR\"},{\"@type\":\"Organization\",\"@id\":\"https:\/\/allmamates.com\/#organization\",\"name\":\"All Ma Mates\u00ae\",\"url\":\"https:\/\/allmamates.com\/\",\"logo\":{\"@type\":\"ImageObject\",\"inLanguage\":\"fr-FR\",\"@id\":\"https:\/\/allmamates.com\/#\/schema\/logo\/image\/\",\"url\":\"https:\/\/allmamates.com\/wp-content\/uploads\/2024\/02\/a.png\",\"contentUrl\":\"https:\/\/allmamates.com\/wp-content\/uploads\/2024\/02\/a.png\",\"width\":847,\"height\":434,\"caption\":\"All Ma Mates\u00ae\"},\"image\":{\"@id\":\"https:\/\/allmamates.com\/#\/schema\/logo\/image\/\"}}]}<\/script>\n<!-- \/ Yoast SEO plugin. -->","yoast_head_json":{"title":"Hydraulic Cylinder 22T - Premium Quality | All Ma Mates\u00ae Ltd","description":"All Ma Mates\u00ae Ltd supplies premium 22T Hydraulic Cylinders. Engineered for durability and consistent performance. Expert service and quality guaranteed. Order now.","robots":{"index":"index","follow":"follow","max-snippet":"max-snippet:-1","max-image-preview":"max-image-preview:large","max-video-preview":"max-video-preview:-1"},"canonical":"https:\/\/allmamates.com\/fr\/produit\/hydraulic-cylinder-22t\/","og_locale":"fr_FR","og_type":"article","og_title":"Hydraulic Cylinder 22T - Premium Quality | All Ma Mates\u00ae Ltd","og_description":"All Ma Mates\u00ae Ltd supplies premium 22T Hydraulic Cylinders. Engineered for durability and consistent performance. Expert service and quality guaranteed. Order now.","og_url":"https:\/\/allmamates.com\/fr\/produit\/hydraulic-cylinder-22t\/","og_site_name":"All Ma Mates\u00ae","article_modified_time":"2026-01-30T21:33:02+00:00","og_image":[{"width":1080,"height":1080,"url":"https:\/\/allmamates.com\/wp-content\/uploads\/2024\/04\/49.png","type":"image\/png"}],"twitter_card":"summary_large_image","twitter_misc":{"Dur\u00e9e de lecture estim\u00e9e":"1 minute"},"schema":{"@context":"https:\/\/schema.org","@graph":[{"@type":"WebPage","@id":"https:\/\/allmamates.com\/product\/hydraulic-cylinder-22t\/","url":"https:\/\/allmamates.com\/product\/hydraulic-cylinder-22t\/","name":"Hydraulic Cylinder 22T - Premium Quality | All Ma Mates\u00ae Ltd","isPartOf":{"@id":"https:\/\/allmamates.com\/#website"},"primaryImageOfPage":{"@id":"https:\/\/allmamates.com\/product\/hydraulic-cylinder-22t\/#primaryimage"},"image":{"@id":"https:\/\/allmamates.com\/product\/hydraulic-cylinder-22t\/#primaryimage"},"thumbnailUrl":"https:\/\/allmamates.com\/wp-content\/uploads\/2024\/04\/49.png","datePublished":"2024-04-05T16:17:27+00:00","dateModified":"2026-01-30T21:33:02+00:00","description":"All Ma Mates\u00ae Ltd supplies premium 22T Hydraulic Cylinders. Engineered for durability and consistent performance. Expert service and quality guaranteed. Order now.","breadcrumb":{"@id":"https:\/\/allmamates.com\/product\/hydraulic-cylinder-22t\/#breadcrumb"},"inLanguage":"fr-FR","potentialAction":[{"@type":"ReadAction","target":["https:\/\/allmamates.com\/product\/hydraulic-cylinder-22t\/"]}]},{"@type":"ImageObject","inLanguage":"fr-FR","@id":"https:\/\/allmamates.com\/product\/hydraulic-cylinder-22t\/#primaryimage","url":"https:\/\/allmamates.com\/wp-content\/uploads\/2024\/04\/49.png","contentUrl":"https:\/\/allmamates.com\/wp-content\/uploads\/2024\/04\/49.png","width":1080,"height":1080},{"@type":"BreadcrumbList","@id":"https:\/\/allmamates.com\/product\/hydraulic-cylinder-22t\/#breadcrumb","itemListElement":[{"@type":"ListItem","position":1,"name":"Home","item":"https:\/\/allmamates.com\/"},{"@type":"ListItem","position":2,"name":"Products","item":"https:\/\/allmamates.com\/shop\/"},{"@type":"ListItem","position":3,"name":"Hydraulic Cylinder 22T"}]},{"@type":"WebSite","@id":"https:\/\/allmamates.com\/#website","url":"https:\/\/allmamates.com\/","name":"All Ma Mates\u00ae","description":"Your wheel end tool equipment supplier.","publisher":{"@id":"https:\/\/allmamates.com\/#organization"},"potentialAction":[{"@type":"SearchAction","target":{"@type":"EntryPoint","urlTemplate":"https:\/\/allmamates.com\/?s={search_term_string}"},"query-input":{"@type":"PropertyValueSpecification","valueRequired":true,"valueName":"search_term_string"}}],"inLanguage":"fr-FR"},{"@type":"Organization","@id":"https:\/\/allmamates.com\/#organization","name":"All Ma Mates\u00ae","url":"https:\/\/allmamates.com\/","logo":{"@type":"ImageObject","inLanguage":"fr-FR","@id":"https:\/\/allmamates.com\/#\/schema\/logo\/image\/","url":"https:\/\/allmamates.com\/wp-content\/uploads\/2024\/02\/a.png","contentUrl":"https:\/\/allmamates.com\/wp-content\/uploads\/2024\/02\/a.png","width":847,"height":434,"caption":"All Ma Mates\u00ae"},"image":{"@id":"https:\/\/allmamates.com\/#\/schema\/logo\/image\/"}}]}},"_links":{"self":[{"href":"https:\/\/allmamates.com\/fr\/wp-json\/wp\/v2\/product\/1885","targetHints":{"allow":["GET"]}}],"collection":[{"href":"https:\/\/allmamates.com\/fr\/wp-json\/wp\/v2\/product"}],"about":[{"href":"https:\/\/allmamates.com\/fr\/wp-json\/wp\/v2\/types\/product"}],"replies":[{"embeddable":true,"href":"https:\/\/allmamates.com\/fr\/wp-json\/wp\/v2\/comments?post=1885"}],"wp:featuredmedia":[{"embeddable":true,"href":"https:\/\/allmamates.com\/fr\/wp-json\/wp\/v2\/media\/1883"}],"wp:attachment":[{"href":"https:\/\/allmamates.com\/fr\/wp-json\/wp\/v2\/media?parent=1885"}],"wp:term":[{"taxonomy":"product_brand","embeddable":true,"href":"https:\/\/allmamates.com\/fr\/wp-json\/wp\/v2\/product_brand?post=1885"},{"taxonomy":"product_cat","embeddable":true,"href":"https:\/\/allmamates.com\/fr\/wp-json\/wp\/v2\/product_cat?post=1885"},{"taxonomy":"product_tag","embeddable":true,"href":"https:\/\/allmamates.com\/fr\/wp-json\/wp\/v2\/product_tag?post=1885"}],"curies":[{"name":"wp","href":"https:\/\/api.w.org\/{rel}","templated":true}]}}