{"id":1871,"date":"2024-04-05T15:52:42","date_gmt":"2024-04-05T15:52:42","guid":{"rendered":"https:\/\/allmamates.com\/?post_type=product&#038;p=1871"},"modified":"2026-01-30T21:29:01","modified_gmt":"2026-01-30T21:29:01","slug":"puller-set","status":"publish","type":"product","link":"https:\/\/allmamates.com\/fr\/produit\/puller-set\/","title":{"rendered":"Coffret d\u2019Extraction"},"content":{"rendered":"<p>Ce kit permet de retirer facilement les roulements rouill\u00e9s des essieux droits avec des moyeux amovibles. Cr\u00e9\u00e9 pour Volva FL, MAN TGA, TGS, TGX, Mercedes Atego, Actros, Renault Kerax, Magnum, Midlum et Premium, mais convient aussi aux autres marques avec le m\u00eame diam\u00e8tre de boulon. Ce kit s\u2019utilise avec un v\u00e9rin hydraulique TBE108 (32 tonnes) ou TBE100 (45 tonnes). Fait en Su\u00e8de. Produit : TBE105.<\/p>","protected":false},"excerpt":{"rendered":"<p><img fetchpriority=\"high\" decoding=\"async\" class=\"size-medium wp-image-1876 alignright\" src=\"https:\/\/allmamates.com\/wp-content\/uploads\/2024\/04\/43-e1713485195799-300x178.png\" alt=\"\" width=\"300\" height=\"178\" srcset=\"https:\/\/allmamates.com\/wp-content\/uploads\/2024\/04\/43-e1713485195799-300x178.png 300w, https:\/\/allmamates.com\/wp-content\/uploads\/2024\/04\/43-e1713485195799-1024x607.png 1024w, https:\/\/allmamates.com\/wp-content\/uploads\/2024\/04\/43-e1713485195799-768x455.png 768w, https:\/\/allmamates.com\/wp-content\/uploads\/2024\/04\/43-e1713485195799-18x12.png 18w, https:\/\/allmamates.com\/wp-content\/uploads\/2024\/04\/43-e1713485195799-600x356.png 600w, https:\/\/allmamates.com\/wp-content\/uploads\/2024\/04\/43-e1713485195799.png 1080w\" sizes=\"(max-width: 300px) 100vw, 300px\" \/><\/p>\n<ul>\n<li>Enl\u00e8ve facilement les roulements rouill\u00e9s des essieux droits avec des moyeux amovibles.<\/li>\n<li>Cr\u00e9\u00e9 sp\u00e9cifiquement pour les marques de camions comme Volvo FL, MAN TGA, TGS, TGX, Mercedes Atego, Actros, Renault Kerax, Magnum, Midlum et Premium.<\/li>\n<li>Convient aux autres marques au boulon de m\u00eame diam\u00e8tre.<\/li>\n<li>Fonctionne parfaitement avec le v\u00e9rin hydraulique TBE108 (32 tonnes) ou TBE100 (45 tonnes).<\/li>\n<\/ul>\n<p>&nbsp;<\/p>\n<p>https:\/\/www.youtube.com\/watch?v=lOuI5jYPG7E&amp;feature=youtu.be<\/p>","protected":false},"featured_media":1872,"comment_status":"open","ping_status":"closed","template":"","meta":{"site-sidebar-layout":"default","site-content-layout":"","ast-site-content-layout":"default","site-content-style":"default","site-sidebar-style":"default","ast-global-header-display":"","ast-banner-title-visibility":"","ast-main-header-display":"","ast-hfb-above-header-display":"","ast-hfb-below-header-display":"","ast-hfb-mobile-header-display":"","site-post-title":"","ast-breadcrumbs-content":"","ast-featured-img":"","footer-sml-layout":"","theme-transparent-header-meta":"default","adv-header-id-meta":"","stick-header-meta":"","header-above-stick-meta":"","header-main-stick-meta":"","header-below-stick-meta":"","astra-migrate-meta-layouts":"set","ast-page-background-enabled":"default","ast-page-background-meta":{"desktop":{"background-color":"var(--ast-global-color-4)","background-image":"","background-repeat":"repeat","background-position":"center center","background-size":"auto","background-attachment":"scroll","background-type":"","background-media":"","overlay-type":"","overlay-color":"","overlay-gradient":""},"tablet":{"background-color":"","background-image":"","background-repeat":"repeat","background-position":"center center","background-size":"auto","background-attachment":"scroll","background-type":"","background-media":"","overlay-type":"","overlay-color":"","overlay-gradient":""},"mobile":{"background-color":"","background-image":"","background-repeat":"repeat","background-position":"center center","background-size":"auto","background-attachment":"scroll","background-type":"","background-media":"","overlay-type":"","overlay-color":"","overlay-gradient":""}},"ast-content-background-meta":{"desktop":{"background-color":"var(--ast-global-color-5)","background-image":"","background-repeat":"repeat","background-position":"center center","background-size":"auto","background-attachment":"scroll","background-type":"","background-media":"","overlay-type":"","overlay-color":"","overlay-gradient":""},"tablet":{"background-color":"var(--ast-global-color-5)","background-image":"","background-repeat":"repeat","background-position":"center center","background-size":"auto","background-attachment":"scroll","background-type":"","background-media":"","overlay-type":"","overlay-color":"","overlay-gradient":""},"mobile":{"background-color":"var(--ast-global-color-5)","background-image":"","background-repeat":"repeat","background-position":"center center","background-size":"auto","background-attachment":"scroll","background-type":"","background-media":"","overlay-type":"","overlay-color":"","overlay-gradient":""}}},"product_brand":[],"product_cat":[22,23],"product_tag":[],"class_list":{"0":"post-1871","1":"product","2":"type-product","3":"status-publish","4":"has-post-thumbnail","6":"product_cat-new-products","7":"product_cat-tool-box-essentials","8":"desktop-align-left","9":"tablet-align-left","10":"mobile-align-left","12":"first","13":"instock","14":"shipping-taxable","15":"product-type-simple"},"yoast_head":"<!-- This site is optimized with the Yoast SEO plugin v27.2 - https:\/\/yoast.com\/product\/yoast-seo-wordpress\/ -->\n<title>Hydraulic Cylinder Puller Set for Heavy-Duty Trucks | All Ma Mates\u00ae<\/title>\n<meta name=\"description\" content=\"Heavy-duty truck hydraulic cylinder puller set by All Ma Mates\u00ae. Trusted tools for professional workshops and fleet servicing.\" \/>\n<meta name=\"robots\" content=\"index, follow, max-snippet:-1, max-image-preview:large, max-video-preview:-1\" \/>\n<link rel=\"canonical\" href=\"https:\/\/allmamates.com\/fr\/produit\/puller-set\/\" \/>\n<meta property=\"og:locale\" content=\"fr_FR\" \/>\n<meta property=\"og:type\" content=\"article\" \/>\n<meta property=\"og:title\" content=\"Hydraulic Cylinder Puller Set for Heavy-Duty Trucks | All Ma Mates\u00ae\" \/>\n<meta property=\"og:description\" content=\"Heavy-duty truck hydraulic cylinder puller set by All Ma Mates\u00ae. Trusted tools for professional workshops and fleet servicing.\" \/>\n<meta property=\"og:url\" content=\"https:\/\/allmamates.com\/fr\/produit\/puller-set\/\" \/>\n<meta property=\"og:site_name\" content=\"All Ma Mates\u00ae\" \/>\n<meta property=\"article:modified_time\" content=\"2026-01-30T21:29:01+00:00\" \/>\n<meta property=\"og:image\" content=\"https:\/\/allmamates.com\/wp-content\/uploads\/2024\/04\/39.png\" \/>\n\t<meta property=\"og:image:width\" content=\"1080\" \/>\n\t<meta property=\"og:image:height\" content=\"1080\" \/>\n\t<meta property=\"og:image:type\" content=\"image\/png\" \/>\n<meta name=\"twitter:card\" content=\"summary_large_image\" \/>\n<meta name=\"twitter:label1\" content=\"Dur\u00e9e de lecture estim\u00e9e\" \/>\n\t<meta name=\"twitter:data1\" content=\"1 minute\" \/>\n<script type=\"application\/ld+json\" class=\"yoast-schema-graph\">{\"@context\":\"https:\/\/schema.org\",\"@graph\":[{\"@type\":\"WebPage\",\"@id\":\"https:\/\/allmamates.com\/product\/puller-set\/\",\"url\":\"https:\/\/allmamates.com\/product\/puller-set\/\",\"name\":\"Hydraulic Cylinder Puller Set for Heavy-Duty Trucks | All Ma Mates\u00ae\",\"isPartOf\":{\"@id\":\"https:\/\/allmamates.com\/#website\"},\"primaryImageOfPage\":{\"@id\":\"https:\/\/allmamates.com\/product\/puller-set\/#primaryimage\"},\"image\":{\"@id\":\"https:\/\/allmamates.com\/product\/puller-set\/#primaryimage\"},\"thumbnailUrl\":\"https:\/\/allmamates.com\/wp-content\/uploads\/2024\/04\/39.png\",\"datePublished\":\"2024-04-05T15:52:42+00:00\",\"dateModified\":\"2026-01-30T21:29:01+00:00\",\"description\":\"Heavy-duty truck hydraulic cylinder puller set by All Ma Mates\u00ae. Trusted tools for professional workshops and fleet servicing.\",\"breadcrumb\":{\"@id\":\"https:\/\/allmamates.com\/product\/puller-set\/#breadcrumb\"},\"inLanguage\":\"fr-FR\",\"potentialAction\":[{\"@type\":\"ReadAction\",\"target\":[\"https:\/\/allmamates.com\/product\/puller-set\/\"]}]},{\"@type\":\"ImageObject\",\"inLanguage\":\"fr-FR\",\"@id\":\"https:\/\/allmamates.com\/product\/puller-set\/#primaryimage\",\"url\":\"https:\/\/allmamates.com\/wp-content\/uploads\/2024\/04\/39.png\",\"contentUrl\":\"https:\/\/allmamates.com\/wp-content\/uploads\/2024\/04\/39.png\",\"width\":1080,\"height\":1080},{\"@type\":\"BreadcrumbList\",\"@id\":\"https:\/\/allmamates.com\/product\/puller-set\/#breadcrumb\",\"itemListElement\":[{\"@type\":\"ListItem\",\"position\":1,\"name\":\"Home\",\"item\":\"https:\/\/allmamates.com\/\"},{\"@type\":\"ListItem\",\"position\":2,\"name\":\"Products\",\"item\":\"https:\/\/allmamates.com\/shop\/\"},{\"@type\":\"ListItem\",\"position\":3,\"name\":\"Puller Set\"}]},{\"@type\":\"WebSite\",\"@id\":\"https:\/\/allmamates.com\/#website\",\"url\":\"https:\/\/allmamates.com\/\",\"name\":\"All Ma Mates\u00ae\",\"description\":\"Your wheel end tool equipment supplier.\",\"publisher\":{\"@id\":\"https:\/\/allmamates.com\/#organization\"},\"potentialAction\":[{\"@type\":\"SearchAction\",\"target\":{\"@type\":\"EntryPoint\",\"urlTemplate\":\"https:\/\/allmamates.com\/?s={search_term_string}\"},\"query-input\":{\"@type\":\"PropertyValueSpecification\",\"valueRequired\":true,\"valueName\":\"search_term_string\"}}],\"inLanguage\":\"fr-FR\"},{\"@type\":\"Organization\",\"@id\":\"https:\/\/allmamates.com\/#organization\",\"name\":\"All Ma Mates\u00ae\",\"url\":\"https:\/\/allmamates.com\/\",\"logo\":{\"@type\":\"ImageObject\",\"inLanguage\":\"fr-FR\",\"@id\":\"https:\/\/allmamates.com\/#\/schema\/logo\/image\/\",\"url\":\"https:\/\/allmamates.com\/wp-content\/uploads\/2024\/02\/a.png\",\"contentUrl\":\"https:\/\/allmamates.com\/wp-content\/uploads\/2024\/02\/a.png\",\"width\":847,\"height\":434,\"caption\":\"All Ma Mates\u00ae\"},\"image\":{\"@id\":\"https:\/\/allmamates.com\/#\/schema\/logo\/image\/\"}}]}<\/script>\n<!-- \/ Yoast SEO plugin. -->","yoast_head_json":{"title":"Hydraulic Cylinder Puller Set for Heavy-Duty Trucks | All Ma Mates\u00ae","description":"Heavy-duty truck hydraulic cylinder puller set by All Ma Mates\u00ae. Trusted tools for professional workshops and fleet servicing.","robots":{"index":"index","follow":"follow","max-snippet":"max-snippet:-1","max-image-preview":"max-image-preview:large","max-video-preview":"max-video-preview:-1"},"canonical":"https:\/\/allmamates.com\/fr\/produit\/puller-set\/","og_locale":"fr_FR","og_type":"article","og_title":"Hydraulic Cylinder Puller Set for Heavy-Duty Trucks | All Ma Mates\u00ae","og_description":"Heavy-duty truck hydraulic cylinder puller set by All Ma Mates\u00ae. Trusted tools for professional workshops and fleet servicing.","og_url":"https:\/\/allmamates.com\/fr\/produit\/puller-set\/","og_site_name":"All Ma Mates\u00ae","article_modified_time":"2026-01-30T21:29:01+00:00","og_image":[{"width":1080,"height":1080,"url":"https:\/\/allmamates.com\/wp-content\/uploads\/2024\/04\/39.png","type":"image\/png"}],"twitter_card":"summary_large_image","twitter_misc":{"Dur\u00e9e de lecture estim\u00e9e":"1 minute"},"schema":{"@context":"https:\/\/schema.org","@graph":[{"@type":"WebPage","@id":"https:\/\/allmamates.com\/product\/puller-set\/","url":"https:\/\/allmamates.com\/product\/puller-set\/","name":"Hydraulic Cylinder Puller Set for Heavy-Duty Trucks | All Ma Mates\u00ae","isPartOf":{"@id":"https:\/\/allmamates.com\/#website"},"primaryImageOfPage":{"@id":"https:\/\/allmamates.com\/product\/puller-set\/#primaryimage"},"image":{"@id":"https:\/\/allmamates.com\/product\/puller-set\/#primaryimage"},"thumbnailUrl":"https:\/\/allmamates.com\/wp-content\/uploads\/2024\/04\/39.png","datePublished":"2024-04-05T15:52:42+00:00","dateModified":"2026-01-30T21:29:01+00:00","description":"Heavy-duty truck hydraulic cylinder puller set by All Ma Mates\u00ae. Trusted tools for professional workshops and fleet servicing.","breadcrumb":{"@id":"https:\/\/allmamates.com\/product\/puller-set\/#breadcrumb"},"inLanguage":"fr-FR","potentialAction":[{"@type":"ReadAction","target":["https:\/\/allmamates.com\/product\/puller-set\/"]}]},{"@type":"ImageObject","inLanguage":"fr-FR","@id":"https:\/\/allmamates.com\/product\/puller-set\/#primaryimage","url":"https:\/\/allmamates.com\/wp-content\/uploads\/2024\/04\/39.png","contentUrl":"https:\/\/allmamates.com\/wp-content\/uploads\/2024\/04\/39.png","width":1080,"height":1080},{"@type":"BreadcrumbList","@id":"https:\/\/allmamates.com\/product\/puller-set\/#breadcrumb","itemListElement":[{"@type":"ListItem","position":1,"name":"Home","item":"https:\/\/allmamates.com\/"},{"@type":"ListItem","position":2,"name":"Products","item":"https:\/\/allmamates.com\/shop\/"},{"@type":"ListItem","position":3,"name":"Puller Set"}]},{"@type":"WebSite","@id":"https:\/\/allmamates.com\/#website","url":"https:\/\/allmamates.com\/","name":"All Ma Mates\u00ae","description":"Your wheel end tool equipment supplier.","publisher":{"@id":"https:\/\/allmamates.com\/#organization"},"potentialAction":[{"@type":"SearchAction","target":{"@type":"EntryPoint","urlTemplate":"https:\/\/allmamates.com\/?s={search_term_string}"},"query-input":{"@type":"PropertyValueSpecification","valueRequired":true,"valueName":"search_term_string"}}],"inLanguage":"fr-FR"},{"@type":"Organization","@id":"https:\/\/allmamates.com\/#organization","name":"All Ma Mates\u00ae","url":"https:\/\/allmamates.com\/","logo":{"@type":"ImageObject","inLanguage":"fr-FR","@id":"https:\/\/allmamates.com\/#\/schema\/logo\/image\/","url":"https:\/\/allmamates.com\/wp-content\/uploads\/2024\/02\/a.png","contentUrl":"https:\/\/allmamates.com\/wp-content\/uploads\/2024\/02\/a.png","width":847,"height":434,"caption":"All Ma Mates\u00ae"},"image":{"@id":"https:\/\/allmamates.com\/#\/schema\/logo\/image\/"}}]}},"_links":{"self":[{"href":"https:\/\/allmamates.com\/fr\/wp-json\/wp\/v2\/product\/1871","targetHints":{"allow":["GET"]}}],"collection":[{"href":"https:\/\/allmamates.com\/fr\/wp-json\/wp\/v2\/product"}],"about":[{"href":"https:\/\/allmamates.com\/fr\/wp-json\/wp\/v2\/types\/product"}],"replies":[{"embeddable":true,"href":"https:\/\/allmamates.com\/fr\/wp-json\/wp\/v2\/comments?post=1871"}],"wp:featuredmedia":[{"embeddable":true,"href":"https:\/\/allmamates.com\/fr\/wp-json\/wp\/v2\/media\/1872"}],"wp:attachment":[{"href":"https:\/\/allmamates.com\/fr\/wp-json\/wp\/v2\/media?parent=1871"}],"wp:term":[{"taxonomy":"product_brand","embeddable":true,"href":"https:\/\/allmamates.com\/fr\/wp-json\/wp\/v2\/product_brand?post=1871"},{"taxonomy":"product_cat","embeddable":true,"href":"https:\/\/allmamates.com\/fr\/wp-json\/wp\/v2\/product_cat?post=1871"},{"taxonomy":"product_tag","embeddable":true,"href":"https:\/\/allmamates.com\/fr\/wp-json\/wp\/v2\/product_tag?post=1871"}],"curies":[{"name":"wp","href":"https:\/\/api.w.org\/{rel}","templated":true}]}}