{"id":1864,"date":"2024-04-03T04:05:03","date_gmt":"2024-04-03T04:05:03","guid":{"rendered":"https:\/\/allmamates.com\/?post_type=product&#038;p=1864"},"modified":"2026-01-30T21:27:03","modified_gmt":"2026-01-30T21:27:03","slug":"volvo-dismantling-set","status":"publish","type":"product","link":"https:\/\/allmamates.com\/fr\/produit\/volvo-dismantling-set\/","title":{"rendered":"Kit de D\u00e9montage Volvo"},"content":{"rendered":"<p>Un tout nouvel outil tr\u00e8s efficace lorsque le disque de frein flottant d\u2019une Volvo a besoin d\u2019\u00eatre enlev\u00e9. Le disque de frein est d\u00e9log\u00e9 un cylindre \u00e0 la fois. C\u2019est une m\u00e9thode tr\u00e8s efficace et fait gagner du temps au garage. Utiliser une pression importante avec une presse appuyant sur des parties m\u00e9talliques fragiles ou couper les disques de frein sont et bruyant, et dangereux.\nCe cylindre hydraulique atteint le m\u00eame objectif de mani\u00e8re contr\u00f4l\u00e9e, s\u00e9curis\u00e9e et est simple d\u2019utilisation.\nFait en Su\u00e8de. Produit : TBE106.<\/p>\n<p>L\u2019outil est fait de deux cylindres sp\u00e9ciaux et d\u2019une valve de contr\u00f4le pour une presse transversale.\nD\u00e9loger les disques de cette fa\u00e7on ne prend que quelques minutes. Compatible avec notre pompe \u00e0 pied hydraulique TBE110 ou notre pompe \u00e0 pied pneumatique hydraulique TBE111.<\/p>\n<div id=\"gtx-trans\" style=\"position: absolute; left: 1031px; top: 180.812px;\">\n<div class=\"gtx-trans-icon\"><\/div>\n<\/div>","protected":false},"excerpt":{"rendered":"<ul>\n<li>Permet de retirer les disques de freins flottants facilement et de mani\u00e8re efficace.<\/li>\n<li>Le disque de frein est d\u00e9log\u00e9 un cylindre \u00e0 la fois, permettant un gain de temps important.<\/li>\n<li>Pas besoin d\u2019appliquer une pression importante avec la presse ou d\u2019utiliser des m\u00e9thodes risqu\u00e9es comme couper le disque de frein.<\/li>\n<li>Ce cylindre hydraulique rend la t\u00e2che facile et s\u00e9curis\u00e9e, avec une pression contr\u00f4l\u00e9e.<\/li>\n<li>L\u2019outil est fait de deux cylindres sp\u00e9ciaux et d\u2019une valve de contr\u00f4le pour une presse transversale.<\/li>\n<li>D\u00e9loger les disques de cette fa\u00e7on ne prend que quelques minutes.<\/li>\n<li>Fonctionne parfaitement avec notre pompe \u00e0 pied hydraulique TBE110 et notre pompe \u00e0 pied pneumatique hydraulique TBE111.<\/li>\n<\/ul>\n<p>https:\/\/www.youtube.com\/watch?v=HOz4hZ5kIoM<\/p>\n<div id=\"gtx-trans\" style=\"position: absolute; left: 335px; top: 276.326px;\">\n<div class=\"gtx-trans-icon\"><\/div>\n<\/div>","protected":false},"featured_media":1870,"comment_status":"open","ping_status":"closed","template":"","meta":{"site-sidebar-layout":"default","site-content-layout":"","ast-site-content-layout":"default","site-content-style":"default","site-sidebar-style":"default","ast-global-header-display":"","ast-banner-title-visibility":"","ast-main-header-display":"","ast-hfb-above-header-display":"","ast-hfb-below-header-display":"","ast-hfb-mobile-header-display":"","site-post-title":"","ast-breadcrumbs-content":"","ast-featured-img":"","footer-sml-layout":"","theme-transparent-header-meta":"default","adv-header-id-meta":"","stick-header-meta":"","header-above-stick-meta":"","header-main-stick-meta":"","header-below-stick-meta":"","astra-migrate-meta-layouts":"set","ast-page-background-enabled":"default","ast-page-background-meta":{"desktop":{"background-color":"var(--ast-global-color-4)","background-image":"","background-repeat":"repeat","background-position":"center center","background-size":"auto","background-attachment":"scroll","background-type":"","background-media":"","overlay-type":"","overlay-color":"","overlay-gradient":""},"tablet":{"background-color":"","background-image":"","background-repeat":"repeat","background-position":"center center","background-size":"auto","background-attachment":"scroll","background-type":"","background-media":"","overlay-type":"","overlay-color":"","overlay-gradient":""},"mobile":{"background-color":"","background-image":"","background-repeat":"repeat","background-position":"center center","background-size":"auto","background-attachment":"scroll","background-type":"","background-media":"","overlay-type":"","overlay-color":"","overlay-gradient":""}},"ast-content-background-meta":{"desktop":{"background-color":"var(--ast-global-color-5)","background-image":"","background-repeat":"repeat","background-position":"center center","background-size":"auto","background-attachment":"scroll","background-type":"","background-media":"","overlay-type":"","overlay-color":"","overlay-gradient":""},"tablet":{"background-color":"var(--ast-global-color-5)","background-image":"","background-repeat":"repeat","background-position":"center center","background-size":"auto","background-attachment":"scroll","background-type":"","background-media":"","overlay-type":"","overlay-color":"","overlay-gradient":""},"mobile":{"background-color":"var(--ast-global-color-5)","background-image":"","background-repeat":"repeat","background-position":"center center","background-size":"auto","background-attachment":"scroll","background-type":"","background-media":"","overlay-type":"","overlay-color":"","overlay-gradient":""}}},"product_brand":[],"product_cat":[22,23],"product_tag":[],"class_list":{"0":"post-1864","1":"product","2":"type-product","3":"status-publish","4":"has-post-thumbnail","6":"product_cat-new-products","7":"product_cat-tool-box-essentials","8":"desktop-align-left","9":"tablet-align-left","10":"mobile-align-left","12":"first","13":"instock","14":"shipping-taxable","15":"product-type-simple"},"yoast_head":"<!-- This site is optimized with the Yoast SEO plugin v27.2 - https:\/\/yoast.com\/product\/yoast-seo-wordpress\/ -->\n<title>Volvo Dismantling Set for Heavy Vehicles | All Ma Mates\u00ae<\/title>\n<meta name=\"description\" content=\"Heavy vehicle Volvo Dismantling Set by All Ma Mates\u00ae. Trusted tools for workshops servicing trucks, trailers, and other heavy vehicles.\" \/>\n<meta name=\"robots\" content=\"index, follow, max-snippet:-1, max-image-preview:large, max-video-preview:-1\" \/>\n<link rel=\"canonical\" href=\"https:\/\/allmamates.com\/fr\/produit\/volvo-dismantling-set\/\" \/>\n<meta property=\"og:locale\" content=\"fr_FR\" \/>\n<meta property=\"og:type\" content=\"article\" \/>\n<meta property=\"og:title\" content=\"Volvo Dismantling Set for Heavy Vehicles | All Ma Mates\u00ae\" \/>\n<meta property=\"og:description\" content=\"Heavy vehicle Volvo Dismantling Set by All Ma Mates\u00ae. Trusted tools for workshops servicing trucks, trailers, and other heavy vehicles.\" \/>\n<meta property=\"og:url\" content=\"https:\/\/allmamates.com\/fr\/produit\/volvo-dismantling-set\/\" \/>\n<meta property=\"og:site_name\" content=\"All Ma Mates\u00ae\" \/>\n<meta property=\"article:modified_time\" content=\"2026-01-30T21:27:03+00:00\" \/>\n<meta property=\"og:image\" content=\"https:\/\/allmamates.com\/wp-content\/uploads\/2024\/04\/38.png\" \/>\n\t<meta property=\"og:image:width\" content=\"1080\" \/>\n\t<meta property=\"og:image:height\" content=\"1080\" \/>\n\t<meta property=\"og:image:type\" content=\"image\/png\" \/>\n<meta name=\"twitter:card\" content=\"summary_large_image\" \/>\n<meta name=\"twitter:label1\" content=\"Dur\u00e9e de lecture estim\u00e9e\" \/>\n\t<meta name=\"twitter:data1\" content=\"1 minute\" \/>\n<script type=\"application\/ld+json\" class=\"yoast-schema-graph\">{\"@context\":\"https:\/\/schema.org\",\"@graph\":[{\"@type\":\"WebPage\",\"@id\":\"https:\/\/allmamates.com\/product\/volvo-dismantling-set\/\",\"url\":\"https:\/\/allmamates.com\/product\/volvo-dismantling-set\/\",\"name\":\"Volvo Dismantling Set for Heavy Vehicles | All Ma Mates\u00ae\",\"isPartOf\":{\"@id\":\"https:\/\/allmamates.com\/#website\"},\"primaryImageOfPage\":{\"@id\":\"https:\/\/allmamates.com\/product\/volvo-dismantling-set\/#primaryimage\"},\"image\":{\"@id\":\"https:\/\/allmamates.com\/product\/volvo-dismantling-set\/#primaryimage\"},\"thumbnailUrl\":\"https:\/\/allmamates.com\/wp-content\/uploads\/2024\/04\/38.png\",\"datePublished\":\"2024-04-03T04:05:03+00:00\",\"dateModified\":\"2026-01-30T21:27:03+00:00\",\"description\":\"Heavy vehicle Volvo Dismantling Set by All Ma Mates\u00ae. Trusted tools for workshops servicing trucks, trailers, and other heavy vehicles.\",\"breadcrumb\":{\"@id\":\"https:\/\/allmamates.com\/product\/volvo-dismantling-set\/#breadcrumb\"},\"inLanguage\":\"fr-FR\",\"potentialAction\":[{\"@type\":\"ReadAction\",\"target\":[\"https:\/\/allmamates.com\/product\/volvo-dismantling-set\/\"]}]},{\"@type\":\"ImageObject\",\"inLanguage\":\"fr-FR\",\"@id\":\"https:\/\/allmamates.com\/product\/volvo-dismantling-set\/#primaryimage\",\"url\":\"https:\/\/allmamates.com\/wp-content\/uploads\/2024\/04\/38.png\",\"contentUrl\":\"https:\/\/allmamates.com\/wp-content\/uploads\/2024\/04\/38.png\",\"width\":1080,\"height\":1080},{\"@type\":\"BreadcrumbList\",\"@id\":\"https:\/\/allmamates.com\/product\/volvo-dismantling-set\/#breadcrumb\",\"itemListElement\":[{\"@type\":\"ListItem\",\"position\":1,\"name\":\"Home\",\"item\":\"https:\/\/allmamates.com\/\"},{\"@type\":\"ListItem\",\"position\":2,\"name\":\"Products\",\"item\":\"https:\/\/allmamates.com\/shop\/\"},{\"@type\":\"ListItem\",\"position\":3,\"name\":\"Volvo Dismantling Set\"}]},{\"@type\":\"WebSite\",\"@id\":\"https:\/\/allmamates.com\/#website\",\"url\":\"https:\/\/allmamates.com\/\",\"name\":\"All Ma Mates\u00ae\",\"description\":\"Your wheel end tool equipment supplier.\",\"publisher\":{\"@id\":\"https:\/\/allmamates.com\/#organization\"},\"potentialAction\":[{\"@type\":\"SearchAction\",\"target\":{\"@type\":\"EntryPoint\",\"urlTemplate\":\"https:\/\/allmamates.com\/?s={search_term_string}\"},\"query-input\":{\"@type\":\"PropertyValueSpecification\",\"valueRequired\":true,\"valueName\":\"search_term_string\"}}],\"inLanguage\":\"fr-FR\"},{\"@type\":\"Organization\",\"@id\":\"https:\/\/allmamates.com\/#organization\",\"name\":\"All Ma Mates\u00ae\",\"url\":\"https:\/\/allmamates.com\/\",\"logo\":{\"@type\":\"ImageObject\",\"inLanguage\":\"fr-FR\",\"@id\":\"https:\/\/allmamates.com\/#\/schema\/logo\/image\/\",\"url\":\"https:\/\/allmamates.com\/wp-content\/uploads\/2024\/02\/a.png\",\"contentUrl\":\"https:\/\/allmamates.com\/wp-content\/uploads\/2024\/02\/a.png\",\"width\":847,\"height\":434,\"caption\":\"All Ma Mates\u00ae\"},\"image\":{\"@id\":\"https:\/\/allmamates.com\/#\/schema\/logo\/image\/\"}}]}<\/script>\n<!-- \/ Yoast SEO plugin. -->","yoast_head_json":{"title":"Volvo Dismantling Set for Heavy Vehicles | All Ma Mates\u00ae","description":"Heavy vehicle Volvo Dismantling Set by All Ma Mates\u00ae. Trusted tools for workshops servicing trucks, trailers, and other heavy vehicles.","robots":{"index":"index","follow":"follow","max-snippet":"max-snippet:-1","max-image-preview":"max-image-preview:large","max-video-preview":"max-video-preview:-1"},"canonical":"https:\/\/allmamates.com\/fr\/produit\/volvo-dismantling-set\/","og_locale":"fr_FR","og_type":"article","og_title":"Volvo Dismantling Set for Heavy Vehicles | All Ma Mates\u00ae","og_description":"Heavy vehicle Volvo Dismantling Set by All Ma Mates\u00ae. Trusted tools for workshops servicing trucks, trailers, and other heavy vehicles.","og_url":"https:\/\/allmamates.com\/fr\/produit\/volvo-dismantling-set\/","og_site_name":"All Ma Mates\u00ae","article_modified_time":"2026-01-30T21:27:03+00:00","og_image":[{"width":1080,"height":1080,"url":"https:\/\/allmamates.com\/wp-content\/uploads\/2024\/04\/38.png","type":"image\/png"}],"twitter_card":"summary_large_image","twitter_misc":{"Dur\u00e9e de lecture estim\u00e9e":"1 minute"},"schema":{"@context":"https:\/\/schema.org","@graph":[{"@type":"WebPage","@id":"https:\/\/allmamates.com\/product\/volvo-dismantling-set\/","url":"https:\/\/allmamates.com\/product\/volvo-dismantling-set\/","name":"Volvo Dismantling Set for Heavy Vehicles | All Ma Mates\u00ae","isPartOf":{"@id":"https:\/\/allmamates.com\/#website"},"primaryImageOfPage":{"@id":"https:\/\/allmamates.com\/product\/volvo-dismantling-set\/#primaryimage"},"image":{"@id":"https:\/\/allmamates.com\/product\/volvo-dismantling-set\/#primaryimage"},"thumbnailUrl":"https:\/\/allmamates.com\/wp-content\/uploads\/2024\/04\/38.png","datePublished":"2024-04-03T04:05:03+00:00","dateModified":"2026-01-30T21:27:03+00:00","description":"Heavy vehicle Volvo Dismantling Set by All Ma Mates\u00ae. Trusted tools for workshops servicing trucks, trailers, and other heavy vehicles.","breadcrumb":{"@id":"https:\/\/allmamates.com\/product\/volvo-dismantling-set\/#breadcrumb"},"inLanguage":"fr-FR","potentialAction":[{"@type":"ReadAction","target":["https:\/\/allmamates.com\/product\/volvo-dismantling-set\/"]}]},{"@type":"ImageObject","inLanguage":"fr-FR","@id":"https:\/\/allmamates.com\/product\/volvo-dismantling-set\/#primaryimage","url":"https:\/\/allmamates.com\/wp-content\/uploads\/2024\/04\/38.png","contentUrl":"https:\/\/allmamates.com\/wp-content\/uploads\/2024\/04\/38.png","width":1080,"height":1080},{"@type":"BreadcrumbList","@id":"https:\/\/allmamates.com\/product\/volvo-dismantling-set\/#breadcrumb","itemListElement":[{"@type":"ListItem","position":1,"name":"Home","item":"https:\/\/allmamates.com\/"},{"@type":"ListItem","position":2,"name":"Products","item":"https:\/\/allmamates.com\/shop\/"},{"@type":"ListItem","position":3,"name":"Volvo Dismantling Set"}]},{"@type":"WebSite","@id":"https:\/\/allmamates.com\/#website","url":"https:\/\/allmamates.com\/","name":"All Ma Mates\u00ae","description":"Your wheel end tool equipment supplier.","publisher":{"@id":"https:\/\/allmamates.com\/#organization"},"potentialAction":[{"@type":"SearchAction","target":{"@type":"EntryPoint","urlTemplate":"https:\/\/allmamates.com\/?s={search_term_string}"},"query-input":{"@type":"PropertyValueSpecification","valueRequired":true,"valueName":"search_term_string"}}],"inLanguage":"fr-FR"},{"@type":"Organization","@id":"https:\/\/allmamates.com\/#organization","name":"All Ma Mates\u00ae","url":"https:\/\/allmamates.com\/","logo":{"@type":"ImageObject","inLanguage":"fr-FR","@id":"https:\/\/allmamates.com\/#\/schema\/logo\/image\/","url":"https:\/\/allmamates.com\/wp-content\/uploads\/2024\/02\/a.png","contentUrl":"https:\/\/allmamates.com\/wp-content\/uploads\/2024\/02\/a.png","width":847,"height":434,"caption":"All Ma Mates\u00ae"},"image":{"@id":"https:\/\/allmamates.com\/#\/schema\/logo\/image\/"}}]}},"_links":{"self":[{"href":"https:\/\/allmamates.com\/fr\/wp-json\/wp\/v2\/product\/1864","targetHints":{"allow":["GET"]}}],"collection":[{"href":"https:\/\/allmamates.com\/fr\/wp-json\/wp\/v2\/product"}],"about":[{"href":"https:\/\/allmamates.com\/fr\/wp-json\/wp\/v2\/types\/product"}],"replies":[{"embeddable":true,"href":"https:\/\/allmamates.com\/fr\/wp-json\/wp\/v2\/comments?post=1864"}],"wp:featuredmedia":[{"embeddable":true,"href":"https:\/\/allmamates.com\/fr\/wp-json\/wp\/v2\/media\/1870"}],"wp:attachment":[{"href":"https:\/\/allmamates.com\/fr\/wp-json\/wp\/v2\/media?parent=1864"}],"wp:term":[{"taxonomy":"product_brand","embeddable":true,"href":"https:\/\/allmamates.com\/fr\/wp-json\/wp\/v2\/product_brand?post=1864"},{"taxonomy":"product_cat","embeddable":true,"href":"https:\/\/allmamates.com\/fr\/wp-json\/wp\/v2\/product_cat?post=1864"},{"taxonomy":"product_tag","embeddable":true,"href":"https:\/\/allmamates.com\/fr\/wp-json\/wp\/v2\/product_tag?post=1864"}],"curies":[{"name":"wp","href":"https:\/\/api.w.org\/{rel}","templated":true}]}}