{"id":1758,"date":"2024-03-28T08:42:27","date_gmt":"2024-03-28T08:42:27","guid":{"rendered":"https:\/\/allmamates.com\/?post_type=product&#038;p=1758"},"modified":"2026-01-30T21:31:17","modified_gmt":"2026-01-30T21:31:17","slug":"lock-ring-tool-25-3-5","status":"publish","type":"product","link":"https:\/\/allmamates.com\/fr\/produit\/lock-ring-tool-25-3-5\/","title":{"rendered":"Outil pour bague de verrouillage .25-3.5"},"content":{"rendered":"<p>Un nouveau type d\u2019outil pour bague de verrouillage qui permet d\u2019enlever ou d\u2019ajuster les bagues de verrouillage des roulements de roue tr\u00e8s facilement. L\u2019outil est con\u00e7u pour s\u2019adapter aux voitures de particuliers, aux v\u00e9hicules commerciaux l\u00e9gers et aux camions. La vis de r\u00e9glage a un cliquet de \u00bc\u201d permettant de retirer facilement les bagues de verrouillage coinc\u00e9es ou rouill\u00e9es. L\u2019angle du cliquet sera toujours ajust\u00e9 peu importe la taille ou la position de la bague de verrouillage. Cela rend l\u2019outil plus s\u00fbr, plus efficace et plus facile \u00e0 utiliser que des pinces ordinaires. L\u2019outil est livr\u00e9 avec 3 paires d\u2019embouts con\u00e7us sp\u00e9cialement pour la t\u00e2che qui peuvent facilement \u00eatre remplac\u00e9s au besoin. 6\u201d pour un acc\u00e8s sup\u00e9rieur. Fait en Su\u00e8de. Produit : TBE109.<\/p>","protected":false},"excerpt":{"rendered":"<ul>\n<li>Fait du d\u00e9montage et de l\u2019ajustement des bagues de verrouillage des roulements de roue.<\/li>\n<li>Con\u00e7u pour s\u2019adapter aux voitures de particuliers, aux v\u00e9hicules commerciaux l\u00e9gers et aux camions.<\/li>\n<li>Cliquet de \u00bc\u201d permettant de retirer facilement les bagues de verrouillage coinc\u00e9es ou rouill\u00e9es.<\/li>\n<li>L\u2019angle du cliquet sera toujours ajust\u00e9 peu importe la taille ou la position de la bague de verrouillage.<\/li>\n<li>Cet outil est plus s\u00fbr, plus efficace et simple d\u2019utilisation que des pinces ordinaires.<\/li>\n<li>Vient avec 3 paires d\u2019embouts sp\u00e9ciaux facilement interchangeables.<\/li>\n<li>Taille 6\u201d pour un acc\u00e8s sup\u00e9rieur plus pratique.<\/li>\n<\/ul>\n<p>https:\/\/youtu.be\/klhJehsMzYg?feature=shared<\/p>","protected":false},"featured_media":1795,"comment_status":"open","ping_status":"closed","template":"","meta":{"site-sidebar-layout":"default","site-content-layout":"","ast-site-content-layout":"default","site-content-style":"default","site-sidebar-style":"default","ast-global-header-display":"","ast-banner-title-visibility":"","ast-main-header-display":"","ast-hfb-above-header-display":"","ast-hfb-below-header-display":"","ast-hfb-mobile-header-display":"","site-post-title":"","ast-breadcrumbs-content":"","ast-featured-img":"","footer-sml-layout":"","theme-transparent-header-meta":"default","adv-header-id-meta":"","stick-header-meta":"","header-above-stick-meta":"","header-main-stick-meta":"","header-below-stick-meta":"","astra-migrate-meta-layouts":"set","ast-page-background-enabled":"default","ast-page-background-meta":{"desktop":{"background-color":"var(--ast-global-color-4)","background-image":"","background-repeat":"repeat","background-position":"center center","background-size":"auto","background-attachment":"scroll","background-type":"","background-media":"","overlay-type":"","overlay-color":"","overlay-gradient":""},"tablet":{"background-color":"","background-image":"","background-repeat":"repeat","background-position":"center center","background-size":"auto","background-attachment":"scroll","background-type":"","background-media":"","overlay-type":"","overlay-color":"","overlay-gradient":""},"mobile":{"background-color":"","background-image":"","background-repeat":"repeat","background-position":"center center","background-size":"auto","background-attachment":"scroll","background-type":"","background-media":"","overlay-type":"","overlay-color":"","overlay-gradient":""}},"ast-content-background-meta":{"desktop":{"background-color":"var(--ast-global-color-5)","background-image":"","background-repeat":"repeat","background-position":"center center","background-size":"auto","background-attachment":"scroll","background-type":"","background-media":"","overlay-type":"","overlay-color":"","overlay-gradient":""},"tablet":{"background-color":"var(--ast-global-color-5)","background-image":"","background-repeat":"repeat","background-position":"center center","background-size":"auto","background-attachment":"scroll","background-type":"","background-media":"","overlay-type":"","overlay-color":"","overlay-gradient":""},"mobile":{"background-color":"var(--ast-global-color-5)","background-image":"","background-repeat":"repeat","background-position":"center center","background-size":"auto","background-attachment":"scroll","background-type":"","background-media":"","overlay-type":"","overlay-color":"","overlay-gradient":""}}},"product_brand":[],"product_cat":[22,23],"product_tag":[],"class_list":{"0":"post-1758","1":"product","2":"type-product","3":"status-publish","4":"has-post-thumbnail","6":"product_cat-new-products","7":"product_cat-tool-box-essentials","8":"desktop-align-left","9":"tablet-align-left","10":"mobile-align-left","12":"first","13":"instock","14":"shipping-taxable","15":"product-type-simple"},"yoast_head":"<!-- This site is optimized with the Yoast SEO plugin v27.2 - https:\/\/yoast.com\/product\/yoast-seo-wordpress\/ -->\n<title>Car, Truck &amp; Light Commercial Vehicles Lock Ring Tool | All Ma Mates\u00ae Ltd<\/title>\n<meta name=\"description\" content=\"Buy Car Lock Ring Tools, Trucks Lock Ring Tools, and Light Commercial Vehicles Lock Ring Tools at All Ma Mates\u00ae Ltd \u2013 durable and reliable.\" \/>\n<meta name=\"robots\" content=\"index, follow, max-snippet:-1, max-image-preview:large, max-video-preview:-1\" \/>\n<link rel=\"canonical\" href=\"https:\/\/allmamates.com\/fr\/produit\/lock-ring-tool-25-3-5\/\" \/>\n<meta property=\"og:locale\" content=\"fr_FR\" \/>\n<meta property=\"og:type\" content=\"article\" \/>\n<meta property=\"og:title\" content=\"Car, Truck &amp; Light Commercial Vehicles Lock Ring Tool | All Ma Mates\u00ae Ltd\" \/>\n<meta property=\"og:description\" content=\"Buy Car Lock Ring Tools, Trucks Lock Ring Tools, and Light Commercial Vehicles Lock Ring Tools at All Ma Mates\u00ae Ltd \u2013 durable and reliable.\" \/>\n<meta property=\"og:url\" content=\"https:\/\/allmamates.com\/fr\/produit\/lock-ring-tool-25-3-5\/\" \/>\n<meta property=\"og:site_name\" content=\"All Ma Mates\u00ae\" \/>\n<meta property=\"article:modified_time\" content=\"2026-01-30T21:31:17+00:00\" \/>\n<meta property=\"og:image\" content=\"https:\/\/allmamates.com\/wp-content\/uploads\/2024\/04\/25-Photoroom.png-Photoroom.png\" \/>\n\t<meta property=\"og:image:width\" content=\"1080\" \/>\n\t<meta property=\"og:image:height\" content=\"1080\" \/>\n\t<meta property=\"og:image:type\" content=\"image\/png\" \/>\n<meta name=\"twitter:card\" content=\"summary_large_image\" \/>\n<meta name=\"twitter:label1\" content=\"Dur\u00e9e de lecture estim\u00e9e\" \/>\n\t<meta name=\"twitter:data1\" content=\"1 minute\" \/>\n<script type=\"application\/ld+json\" class=\"yoast-schema-graph\">{\"@context\":\"https:\/\/schema.org\",\"@graph\":[{\"@type\":\"WebPage\",\"@id\":\"https:\/\/allmamates.com\/product\/lock-ring-tool-25-3-5\/\",\"url\":\"https:\/\/allmamates.com\/product\/lock-ring-tool-25-3-5\/\",\"name\":\"Car, Truck & Light Commercial Vehicles Lock Ring Tool | All Ma Mates\u00ae Ltd\",\"isPartOf\":{\"@id\":\"https:\/\/allmamates.com\/#website\"},\"primaryImageOfPage\":{\"@id\":\"https:\/\/allmamates.com\/product\/lock-ring-tool-25-3-5\/#primaryimage\"},\"image\":{\"@id\":\"https:\/\/allmamates.com\/product\/lock-ring-tool-25-3-5\/#primaryimage\"},\"thumbnailUrl\":\"https:\/\/allmamates.com\/wp-content\/uploads\/2024\/04\/25-Photoroom.png-Photoroom.png\",\"datePublished\":\"2024-03-28T08:42:27+00:00\",\"dateModified\":\"2026-01-30T21:31:17+00:00\",\"description\":\"Buy Car Lock Ring Tools, Trucks Lock Ring Tools, and Light Commercial Vehicles Lock Ring Tools at All Ma Mates\u00ae Ltd \u2013 durable and reliable.\",\"breadcrumb\":{\"@id\":\"https:\/\/allmamates.com\/product\/lock-ring-tool-25-3-5\/#breadcrumb\"},\"inLanguage\":\"fr-FR\",\"potentialAction\":[{\"@type\":\"ReadAction\",\"target\":[\"https:\/\/allmamates.com\/product\/lock-ring-tool-25-3-5\/\"]}]},{\"@type\":\"ImageObject\",\"inLanguage\":\"fr-FR\",\"@id\":\"https:\/\/allmamates.com\/product\/lock-ring-tool-25-3-5\/#primaryimage\",\"url\":\"https:\/\/allmamates.com\/wp-content\/uploads\/2024\/04\/25-Photoroom.png-Photoroom.png\",\"contentUrl\":\"https:\/\/allmamates.com\/wp-content\/uploads\/2024\/04\/25-Photoroom.png-Photoroom.png\",\"width\":1080,\"height\":1080},{\"@type\":\"BreadcrumbList\",\"@id\":\"https:\/\/allmamates.com\/product\/lock-ring-tool-25-3-5\/#breadcrumb\",\"itemListElement\":[{\"@type\":\"ListItem\",\"position\":1,\"name\":\"Home\",\"item\":\"https:\/\/allmamates.com\/\"},{\"@type\":\"ListItem\",\"position\":2,\"name\":\"Products\",\"item\":\"https:\/\/allmamates.com\/shop\/\"},{\"@type\":\"ListItem\",\"position\":3,\"name\":\"Lock Ring Tool .25-3.5\"}]},{\"@type\":\"WebSite\",\"@id\":\"https:\/\/allmamates.com\/#website\",\"url\":\"https:\/\/allmamates.com\/\",\"name\":\"All Ma Mates\u00ae\",\"description\":\"Your wheel end tool equipment supplier.\",\"publisher\":{\"@id\":\"https:\/\/allmamates.com\/#organization\"},\"potentialAction\":[{\"@type\":\"SearchAction\",\"target\":{\"@type\":\"EntryPoint\",\"urlTemplate\":\"https:\/\/allmamates.com\/?s={search_term_string}\"},\"query-input\":{\"@type\":\"PropertyValueSpecification\",\"valueRequired\":true,\"valueName\":\"search_term_string\"}}],\"inLanguage\":\"fr-FR\"},{\"@type\":\"Organization\",\"@id\":\"https:\/\/allmamates.com\/#organization\",\"name\":\"All Ma Mates\u00ae\",\"url\":\"https:\/\/allmamates.com\/\",\"logo\":{\"@type\":\"ImageObject\",\"inLanguage\":\"fr-FR\",\"@id\":\"https:\/\/allmamates.com\/#\/schema\/logo\/image\/\",\"url\":\"https:\/\/allmamates.com\/wp-content\/uploads\/2024\/02\/a.png\",\"contentUrl\":\"https:\/\/allmamates.com\/wp-content\/uploads\/2024\/02\/a.png\",\"width\":847,\"height\":434,\"caption\":\"All Ma Mates\u00ae\"},\"image\":{\"@id\":\"https:\/\/allmamates.com\/#\/schema\/logo\/image\/\"}}]}<\/script>\n<!-- \/ Yoast SEO plugin. -->","yoast_head_json":{"title":"Car, Truck & Light Commercial Vehicles Lock Ring Tool | All Ma Mates\u00ae Ltd","description":"Buy Car Lock Ring Tools, Trucks Lock Ring Tools, and Light Commercial Vehicles Lock Ring Tools at All Ma Mates\u00ae Ltd \u2013 durable and reliable.","robots":{"index":"index","follow":"follow","max-snippet":"max-snippet:-1","max-image-preview":"max-image-preview:large","max-video-preview":"max-video-preview:-1"},"canonical":"https:\/\/allmamates.com\/fr\/produit\/lock-ring-tool-25-3-5\/","og_locale":"fr_FR","og_type":"article","og_title":"Car, Truck & Light Commercial Vehicles Lock Ring Tool | All Ma Mates\u00ae Ltd","og_description":"Buy Car Lock Ring Tools, Trucks Lock Ring Tools, and Light Commercial Vehicles Lock Ring Tools at All Ma Mates\u00ae Ltd \u2013 durable and reliable.","og_url":"https:\/\/allmamates.com\/fr\/produit\/lock-ring-tool-25-3-5\/","og_site_name":"All Ma Mates\u00ae","article_modified_time":"2026-01-30T21:31:17+00:00","og_image":[{"width":1080,"height":1080,"url":"https:\/\/allmamates.com\/wp-content\/uploads\/2024\/04\/25-Photoroom.png-Photoroom.png","type":"image\/png"}],"twitter_card":"summary_large_image","twitter_misc":{"Dur\u00e9e de lecture estim\u00e9e":"1 minute"},"schema":{"@context":"https:\/\/schema.org","@graph":[{"@type":"WebPage","@id":"https:\/\/allmamates.com\/product\/lock-ring-tool-25-3-5\/","url":"https:\/\/allmamates.com\/product\/lock-ring-tool-25-3-5\/","name":"Car, Truck & Light Commercial Vehicles Lock Ring Tool | All Ma Mates\u00ae Ltd","isPartOf":{"@id":"https:\/\/allmamates.com\/#website"},"primaryImageOfPage":{"@id":"https:\/\/allmamates.com\/product\/lock-ring-tool-25-3-5\/#primaryimage"},"image":{"@id":"https:\/\/allmamates.com\/product\/lock-ring-tool-25-3-5\/#primaryimage"},"thumbnailUrl":"https:\/\/allmamates.com\/wp-content\/uploads\/2024\/04\/25-Photoroom.png-Photoroom.png","datePublished":"2024-03-28T08:42:27+00:00","dateModified":"2026-01-30T21:31:17+00:00","description":"Buy Car Lock Ring Tools, Trucks Lock Ring Tools, and Light Commercial Vehicles Lock Ring Tools at All Ma Mates\u00ae Ltd \u2013 durable and reliable.","breadcrumb":{"@id":"https:\/\/allmamates.com\/product\/lock-ring-tool-25-3-5\/#breadcrumb"},"inLanguage":"fr-FR","potentialAction":[{"@type":"ReadAction","target":["https:\/\/allmamates.com\/product\/lock-ring-tool-25-3-5\/"]}]},{"@type":"ImageObject","inLanguage":"fr-FR","@id":"https:\/\/allmamates.com\/product\/lock-ring-tool-25-3-5\/#primaryimage","url":"https:\/\/allmamates.com\/wp-content\/uploads\/2024\/04\/25-Photoroom.png-Photoroom.png","contentUrl":"https:\/\/allmamates.com\/wp-content\/uploads\/2024\/04\/25-Photoroom.png-Photoroom.png","width":1080,"height":1080},{"@type":"BreadcrumbList","@id":"https:\/\/allmamates.com\/product\/lock-ring-tool-25-3-5\/#breadcrumb","itemListElement":[{"@type":"ListItem","position":1,"name":"Home","item":"https:\/\/allmamates.com\/"},{"@type":"ListItem","position":2,"name":"Products","item":"https:\/\/allmamates.com\/shop\/"},{"@type":"ListItem","position":3,"name":"Lock Ring Tool .25-3.5"}]},{"@type":"WebSite","@id":"https:\/\/allmamates.com\/#website","url":"https:\/\/allmamates.com\/","name":"All Ma Mates\u00ae","description":"Your wheel end tool equipment supplier.","publisher":{"@id":"https:\/\/allmamates.com\/#organization"},"potentialAction":[{"@type":"SearchAction","target":{"@type":"EntryPoint","urlTemplate":"https:\/\/allmamates.com\/?s={search_term_string}"},"query-input":{"@type":"PropertyValueSpecification","valueRequired":true,"valueName":"search_term_string"}}],"inLanguage":"fr-FR"},{"@type":"Organization","@id":"https:\/\/allmamates.com\/#organization","name":"All Ma Mates\u00ae","url":"https:\/\/allmamates.com\/","logo":{"@type":"ImageObject","inLanguage":"fr-FR","@id":"https:\/\/allmamates.com\/#\/schema\/logo\/image\/","url":"https:\/\/allmamates.com\/wp-content\/uploads\/2024\/02\/a.png","contentUrl":"https:\/\/allmamates.com\/wp-content\/uploads\/2024\/02\/a.png","width":847,"height":434,"caption":"All Ma Mates\u00ae"},"image":{"@id":"https:\/\/allmamates.com\/#\/schema\/logo\/image\/"}}]}},"_links":{"self":[{"href":"https:\/\/allmamates.com\/fr\/wp-json\/wp\/v2\/product\/1758","targetHints":{"allow":["GET"]}}],"collection":[{"href":"https:\/\/allmamates.com\/fr\/wp-json\/wp\/v2\/product"}],"about":[{"href":"https:\/\/allmamates.com\/fr\/wp-json\/wp\/v2\/types\/product"}],"replies":[{"embeddable":true,"href":"https:\/\/allmamates.com\/fr\/wp-json\/wp\/v2\/comments?post=1758"}],"wp:featuredmedia":[{"embeddable":true,"href":"https:\/\/allmamates.com\/fr\/wp-json\/wp\/v2\/media\/1795"}],"wp:attachment":[{"href":"https:\/\/allmamates.com\/fr\/wp-json\/wp\/v2\/media?parent=1758"}],"wp:term":[{"taxonomy":"product_brand","embeddable":true,"href":"https:\/\/allmamates.com\/fr\/wp-json\/wp\/v2\/product_brand?post=1758"},{"taxonomy":"product_cat","embeddable":true,"href":"https:\/\/allmamates.com\/fr\/wp-json\/wp\/v2\/product_cat?post=1758"},{"taxonomy":"product_tag","embeddable":true,"href":"https:\/\/allmamates.com\/fr\/wp-json\/wp\/v2\/product_tag?post=1758"}],"curies":[{"name":"wp","href":"https:\/\/api.w.org\/{rel}","templated":true}]}}