{"id":3,"date":"2024-02-02T01:34:49","date_gmt":"2024-02-02T01:34:49","guid":{"rendered":"https:\/\/digentify.com\/allmamates\/?page_id=3"},"modified":"2025-01-12T16:09:59","modified_gmt":"2025-01-12T16:09:59","slug":"privacy-policy","status":"publish","type":"page","link":"https:\/\/allmamates.com\/fr\/privacy-policy\/","title":{"rendered":"Politique de Confidentialit\u00e9"},"content":{"rendered":"<p><strong>Privacy Policy for All Ma Mates\u00ae Ltd.<\/strong><\/p>\r\n<p>At\u00a0 All Ma Mates\u00ae Ltd. which you can access from <a href=\"https:\/\/allmamates.com\/fr\/\">https:\/\/allmamates.com<\/a>, one of our main priorities is the privacy of our visitors. This Privacy Policy contains information that is collected and recorded by All Ma Mates\u00ae Ltd. and how we use it.<\/p>\r\n<p>Si vous avez des questions ou avez besoin de plus d\u2019informations sur notre politique, n\u2019h\u00e9sitez pas \u00e0 nous contacter.<\/p>\r\n<p>The Privacy Policy applies to our online activities and is valid for visitors to our website with regards to the information that they share and or that All Ma Mates\u00ae Ltd. collects. This policy is not applicable to any information that may be collected offline or via other channels outside of this website.<\/p>\r\n<p>&nbsp;<\/p>\r\n<p><strong>Consentement<\/strong><\/p>\r\n<p>En utilisant notre site Web, vous consentez \u00e0 notre politique de confidentialit\u00e9 et acceptez ses conditions.<\/p>\r\n<p>&nbsp;<\/p>\r\n<p><strong>Informations que nous collectons.<\/strong><\/p>\r\n<p>Les informations personnelles que vous \u00eates invit\u00e9 \u00e0 fournir et la raison pour laquelle vous fournissez ces informations vous seront clairement indiqu\u00e9es au moment o\u00f9 nous vous demanderons de fournir vos informations personnelles.<\/p>\r\n<p>Si vous nous contactez directement, nous pouvons recevoir des informations suppl\u00e9mentaires telles que votre nom, votre adresse e-mail, votre num\u00e9ro de t\u00e9l\u00e9phone, le contenu des messages et\/ou des pi\u00e8ces jointes que vous pourriez nous envoyer. Cela inclut \u00e9galement toute autre information que vous pouvez choisir de fournir.<\/p>\r\n<p>Lorsque vous cr\u00e9ez un compte, nous pouvons vous demander des informations de contact, notamment des informations telles que le nom, l'adresse du nom de l'entreprise, l'adresse e-mail et le num\u00e9ro de t\u00e9l\u00e9phone.<\/p>\r\n<p><u>Comment nous utilisons vos informations<\/u><\/p>\r\n<p>Nous utilisons les informations que nous collectons de diverses mani\u00e8res telles que :<\/p>\r\n<ul>\r\n<li>Fournir, exploiter et entretenir notre site Web.<\/li>\r\n<li>Am\u00e9liorer, d\u00e9velopper et personnaliser notre site Web.<\/li>\r\n<li>Comprendre et analyser la fa\u00e7on dont vous utilisez notre site Web.<\/li>\r\n<li>D\u00e9velopper de nouveaux produits, fonctionnalit\u00e9s, fonctions et services.<\/li>\r\n<li>Communiquer avec vous directement ou par l'interm\u00e9diaire de l'un de nos partenaires, notamment pour que le service client vous fournisse des mises \u00e0 jour et d'autres informations relatives au site Internet et \u00e0 des fins de marketing et de promotion.<\/li>\r\n<li>Envoyez-vous des e-mails.<\/li>\r\n<li>Aider \u00e0 d\u00e9tecter et \u00e0 pr\u00e9venir la fraude.<\/li>\r\n<\/ul>\r\n<p>&nbsp;<\/p>\r\n<p><strong>Cookies et balises Web<\/strong><\/p>\r\n<p>Like other websites, All Ma Mates\u2122 Ltd. uses cookies. These cookies are used to store information including visitors\u2019 preferences and the pages on the website that the visitor accessed or visited. This information is used to optimize the users\u2019 experience by customizing our web page content based on visitor browser type and\/or other information.<\/p>","protected":false},"excerpt":{"rendered":"<p>Privacy Policy for All Ma Mates\u00ae Ltd. At\u00a0 All Ma Mates\u00ae Ltd. which you can access from https:\/\/allmamates.com, one of [&hellip;]<\/p>","protected":false},"author":1,"featured_media":0,"parent":0,"menu_order":0,"comment_status":"closed","ping_status":"open","template":"","meta":{"site-sidebar-layout":"default","site-content-layout":"","ast-site-content-layout":"default","site-content-style":"default","site-sidebar-style":"default","ast-global-header-display":"","ast-banner-title-visibility":"","ast-main-header-display":"","ast-hfb-above-header-display":"","ast-hfb-below-header-display":"","ast-hfb-mobile-header-display":"","site-post-title":"","ast-breadcrumbs-content":"","ast-featured-img":"","footer-sml-layout":"","theme-transparent-header-meta":"default","adv-header-id-meta":"","stick-header-meta":"","header-above-stick-meta":"","header-main-stick-meta":"","header-below-stick-meta":"","astra-migrate-meta-layouts":"set","ast-page-background-enabled":"default","ast-page-background-meta":{"desktop":{"background-color":"var(--ast-global-color-4)","background-image":"","background-repeat":"repeat","background-position":"center center","background-size":"auto","background-attachment":"scroll","background-type":"","background-media":"","overlay-type":"","overlay-color":"","overlay-gradient":""},"tablet":{"background-color":"","background-image":"","background-repeat":"repeat","background-position":"center center","background-size":"auto","background-attachment":"scroll","background-type":"","background-media":"","overlay-type":"","overlay-color":"","overlay-gradient":""},"mobile":{"background-color":"","background-image":"","background-repeat":"repeat","background-position":"center center","background-size":"auto","background-attachment":"scroll","background-type":"","background-media":"","overlay-type":"","overlay-color":"","overlay-gradient":""}},"ast-content-background-meta":{"desktop":{"background-color":"var(--ast-global-color-5)","background-image":"","background-repeat":"repeat","background-position":"center center","background-size":"auto","background-attachment":"scroll","background-type":"","background-media":"","overlay-type":"","overlay-color":"","overlay-gradient":""},"tablet":{"background-color":"var(--ast-global-color-5)","background-image":"","background-repeat":"repeat","background-position":"center center","background-size":"auto","background-attachment":"scroll","background-type":"","background-media":"","overlay-type":"","overlay-color":"","overlay-gradient":""},"mobile":{"background-color":"var(--ast-global-color-5)","background-image":"","background-repeat":"repeat","background-position":"center center","background-size":"auto","background-attachment":"scroll","background-type":"","background-media":"","overlay-type":"","overlay-color":"","overlay-gradient":""}},"footnotes":""},"class_list":["post-3","page","type-page","status-publish","hentry"],"yoast_head":"<!-- This site is optimized with the Yoast SEO plugin v27.2 - https:\/\/yoast.com\/product\/yoast-seo-wordpress\/ -->\n<title>Privacy Policy - All Ma Mates\u00ae<\/title>\n<meta name=\"robots\" content=\"index, follow, max-snippet:-1, max-image-preview:large, max-video-preview:-1\" \/>\n<link rel=\"canonical\" href=\"https:\/\/allmamates.com\/fr\/privacy-policy\/\" \/>\n<meta property=\"og:locale\" content=\"fr_FR\" \/>\n<meta property=\"og:type\" content=\"article\" \/>\n<meta property=\"og:title\" content=\"Privacy Policy - All Ma Mates\u00ae\" \/>\n<meta property=\"og:description\" content=\"Privacy Policy for All Ma Mates\u00ae Ltd. At\u00a0 All Ma Mates\u00ae Ltd. which you can access from https:\/\/allmamates.com, one of [&hellip;]\" \/>\n<meta property=\"og:url\" content=\"https:\/\/allmamates.com\/fr\/privacy-policy\/\" \/>\n<meta property=\"og:site_name\" content=\"All Ma Mates\u00ae\" \/>\n<meta property=\"article:modified_time\" content=\"2025-01-12T16:09:59+00:00\" \/>\n<meta name=\"twitter:card\" content=\"summary_large_image\" \/>\n<meta name=\"twitter:label1\" content=\"Dur\u00e9e de lecture estim\u00e9e\" \/>\n\t<meta name=\"twitter:data1\" content=\"2 minutes\" \/>\n<script type=\"application\/ld+json\" class=\"yoast-schema-graph\">{\"@context\":\"https:\/\/schema.org\",\"@graph\":[{\"@type\":\"WebPage\",\"@id\":\"https:\/\/allmamates.com\/privacy-policy\/\",\"url\":\"https:\/\/allmamates.com\/privacy-policy\/\",\"name\":\"Privacy Policy - All Ma Mates\u00ae\",\"isPartOf\":{\"@id\":\"https:\/\/allmamates.com\/#website\"},\"datePublished\":\"2024-02-02T01:34:49+00:00\",\"dateModified\":\"2025-01-12T16:09:59+00:00\",\"breadcrumb\":{\"@id\":\"https:\/\/allmamates.com\/privacy-policy\/#breadcrumb\"},\"inLanguage\":\"fr-FR\",\"potentialAction\":[{\"@type\":\"ReadAction\",\"target\":[\"https:\/\/allmamates.com\/privacy-policy\/\"]}]},{\"@type\":\"BreadcrumbList\",\"@id\":\"https:\/\/allmamates.com\/privacy-policy\/#breadcrumb\",\"itemListElement\":[{\"@type\":\"ListItem\",\"position\":1,\"name\":\"Home\",\"item\":\"https:\/\/allmamates.com\/\"},{\"@type\":\"ListItem\",\"position\":2,\"name\":\"Privacy Policy\"}]},{\"@type\":\"WebSite\",\"@id\":\"https:\/\/allmamates.com\/#website\",\"url\":\"https:\/\/allmamates.com\/\",\"name\":\"All Ma Mates\u00ae\",\"description\":\"Your wheel end tool equipment supplier.\",\"publisher\":{\"@id\":\"https:\/\/allmamates.com\/#organization\"},\"potentialAction\":[{\"@type\":\"SearchAction\",\"target\":{\"@type\":\"EntryPoint\",\"urlTemplate\":\"https:\/\/allmamates.com\/?s={search_term_string}\"},\"query-input\":{\"@type\":\"PropertyValueSpecification\",\"valueRequired\":true,\"valueName\":\"search_term_string\"}}],\"inLanguage\":\"fr-FR\"},{\"@type\":\"Organization\",\"@id\":\"https:\/\/allmamates.com\/#organization\",\"name\":\"All Ma Mates\u00ae\",\"url\":\"https:\/\/allmamates.com\/\",\"logo\":{\"@type\":\"ImageObject\",\"inLanguage\":\"fr-FR\",\"@id\":\"https:\/\/allmamates.com\/#\/schema\/logo\/image\/\",\"url\":\"https:\/\/allmamates.com\/wp-content\/uploads\/2024\/02\/a.png\",\"contentUrl\":\"https:\/\/allmamates.com\/wp-content\/uploads\/2024\/02\/a.png\",\"width\":847,\"height\":434,\"caption\":\"All Ma Mates\u00ae\"},\"image\":{\"@id\":\"https:\/\/allmamates.com\/#\/schema\/logo\/image\/\"}}]}<\/script>\n<!-- \/ Yoast SEO plugin. -->","yoast_head_json":{"title":"Privacy Policy - All Ma Mates\u00ae","robots":{"index":"index","follow":"follow","max-snippet":"max-snippet:-1","max-image-preview":"max-image-preview:large","max-video-preview":"max-video-preview:-1"},"canonical":"https:\/\/allmamates.com\/fr\/privacy-policy\/","og_locale":"fr_FR","og_type":"article","og_title":"Privacy Policy - All Ma Mates\u00ae","og_description":"Privacy Policy for All Ma Mates\u00ae Ltd. At\u00a0 All Ma Mates\u00ae Ltd. which you can access from https:\/\/allmamates.com, one of [&hellip;]","og_url":"https:\/\/allmamates.com\/fr\/privacy-policy\/","og_site_name":"All Ma Mates\u00ae","article_modified_time":"2025-01-12T16:09:59+00:00","twitter_card":"summary_large_image","twitter_misc":{"Dur\u00e9e de lecture estim\u00e9e":"2 minutes"},"schema":{"@context":"https:\/\/schema.org","@graph":[{"@type":"WebPage","@id":"https:\/\/allmamates.com\/privacy-policy\/","url":"https:\/\/allmamates.com\/privacy-policy\/","name":"Privacy Policy - All Ma Mates\u00ae","isPartOf":{"@id":"https:\/\/allmamates.com\/#website"},"datePublished":"2024-02-02T01:34:49+00:00","dateModified":"2025-01-12T16:09:59+00:00","breadcrumb":{"@id":"https:\/\/allmamates.com\/privacy-policy\/#breadcrumb"},"inLanguage":"fr-FR","potentialAction":[{"@type":"ReadAction","target":["https:\/\/allmamates.com\/privacy-policy\/"]}]},{"@type":"BreadcrumbList","@id":"https:\/\/allmamates.com\/privacy-policy\/#breadcrumb","itemListElement":[{"@type":"ListItem","position":1,"name":"Home","item":"https:\/\/allmamates.com\/"},{"@type":"ListItem","position":2,"name":"Privacy Policy"}]},{"@type":"WebSite","@id":"https:\/\/allmamates.com\/#website","url":"https:\/\/allmamates.com\/","name":"All Ma Mates\u00ae","description":"Your wheel end tool equipment supplier.","publisher":{"@id":"https:\/\/allmamates.com\/#organization"},"potentialAction":[{"@type":"SearchAction","target":{"@type":"EntryPoint","urlTemplate":"https:\/\/allmamates.com\/?s={search_term_string}"},"query-input":{"@type":"PropertyValueSpecification","valueRequired":true,"valueName":"search_term_string"}}],"inLanguage":"fr-FR"},{"@type":"Organization","@id":"https:\/\/allmamates.com\/#organization","name":"All Ma Mates\u00ae","url":"https:\/\/allmamates.com\/","logo":{"@type":"ImageObject","inLanguage":"fr-FR","@id":"https:\/\/allmamates.com\/#\/schema\/logo\/image\/","url":"https:\/\/allmamates.com\/wp-content\/uploads\/2024\/02\/a.png","contentUrl":"https:\/\/allmamates.com\/wp-content\/uploads\/2024\/02\/a.png","width":847,"height":434,"caption":"All Ma Mates\u00ae"},"image":{"@id":"https:\/\/allmamates.com\/#\/schema\/logo\/image\/"}}]}},"_links":{"self":[{"href":"https:\/\/allmamates.com\/fr\/wp-json\/wp\/v2\/pages\/3","targetHints":{"allow":["GET"]}}],"collection":[{"href":"https:\/\/allmamates.com\/fr\/wp-json\/wp\/v2\/pages"}],"about":[{"href":"https:\/\/allmamates.com\/fr\/wp-json\/wp\/v2\/types\/page"}],"author":[{"embeddable":true,"href":"https:\/\/allmamates.com\/fr\/wp-json\/wp\/v2\/users\/1"}],"replies":[{"embeddable":true,"href":"https:\/\/allmamates.com\/fr\/wp-json\/wp\/v2\/comments?post=3"}],"version-history":[{"count":2,"href":"https:\/\/allmamates.com\/fr\/wp-json\/wp\/v2\/pages\/3\/revisions"}],"predecessor-version":[{"id":2129,"href":"https:\/\/allmamates.com\/fr\/wp-json\/wp\/v2\/pages\/3\/revisions\/2129"}],"wp:attachment":[{"href":"https:\/\/allmamates.com\/fr\/wp-json\/wp\/v2\/media?parent=3"}],"curies":[{"name":"wp","href":"https:\/\/api.w.org\/{rel}","templated":true}]}}