{"id":1900,"date":"2024-04-13T02:25:29","date_gmt":"2024-04-13T02:25:29","guid":{"rendered":"https:\/\/allmamates.com\/?page_id=1900"},"modified":"2025-09-17T05:37:09","modified_gmt":"2025-09-17T05:37:09","slug":"product-foot-pumps","status":"publish","type":"page","link":"https:\/\/allmamates.com\/fr\/product-foot-pumps\/","title":{"rendered":"Foot Pumps"},"content":{"rendered":"<div data-elementor-type=\"wp-page\" data-elementor-id=\"1900\" class=\"elementor elementor-1900\" data-elementor-post-type=\"page\">\n\t\t\t\t<div class=\"elementor-element elementor-element-940db68 e-flex e-con-boxed e-con e-parent\" data-id=\"940db68\" data-element_type=\"container\">\n\t\t\t\t\t<div class=\"e-con-inner\">\n\t\t<div class=\"elementor-element elementor-element-c5e080f e-con-full e-flex e-con e-child\" data-id=\"c5e080f\" data-element_type=\"container\">\n\t\t\t\t<div class=\"elementor-element elementor-element-3cb0d2d elementor-widget elementor-widget-image\" data-id=\"3cb0d2d\" data-element_type=\"widget\" data-widget_type=\"image.default\">\n\t\t\t\t<div class=\"elementor-widget-container\">\n\t\t\t\t\t\t\t\t\t\t\t\t\t\t\t<img fetchpriority=\"high\" decoding=\"async\" width=\"1024\" height=\"1024\" src=\"https:\/\/allmamates.com\/wp-content\/uploads\/2024\/04\/57-1024x1024.png\" class=\"attachment-large size-large wp-image-1901\" alt=\"\" srcset=\"https:\/\/allmamates.com\/wp-content\/uploads\/2024\/04\/57-1024x1024.png 1024w, https:\/\/allmamates.com\/wp-content\/uploads\/2024\/04\/57-300x300.png 300w, https:\/\/allmamates.com\/wp-content\/uploads\/2024\/04\/57-150x150.png 150w, https:\/\/allmamates.com\/wp-content\/uploads\/2024\/04\/57-768x768.png 768w, https:\/\/allmamates.com\/wp-content\/uploads\/2024\/04\/57-12x12.png 12w, https:\/\/allmamates.com\/wp-content\/uploads\/2024\/04\/57-600x600.png 600w, https:\/\/allmamates.com\/wp-content\/uploads\/2024\/04\/57-100x100.png 100w, https:\/\/allmamates.com\/wp-content\/uploads\/2024\/04\/57.png 1080w\" sizes=\"(max-width: 1024px) 100vw, 1024px\" \/>\t\t\t\t\t\t\t\t\t\t\t\t\t\t\t<\/div>\n\t\t\t\t<\/div>\n\t\t\t\t<\/div>\n\t\t<div class=\"elementor-element elementor-element-e153cf9 e-con-full e-flex e-con e-child\" data-id=\"e153cf9\" data-element_type=\"container\">\n\t\t\t\t<div class=\"elementor-element elementor-element-8d7ab2f elementor-widget elementor-widget-heading\" data-id=\"8d7ab2f\" data-element_type=\"widget\" data-widget_type=\"heading.default\">\n\t\t\t\t<div class=\"elementor-widget-container\">\n\t\t\t\t\t<h1 class=\"elementor-heading-title elementor-size-default\">Foot Pumps<\/h1>\t\t\t\t<\/div>\n\t\t\t\t<\/div>\n\t\t\t\t<div class=\"elementor-element elementor-element-15b946f elementor-widget elementor-widget-text-editor\" data-id=\"15b946f\" data-element_type=\"widget\" data-widget_type=\"text-editor.default\">\n\t\t\t\t<div class=\"elementor-widget-container\">\n\t\t\t\t\t\t\t\t\t<h2>Pompes Pneumatique Hydraulique et accessoires<\/h2><p>Pompe hydraulique pneumatique \u00e0 vitesse variable pour davantage de contr\u00f4le. Pressure maximale de 700 bar, utilisable avec tous nos v\u00e9rins hydrauliques. La pompe est livr\u00e9e avec un manom\u00e8tre, un tuyau de 2,2m \u00e0 raccord \u00e9tanche. R\u00e9servoir de carburant de 1,3L. Fait en Su\u00e8de. Produit : TBE111.<\/p>\t\t\t\t\t\t\t\t<\/div>\n\t\t\t\t<\/div>\n\t\t\t\t<\/div>\n\t\t\t\t\t<\/div>\n\t\t\t\t<\/div>\n\t\t<div class=\"elementor-element elementor-element-66fac65 e-flex e-con-boxed e-con e-parent\" data-id=\"66fac65\" data-element_type=\"container\">\n\t\t\t\t\t<div class=\"e-con-inner\">\n\t\t<div class=\"elementor-element elementor-element-e819470 e-flex e-con-boxed e-con e-child\" data-id=\"e819470\" data-element_type=\"container\">\n\t\t\t\t\t<div class=\"e-con-inner\">\n\t\t\t\t<div class=\"elementor-element elementor-element-718ccdf elementor-widget elementor-widget-heading\" data-id=\"718ccdf\" data-element_type=\"widget\" data-widget_type=\"heading.default\">\n\t\t\t\t<div class=\"elementor-widget-container\">\n\t\t\t\t\t<h2 class=\"elementor-heading-title elementor-size-default\">Avantages Cl\u00e9s<\/h2>\t\t\t\t<\/div>\n\t\t\t\t<\/div>\n\t\t\t\t<div class=\"elementor-element elementor-element-ae6b0a6 elementor-widget-divider--view-line elementor-widget elementor-widget-divider\" data-id=\"ae6b0a6\" data-element_type=\"widget\" data-widget_type=\"divider.default\">\n\t\t\t\t<div class=\"elementor-widget-container\">\n\t\t\t\t\t\t\t<div class=\"elementor-divider\">\n\t\t\t<span class=\"elementor-divider-separator\">\n\t\t\t\t\t\t<\/span>\n\t\t<\/div>\n\t\t\t\t\t\t<\/div>\n\t\t\t\t<\/div>\n\t\t\t\t<div class=\"elementor-element elementor-element-a524dcf elementor-widget elementor-widget-text-editor\" data-id=\"a524dcf\" data-element_type=\"widget\" data-widget_type=\"text-editor.default\">\n\t\t\t\t<div class=\"elementor-widget-container\">\n\t\t\t\t\t\t\t\t\t<ul><li>Vitesse variable pour davantage de contr\u00f4le, afin de travailler avec pr\u00e9cision.<\/li><li>Pression maximale de 700 bar, la rendant compatible avec tous nos v\u00e9rins hydrauliques.<\/li><li>Vient avec un manom\u00e8tre et un tuyau de 2,2m pour une utilisation pratique et facile.<\/li><li>Le raccord \u00e9tanche permet une op\u00e9ration propre et sans prise de t\u00eate<\/li><li>Avec un r\u00e9servoir de carburant de 1,3L, vous aurez plus qu\u2019assez pour vos t\u00e2ches.<\/li><\/ul>\t\t\t\t\t\t\t\t<\/div>\n\t\t\t\t<\/div>\n\t\t\t\t\t<\/div>\n\t\t\t\t<\/div>\n\t\t\t\t\t<\/div>\n\t\t\t\t<\/div>\n\t\t<div class=\"elementor-element elementor-element-5c671c5 e-flex e-con-boxed e-con e-parent\" data-id=\"5c671c5\" data-element_type=\"container\">\n\t\t\t\t\t<div class=\"e-con-inner\">\n\t\t<div class=\"elementor-element elementor-element-dff280a e-flex e-con-boxed e-con e-child\" data-id=\"dff280a\" data-element_type=\"container\">\n\t\t\t\t\t<div class=\"e-con-inner\">\n\t\t\t\t<div class=\"elementor-element elementor-element-0cc575b elementor-widget elementor-widget-text-editor\" data-id=\"0cc575b\" data-element_type=\"widget\" data-widget_type=\"text-editor.default\">\n\t\t\t\t<div class=\"elementor-widget-container\">\n\t\t\t\t\t\t\t\t\t<p><div class=\"ast-oembed-container\" style=\"height: 100%;\"><iframe title=\"Pneumatic Hydraulic Foot Pump - TBE111\" width=\"500\" height=\"281\" src=\"https:\/\/www.youtube.com\/embed\/bmZBwjzdack?feature=oembed\" frameborder=\"0\" allow=\"accelerometer; autoplay; clipboard-write; encrypted-media; gyroscope; picture-in-picture; web-share\" referrerpolicy=\"strict-origin-when-cross-origin\" allowfullscreen><\/iframe><\/div><\/p>\t\t\t\t\t\t\t\t<\/div>\n\t\t\t\t<\/div>\n\t\t\t\t\t<\/div>\n\t\t\t\t<\/div>\n\t\t\t\t\t<\/div>\n\t\t\t\t<\/div>\n\t\t<div class=\"elementor-element elementor-element-d8b391a e-flex e-con-boxed e-con e-parent\" data-id=\"d8b391a\" data-element_type=\"container\">\n\t\t\t\t\t<div class=\"e-con-inner\">\n\t\t<div class=\"elementor-element elementor-element-005e0ee e-con-full e-flex e-con e-child\" data-id=\"005e0ee\" data-element_type=\"container\">\n\t\t\t\t<div class=\"elementor-element elementor-element-4aa0d12 elementor-widget elementor-widget-image\" data-id=\"4aa0d12\" data-element_type=\"widget\" data-widget_type=\"image.default\">\n\t\t\t\t<div class=\"elementor-widget-container\">\n\t\t\t\t\t\t\t\t\t\t\t\t\t\t\t<img decoding=\"async\" width=\"1024\" height=\"1024\" src=\"https:\/\/allmamates.com\/wp-content\/uploads\/2024\/04\/62-1024x1024.png\" class=\"attachment-large size-large wp-image-1906\" alt=\"\" srcset=\"https:\/\/allmamates.com\/wp-content\/uploads\/2024\/04\/62-1024x1024.png 1024w, https:\/\/allmamates.com\/wp-content\/uploads\/2024\/04\/62-300x300.png 300w, https:\/\/allmamates.com\/wp-content\/uploads\/2024\/04\/62-150x150.png 150w, https:\/\/allmamates.com\/wp-content\/uploads\/2024\/04\/62-768x768.png 768w, https:\/\/allmamates.com\/wp-content\/uploads\/2024\/04\/62-12x12.png 12w, https:\/\/allmamates.com\/wp-content\/uploads\/2024\/04\/62-600x600.png 600w, https:\/\/allmamates.com\/wp-content\/uploads\/2024\/04\/62-100x100.png 100w, https:\/\/allmamates.com\/wp-content\/uploads\/2024\/04\/62.png 1080w\" sizes=\"(max-width: 1024px) 100vw, 1024px\" \/>\t\t\t\t\t\t\t\t\t\t\t\t\t\t\t<\/div>\n\t\t\t\t<\/div>\n\t\t\t\t<\/div>\n\t\t<div class=\"elementor-element elementor-element-007516d e-con-full e-flex e-con e-child\" data-id=\"007516d\" data-element_type=\"container\">\n\t\t\t\t<div class=\"elementor-element elementor-element-98c6361 elementor-widget elementor-widget-text-editor\" data-id=\"98c6361\" data-element_type=\"widget\" data-widget_type=\"text-editor.default\">\n\t\t\t\t<div class=\"elementor-widget-container\">\n\t\t\t\t\t\t\t\t\t<h2>Pompe \u00e0 pied hydraulique<\/h2><p>Pompe \u00e0 pied hydraulique de 700 bar compatible avec tous nos v\u00e9rins hydrauliques. Tuyau de 2,2m et raccord \u00e9tanche. R\u00e9servoir \u00e0 carburant de 0,75L. Fait en Su\u00e8de. Produit : TBE110.<\/p>\t\t\t\t\t\t\t\t<\/div>\n\t\t\t\t<\/div>\n\t\t\t\t<\/div>\n\t\t\t\t\t<\/div>\n\t\t\t\t<\/div>\n\t\t<div class=\"elementor-element elementor-element-73ea9f1 e-flex e-con-boxed e-con e-parent\" data-id=\"73ea9f1\" data-element_type=\"container\">\n\t\t\t\t\t<div class=\"e-con-inner\">\n\t\t<div class=\"elementor-element elementor-element-9f9c3d1 e-flex e-con-boxed e-con e-child\" data-id=\"9f9c3d1\" data-element_type=\"container\">\n\t\t\t\t\t<div class=\"e-con-inner\">\n\t\t\t\t<div class=\"elementor-element elementor-element-399b69a elementor-widget elementor-widget-heading\" data-id=\"399b69a\" data-element_type=\"widget\" data-widget_type=\"heading.default\">\n\t\t\t\t<div class=\"elementor-widget-container\">\n\t\t\t\t\t<h2 class=\"elementor-heading-title elementor-size-default\">Avantages Cl\u00e9s<\/h2>\t\t\t\t<\/div>\n\t\t\t\t<\/div>\n\t\t\t\t<div class=\"elementor-element elementor-element-78d483b elementor-widget-divider--view-line elementor-widget elementor-widget-divider\" data-id=\"78d483b\" data-element_type=\"widget\" data-widget_type=\"divider.default\">\n\t\t\t\t<div class=\"elementor-widget-container\">\n\t\t\t\t\t\t\t<div class=\"elementor-divider\">\n\t\t\t<span class=\"elementor-divider-separator\">\n\t\t\t\t\t\t<\/span>\n\t\t<\/div>\n\t\t\t\t\t\t<\/div>\n\t\t\t\t<\/div>\n\t\t\t\t<div class=\"elementor-element elementor-element-0490488 elementor-widget elementor-widget-text-editor\" data-id=\"0490488\" data-element_type=\"widget\" data-widget_type=\"text-editor.default\">\n\t\t\t\t<div class=\"elementor-widget-container\">\n\t\t\t\t\t\t\t\t\t<ul><li>Vitesse variable pour davantage de contr\u00f4le, afin de travailler avec pr\u00e9cision.<\/li><li>Pression maximale de 700 bar, la rendant compatible avec tous nos v\u00e9rins hydrauliques.<\/li><li>Vient avec un manom\u00e8tre et un tuyau de 2,2m pour une utilisation pratique et facile.<\/li><li>Le raccord \u00e9tanche permet une op\u00e9ration propre et sans prise de t\u00eate<\/li><li>Avec un r\u00e9servoir de carburant de 0,75L, vous aurez plus qu\u2019assez pour vos t\u00e2ches.<\/li><\/ul>\t\t\t\t\t\t\t\t<\/div>\n\t\t\t\t<\/div>\n\t\t\t\t\t<\/div>\n\t\t\t\t<\/div>\n\t\t\t\t\t<\/div>\n\t\t\t\t<\/div>\n\t\t<div class=\"elementor-element elementor-element-69c4c76 e-flex e-con-boxed e-con e-parent\" data-id=\"69c4c76\" data-element_type=\"container\">\n\t\t\t\t\t<div class=\"e-con-inner\">\n\t\t<div class=\"elementor-element elementor-element-42d45a9 e-flex e-con-boxed e-con e-child\" data-id=\"42d45a9\" data-element_type=\"container\">\n\t\t\t\t\t<div class=\"e-con-inner\">\n\t\t\t\t<div class=\"elementor-element elementor-element-5fbc2c4 elementor-widget elementor-widget-text-editor\" data-id=\"5fbc2c4\" data-element_type=\"widget\" data-widget_type=\"text-editor.default\">\n\t\t\t\t<div class=\"elementor-widget-container\">\n\t\t\t\t\t\t\t\t\t<p><div class=\"ast-oembed-container\" style=\"height: 100%;\"><iframe title=\"Hydraulic Foot Pump - TBE110\" width=\"500\" height=\"281\" src=\"https:\/\/www.youtube.com\/embed\/M1TBm634FwI?feature=oembed\" frameborder=\"0\" allow=\"accelerometer; autoplay; clipboard-write; encrypted-media; gyroscope; picture-in-picture; web-share\" referrerpolicy=\"strict-origin-when-cross-origin\" allowfullscreen><\/iframe><\/div><\/p>\t\t\t\t\t\t\t\t<\/div>\n\t\t\t\t<\/div>\n\t\t\t\t\t<\/div>\n\t\t\t\t<\/div>\n\t\t\t\t\t<\/div>\n\t\t\t\t<\/div>\n\t\t\t\t<\/div>","protected":false},"excerpt":{"rendered":"<p>Foot Pumps Pneumatic Hydraulic pump with acc Pneumatic driven hydraulic pump with variable speed for better control. Max pressure 700 [&hellip;]<\/p>","protected":false},"author":1,"featured_media":0,"parent":0,"menu_order":0,"comment_status":"closed","ping_status":"closed","template":"","meta":{"site-sidebar-layout":"no-sidebar","site-content-layout":"","ast-site-content-layout":"full-width-container","site-content-style":"default","site-sidebar-style":"default","ast-global-header-display":"","ast-banner-title-visibility":"","ast-main-header-display":"","ast-hfb-above-header-display":"","ast-hfb-below-header-display":"","ast-hfb-mobile-header-display":"","site-post-title":"disabled","ast-breadcrumbs-content":"","ast-featured-img":"disabled","footer-sml-layout":"","theme-transparent-header-meta":"","adv-header-id-meta":"","stick-header-meta":"","header-above-stick-meta":"","header-main-stick-meta":"","header-below-stick-meta":"","astra-migrate-meta-layouts":"default","ast-page-background-enabled":"default","ast-page-background-meta":{"desktop":{"background-color":"var(--ast-global-color-4)","background-image":"","background-repeat":"repeat","background-position":"center center","background-size":"auto","background-attachment":"scroll","background-type":"","background-media":"","overlay-type":"","overlay-color":"","overlay-gradient":""},"tablet":{"background-color":"","background-image":"","background-repeat":"repeat","background-position":"center center","background-size":"auto","background-attachment":"scroll","background-type":"","background-media":"","overlay-type":"","overlay-color":"","overlay-gradient":""},"mobile":{"background-color":"","background-image":"","background-repeat":"repeat","background-position":"center center","background-size":"auto","background-attachment":"scroll","background-type":"","background-media":"","overlay-type":"","overlay-color":"","overlay-gradient":""}},"ast-content-background-meta":{"desktop":{"background-color":"var(--ast-global-color-5)","background-image":"","background-repeat":"repeat","background-position":"center center","background-size":"auto","background-attachment":"scroll","background-type":"","background-media":"","overlay-type":"","overlay-color":"","overlay-gradient":""},"tablet":{"background-color":"var(--ast-global-color-5)","background-image":"","background-repeat":"repeat","background-position":"center center","background-size":"auto","background-attachment":"scroll","background-type":"","background-media":"","overlay-type":"","overlay-color":"","overlay-gradient":""},"mobile":{"background-color":"var(--ast-global-color-5)","background-image":"","background-repeat":"repeat","background-position":"center center","background-size":"auto","background-attachment":"scroll","background-type":"","background-media":"","overlay-type":"","overlay-color":"","overlay-gradient":""}},"footnotes":""},"class_list":["post-1900","page","type-page","status-publish","hentry"],"yoast_head":"<!-- This site is optimized with the Yoast SEO plugin v27.2 - https:\/\/yoast.com\/product\/yoast-seo-wordpress\/ -->\n<title>Foot Pumps - All Ma Mates\u00ae<\/title>\n<meta name=\"robots\" content=\"index, follow, max-snippet:-1, max-image-preview:large, max-video-preview:-1\" \/>\n<link rel=\"canonical\" href=\"https:\/\/allmamates.com\/fr\/product-foot-pumps\/\" \/>\n<meta property=\"og:locale\" content=\"fr_FR\" \/>\n<meta property=\"og:type\" content=\"article\" \/>\n<meta property=\"og:title\" content=\"Foot Pumps - All Ma Mates\u00ae\" \/>\n<meta property=\"og:description\" content=\"Foot Pumps Pneumatic Hydraulic pump with acc Pneumatic driven hydraulic pump with variable speed for better control. Max pressure 700 [&hellip;]\" \/>\n<meta property=\"og:url\" content=\"https:\/\/allmamates.com\/fr\/product-foot-pumps\/\" \/>\n<meta property=\"og:site_name\" content=\"All Ma Mates\u00ae\" \/>\n<meta property=\"article:modified_time\" content=\"2025-09-17T05:37:09+00:00\" \/>\n<meta property=\"og:image\" content=\"https:\/\/allmamates.com\/wp-content\/uploads\/2024\/04\/57.png\" \/>\n\t<meta property=\"og:image:width\" content=\"1080\" \/>\n\t<meta property=\"og:image:height\" content=\"1080\" \/>\n\t<meta property=\"og:image:type\" content=\"image\/png\" \/>\n<meta name=\"twitter:card\" content=\"summary_large_image\" \/>\n<meta name=\"twitter:label1\" content=\"Dur\u00e9e de lecture estim\u00e9e\" \/>\n\t<meta name=\"twitter:data1\" content=\"2 minutes\" \/>\n<script type=\"application\/ld+json\" class=\"yoast-schema-graph\">{\"@context\":\"https:\/\/schema.org\",\"@graph\":[{\"@type\":\"WebPage\",\"@id\":\"https:\/\/allmamates.com\/product-foot-pumps\/\",\"url\":\"https:\/\/allmamates.com\/product-foot-pumps\/\",\"name\":\"Foot Pumps - All Ma Mates\u00ae\",\"isPartOf\":{\"@id\":\"https:\/\/allmamates.com\/#website\"},\"primaryImageOfPage\":{\"@id\":\"https:\/\/allmamates.com\/product-foot-pumps\/#primaryimage\"},\"image\":{\"@id\":\"https:\/\/allmamates.com\/product-foot-pumps\/#primaryimage\"},\"thumbnailUrl\":\"https:\/\/allmamates.com\/wp-content\/uploads\/2024\/04\/57-1024x1024.png\",\"datePublished\":\"2024-04-13T02:25:29+00:00\",\"dateModified\":\"2025-09-17T05:37:09+00:00\",\"breadcrumb\":{\"@id\":\"https:\/\/allmamates.com\/product-foot-pumps\/#breadcrumb\"},\"inLanguage\":\"fr-FR\",\"potentialAction\":[{\"@type\":\"ReadAction\",\"target\":[\"https:\/\/allmamates.com\/product-foot-pumps\/\"]}]},{\"@type\":\"ImageObject\",\"inLanguage\":\"fr-FR\",\"@id\":\"https:\/\/allmamates.com\/product-foot-pumps\/#primaryimage\",\"url\":\"https:\/\/allmamates.com\/wp-content\/uploads\/2024\/04\/57-1024x1024.png\",\"contentUrl\":\"https:\/\/allmamates.com\/wp-content\/uploads\/2024\/04\/57-1024x1024.png\"},{\"@type\":\"BreadcrumbList\",\"@id\":\"https:\/\/allmamates.com\/product-foot-pumps\/#breadcrumb\",\"itemListElement\":[{\"@type\":\"ListItem\",\"position\":1,\"name\":\"Home\",\"item\":\"https:\/\/allmamates.com\/\"},{\"@type\":\"ListItem\",\"position\":2,\"name\":\"Foot Pumps\"}]},{\"@type\":\"WebSite\",\"@id\":\"https:\/\/allmamates.com\/#website\",\"url\":\"https:\/\/allmamates.com\/\",\"name\":\"All Ma Mates\u00ae\",\"description\":\"Your wheel end tool equipment supplier.\",\"publisher\":{\"@id\":\"https:\/\/allmamates.com\/#organization\"},\"potentialAction\":[{\"@type\":\"SearchAction\",\"target\":{\"@type\":\"EntryPoint\",\"urlTemplate\":\"https:\/\/allmamates.com\/?s={search_term_string}\"},\"query-input\":{\"@type\":\"PropertyValueSpecification\",\"valueRequired\":true,\"valueName\":\"search_term_string\"}}],\"inLanguage\":\"fr-FR\"},{\"@type\":\"Organization\",\"@id\":\"https:\/\/allmamates.com\/#organization\",\"name\":\"All Ma Mates\u00ae\",\"url\":\"https:\/\/allmamates.com\/\",\"logo\":{\"@type\":\"ImageObject\",\"inLanguage\":\"fr-FR\",\"@id\":\"https:\/\/allmamates.com\/#\/schema\/logo\/image\/\",\"url\":\"https:\/\/allmamates.com\/wp-content\/uploads\/2024\/02\/a.png\",\"contentUrl\":\"https:\/\/allmamates.com\/wp-content\/uploads\/2024\/02\/a.png\",\"width\":847,\"height\":434,\"caption\":\"All Ma Mates\u00ae\"},\"image\":{\"@id\":\"https:\/\/allmamates.com\/#\/schema\/logo\/image\/\"}}]}<\/script>\n<!-- \/ Yoast SEO plugin. -->","yoast_head_json":{"title":"Foot Pumps - All Ma Mates\u00ae","robots":{"index":"index","follow":"follow","max-snippet":"max-snippet:-1","max-image-preview":"max-image-preview:large","max-video-preview":"max-video-preview:-1"},"canonical":"https:\/\/allmamates.com\/fr\/product-foot-pumps\/","og_locale":"fr_FR","og_type":"article","og_title":"Foot Pumps - All Ma Mates\u00ae","og_description":"Foot Pumps Pneumatic Hydraulic pump with acc Pneumatic driven hydraulic pump with variable speed for better control. Max pressure 700 [&hellip;]","og_url":"https:\/\/allmamates.com\/fr\/product-foot-pumps\/","og_site_name":"All Ma Mates\u00ae","article_modified_time":"2025-09-17T05:37:09+00:00","og_image":[{"width":1080,"height":1080,"url":"https:\/\/allmamates.com\/wp-content\/uploads\/2024\/04\/57.png","type":"image\/png"}],"twitter_card":"summary_large_image","twitter_misc":{"Dur\u00e9e de lecture estim\u00e9e":"2 minutes"},"schema":{"@context":"https:\/\/schema.org","@graph":[{"@type":"WebPage","@id":"https:\/\/allmamates.com\/product-foot-pumps\/","url":"https:\/\/allmamates.com\/product-foot-pumps\/","name":"Foot Pumps - All Ma Mates\u00ae","isPartOf":{"@id":"https:\/\/allmamates.com\/#website"},"primaryImageOfPage":{"@id":"https:\/\/allmamates.com\/product-foot-pumps\/#primaryimage"},"image":{"@id":"https:\/\/allmamates.com\/product-foot-pumps\/#primaryimage"},"thumbnailUrl":"https:\/\/allmamates.com\/wp-content\/uploads\/2024\/04\/57-1024x1024.png","datePublished":"2024-04-13T02:25:29+00:00","dateModified":"2025-09-17T05:37:09+00:00","breadcrumb":{"@id":"https:\/\/allmamates.com\/product-foot-pumps\/#breadcrumb"},"inLanguage":"fr-FR","potentialAction":[{"@type":"ReadAction","target":["https:\/\/allmamates.com\/product-foot-pumps\/"]}]},{"@type":"ImageObject","inLanguage":"fr-FR","@id":"https:\/\/allmamates.com\/product-foot-pumps\/#primaryimage","url":"https:\/\/allmamates.com\/wp-content\/uploads\/2024\/04\/57-1024x1024.png","contentUrl":"https:\/\/allmamates.com\/wp-content\/uploads\/2024\/04\/57-1024x1024.png"},{"@type":"BreadcrumbList","@id":"https:\/\/allmamates.com\/product-foot-pumps\/#breadcrumb","itemListElement":[{"@type":"ListItem","position":1,"name":"Home","item":"https:\/\/allmamates.com\/"},{"@type":"ListItem","position":2,"name":"Foot Pumps"}]},{"@type":"WebSite","@id":"https:\/\/allmamates.com\/#website","url":"https:\/\/allmamates.com\/","name":"All Ma Mates\u00ae","description":"Your wheel end tool equipment supplier.","publisher":{"@id":"https:\/\/allmamates.com\/#organization"},"potentialAction":[{"@type":"SearchAction","target":{"@type":"EntryPoint","urlTemplate":"https:\/\/allmamates.com\/?s={search_term_string}"},"query-input":{"@type":"PropertyValueSpecification","valueRequired":true,"valueName":"search_term_string"}}],"inLanguage":"fr-FR"},{"@type":"Organization","@id":"https:\/\/allmamates.com\/#organization","name":"All Ma Mates\u00ae","url":"https:\/\/allmamates.com\/","logo":{"@type":"ImageObject","inLanguage":"fr-FR","@id":"https:\/\/allmamates.com\/#\/schema\/logo\/image\/","url":"https:\/\/allmamates.com\/wp-content\/uploads\/2024\/02\/a.png","contentUrl":"https:\/\/allmamates.com\/wp-content\/uploads\/2024\/02\/a.png","width":847,"height":434,"caption":"All Ma Mates\u00ae"},"image":{"@id":"https:\/\/allmamates.com\/#\/schema\/logo\/image\/"}}]}},"_links":{"self":[{"href":"https:\/\/allmamates.com\/fr\/wp-json\/wp\/v2\/pages\/1900","targetHints":{"allow":["GET"]}}],"collection":[{"href":"https:\/\/allmamates.com\/fr\/wp-json\/wp\/v2\/pages"}],"about":[{"href":"https:\/\/allmamates.com\/fr\/wp-json\/wp\/v2\/types\/page"}],"author":[{"embeddable":true,"href":"https:\/\/allmamates.com\/fr\/wp-json\/wp\/v2\/users\/1"}],"replies":[{"embeddable":true,"href":"https:\/\/allmamates.com\/fr\/wp-json\/wp\/v2\/comments?post=1900"}],"version-history":[{"count":3,"href":"https:\/\/allmamates.com\/fr\/wp-json\/wp\/v2\/pages\/1900\/revisions"}],"predecessor-version":[{"id":2153,"href":"https:\/\/allmamates.com\/fr\/wp-json\/wp\/v2\/pages\/1900\/revisions\/2153"}],"wp:attachment":[{"href":"https:\/\/allmamates.com\/fr\/wp-json\/wp\/v2\/media?parent=1900"}],"curies":[{"name":"wp","href":"https:\/\/api.w.org\/{rel}","templated":true}]}}