{"id":358,"date":"2024-02-03T06:27:18","date_gmt":"2024-02-03T06:27:18","guid":{"rendered":"https:\/\/digentify.com\/allmamates\/?post_type=product&#038;p=358"},"modified":"2026-01-30T21:08:18","modified_gmt":"2026-01-30T21:08:18","slug":"rotormate","status":"publish","type":"product","link":"https:\/\/allmamates.com\/es\/producto\/rotormate\/","title":{"rendered":"RotorMate\u2122"},"content":{"rendered":"<p>RotorMate\u2122 es una m\u00e1quina de reacondicionamiento de discos de freno pesada, dise\u00f1ada para ser utilizada en el veh\u00edculo, con el objetivo de ahorrar dinero, aumentar la productividad y mejorar la rentabilidad. Con su velocidad y avance variables, proporciona cortes suaves y acabados excelentes. El sistema \"Configurar y Olvidar\" permite una configuraci\u00f3n f\u00e1cil y operaci\u00f3n sin intervenci\u00f3n manual. Los t\u00e9cnicos apreciar\u00e1n los beneficios en t\u00e9rminos de seguridad, ya que no es necesario levantar piezas pesadas durante el mantenimiento de los frenos. El carrito auto alineable con amortiguadores de gas pivotantes garantiza una correspondencia perfecta entre el cubo y el torno, facilitando la configuraci\u00f3n. Es la soluci\u00f3n perfecta para tornear discos de freno en camiones, autobuses y veh\u00edculos comerciales ligeros sin quitar el disco de freno del cubo de la rueda. Con avance controlado electr\u00f3nicamente ajustable y torneado preciso en una sola operaci\u00f3n, RotorMate\u2122 ofrece un reacondicionamiento eficiente y de alta calidad.<\/p>","protected":false},"excerpt":{"rendered":"<p><img fetchpriority=\"high\" decoding=\"async\" class=\"wp-image-1274 alignright\" src=\"https:\/\/allmamates.com\/wp-content\/uploads\/2024\/02\/IMG_5865-300x210.png\" alt=\"\" width=\"361\" height=\"253\" srcset=\"https:\/\/allmamates.com\/wp-content\/uploads\/2024\/02\/IMG_5865-300x210.png 300w, https:\/\/allmamates.com\/wp-content\/uploads\/2024\/02\/IMG_5865-600x421.png 600w, https:\/\/allmamates.com\/wp-content\/uploads\/2024\/02\/IMG_5865-1024x718.png 1024w, https:\/\/allmamates.com\/wp-content\/uploads\/2024\/02\/IMG_5865-768x538.png 768w, https:\/\/allmamates.com\/wp-content\/uploads\/2024\/02\/IMG_5865-1536x1077.png 1536w, https:\/\/allmamates.com\/wp-content\/uploads\/2024\/02\/IMG_5865-2048x1436.png 2048w\" sizes=\"(max-width: 361px) 100vw, 361px\" \/><\/p>\n<ul>\n<li>Ahorra miles de d\u00f3lares en costos<\/li>\n<li>Aumenta la productividad y la rentabilidad<\/li>\n<li>Cortes suaves y acabados excelentes<\/li>\n<li>Configuraci\u00f3n f\u00e1cil con el sistema \"Configurar y Olvidar\"<\/li>\n<li>No es necesario levantar piezas pesadas para los t\u00e9cnicos<\/li>\n<li>Carrito auto alineable con amortiguadores de gas pivotantes para una correspondencia perfecta<\/li>\n<li>Dise\u00f1ado para tornear f\u00e1cil y r\u00e1pidamente discos de freno en diversos veh\u00edculos<\/li>\n<li>Avance controlado electr\u00f3nicamente ajustable para un acabado de superficie \u00f3ptimo<\/li>\n<li>Torneado preciso de ambos lados del disco de freno en una sola operaci\u00f3n<\/li>\n<\/ul>","protected":false},"featured_media":1644,"comment_status":"open","ping_status":"closed","template":"","meta":{"site-sidebar-layout":"default","site-content-layout":"","ast-site-content-layout":"default","site-content-style":"default","site-sidebar-style":"default","ast-global-header-display":"","ast-banner-title-visibility":"","ast-main-header-display":"","ast-hfb-above-header-display":"","ast-hfb-below-header-display":"","ast-hfb-mobile-header-display":"","site-post-title":"","ast-breadcrumbs-content":"","ast-featured-img":"","footer-sml-layout":"","theme-transparent-header-meta":"default","adv-header-id-meta":"","stick-header-meta":"","header-above-stick-meta":"","header-main-stick-meta":"","header-below-stick-meta":"","astra-migrate-meta-layouts":"set","ast-page-background-enabled":"default","ast-page-background-meta":{"desktop":{"background-color":"var(--ast-global-color-4)","background-image":"","background-repeat":"repeat","background-position":"center center","background-size":"auto","background-attachment":"scroll","background-type":"","background-media":"","overlay-type":"","overlay-color":"","overlay-gradient":""},"tablet":{"background-color":"","background-image":"","background-repeat":"repeat","background-position":"center center","background-size":"auto","background-attachment":"scroll","background-type":"","background-media":"","overlay-type":"","overlay-color":"","overlay-gradient":""},"mobile":{"background-color":"","background-image":"","background-repeat":"repeat","background-position":"center center","background-size":"auto","background-attachment":"scroll","background-type":"","background-media":"","overlay-type":"","overlay-color":"","overlay-gradient":""}},"ast-content-background-meta":{"desktop":{"background-color":"var(--ast-global-color-5)","background-image":"","background-repeat":"repeat","background-position":"center center","background-size":"auto","background-attachment":"scroll","background-type":"","background-media":"","overlay-type":"","overlay-color":"","overlay-gradient":""},"tablet":{"background-color":"var(--ast-global-color-5)","background-image":"","background-repeat":"repeat","background-position":"center center","background-size":"auto","background-attachment":"scroll","background-type":"","background-media":"","overlay-type":"","overlay-color":"","overlay-gradient":""},"mobile":{"background-color":"var(--ast-global-color-5)","background-image":"","background-repeat":"repeat","background-position":"center center","background-size":"auto","background-attachment":"scroll","background-type":"","background-media":"","overlay-type":"","overlay-color":"","overlay-gradient":""}}},"product_brand":[],"product_cat":[19],"product_tag":[],"class_list":{"0":"post-358","1":"product","2":"type-product","3":"status-publish","4":"has-post-thumbnail","6":"product_cat-uncategorized","7":"desktop-align-left","8":"tablet-align-left","9":"mobile-align-left","11":"first","12":"instock","13":"shipping-taxable","14":"product-type-simple"},"yoast_head":"<!-- This site is optimized with the Yoast SEO plugin v27.2 - https:\/\/yoast.com\/product\/yoast-seo-wordpress\/ -->\n<title>RotorMate Price and Heavy-Duty Truck Brake Tools | All Ma Mates\u00ae<\/title>\n<meta name=\"description\" content=\"RotorMate heavy-duty truck brake tools with competitive pricing. All Ma Mates\u00ae supports professional workshops and fleet servicing.\" \/>\n<meta name=\"robots\" content=\"index, follow, max-snippet:-1, max-image-preview:large, max-video-preview:-1\" \/>\n<link rel=\"canonical\" href=\"https:\/\/allmamates.com\/es\/producto\/rotormate\/\" \/>\n<meta property=\"og:locale\" content=\"es_ES\" \/>\n<meta property=\"og:type\" content=\"article\" \/>\n<meta property=\"og:title\" content=\"RotorMate Price and Heavy-Duty Truck Brake Tools | All Ma Mates\u00ae\" \/>\n<meta property=\"og:description\" content=\"RotorMate heavy-duty truck brake tools with competitive pricing. All Ma Mates\u00ae supports professional workshops and fleet servicing.\" \/>\n<meta property=\"og:url\" content=\"https:\/\/allmamates.com\/es\/producto\/rotormate\/\" \/>\n<meta property=\"og:site_name\" content=\"All Ma Mates\u00ae\" \/>\n<meta property=\"article:modified_time\" content=\"2026-01-30T21:08:18+00:00\" \/>\n<meta property=\"og:image\" content=\"https:\/\/allmamates.com\/wp-content\/uploads\/2024\/02\/Square-PNGS-26.png\" \/>\n\t<meta property=\"og:image:width\" content=\"1080\" \/>\n\t<meta property=\"og:image:height\" content=\"1080\" \/>\n\t<meta property=\"og:image:type\" content=\"image\/png\" \/>\n<meta name=\"twitter:card\" content=\"summary_large_image\" \/>\n<meta name=\"twitter:label1\" content=\"Tiempo de lectura\" \/>\n\t<meta name=\"twitter:data1\" content=\"1 minuto\" \/>\n<script type=\"application\/ld+json\" class=\"yoast-schema-graph\">{\"@context\":\"https:\/\/schema.org\",\"@graph\":[{\"@type\":\"WebPage\",\"@id\":\"https:\/\/allmamates.com\/product\/rotormate\/\",\"url\":\"https:\/\/allmamates.com\/product\/rotormate\/\",\"name\":\"RotorMate Price and Heavy-Duty Truck Brake Tools | All Ma Mates\u00ae\",\"isPartOf\":{\"@id\":\"https:\/\/allmamates.com\/#website\"},\"primaryImageOfPage\":{\"@id\":\"https:\/\/allmamates.com\/product\/rotormate\/#primaryimage\"},\"image\":{\"@id\":\"https:\/\/allmamates.com\/product\/rotormate\/#primaryimage\"},\"thumbnailUrl\":\"https:\/\/allmamates.com\/wp-content\/uploads\/2024\/02\/Square-PNGS-26.png\",\"datePublished\":\"2024-02-03T06:27:18+00:00\",\"dateModified\":\"2026-01-30T21:08:18+00:00\",\"description\":\"RotorMate heavy-duty truck brake tools with competitive pricing. All Ma Mates\u00ae supports professional workshops and fleet servicing.\",\"breadcrumb\":{\"@id\":\"https:\/\/allmamates.com\/product\/rotormate\/#breadcrumb\"},\"inLanguage\":\"es\",\"potentialAction\":[{\"@type\":\"ReadAction\",\"target\":[\"https:\/\/allmamates.com\/product\/rotormate\/\"]}]},{\"@type\":\"ImageObject\",\"inLanguage\":\"es\",\"@id\":\"https:\/\/allmamates.com\/product\/rotormate\/#primaryimage\",\"url\":\"https:\/\/allmamates.com\/wp-content\/uploads\/2024\/02\/Square-PNGS-26.png\",\"contentUrl\":\"https:\/\/allmamates.com\/wp-content\/uploads\/2024\/02\/Square-PNGS-26.png\",\"width\":1080,\"height\":1080},{\"@type\":\"BreadcrumbList\",\"@id\":\"https:\/\/allmamates.com\/product\/rotormate\/#breadcrumb\",\"itemListElement\":[{\"@type\":\"ListItem\",\"position\":1,\"name\":\"Home\",\"item\":\"https:\/\/allmamates.com\/\"},{\"@type\":\"ListItem\",\"position\":2,\"name\":\"Products\",\"item\":\"https:\/\/allmamates.com\/shop\/\"},{\"@type\":\"ListItem\",\"position\":3,\"name\":\"RotorMate\u2122\"}]},{\"@type\":\"WebSite\",\"@id\":\"https:\/\/allmamates.com\/#website\",\"url\":\"https:\/\/allmamates.com\/\",\"name\":\"All Ma Mates\u00ae\",\"description\":\"Your wheel end tool equipment supplier.\",\"publisher\":{\"@id\":\"https:\/\/allmamates.com\/#organization\"},\"potentialAction\":[{\"@type\":\"SearchAction\",\"target\":{\"@type\":\"EntryPoint\",\"urlTemplate\":\"https:\/\/allmamates.com\/?s={search_term_string}\"},\"query-input\":{\"@type\":\"PropertyValueSpecification\",\"valueRequired\":true,\"valueName\":\"search_term_string\"}}],\"inLanguage\":\"es\"},{\"@type\":\"Organization\",\"@id\":\"https:\/\/allmamates.com\/#organization\",\"name\":\"All Ma Mates\u00ae\",\"url\":\"https:\/\/allmamates.com\/\",\"logo\":{\"@type\":\"ImageObject\",\"inLanguage\":\"es\",\"@id\":\"https:\/\/allmamates.com\/#\/schema\/logo\/image\/\",\"url\":\"https:\/\/allmamates.com\/wp-content\/uploads\/2024\/02\/a.png\",\"contentUrl\":\"https:\/\/allmamates.com\/wp-content\/uploads\/2024\/02\/a.png\",\"width\":847,\"height\":434,\"caption\":\"All Ma Mates\u00ae\"},\"image\":{\"@id\":\"https:\/\/allmamates.com\/#\/schema\/logo\/image\/\"}}]}<\/script>\n<!-- \/ Yoast SEO plugin. -->","yoast_head_json":{"title":"RotorMate Price and Heavy-Duty Truck Brake Tools | All Ma Mates\u00ae","description":"RotorMate heavy-duty truck brake tools with competitive pricing. All Ma Mates\u00ae supports professional workshops and fleet servicing.","robots":{"index":"index","follow":"follow","max-snippet":"max-snippet:-1","max-image-preview":"max-image-preview:large","max-video-preview":"max-video-preview:-1"},"canonical":"https:\/\/allmamates.com\/es\/producto\/rotormate\/","og_locale":"es_ES","og_type":"article","og_title":"RotorMate Price and Heavy-Duty Truck Brake Tools | All Ma Mates\u00ae","og_description":"RotorMate heavy-duty truck brake tools with competitive pricing. All Ma Mates\u00ae supports professional workshops and fleet servicing.","og_url":"https:\/\/allmamates.com\/es\/producto\/rotormate\/","og_site_name":"All Ma Mates\u00ae","article_modified_time":"2026-01-30T21:08:18+00:00","og_image":[{"width":1080,"height":1080,"url":"https:\/\/allmamates.com\/wp-content\/uploads\/2024\/02\/Square-PNGS-26.png","type":"image\/png"}],"twitter_card":"summary_large_image","twitter_misc":{"Tiempo de lectura":"1 minuto"},"schema":{"@context":"https:\/\/schema.org","@graph":[{"@type":"WebPage","@id":"https:\/\/allmamates.com\/product\/rotormate\/","url":"https:\/\/allmamates.com\/product\/rotormate\/","name":"RotorMate Price and Heavy-Duty Truck Brake Tools | All Ma Mates\u00ae","isPartOf":{"@id":"https:\/\/allmamates.com\/#website"},"primaryImageOfPage":{"@id":"https:\/\/allmamates.com\/product\/rotormate\/#primaryimage"},"image":{"@id":"https:\/\/allmamates.com\/product\/rotormate\/#primaryimage"},"thumbnailUrl":"https:\/\/allmamates.com\/wp-content\/uploads\/2024\/02\/Square-PNGS-26.png","datePublished":"2024-02-03T06:27:18+00:00","dateModified":"2026-01-30T21:08:18+00:00","description":"RotorMate heavy-duty truck brake tools with competitive pricing. All Ma Mates\u00ae supports professional workshops and fleet servicing.","breadcrumb":{"@id":"https:\/\/allmamates.com\/product\/rotormate\/#breadcrumb"},"inLanguage":"es","potentialAction":[{"@type":"ReadAction","target":["https:\/\/allmamates.com\/product\/rotormate\/"]}]},{"@type":"ImageObject","inLanguage":"es","@id":"https:\/\/allmamates.com\/product\/rotormate\/#primaryimage","url":"https:\/\/allmamates.com\/wp-content\/uploads\/2024\/02\/Square-PNGS-26.png","contentUrl":"https:\/\/allmamates.com\/wp-content\/uploads\/2024\/02\/Square-PNGS-26.png","width":1080,"height":1080},{"@type":"BreadcrumbList","@id":"https:\/\/allmamates.com\/product\/rotormate\/#breadcrumb","itemListElement":[{"@type":"ListItem","position":1,"name":"Home","item":"https:\/\/allmamates.com\/"},{"@type":"ListItem","position":2,"name":"Products","item":"https:\/\/allmamates.com\/shop\/"},{"@type":"ListItem","position":3,"name":"RotorMate\u2122"}]},{"@type":"WebSite","@id":"https:\/\/allmamates.com\/#website","url":"https:\/\/allmamates.com\/","name":"All Ma Mates\u00ae","description":"Your wheel end tool equipment supplier.","publisher":{"@id":"https:\/\/allmamates.com\/#organization"},"potentialAction":[{"@type":"SearchAction","target":{"@type":"EntryPoint","urlTemplate":"https:\/\/allmamates.com\/?s={search_term_string}"},"query-input":{"@type":"PropertyValueSpecification","valueRequired":true,"valueName":"search_term_string"}}],"inLanguage":"es"},{"@type":"Organization","@id":"https:\/\/allmamates.com\/#organization","name":"All Ma Mates\u00ae","url":"https:\/\/allmamates.com\/","logo":{"@type":"ImageObject","inLanguage":"es","@id":"https:\/\/allmamates.com\/#\/schema\/logo\/image\/","url":"https:\/\/allmamates.com\/wp-content\/uploads\/2024\/02\/a.png","contentUrl":"https:\/\/allmamates.com\/wp-content\/uploads\/2024\/02\/a.png","width":847,"height":434,"caption":"All Ma Mates\u00ae"},"image":{"@id":"https:\/\/allmamates.com\/#\/schema\/logo\/image\/"}}]}},"_links":{"self":[{"href":"https:\/\/allmamates.com\/es\/wp-json\/wp\/v2\/product\/358","targetHints":{"allow":["GET"]}}],"collection":[{"href":"https:\/\/allmamates.com\/es\/wp-json\/wp\/v2\/product"}],"about":[{"href":"https:\/\/allmamates.com\/es\/wp-json\/wp\/v2\/types\/product"}],"replies":[{"embeddable":true,"href":"https:\/\/allmamates.com\/es\/wp-json\/wp\/v2\/comments?post=358"}],"wp:featuredmedia":[{"embeddable":true,"href":"https:\/\/allmamates.com\/es\/wp-json\/wp\/v2\/media\/1644"}],"wp:attachment":[{"href":"https:\/\/allmamates.com\/es\/wp-json\/wp\/v2\/media?parent=358"}],"wp:term":[{"taxonomy":"product_brand","embeddable":true,"href":"https:\/\/allmamates.com\/es\/wp-json\/wp\/v2\/product_brand?post=358"},{"taxonomy":"product_cat","embeddable":true,"href":"https:\/\/allmamates.com\/es\/wp-json\/wp\/v2\/product_cat?post=358"},{"taxonomy":"product_tag","embeddable":true,"href":"https:\/\/allmamates.com\/es\/wp-json\/wp\/v2\/product_tag?post=358"}],"curies":[{"name":"wp","href":"https:\/\/api.w.org\/{rel}","templated":true}]}}