{"id":1919,"date":"2024-04-16T00:07:28","date_gmt":"2024-04-16T00:07:28","guid":{"rendered":"https:\/\/allmamates.com\/?post_type=product&#038;p=1919"},"modified":"2024-05-18T04:40:23","modified_gmt":"2024-05-18T04:40:23","slug":"32t-universal-basic-set","status":"publish","type":"product","link":"https:\/\/allmamates.com\/es\/producto\/32t-universal-basic-set\/","title":{"rendered":"Kit Universal 32T"},"content":{"rendered":"<p>Kit b\u00e1sico universal de 32 Tons junto con la Herramienta Multifuncional de Cilindro. Este kit de herramientas cuenta con todo lo necesario para hacer frente a los desaf\u00edos de reparaci\u00f3n m\u00e1s comunes en mantenimiento de autobuses, camiones y remolques. Facilita el trabajo de presionar juntas de r\u00f3tula, pasadores c\u00f3nicos, reguladores de holgura, pernos de rueda, desmontar juntas de direcci\u00f3n, quitar bujes atascados y muchas otras aplicaciones. El kit incluye nuestra herramienta de bloqueo de anillos con tres pares diferentes de cabeza. Adjunta tu trinquete y observa c\u00f3mo se eliminan r\u00e1pidamente los anillos de bloqueo. Nuestro kit de herramientas hace el trabajo mucho m\u00e1s simple, seguro y genera un ahorro en tiempo. Ideal para talleres que est\u00e1n cansados de desarrollar diferentes t\u00e9cnicas y formas para quitar componentes o partes atascadas. Los mec\u00e1nicos te lo agradecer\u00e1n ya que las piezas atascadas son la principal causa de frustraci\u00f3n en los talleres. Fabricado en Suecia. Producto: TBE112.<\/p>","protected":false},"excerpt":{"rendered":"<ul>\n<li>Presiona eficientemente las juntas de r\u00f3tula y los reguladores de holgura en camiones, autobuses y remolques.<\/li>\n<li>Extrae y coloca f\u00e1cilmente pernos de rueda.<\/li>\n<li>Desmonta y ajusta suavemente los pernos de rueda gracias a su dise\u00f1o flexible.<\/li>\n<li>Dos anillos de distancia proporcionan diversas opciones de ajuste de altura.<\/li>\n<li>La herramienta de yunque tiene dos tama\u00f1os de apertura diferentes (42 mm y 57 mm) para mayor versatilidad.<\/li>\n<li>Las herramientas pueden ser reposicionadas en el cilindro para acceder en espacios reducidos.<\/li>\n<li>Quita f\u00e1cilmente pasadores c\u00f3nicos y tradicionales.<\/li>\n<li>Permite martillar para crear vibraci\u00f3n con el cilindro de 32 Tons y los accesorios.<\/li>\n<li>Incluye 6 adaptadores de placa de prensa.<\/li>\n<li>Funciona perfectamente con nuestra bomba hidr\u00e1ulica de 10,000 PSI modelo TBE110, o TBE111.<\/li>\n<\/ul>","protected":false},"featured_media":1922,"comment_status":"open","ping_status":"closed","template":"","meta":{"site-sidebar-layout":"default","site-content-layout":"","ast-site-content-layout":"default","site-content-style":"default","site-sidebar-style":"default","ast-global-header-display":"","ast-banner-title-visibility":"","ast-main-header-display":"","ast-hfb-above-header-display":"","ast-hfb-below-header-display":"","ast-hfb-mobile-header-display":"","site-post-title":"","ast-breadcrumbs-content":"","ast-featured-img":"","footer-sml-layout":"","theme-transparent-header-meta":"default","adv-header-id-meta":"","stick-header-meta":"","header-above-stick-meta":"","header-main-stick-meta":"","header-below-stick-meta":"","astra-migrate-meta-layouts":"set","ast-page-background-enabled":"default","ast-page-background-meta":{"desktop":{"background-color":"var(--ast-global-color-4)","background-image":"","background-repeat":"repeat","background-position":"center center","background-size":"auto","background-attachment":"scroll","background-type":"","background-media":"","overlay-type":"","overlay-color":"","overlay-gradient":""},"tablet":{"background-color":"","background-image":"","background-repeat":"repeat","background-position":"center center","background-size":"auto","background-attachment":"scroll","background-type":"","background-media":"","overlay-type":"","overlay-color":"","overlay-gradient":""},"mobile":{"background-color":"","background-image":"","background-repeat":"repeat","background-position":"center center","background-size":"auto","background-attachment":"scroll","background-type":"","background-media":"","overlay-type":"","overlay-color":"","overlay-gradient":""}},"ast-content-background-meta":{"desktop":{"background-color":"var(--ast-global-color-5)","background-image":"","background-repeat":"repeat","background-position":"center center","background-size":"auto","background-attachment":"scroll","background-type":"","background-media":"","overlay-type":"","overlay-color":"","overlay-gradient":""},"tablet":{"background-color":"var(--ast-global-color-5)","background-image":"","background-repeat":"repeat","background-position":"center center","background-size":"auto","background-attachment":"scroll","background-type":"","background-media":"","overlay-type":"","overlay-color":"","overlay-gradient":""},"mobile":{"background-color":"var(--ast-global-color-5)","background-image":"","background-repeat":"repeat","background-position":"center center","background-size":"auto","background-attachment":"scroll","background-type":"","background-media":"","overlay-type":"","overlay-color":"","overlay-gradient":""}}},"product_brand":[],"product_cat":[22,23],"product_tag":[],"class_list":{"0":"post-1919","1":"product","2":"type-product","3":"status-publish","4":"has-post-thumbnail","6":"product_cat-new-products","7":"product_cat-tool-box-essentials","8":"desktop-align-left","9":"tablet-align-left","10":"mobile-align-left","12":"first","13":"instock","14":"shipping-taxable","15":"product-type-simple"},"yoast_head":"<!-- This site is optimized with the Yoast SEO plugin v27.2 - https:\/\/yoast.com\/product\/yoast-seo-wordpress\/ -->\n<title>32T Universal Basic Set - All Ma Mates\u00ae<\/title>\n<meta name=\"robots\" content=\"index, follow, max-snippet:-1, max-image-preview:large, max-video-preview:-1\" \/>\n<link rel=\"canonical\" href=\"https:\/\/allmamates.com\/es\/producto\/32t-universal-basic-set\/\" \/>\n<meta property=\"og:locale\" content=\"es_ES\" \/>\n<meta property=\"og:type\" content=\"article\" \/>\n<meta property=\"og:title\" content=\"32T Universal Basic Set - All Ma Mates\u00ae\" \/>\n<meta property=\"og:description\" content=\"Efficiently presses out ball joints and slack adjusters on trucks, buses, and trailers.  Pulls off and easily inserts wheel studs  Smoothly dismantles and fits wheel bolts, thanks to its flexible design.  Two distance rings provide for various height adjustment options.  The anvil tool has two different opening sizes (42mm and 57mm) for versatility.  The tools can be repositioned on the cylinder for access in tight spaces.  Easily removes conical and traditional kingpins.  Allows for hammering to create a vibration with the 32T cylinder and accessories.  6 press plate adapters included.  Works perfectly with our 10,000PSI hydraulic pump model TBE110, or TBE111.\" \/>\n<meta property=\"og:url\" content=\"https:\/\/allmamates.com\/es\/producto\/32t-universal-basic-set\/\" \/>\n<meta property=\"og:site_name\" content=\"All Ma Mates\u00ae\" \/>\n<meta property=\"article:modified_time\" content=\"2024-05-18T04:40:23+00:00\" \/>\n<meta property=\"og:image\" content=\"https:\/\/allmamates.com\/wp-content\/uploads\/2024\/04\/64.png\" \/>\n\t<meta property=\"og:image:width\" content=\"1080\" \/>\n\t<meta property=\"og:image:height\" content=\"1080\" \/>\n\t<meta property=\"og:image:type\" content=\"image\/png\" \/>\n<meta name=\"twitter:card\" content=\"summary_large_image\" \/>\n<meta name=\"twitter:label1\" content=\"Tiempo de lectura\" \/>\n\t<meta name=\"twitter:data1\" content=\"1 minuto\" \/>\n<script type=\"application\/ld+json\" class=\"yoast-schema-graph\">{\"@context\":\"https:\/\/schema.org\",\"@graph\":[{\"@type\":\"WebPage\",\"@id\":\"https:\/\/allmamates.com\/product\/32t-universal-basic-set\/\",\"url\":\"https:\/\/allmamates.com\/product\/32t-universal-basic-set\/\",\"name\":\"32T Universal Basic Set - All Ma Mates\u00ae\",\"isPartOf\":{\"@id\":\"https:\/\/allmamates.com\/#website\"},\"primaryImageOfPage\":{\"@id\":\"https:\/\/allmamates.com\/product\/32t-universal-basic-set\/#primaryimage\"},\"image\":{\"@id\":\"https:\/\/allmamates.com\/product\/32t-universal-basic-set\/#primaryimage\"},\"thumbnailUrl\":\"https:\/\/allmamates.com\/wp-content\/uploads\/2024\/04\/64.png\",\"datePublished\":\"2024-04-16T00:07:28+00:00\",\"dateModified\":\"2024-05-18T04:40:23+00:00\",\"breadcrumb\":{\"@id\":\"https:\/\/allmamates.com\/product\/32t-universal-basic-set\/#breadcrumb\"},\"inLanguage\":\"es\",\"potentialAction\":[{\"@type\":\"ReadAction\",\"target\":[\"https:\/\/allmamates.com\/product\/32t-universal-basic-set\/\"]}]},{\"@type\":\"ImageObject\",\"inLanguage\":\"es\",\"@id\":\"https:\/\/allmamates.com\/product\/32t-universal-basic-set\/#primaryimage\",\"url\":\"https:\/\/allmamates.com\/wp-content\/uploads\/2024\/04\/64.png\",\"contentUrl\":\"https:\/\/allmamates.com\/wp-content\/uploads\/2024\/04\/64.png\",\"width\":1080,\"height\":1080},{\"@type\":\"BreadcrumbList\",\"@id\":\"https:\/\/allmamates.com\/product\/32t-universal-basic-set\/#breadcrumb\",\"itemListElement\":[{\"@type\":\"ListItem\",\"position\":1,\"name\":\"Home\",\"item\":\"https:\/\/allmamates.com\/\"},{\"@type\":\"ListItem\",\"position\":2,\"name\":\"Products\",\"item\":\"https:\/\/allmamates.com\/shop\/\"},{\"@type\":\"ListItem\",\"position\":3,\"name\":\"32T Universal Basic Set\"}]},{\"@type\":\"WebSite\",\"@id\":\"https:\/\/allmamates.com\/#website\",\"url\":\"https:\/\/allmamates.com\/\",\"name\":\"All Ma Mates\u00ae\",\"description\":\"Your wheel end tool equipment supplier.\",\"publisher\":{\"@id\":\"https:\/\/allmamates.com\/#organization\"},\"potentialAction\":[{\"@type\":\"SearchAction\",\"target\":{\"@type\":\"EntryPoint\",\"urlTemplate\":\"https:\/\/allmamates.com\/?s={search_term_string}\"},\"query-input\":{\"@type\":\"PropertyValueSpecification\",\"valueRequired\":true,\"valueName\":\"search_term_string\"}}],\"inLanguage\":\"es\"},{\"@type\":\"Organization\",\"@id\":\"https:\/\/allmamates.com\/#organization\",\"name\":\"All Ma Mates\u00ae\",\"url\":\"https:\/\/allmamates.com\/\",\"logo\":{\"@type\":\"ImageObject\",\"inLanguage\":\"es\",\"@id\":\"https:\/\/allmamates.com\/#\/schema\/logo\/image\/\",\"url\":\"https:\/\/allmamates.com\/wp-content\/uploads\/2024\/02\/a.png\",\"contentUrl\":\"https:\/\/allmamates.com\/wp-content\/uploads\/2024\/02\/a.png\",\"width\":847,\"height\":434,\"caption\":\"All Ma Mates\u00ae\"},\"image\":{\"@id\":\"https:\/\/allmamates.com\/#\/schema\/logo\/image\/\"}}]}<\/script>\n<!-- \/ Yoast SEO plugin. -->","yoast_head_json":{"title":"32T Universal Basic Set - All Ma Mates\u00ae","robots":{"index":"index","follow":"follow","max-snippet":"max-snippet:-1","max-image-preview":"max-image-preview:large","max-video-preview":"max-video-preview:-1"},"canonical":"https:\/\/allmamates.com\/es\/producto\/32t-universal-basic-set\/","og_locale":"es_ES","og_type":"article","og_title":"32T Universal Basic Set - All Ma Mates\u00ae","og_description":"Efficiently presses out ball joints and slack adjusters on trucks, buses, and trailers.  Pulls off and easily inserts wheel studs  Smoothly dismantles and fits wheel bolts, thanks to its flexible design.  Two distance rings provide for various height adjustment options.  The anvil tool has two different opening sizes (42mm and 57mm) for versatility.  The tools can be repositioned on the cylinder for access in tight spaces.  Easily removes conical and traditional kingpins.  Allows for hammering to create a vibration with the 32T cylinder and accessories.  6 press plate adapters included.  Works perfectly with our 10,000PSI hydraulic pump model TBE110, or TBE111.","og_url":"https:\/\/allmamates.com\/es\/producto\/32t-universal-basic-set\/","og_site_name":"All Ma Mates\u00ae","article_modified_time":"2024-05-18T04:40:23+00:00","og_image":[{"width":1080,"height":1080,"url":"https:\/\/allmamates.com\/wp-content\/uploads\/2024\/04\/64.png","type":"image\/png"}],"twitter_card":"summary_large_image","twitter_misc":{"Tiempo de lectura":"1 minuto"},"schema":{"@context":"https:\/\/schema.org","@graph":[{"@type":"WebPage","@id":"https:\/\/allmamates.com\/product\/32t-universal-basic-set\/","url":"https:\/\/allmamates.com\/product\/32t-universal-basic-set\/","name":"32T Universal Basic Set - All Ma Mates\u00ae","isPartOf":{"@id":"https:\/\/allmamates.com\/#website"},"primaryImageOfPage":{"@id":"https:\/\/allmamates.com\/product\/32t-universal-basic-set\/#primaryimage"},"image":{"@id":"https:\/\/allmamates.com\/product\/32t-universal-basic-set\/#primaryimage"},"thumbnailUrl":"https:\/\/allmamates.com\/wp-content\/uploads\/2024\/04\/64.png","datePublished":"2024-04-16T00:07:28+00:00","dateModified":"2024-05-18T04:40:23+00:00","breadcrumb":{"@id":"https:\/\/allmamates.com\/product\/32t-universal-basic-set\/#breadcrumb"},"inLanguage":"es","potentialAction":[{"@type":"ReadAction","target":["https:\/\/allmamates.com\/product\/32t-universal-basic-set\/"]}]},{"@type":"ImageObject","inLanguage":"es","@id":"https:\/\/allmamates.com\/product\/32t-universal-basic-set\/#primaryimage","url":"https:\/\/allmamates.com\/wp-content\/uploads\/2024\/04\/64.png","contentUrl":"https:\/\/allmamates.com\/wp-content\/uploads\/2024\/04\/64.png","width":1080,"height":1080},{"@type":"BreadcrumbList","@id":"https:\/\/allmamates.com\/product\/32t-universal-basic-set\/#breadcrumb","itemListElement":[{"@type":"ListItem","position":1,"name":"Home","item":"https:\/\/allmamates.com\/"},{"@type":"ListItem","position":2,"name":"Products","item":"https:\/\/allmamates.com\/shop\/"},{"@type":"ListItem","position":3,"name":"32T Universal Basic Set"}]},{"@type":"WebSite","@id":"https:\/\/allmamates.com\/#website","url":"https:\/\/allmamates.com\/","name":"All Ma Mates\u00ae","description":"Your wheel end tool equipment supplier.","publisher":{"@id":"https:\/\/allmamates.com\/#organization"},"potentialAction":[{"@type":"SearchAction","target":{"@type":"EntryPoint","urlTemplate":"https:\/\/allmamates.com\/?s={search_term_string}"},"query-input":{"@type":"PropertyValueSpecification","valueRequired":true,"valueName":"search_term_string"}}],"inLanguage":"es"},{"@type":"Organization","@id":"https:\/\/allmamates.com\/#organization","name":"All Ma Mates\u00ae","url":"https:\/\/allmamates.com\/","logo":{"@type":"ImageObject","inLanguage":"es","@id":"https:\/\/allmamates.com\/#\/schema\/logo\/image\/","url":"https:\/\/allmamates.com\/wp-content\/uploads\/2024\/02\/a.png","contentUrl":"https:\/\/allmamates.com\/wp-content\/uploads\/2024\/02\/a.png","width":847,"height":434,"caption":"All Ma Mates\u00ae"},"image":{"@id":"https:\/\/allmamates.com\/#\/schema\/logo\/image\/"}}]}},"_links":{"self":[{"href":"https:\/\/allmamates.com\/es\/wp-json\/wp\/v2\/product\/1919","targetHints":{"allow":["GET"]}}],"collection":[{"href":"https:\/\/allmamates.com\/es\/wp-json\/wp\/v2\/product"}],"about":[{"href":"https:\/\/allmamates.com\/es\/wp-json\/wp\/v2\/types\/product"}],"replies":[{"embeddable":true,"href":"https:\/\/allmamates.com\/es\/wp-json\/wp\/v2\/comments?post=1919"}],"wp:featuredmedia":[{"embeddable":true,"href":"https:\/\/allmamates.com\/es\/wp-json\/wp\/v2\/media\/1922"}],"wp:attachment":[{"href":"https:\/\/allmamates.com\/es\/wp-json\/wp\/v2\/media?parent=1919"}],"wp:term":[{"taxonomy":"product_brand","embeddable":true,"href":"https:\/\/allmamates.com\/es\/wp-json\/wp\/v2\/product_brand?post=1919"},{"taxonomy":"product_cat","embeddable":true,"href":"https:\/\/allmamates.com\/es\/wp-json\/wp\/v2\/product_cat?post=1919"},{"taxonomy":"product_tag","embeddable":true,"href":"https:\/\/allmamates.com\/es\/wp-json\/wp\/v2\/product_tag?post=1919"}],"curies":[{"name":"wp","href":"https:\/\/api.w.org\/{rel}","templated":true}]}}