{"id":1912,"date":"2024-04-13T02:35:00","date_gmt":"2024-04-13T02:35:00","guid":{"rendered":"https:\/\/allmamates.com\/?post_type=product&#038;p=1912"},"modified":"2026-01-30T21:30:15","modified_gmt":"2026-01-30T21:30:15","slug":"multifunction-cylinder-tool","status":"publish","type":"product","link":"https:\/\/allmamates.com\/es\/producto\/multifunction-cylinder-tool\/","title":{"rendered":"Herramienta Cil\u00edndrica Hidr\u00e1ulica"},"content":{"rendered":"<p>Esta herramienta est\u00e1 dise\u00f1ada espec\u00edficamente para presionar las juntas de las r\u00f3tulas, reguladores de holgura y pernos de rueda en camiones, autobuses y remolques. La herramienta de prensado se puede girar para permitir aplicaciones de altura diferentes. La herramienta de yunque tiene una apertura de 42 y 57 mm. Adem\u00e1s, dicha herramienta puede cambiar de posici\u00f3n en el cilindro para un acceso superior en espacios reducidos como barras estabilizadoras o juntas de direcci\u00f3n ocultas en autobuses, etc. El cilindro hidr\u00e1ulico presiona hasta 8.8 toneladas para una extracci\u00f3n f\u00e1cil, segura y suave. Se utiliza con una bomba hidr\u00e1ulica de 10,000 PSI TBE110, o TBE111. Fabricado en Suecia. Producto: TBE107.<\/p>\n<div id=\"gtx-trans\" style=\"position: absolute; left: 2px; top: 46px;\">\n<div class=\"gtx-trans-icon\"><\/div>\n<\/div>","protected":false},"excerpt":{"rendered":"<ul>\n<li>Presiona eficientemente las juntas de r\u00f3tula y los reguladores de holgura en camiones, autobuses y remolques.<\/li>\n<li>Extrae y coloca f\u00e1cilmente pernos de rueda.<\/li>\n<li>Desmonta y ajusta suavemente los pernos de rueda gracias a su dise\u00f1o flexible.<\/li>\n<li>Dos anillos de distancia proporcionan diversas opciones de ajuste de altura.<\/li>\n<li>La herramienta de yunque tiene dos tama\u00f1os de apertura diferentes (42 mm y 57 mm) para mayor versatilidad.<\/li>\n<li>Las herramientas pueden ser reposicionadas en el cilindro para acceder en espacios reducidos.<\/li>\n<li>El cilindro hidr\u00e1ulico puede presionar hasta 8.8 toneladas, asegurando una extracci\u00f3n f\u00e1cil, segura y suave de los componentes atascados.<\/li>\n<li>Viene con un cinto de seguridad para evitar que la herramienta se caiga durante el trabajo.<\/li>\n<li>Funciona perfectamente con una bomba hidr\u00e1ulica de 10,000 PSI modelo TBE110, o TBE111.<\/li>\n<\/ul>\n<p>https:\/\/youtu.be\/Szk53Uvs8q4?feature=shared<\/p>","protected":false},"featured_media":1913,"comment_status":"open","ping_status":"closed","template":"","meta":{"site-sidebar-layout":"default","site-content-layout":"","ast-site-content-layout":"default","site-content-style":"default","site-sidebar-style":"default","ast-global-header-display":"","ast-banner-title-visibility":"","ast-main-header-display":"","ast-hfb-above-header-display":"","ast-hfb-below-header-display":"","ast-hfb-mobile-header-display":"","site-post-title":"","ast-breadcrumbs-content":"","ast-featured-img":"","footer-sml-layout":"","theme-transparent-header-meta":"default","adv-header-id-meta":"","stick-header-meta":"","header-above-stick-meta":"","header-main-stick-meta":"","header-below-stick-meta":"","astra-migrate-meta-layouts":"set","ast-page-background-enabled":"default","ast-page-background-meta":{"desktop":{"background-color":"var(--ast-global-color-4)","background-image":"","background-repeat":"repeat","background-position":"center center","background-size":"auto","background-attachment":"scroll","background-type":"","background-media":"","overlay-type":"","overlay-color":"","overlay-gradient":""},"tablet":{"background-color":"","background-image":"","background-repeat":"repeat","background-position":"center center","background-size":"auto","background-attachment":"scroll","background-type":"","background-media":"","overlay-type":"","overlay-color":"","overlay-gradient":""},"mobile":{"background-color":"","background-image":"","background-repeat":"repeat","background-position":"center center","background-size":"auto","background-attachment":"scroll","background-type":"","background-media":"","overlay-type":"","overlay-color":"","overlay-gradient":""}},"ast-content-background-meta":{"desktop":{"background-color":"var(--ast-global-color-5)","background-image":"","background-repeat":"repeat","background-position":"center center","background-size":"auto","background-attachment":"scroll","background-type":"","background-media":"","overlay-type":"","overlay-color":"","overlay-gradient":""},"tablet":{"background-color":"var(--ast-global-color-5)","background-image":"","background-repeat":"repeat","background-position":"center center","background-size":"auto","background-attachment":"scroll","background-type":"","background-media":"","overlay-type":"","overlay-color":"","overlay-gradient":""},"mobile":{"background-color":"var(--ast-global-color-5)","background-image":"","background-repeat":"repeat","background-position":"center center","background-size":"auto","background-attachment":"scroll","background-type":"","background-media":"","overlay-type":"","overlay-color":"","overlay-gradient":""}}},"product_brand":[],"product_cat":[22,23],"product_tag":[],"class_list":{"0":"post-1912","1":"product","2":"type-product","3":"status-publish","4":"has-post-thumbnail","6":"product_cat-new-products","7":"product_cat-tool-box-essentials","8":"desktop-align-left","9":"tablet-align-left","10":"mobile-align-left","12":"first","13":"instock","14":"shipping-taxable","15":"product-type-simple"},"yoast_head":"<!-- This site is optimized with the Yoast SEO plugin v27.2 - https:\/\/yoast.com\/product\/yoast-seo-wordpress\/ -->\n<title>Multifunction Cylinder Tool for Trucks &amp; Heavy Vehicles | All Ma Mates\u00ae<\/title>\n<meta name=\"description\" content=\"All Ma Mates\u00ae Ltd provides Truck Multifunction Cylinder Tools and Heavy Vehicle Multifunction Cylinder Tools for reliable, durable performance.\" \/>\n<meta name=\"robots\" content=\"index, follow, max-snippet:-1, max-image-preview:large, max-video-preview:-1\" \/>\n<link rel=\"canonical\" href=\"https:\/\/allmamates.com\/es\/producto\/multifunction-cylinder-tool\/\" \/>\n<meta property=\"og:locale\" content=\"es_ES\" \/>\n<meta property=\"og:type\" content=\"article\" \/>\n<meta property=\"og:title\" content=\"Multifunction Cylinder Tool for Trucks &amp; Heavy Vehicles | All Ma Mates\u00ae\" \/>\n<meta property=\"og:description\" content=\"All Ma Mates\u00ae Ltd provides Truck Multifunction Cylinder Tools and Heavy Vehicle Multifunction Cylinder Tools for reliable, durable performance.\" \/>\n<meta property=\"og:url\" content=\"https:\/\/allmamates.com\/es\/producto\/multifunction-cylinder-tool\/\" \/>\n<meta property=\"og:site_name\" content=\"All Ma Mates\u00ae\" \/>\n<meta property=\"article:modified_time\" content=\"2026-01-30T21:30:15+00:00\" \/>\n<meta property=\"og:image\" content=\"https:\/\/allmamates.com\/wp-content\/uploads\/2024\/04\/52.png\" \/>\n\t<meta property=\"og:image:width\" content=\"1080\" \/>\n\t<meta property=\"og:image:height\" content=\"1080\" \/>\n\t<meta property=\"og:image:type\" content=\"image\/png\" \/>\n<meta name=\"twitter:card\" content=\"summary_large_image\" \/>\n<meta name=\"twitter:label1\" content=\"Tiempo de lectura\" \/>\n\t<meta name=\"twitter:data1\" content=\"1 minuto\" \/>\n<script type=\"application\/ld+json\" class=\"yoast-schema-graph\">{\"@context\":\"https:\/\/schema.org\",\"@graph\":[{\"@type\":\"WebPage\",\"@id\":\"https:\/\/allmamates.com\/product\/multifunction-cylinder-tool\/\",\"url\":\"https:\/\/allmamates.com\/product\/multifunction-cylinder-tool\/\",\"name\":\"Multifunction Cylinder Tool for Trucks & Heavy Vehicles | All Ma Mates\u00ae\",\"isPartOf\":{\"@id\":\"https:\/\/allmamates.com\/#website\"},\"primaryImageOfPage\":{\"@id\":\"https:\/\/allmamates.com\/product\/multifunction-cylinder-tool\/#primaryimage\"},\"image\":{\"@id\":\"https:\/\/allmamates.com\/product\/multifunction-cylinder-tool\/#primaryimage\"},\"thumbnailUrl\":\"https:\/\/allmamates.com\/wp-content\/uploads\/2024\/04\/52.png\",\"datePublished\":\"2024-04-13T02:35:00+00:00\",\"dateModified\":\"2026-01-30T21:30:15+00:00\",\"description\":\"All Ma Mates\u00ae Ltd provides Truck Multifunction Cylinder Tools and Heavy Vehicle Multifunction Cylinder Tools for reliable, durable performance.\",\"breadcrumb\":{\"@id\":\"https:\/\/allmamates.com\/product\/multifunction-cylinder-tool\/#breadcrumb\"},\"inLanguage\":\"es\",\"potentialAction\":[{\"@type\":\"ReadAction\",\"target\":[\"https:\/\/allmamates.com\/product\/multifunction-cylinder-tool\/\"]}]},{\"@type\":\"ImageObject\",\"inLanguage\":\"es\",\"@id\":\"https:\/\/allmamates.com\/product\/multifunction-cylinder-tool\/#primaryimage\",\"url\":\"https:\/\/allmamates.com\/wp-content\/uploads\/2024\/04\/52.png\",\"contentUrl\":\"https:\/\/allmamates.com\/wp-content\/uploads\/2024\/04\/52.png\",\"width\":1080,\"height\":1080},{\"@type\":\"BreadcrumbList\",\"@id\":\"https:\/\/allmamates.com\/product\/multifunction-cylinder-tool\/#breadcrumb\",\"itemListElement\":[{\"@type\":\"ListItem\",\"position\":1,\"name\":\"Home\",\"item\":\"https:\/\/allmamates.com\/\"},{\"@type\":\"ListItem\",\"position\":2,\"name\":\"Products\",\"item\":\"https:\/\/allmamates.com\/shop\/\"},{\"@type\":\"ListItem\",\"position\":3,\"name\":\"Multifunction Cylinder Tool\"}]},{\"@type\":\"WebSite\",\"@id\":\"https:\/\/allmamates.com\/#website\",\"url\":\"https:\/\/allmamates.com\/\",\"name\":\"All Ma Mates\u00ae\",\"description\":\"Your wheel end tool equipment supplier.\",\"publisher\":{\"@id\":\"https:\/\/allmamates.com\/#organization\"},\"potentialAction\":[{\"@type\":\"SearchAction\",\"target\":{\"@type\":\"EntryPoint\",\"urlTemplate\":\"https:\/\/allmamates.com\/?s={search_term_string}\"},\"query-input\":{\"@type\":\"PropertyValueSpecification\",\"valueRequired\":true,\"valueName\":\"search_term_string\"}}],\"inLanguage\":\"es\"},{\"@type\":\"Organization\",\"@id\":\"https:\/\/allmamates.com\/#organization\",\"name\":\"All Ma Mates\u00ae\",\"url\":\"https:\/\/allmamates.com\/\",\"logo\":{\"@type\":\"ImageObject\",\"inLanguage\":\"es\",\"@id\":\"https:\/\/allmamates.com\/#\/schema\/logo\/image\/\",\"url\":\"https:\/\/allmamates.com\/wp-content\/uploads\/2024\/02\/a.png\",\"contentUrl\":\"https:\/\/allmamates.com\/wp-content\/uploads\/2024\/02\/a.png\",\"width\":847,\"height\":434,\"caption\":\"All Ma Mates\u00ae\"},\"image\":{\"@id\":\"https:\/\/allmamates.com\/#\/schema\/logo\/image\/\"}}]}<\/script>\n<!-- \/ Yoast SEO plugin. -->","yoast_head_json":{"title":"Multifunction Cylinder Tool for Trucks & Heavy Vehicles | All Ma Mates\u00ae","description":"All Ma Mates\u00ae Ltd provides Truck Multifunction Cylinder Tools and Heavy Vehicle Multifunction Cylinder Tools for reliable, durable performance.","robots":{"index":"index","follow":"follow","max-snippet":"max-snippet:-1","max-image-preview":"max-image-preview:large","max-video-preview":"max-video-preview:-1"},"canonical":"https:\/\/allmamates.com\/es\/producto\/multifunction-cylinder-tool\/","og_locale":"es_ES","og_type":"article","og_title":"Multifunction Cylinder Tool for Trucks & Heavy Vehicles | All Ma Mates\u00ae","og_description":"All Ma Mates\u00ae Ltd provides Truck Multifunction Cylinder Tools and Heavy Vehicle Multifunction Cylinder Tools for reliable, durable performance.","og_url":"https:\/\/allmamates.com\/es\/producto\/multifunction-cylinder-tool\/","og_site_name":"All Ma Mates\u00ae","article_modified_time":"2026-01-30T21:30:15+00:00","og_image":[{"width":1080,"height":1080,"url":"https:\/\/allmamates.com\/wp-content\/uploads\/2024\/04\/52.png","type":"image\/png"}],"twitter_card":"summary_large_image","twitter_misc":{"Tiempo de lectura":"1 minuto"},"schema":{"@context":"https:\/\/schema.org","@graph":[{"@type":"WebPage","@id":"https:\/\/allmamates.com\/product\/multifunction-cylinder-tool\/","url":"https:\/\/allmamates.com\/product\/multifunction-cylinder-tool\/","name":"Multifunction Cylinder Tool for Trucks & Heavy Vehicles | All Ma Mates\u00ae","isPartOf":{"@id":"https:\/\/allmamates.com\/#website"},"primaryImageOfPage":{"@id":"https:\/\/allmamates.com\/product\/multifunction-cylinder-tool\/#primaryimage"},"image":{"@id":"https:\/\/allmamates.com\/product\/multifunction-cylinder-tool\/#primaryimage"},"thumbnailUrl":"https:\/\/allmamates.com\/wp-content\/uploads\/2024\/04\/52.png","datePublished":"2024-04-13T02:35:00+00:00","dateModified":"2026-01-30T21:30:15+00:00","description":"All Ma Mates\u00ae Ltd provides Truck Multifunction Cylinder Tools and Heavy Vehicle Multifunction Cylinder Tools for reliable, durable performance.","breadcrumb":{"@id":"https:\/\/allmamates.com\/product\/multifunction-cylinder-tool\/#breadcrumb"},"inLanguage":"es","potentialAction":[{"@type":"ReadAction","target":["https:\/\/allmamates.com\/product\/multifunction-cylinder-tool\/"]}]},{"@type":"ImageObject","inLanguage":"es","@id":"https:\/\/allmamates.com\/product\/multifunction-cylinder-tool\/#primaryimage","url":"https:\/\/allmamates.com\/wp-content\/uploads\/2024\/04\/52.png","contentUrl":"https:\/\/allmamates.com\/wp-content\/uploads\/2024\/04\/52.png","width":1080,"height":1080},{"@type":"BreadcrumbList","@id":"https:\/\/allmamates.com\/product\/multifunction-cylinder-tool\/#breadcrumb","itemListElement":[{"@type":"ListItem","position":1,"name":"Home","item":"https:\/\/allmamates.com\/"},{"@type":"ListItem","position":2,"name":"Products","item":"https:\/\/allmamates.com\/shop\/"},{"@type":"ListItem","position":3,"name":"Multifunction Cylinder Tool"}]},{"@type":"WebSite","@id":"https:\/\/allmamates.com\/#website","url":"https:\/\/allmamates.com\/","name":"All Ma Mates\u00ae","description":"Your wheel end tool equipment supplier.","publisher":{"@id":"https:\/\/allmamates.com\/#organization"},"potentialAction":[{"@type":"SearchAction","target":{"@type":"EntryPoint","urlTemplate":"https:\/\/allmamates.com\/?s={search_term_string}"},"query-input":{"@type":"PropertyValueSpecification","valueRequired":true,"valueName":"search_term_string"}}],"inLanguage":"es"},{"@type":"Organization","@id":"https:\/\/allmamates.com\/#organization","name":"All Ma Mates\u00ae","url":"https:\/\/allmamates.com\/","logo":{"@type":"ImageObject","inLanguage":"es","@id":"https:\/\/allmamates.com\/#\/schema\/logo\/image\/","url":"https:\/\/allmamates.com\/wp-content\/uploads\/2024\/02\/a.png","contentUrl":"https:\/\/allmamates.com\/wp-content\/uploads\/2024\/02\/a.png","width":847,"height":434,"caption":"All Ma Mates\u00ae"},"image":{"@id":"https:\/\/allmamates.com\/#\/schema\/logo\/image\/"}}]}},"_links":{"self":[{"href":"https:\/\/allmamates.com\/es\/wp-json\/wp\/v2\/product\/1912","targetHints":{"allow":["GET"]}}],"collection":[{"href":"https:\/\/allmamates.com\/es\/wp-json\/wp\/v2\/product"}],"about":[{"href":"https:\/\/allmamates.com\/es\/wp-json\/wp\/v2\/types\/product"}],"replies":[{"embeddable":true,"href":"https:\/\/allmamates.com\/es\/wp-json\/wp\/v2\/comments?post=1912"}],"wp:featuredmedia":[{"embeddable":true,"href":"https:\/\/allmamates.com\/es\/wp-json\/wp\/v2\/media\/1913"}],"wp:attachment":[{"href":"https:\/\/allmamates.com\/es\/wp-json\/wp\/v2\/media?parent=1912"}],"wp:term":[{"taxonomy":"product_brand","embeddable":true,"href":"https:\/\/allmamates.com\/es\/wp-json\/wp\/v2\/product_brand?post=1912"},{"taxonomy":"product_cat","embeddable":true,"href":"https:\/\/allmamates.com\/es\/wp-json\/wp\/v2\/product_cat?post=1912"},{"taxonomy":"product_tag","embeddable":true,"href":"https:\/\/allmamates.com\/es\/wp-json\/wp\/v2\/product_tag?post=1912"}],"curies":[{"name":"wp","href":"https:\/\/api.w.org\/{rel}","templated":true}]}}