{"id":1877,"date":"2024-04-05T16:04:39","date_gmt":"2024-04-05T16:04:39","guid":{"rendered":"https:\/\/allmamates.com\/?post_type=product&#038;p=1877"},"modified":"2024-06-06T01:09:35","modified_gmt":"2024-06-06T01:09:35","slug":"kingpin-sets","status":"publish","type":"product","link":"https:\/\/allmamates.com\/es\/producto\/kingpin-sets\/","title":{"rendered":"Kingpin Sets"},"content":{"rendered":"<h2><span style=\"text-decoration: underline;\">Universal set 32T for Kingpin \/ <\/span><span style=\"text-decoration: underline;\">Universal set 45T for Kingpin<\/span><\/h2>\n<p>Este kit est\u00e1 dise\u00f1ado para cubrir la mayor\u00eda de los king pin del mercado, incluidos los pasadores c\u00f3nicos. Se utiliza con un cilindro hidr\u00e1ulico de 32\/45 toneladas dise\u00f1ado con capacidad de perforaci\u00f3n. Esta funci\u00f3n permite golpear el cilindro (con el adaptador de perforaci\u00f3n colocado) durante la m\u00e1xima presi\u00f3n. La combinaci\u00f3n de alta presi\u00f3n y vibraciones es muy eficiente y a menudo fundamental para obtener un resultado exitoso. Con esta herramienta, ya no es necesario calentar o utilizar la prensa del taller. El dise\u00f1o compacto hace posible realizar el trabajo en autobuses donde el acceso normalmente est\u00e1 limitado. El kit se utiliza con los complementos espec\u00edficos de la marca que tambi\u00e9n est\u00e1n disponibles. Fabricado en Suecia. Producto: TBE102, TBE103.<\/p>","protected":false},"excerpt":{"rendered":"<ul>\n<li>Cubre la mayor\u00eda de los king pin del mercado, incluidos los tipos c\u00f3nicos.<\/li>\n<li>Utiliza un cilindro hidr\u00e1ulico de 32\/45 toneladas con capacidad de perforaci\u00f3n.<\/li>\n<li>Te permite golpear en el cilindro durante la m\u00e1xima presi\u00f3n para obtener mejores resultados<\/li>\n<li>La alta presi\u00f3n y las vibraciones hacen que el trabajo sea m\u00e1s eficiente.<\/li>\n<li>No es necesario calentar ni utilizar la prensas.<\/li>\n<li>Dise\u00f1o compacto para un f\u00e1cil acceso, incluso en sectores de dif\u00edcil acceso de los autobuses.<\/li>\n<li>Puede utilizarse con kits de complementos espec\u00edficos de la marca para mayor versatilidad.<\/li>\n<\/ul>","protected":false},"featured_media":1881,"comment_status":"open","ping_status":"closed","template":"","meta":{"site-sidebar-layout":"default","site-content-layout":"","ast-site-content-layout":"default","site-content-style":"default","site-sidebar-style":"default","ast-global-header-display":"","ast-banner-title-visibility":"","ast-main-header-display":"","ast-hfb-above-header-display":"","ast-hfb-below-header-display":"","ast-hfb-mobile-header-display":"","site-post-title":"","ast-breadcrumbs-content":"","ast-featured-img":"","footer-sml-layout":"","theme-transparent-header-meta":"default","adv-header-id-meta":"","stick-header-meta":"","header-above-stick-meta":"","header-main-stick-meta":"","header-below-stick-meta":"","astra-migrate-meta-layouts":"set","ast-page-background-enabled":"default","ast-page-background-meta":{"desktop":{"background-color":"var(--ast-global-color-4)","background-image":"","background-repeat":"repeat","background-position":"center center","background-size":"auto","background-attachment":"scroll","background-type":"","background-media":"","overlay-type":"","overlay-color":"","overlay-gradient":""},"tablet":{"background-color":"","background-image":"","background-repeat":"repeat","background-position":"center center","background-size":"auto","background-attachment":"scroll","background-type":"","background-media":"","overlay-type":"","overlay-color":"","overlay-gradient":""},"mobile":{"background-color":"","background-image":"","background-repeat":"repeat","background-position":"center center","background-size":"auto","background-attachment":"scroll","background-type":"","background-media":"","overlay-type":"","overlay-color":"","overlay-gradient":""}},"ast-content-background-meta":{"desktop":{"background-color":"var(--ast-global-color-5)","background-image":"","background-repeat":"repeat","background-position":"center center","background-size":"auto","background-attachment":"scroll","background-type":"","background-media":"","overlay-type":"","overlay-color":"","overlay-gradient":""},"tablet":{"background-color":"var(--ast-global-color-5)","background-image":"","background-repeat":"repeat","background-position":"center center","background-size":"auto","background-attachment":"scroll","background-type":"","background-media":"","overlay-type":"","overlay-color":"","overlay-gradient":""},"mobile":{"background-color":"var(--ast-global-color-5)","background-image":"","background-repeat":"repeat","background-position":"center center","background-size":"auto","background-attachment":"scroll","background-type":"","background-media":"","overlay-type":"","overlay-color":"","overlay-gradient":""}}},"product_brand":[],"product_cat":[22,23],"product_tag":[],"class_list":{"0":"post-1877","1":"product","2":"type-product","3":"status-publish","4":"has-post-thumbnail","6":"product_cat-new-products","7":"product_cat-tool-box-essentials","8":"desktop-align-left","9":"tablet-align-left","10":"mobile-align-left","12":"first","13":"instock","14":"shipping-taxable","15":"product-type-simple"},"yoast_head":"<!-- This site is optimized with the Yoast SEO plugin v27.2 - https:\/\/yoast.com\/product\/yoast-seo-wordpress\/ -->\n<title>Kingpin Sets - All Ma Mates\u00ae<\/title>\n<meta name=\"robots\" content=\"index, follow, max-snippet:-1, max-image-preview:large, max-video-preview:-1\" \/>\n<link rel=\"canonical\" href=\"https:\/\/allmamates.com\/es\/producto\/kingpin-sets\/\" \/>\n<meta property=\"og:locale\" content=\"es_ES\" \/>\n<meta property=\"og:type\" content=\"article\" \/>\n<meta property=\"og:title\" content=\"Kingpin Sets - All Ma Mates\u00ae\" \/>\n<meta property=\"og:description\" content=\"Covers most Kingpins on the market, including conical types  Uses a 32\/45 ton hydraulic cylinder with punching capability  Allows you to hammer on the cylinder during maximum pressure for better results  High pressure and vibrations make it efficient and crucial for success  No need for heating or heavy lifting in the shop press  Compact design for easy access, even in limited areas like buses  Can be used with brand-specific add-on kits for more versatility\" \/>\n<meta property=\"og:url\" content=\"https:\/\/allmamates.com\/es\/producto\/kingpin-sets\/\" \/>\n<meta property=\"og:site_name\" content=\"All Ma Mates\u00ae\" \/>\n<meta property=\"article:modified_time\" content=\"2024-06-06T01:09:35+00:00\" \/>\n<meta property=\"og:image\" content=\"https:\/\/allmamates.com\/wp-content\/uploads\/2024\/04\/47.png\" \/>\n\t<meta property=\"og:image:width\" content=\"1080\" \/>\n\t<meta property=\"og:image:height\" content=\"1080\" \/>\n\t<meta property=\"og:image:type\" content=\"image\/png\" \/>\n<meta name=\"twitter:card\" content=\"summary_large_image\" \/>\n<meta name=\"twitter:label1\" content=\"Tiempo de lectura\" \/>\n\t<meta name=\"twitter:data1\" content=\"1 minuto\" \/>\n<script type=\"application\/ld+json\" class=\"yoast-schema-graph\">{\"@context\":\"https:\/\/schema.org\",\"@graph\":[{\"@type\":\"WebPage\",\"@id\":\"https:\/\/allmamates.com\/product\/kingpin-sets\/\",\"url\":\"https:\/\/allmamates.com\/product\/kingpin-sets\/\",\"name\":\"Kingpin Sets - All Ma Mates\u00ae\",\"isPartOf\":{\"@id\":\"https:\/\/allmamates.com\/#website\"},\"primaryImageOfPage\":{\"@id\":\"https:\/\/allmamates.com\/product\/kingpin-sets\/#primaryimage\"},\"image\":{\"@id\":\"https:\/\/allmamates.com\/product\/kingpin-sets\/#primaryimage\"},\"thumbnailUrl\":\"https:\/\/allmamates.com\/wp-content\/uploads\/2024\/04\/47.png\",\"datePublished\":\"2024-04-05T16:04:39+00:00\",\"dateModified\":\"2024-06-06T01:09:35+00:00\",\"breadcrumb\":{\"@id\":\"https:\/\/allmamates.com\/product\/kingpin-sets\/#breadcrumb\"},\"inLanguage\":\"es\",\"potentialAction\":[{\"@type\":\"ReadAction\",\"target\":[\"https:\/\/allmamates.com\/product\/kingpin-sets\/\"]}]},{\"@type\":\"ImageObject\",\"inLanguage\":\"es\",\"@id\":\"https:\/\/allmamates.com\/product\/kingpin-sets\/#primaryimage\",\"url\":\"https:\/\/allmamates.com\/wp-content\/uploads\/2024\/04\/47.png\",\"contentUrl\":\"https:\/\/allmamates.com\/wp-content\/uploads\/2024\/04\/47.png\",\"width\":1080,\"height\":1080},{\"@type\":\"BreadcrumbList\",\"@id\":\"https:\/\/allmamates.com\/product\/kingpin-sets\/#breadcrumb\",\"itemListElement\":[{\"@type\":\"ListItem\",\"position\":1,\"name\":\"Home\",\"item\":\"https:\/\/allmamates.com\/\"},{\"@type\":\"ListItem\",\"position\":2,\"name\":\"Products\",\"item\":\"https:\/\/allmamates.com\/shop\/\"},{\"@type\":\"ListItem\",\"position\":3,\"name\":\"Kingpin Sets\"}]},{\"@type\":\"WebSite\",\"@id\":\"https:\/\/allmamates.com\/#website\",\"url\":\"https:\/\/allmamates.com\/\",\"name\":\"All Ma Mates\u00ae\",\"description\":\"Your wheel end tool equipment supplier.\",\"publisher\":{\"@id\":\"https:\/\/allmamates.com\/#organization\"},\"potentialAction\":[{\"@type\":\"SearchAction\",\"target\":{\"@type\":\"EntryPoint\",\"urlTemplate\":\"https:\/\/allmamates.com\/?s={search_term_string}\"},\"query-input\":{\"@type\":\"PropertyValueSpecification\",\"valueRequired\":true,\"valueName\":\"search_term_string\"}}],\"inLanguage\":\"es\"},{\"@type\":\"Organization\",\"@id\":\"https:\/\/allmamates.com\/#organization\",\"name\":\"All Ma Mates\u00ae\",\"url\":\"https:\/\/allmamates.com\/\",\"logo\":{\"@type\":\"ImageObject\",\"inLanguage\":\"es\",\"@id\":\"https:\/\/allmamates.com\/#\/schema\/logo\/image\/\",\"url\":\"https:\/\/allmamates.com\/wp-content\/uploads\/2024\/02\/a.png\",\"contentUrl\":\"https:\/\/allmamates.com\/wp-content\/uploads\/2024\/02\/a.png\",\"width\":847,\"height\":434,\"caption\":\"All Ma Mates\u00ae\"},\"image\":{\"@id\":\"https:\/\/allmamates.com\/#\/schema\/logo\/image\/\"}}]}<\/script>\n<!-- \/ Yoast SEO plugin. -->","yoast_head_json":{"title":"Kingpin Sets - All Ma Mates\u00ae","robots":{"index":"index","follow":"follow","max-snippet":"max-snippet:-1","max-image-preview":"max-image-preview:large","max-video-preview":"max-video-preview:-1"},"canonical":"https:\/\/allmamates.com\/es\/producto\/kingpin-sets\/","og_locale":"es_ES","og_type":"article","og_title":"Kingpin Sets - All Ma Mates\u00ae","og_description":"Covers most Kingpins on the market, including conical types  Uses a 32\/45 ton hydraulic cylinder with punching capability  Allows you to hammer on the cylinder during maximum pressure for better results  High pressure and vibrations make it efficient and crucial for success  No need for heating or heavy lifting in the shop press  Compact design for easy access, even in limited areas like buses  Can be used with brand-specific add-on kits for more versatility","og_url":"https:\/\/allmamates.com\/es\/producto\/kingpin-sets\/","og_site_name":"All Ma Mates\u00ae","article_modified_time":"2024-06-06T01:09:35+00:00","og_image":[{"width":1080,"height":1080,"url":"https:\/\/allmamates.com\/wp-content\/uploads\/2024\/04\/47.png","type":"image\/png"}],"twitter_card":"summary_large_image","twitter_misc":{"Tiempo de lectura":"1 minuto"},"schema":{"@context":"https:\/\/schema.org","@graph":[{"@type":"WebPage","@id":"https:\/\/allmamates.com\/product\/kingpin-sets\/","url":"https:\/\/allmamates.com\/product\/kingpin-sets\/","name":"Kingpin Sets - All Ma Mates\u00ae","isPartOf":{"@id":"https:\/\/allmamates.com\/#website"},"primaryImageOfPage":{"@id":"https:\/\/allmamates.com\/product\/kingpin-sets\/#primaryimage"},"image":{"@id":"https:\/\/allmamates.com\/product\/kingpin-sets\/#primaryimage"},"thumbnailUrl":"https:\/\/allmamates.com\/wp-content\/uploads\/2024\/04\/47.png","datePublished":"2024-04-05T16:04:39+00:00","dateModified":"2024-06-06T01:09:35+00:00","breadcrumb":{"@id":"https:\/\/allmamates.com\/product\/kingpin-sets\/#breadcrumb"},"inLanguage":"es","potentialAction":[{"@type":"ReadAction","target":["https:\/\/allmamates.com\/product\/kingpin-sets\/"]}]},{"@type":"ImageObject","inLanguage":"es","@id":"https:\/\/allmamates.com\/product\/kingpin-sets\/#primaryimage","url":"https:\/\/allmamates.com\/wp-content\/uploads\/2024\/04\/47.png","contentUrl":"https:\/\/allmamates.com\/wp-content\/uploads\/2024\/04\/47.png","width":1080,"height":1080},{"@type":"BreadcrumbList","@id":"https:\/\/allmamates.com\/product\/kingpin-sets\/#breadcrumb","itemListElement":[{"@type":"ListItem","position":1,"name":"Home","item":"https:\/\/allmamates.com\/"},{"@type":"ListItem","position":2,"name":"Products","item":"https:\/\/allmamates.com\/shop\/"},{"@type":"ListItem","position":3,"name":"Kingpin Sets"}]},{"@type":"WebSite","@id":"https:\/\/allmamates.com\/#website","url":"https:\/\/allmamates.com\/","name":"All Ma Mates\u00ae","description":"Your wheel end tool equipment supplier.","publisher":{"@id":"https:\/\/allmamates.com\/#organization"},"potentialAction":[{"@type":"SearchAction","target":{"@type":"EntryPoint","urlTemplate":"https:\/\/allmamates.com\/?s={search_term_string}"},"query-input":{"@type":"PropertyValueSpecification","valueRequired":true,"valueName":"search_term_string"}}],"inLanguage":"es"},{"@type":"Organization","@id":"https:\/\/allmamates.com\/#organization","name":"All Ma Mates\u00ae","url":"https:\/\/allmamates.com\/","logo":{"@type":"ImageObject","inLanguage":"es","@id":"https:\/\/allmamates.com\/#\/schema\/logo\/image\/","url":"https:\/\/allmamates.com\/wp-content\/uploads\/2024\/02\/a.png","contentUrl":"https:\/\/allmamates.com\/wp-content\/uploads\/2024\/02\/a.png","width":847,"height":434,"caption":"All Ma Mates\u00ae"},"image":{"@id":"https:\/\/allmamates.com\/#\/schema\/logo\/image\/"}}]}},"_links":{"self":[{"href":"https:\/\/allmamates.com\/es\/wp-json\/wp\/v2\/product\/1877","targetHints":{"allow":["GET"]}}],"collection":[{"href":"https:\/\/allmamates.com\/es\/wp-json\/wp\/v2\/product"}],"about":[{"href":"https:\/\/allmamates.com\/es\/wp-json\/wp\/v2\/types\/product"}],"replies":[{"embeddable":true,"href":"https:\/\/allmamates.com\/es\/wp-json\/wp\/v2\/comments?post=1877"}],"wp:featuredmedia":[{"embeddable":true,"href":"https:\/\/allmamates.com\/es\/wp-json\/wp\/v2\/media\/1881"}],"wp:attachment":[{"href":"https:\/\/allmamates.com\/es\/wp-json\/wp\/v2\/media?parent=1877"}],"wp:term":[{"taxonomy":"product_brand","embeddable":true,"href":"https:\/\/allmamates.com\/es\/wp-json\/wp\/v2\/product_brand?post=1877"},{"taxonomy":"product_cat","embeddable":true,"href":"https:\/\/allmamates.com\/es\/wp-json\/wp\/v2\/product_cat?post=1877"},{"taxonomy":"product_tag","embeddable":true,"href":"https:\/\/allmamates.com\/es\/wp-json\/wp\/v2\/product_tag?post=1877"}],"curies":[{"name":"wp","href":"https:\/\/api.w.org\/{rel}","templated":true}]}}