{"id":1864,"date":"2024-04-03T04:05:03","date_gmt":"2024-04-03T04:05:03","guid":{"rendered":"https:\/\/allmamates.com\/?post_type=product&#038;p=1864"},"modified":"2026-01-30T21:27:03","modified_gmt":"2026-01-30T21:27:03","slug":"volvo-dismantling-set","status":"publish","type":"product","link":"https:\/\/allmamates.com\/es\/producto\/volvo-dismantling-set\/","title":{"rendered":"Kit Desmontaje Volvo"},"content":{"rendered":"<p>Una herramienta completamente nueva que ayuda a retirar el disco de freno flotante de Volvo. El disco de freno se presiona hacia afuera de a un cilindro a la vez. Al ser tan eficiente se ahorra mucho tiempo en el taller. Usar una presi\u00f3n extrema con una prensa sobre las partes met\u00e1licas sensibles o cortar el disco de freno es muy ruidoso y peligroso. El cilindro hidr\u00e1ulico realiza el trabajo de forma controlada, segura y simple. Fabricado en Suecia. Producto: TBE106.<\/p>\n<p>La herramienta consiste en dos cilindros especiales y una v\u00e1lvula de control para prensado transversal. Presionar el disco de esta manera solo lleva unos pocos minutos. Compatible con nuestra bomba hidr\u00e1ulica de pie TBE110 y nuestra bomba hidr\u00e1ulica de pie neum\u00e1tica TBE111.<\/p>\n<div id=\"gtx-trans\" style=\"position: absolute; left: 1031px; top: 180.812px;\">\n<div class=\"gtx-trans-icon\"><\/div>\n<\/div>","protected":false},"excerpt":{"rendered":"<ul>\n<li>Ayuda a quitar los discos de freno flotantes de forma f\u00e1cil y eficiente.<\/li>\n<li>El disco de freno se presiona hacia afuera de a un cilindro a la vez, ahorrando mucho tiempo en el taller.<\/li>\n<li>No es necesario aplicar una presi\u00f3n extrema con la prensa ni recurrir a m\u00e9todos arriesgados como cortar el disco de freno.<\/li>\n<li>El cilindro hidr\u00e1ulico realiza el trabajo de manera segura y f\u00e1cil, con una presi\u00f3n justa y controlada.<\/li>\n<li>La herramienta incluye dos cilindros especiales y una v\u00e1lvula de control para prensado transversal.<\/li>\n<li>Presionar el disco usando este m\u00e9todo es r\u00e1pido y eficiente.<\/li>\n<li>Funciona perfectamente cuando se utiliza con la bomba hidr\u00e1ulica de pie TBE110 y nuestra bomba hidr\u00e1ulica de pie neum\u00e1tica TBE111.<\/li>\n<\/ul>\n<p>https:\/\/www.youtube.com\/watch?v=HOz4hZ5kIoM<\/p>\n<div id=\"gtx-trans\" style=\"position: absolute; left: 335px; top: 276.326px;\">\n<div class=\"gtx-trans-icon\"><\/div>\n<\/div>","protected":false},"featured_media":1870,"comment_status":"open","ping_status":"closed","template":"","meta":{"site-sidebar-layout":"default","site-content-layout":"","ast-site-content-layout":"default","site-content-style":"default","site-sidebar-style":"default","ast-global-header-display":"","ast-banner-title-visibility":"","ast-main-header-display":"","ast-hfb-above-header-display":"","ast-hfb-below-header-display":"","ast-hfb-mobile-header-display":"","site-post-title":"","ast-breadcrumbs-content":"","ast-featured-img":"","footer-sml-layout":"","theme-transparent-header-meta":"default","adv-header-id-meta":"","stick-header-meta":"","header-above-stick-meta":"","header-main-stick-meta":"","header-below-stick-meta":"","astra-migrate-meta-layouts":"set","ast-page-background-enabled":"default","ast-page-background-meta":{"desktop":{"background-color":"var(--ast-global-color-4)","background-image":"","background-repeat":"repeat","background-position":"center center","background-size":"auto","background-attachment":"scroll","background-type":"","background-media":"","overlay-type":"","overlay-color":"","overlay-gradient":""},"tablet":{"background-color":"","background-image":"","background-repeat":"repeat","background-position":"center center","background-size":"auto","background-attachment":"scroll","background-type":"","background-media":"","overlay-type":"","overlay-color":"","overlay-gradient":""},"mobile":{"background-color":"","background-image":"","background-repeat":"repeat","background-position":"center center","background-size":"auto","background-attachment":"scroll","background-type":"","background-media":"","overlay-type":"","overlay-color":"","overlay-gradient":""}},"ast-content-background-meta":{"desktop":{"background-color":"var(--ast-global-color-5)","background-image":"","background-repeat":"repeat","background-position":"center center","background-size":"auto","background-attachment":"scroll","background-type":"","background-media":"","overlay-type":"","overlay-color":"","overlay-gradient":""},"tablet":{"background-color":"var(--ast-global-color-5)","background-image":"","background-repeat":"repeat","background-position":"center center","background-size":"auto","background-attachment":"scroll","background-type":"","background-media":"","overlay-type":"","overlay-color":"","overlay-gradient":""},"mobile":{"background-color":"var(--ast-global-color-5)","background-image":"","background-repeat":"repeat","background-position":"center center","background-size":"auto","background-attachment":"scroll","background-type":"","background-media":"","overlay-type":"","overlay-color":"","overlay-gradient":""}}},"product_brand":[],"product_cat":[22,23],"product_tag":[],"class_list":{"0":"post-1864","1":"product","2":"type-product","3":"status-publish","4":"has-post-thumbnail","6":"product_cat-new-products","7":"product_cat-tool-box-essentials","8":"desktop-align-left","9":"tablet-align-left","10":"mobile-align-left","12":"first","13":"instock","14":"shipping-taxable","15":"product-type-simple"},"yoast_head":"<!-- This site is optimized with the Yoast SEO plugin v27.2 - https:\/\/yoast.com\/product\/yoast-seo-wordpress\/ -->\n<title>Volvo Dismantling Set for Heavy Vehicles | All Ma Mates\u00ae<\/title>\n<meta name=\"description\" content=\"Heavy vehicle Volvo Dismantling Set by All Ma Mates\u00ae. Trusted tools for workshops servicing trucks, trailers, and other heavy vehicles.\" \/>\n<meta name=\"robots\" content=\"index, follow, max-snippet:-1, max-image-preview:large, max-video-preview:-1\" \/>\n<link rel=\"canonical\" href=\"https:\/\/allmamates.com\/es\/producto\/volvo-dismantling-set\/\" \/>\n<meta property=\"og:locale\" content=\"es_ES\" \/>\n<meta property=\"og:type\" content=\"article\" \/>\n<meta property=\"og:title\" content=\"Volvo Dismantling Set for Heavy Vehicles | All Ma Mates\u00ae\" \/>\n<meta property=\"og:description\" content=\"Heavy vehicle Volvo Dismantling Set by All Ma Mates\u00ae. Trusted tools for workshops servicing trucks, trailers, and other heavy vehicles.\" \/>\n<meta property=\"og:url\" content=\"https:\/\/allmamates.com\/es\/producto\/volvo-dismantling-set\/\" \/>\n<meta property=\"og:site_name\" content=\"All Ma Mates\u00ae\" \/>\n<meta property=\"article:modified_time\" content=\"2026-01-30T21:27:03+00:00\" \/>\n<meta property=\"og:image\" content=\"https:\/\/allmamates.com\/wp-content\/uploads\/2024\/04\/38.png\" \/>\n\t<meta property=\"og:image:width\" content=\"1080\" \/>\n\t<meta property=\"og:image:height\" content=\"1080\" \/>\n\t<meta property=\"og:image:type\" content=\"image\/png\" \/>\n<meta name=\"twitter:card\" content=\"summary_large_image\" \/>\n<meta name=\"twitter:label1\" content=\"Tiempo de lectura\" \/>\n\t<meta name=\"twitter:data1\" content=\"1 minuto\" \/>\n<script type=\"application\/ld+json\" class=\"yoast-schema-graph\">{\"@context\":\"https:\/\/schema.org\",\"@graph\":[{\"@type\":\"WebPage\",\"@id\":\"https:\/\/allmamates.com\/product\/volvo-dismantling-set\/\",\"url\":\"https:\/\/allmamates.com\/product\/volvo-dismantling-set\/\",\"name\":\"Volvo Dismantling Set for Heavy Vehicles | All Ma Mates\u00ae\",\"isPartOf\":{\"@id\":\"https:\/\/allmamates.com\/#website\"},\"primaryImageOfPage\":{\"@id\":\"https:\/\/allmamates.com\/product\/volvo-dismantling-set\/#primaryimage\"},\"image\":{\"@id\":\"https:\/\/allmamates.com\/product\/volvo-dismantling-set\/#primaryimage\"},\"thumbnailUrl\":\"https:\/\/allmamates.com\/wp-content\/uploads\/2024\/04\/38.png\",\"datePublished\":\"2024-04-03T04:05:03+00:00\",\"dateModified\":\"2026-01-30T21:27:03+00:00\",\"description\":\"Heavy vehicle Volvo Dismantling Set by All Ma Mates\u00ae. Trusted tools for workshops servicing trucks, trailers, and other heavy vehicles.\",\"breadcrumb\":{\"@id\":\"https:\/\/allmamates.com\/product\/volvo-dismantling-set\/#breadcrumb\"},\"inLanguage\":\"es\",\"potentialAction\":[{\"@type\":\"ReadAction\",\"target\":[\"https:\/\/allmamates.com\/product\/volvo-dismantling-set\/\"]}]},{\"@type\":\"ImageObject\",\"inLanguage\":\"es\",\"@id\":\"https:\/\/allmamates.com\/product\/volvo-dismantling-set\/#primaryimage\",\"url\":\"https:\/\/allmamates.com\/wp-content\/uploads\/2024\/04\/38.png\",\"contentUrl\":\"https:\/\/allmamates.com\/wp-content\/uploads\/2024\/04\/38.png\",\"width\":1080,\"height\":1080},{\"@type\":\"BreadcrumbList\",\"@id\":\"https:\/\/allmamates.com\/product\/volvo-dismantling-set\/#breadcrumb\",\"itemListElement\":[{\"@type\":\"ListItem\",\"position\":1,\"name\":\"Home\",\"item\":\"https:\/\/allmamates.com\/\"},{\"@type\":\"ListItem\",\"position\":2,\"name\":\"Products\",\"item\":\"https:\/\/allmamates.com\/shop\/\"},{\"@type\":\"ListItem\",\"position\":3,\"name\":\"Volvo Dismantling Set\"}]},{\"@type\":\"WebSite\",\"@id\":\"https:\/\/allmamates.com\/#website\",\"url\":\"https:\/\/allmamates.com\/\",\"name\":\"All Ma Mates\u00ae\",\"description\":\"Your wheel end tool equipment supplier.\",\"publisher\":{\"@id\":\"https:\/\/allmamates.com\/#organization\"},\"potentialAction\":[{\"@type\":\"SearchAction\",\"target\":{\"@type\":\"EntryPoint\",\"urlTemplate\":\"https:\/\/allmamates.com\/?s={search_term_string}\"},\"query-input\":{\"@type\":\"PropertyValueSpecification\",\"valueRequired\":true,\"valueName\":\"search_term_string\"}}],\"inLanguage\":\"es\"},{\"@type\":\"Organization\",\"@id\":\"https:\/\/allmamates.com\/#organization\",\"name\":\"All Ma Mates\u00ae\",\"url\":\"https:\/\/allmamates.com\/\",\"logo\":{\"@type\":\"ImageObject\",\"inLanguage\":\"es\",\"@id\":\"https:\/\/allmamates.com\/#\/schema\/logo\/image\/\",\"url\":\"https:\/\/allmamates.com\/wp-content\/uploads\/2024\/02\/a.png\",\"contentUrl\":\"https:\/\/allmamates.com\/wp-content\/uploads\/2024\/02\/a.png\",\"width\":847,\"height\":434,\"caption\":\"All Ma Mates\u00ae\"},\"image\":{\"@id\":\"https:\/\/allmamates.com\/#\/schema\/logo\/image\/\"}}]}<\/script>\n<!-- \/ Yoast SEO plugin. -->","yoast_head_json":{"title":"Volvo Dismantling Set for Heavy Vehicles | All Ma Mates\u00ae","description":"Heavy vehicle Volvo Dismantling Set by All Ma Mates\u00ae. Trusted tools for workshops servicing trucks, trailers, and other heavy vehicles.","robots":{"index":"index","follow":"follow","max-snippet":"max-snippet:-1","max-image-preview":"max-image-preview:large","max-video-preview":"max-video-preview:-1"},"canonical":"https:\/\/allmamates.com\/es\/producto\/volvo-dismantling-set\/","og_locale":"es_ES","og_type":"article","og_title":"Volvo Dismantling Set for Heavy Vehicles | All Ma Mates\u00ae","og_description":"Heavy vehicle Volvo Dismantling Set by All Ma Mates\u00ae. Trusted tools for workshops servicing trucks, trailers, and other heavy vehicles.","og_url":"https:\/\/allmamates.com\/es\/producto\/volvo-dismantling-set\/","og_site_name":"All Ma Mates\u00ae","article_modified_time":"2026-01-30T21:27:03+00:00","og_image":[{"width":1080,"height":1080,"url":"https:\/\/allmamates.com\/wp-content\/uploads\/2024\/04\/38.png","type":"image\/png"}],"twitter_card":"summary_large_image","twitter_misc":{"Tiempo de lectura":"1 minuto"},"schema":{"@context":"https:\/\/schema.org","@graph":[{"@type":"WebPage","@id":"https:\/\/allmamates.com\/product\/volvo-dismantling-set\/","url":"https:\/\/allmamates.com\/product\/volvo-dismantling-set\/","name":"Volvo Dismantling Set for Heavy Vehicles | All Ma Mates\u00ae","isPartOf":{"@id":"https:\/\/allmamates.com\/#website"},"primaryImageOfPage":{"@id":"https:\/\/allmamates.com\/product\/volvo-dismantling-set\/#primaryimage"},"image":{"@id":"https:\/\/allmamates.com\/product\/volvo-dismantling-set\/#primaryimage"},"thumbnailUrl":"https:\/\/allmamates.com\/wp-content\/uploads\/2024\/04\/38.png","datePublished":"2024-04-03T04:05:03+00:00","dateModified":"2026-01-30T21:27:03+00:00","description":"Heavy vehicle Volvo Dismantling Set by All Ma Mates\u00ae. Trusted tools for workshops servicing trucks, trailers, and other heavy vehicles.","breadcrumb":{"@id":"https:\/\/allmamates.com\/product\/volvo-dismantling-set\/#breadcrumb"},"inLanguage":"es","potentialAction":[{"@type":"ReadAction","target":["https:\/\/allmamates.com\/product\/volvo-dismantling-set\/"]}]},{"@type":"ImageObject","inLanguage":"es","@id":"https:\/\/allmamates.com\/product\/volvo-dismantling-set\/#primaryimage","url":"https:\/\/allmamates.com\/wp-content\/uploads\/2024\/04\/38.png","contentUrl":"https:\/\/allmamates.com\/wp-content\/uploads\/2024\/04\/38.png","width":1080,"height":1080},{"@type":"BreadcrumbList","@id":"https:\/\/allmamates.com\/product\/volvo-dismantling-set\/#breadcrumb","itemListElement":[{"@type":"ListItem","position":1,"name":"Home","item":"https:\/\/allmamates.com\/"},{"@type":"ListItem","position":2,"name":"Products","item":"https:\/\/allmamates.com\/shop\/"},{"@type":"ListItem","position":3,"name":"Volvo Dismantling Set"}]},{"@type":"WebSite","@id":"https:\/\/allmamates.com\/#website","url":"https:\/\/allmamates.com\/","name":"All Ma Mates\u00ae","description":"Your wheel end tool equipment supplier.","publisher":{"@id":"https:\/\/allmamates.com\/#organization"},"potentialAction":[{"@type":"SearchAction","target":{"@type":"EntryPoint","urlTemplate":"https:\/\/allmamates.com\/?s={search_term_string}"},"query-input":{"@type":"PropertyValueSpecification","valueRequired":true,"valueName":"search_term_string"}}],"inLanguage":"es"},{"@type":"Organization","@id":"https:\/\/allmamates.com\/#organization","name":"All Ma Mates\u00ae","url":"https:\/\/allmamates.com\/","logo":{"@type":"ImageObject","inLanguage":"es","@id":"https:\/\/allmamates.com\/#\/schema\/logo\/image\/","url":"https:\/\/allmamates.com\/wp-content\/uploads\/2024\/02\/a.png","contentUrl":"https:\/\/allmamates.com\/wp-content\/uploads\/2024\/02\/a.png","width":847,"height":434,"caption":"All Ma Mates\u00ae"},"image":{"@id":"https:\/\/allmamates.com\/#\/schema\/logo\/image\/"}}]}},"_links":{"self":[{"href":"https:\/\/allmamates.com\/es\/wp-json\/wp\/v2\/product\/1864","targetHints":{"allow":["GET"]}}],"collection":[{"href":"https:\/\/allmamates.com\/es\/wp-json\/wp\/v2\/product"}],"about":[{"href":"https:\/\/allmamates.com\/es\/wp-json\/wp\/v2\/types\/product"}],"replies":[{"embeddable":true,"href":"https:\/\/allmamates.com\/es\/wp-json\/wp\/v2\/comments?post=1864"}],"wp:featuredmedia":[{"embeddable":true,"href":"https:\/\/allmamates.com\/es\/wp-json\/wp\/v2\/media\/1870"}],"wp:attachment":[{"href":"https:\/\/allmamates.com\/es\/wp-json\/wp\/v2\/media?parent=1864"}],"wp:term":[{"taxonomy":"product_brand","embeddable":true,"href":"https:\/\/allmamates.com\/es\/wp-json\/wp\/v2\/product_brand?post=1864"},{"taxonomy":"product_cat","embeddable":true,"href":"https:\/\/allmamates.com\/es\/wp-json\/wp\/v2\/product_cat?post=1864"},{"taxonomy":"product_tag","embeddable":true,"href":"https:\/\/allmamates.com\/es\/wp-json\/wp\/v2\/product_tag?post=1864"}],"curies":[{"name":"wp","href":"https:\/\/api.w.org\/{rel}","templated":true}]}}