{"id":1758,"date":"2024-03-28T08:42:27","date_gmt":"2024-03-28T08:42:27","guid":{"rendered":"https:\/\/allmamates.com\/?post_type=product&#038;p=1758"},"modified":"2026-01-30T21:31:17","modified_gmt":"2026-01-30T21:31:17","slug":"lock-ring-tool-25-3-5","status":"publish","type":"product","link":"https:\/\/allmamates.com\/es\/producto\/lock-ring-tool-25-3-5\/","title":{"rendered":"Extractor Anillos de Bloqueo de .25 - 3.5"},"content":{"rendered":"<p>Un nuevo tipo de herramienta que facilita la extracci\u00f3n y reinstalaci\u00f3n de los anillos de bloqueo de los rodamientos de rueda. La herramienta est\u00e1 dise\u00f1ada para adaptarse tanto a autom\u00f3viles de pasajeros como a veh\u00edculos comerciales ligeros y pesados. El tornillo de ajuste tiene un agarre de trinquete de \u00bc\" que proporciona suficiente potencia para quitar f\u00e1cilmente los anillos de bloqueo atascados y oxidados. El \u00e1ngulo de agarre entre las puntas siempre ser\u00e1 correcto sin importar el tama\u00f1o o la posici\u00f3n del anillo de bloqueo. Esto hace que la herramienta sea mucho m\u00e1s segura, efectiva y f\u00e1cil de usar que los alicates. La herramienta incluye 3 pares de puntas especialmente dise\u00f1adas que pueden cambiarse f\u00e1cilmente de ser necesario. 6\" para un acceso superior. Fabricado en Suecia. Producto: TBE109.<\/p>","protected":false},"excerpt":{"rendered":"<ul>\n<li>Facilita la extracci\u00f3n y reinstalaci\u00f3n de los anillos de bloqueo de los rodamientos de rueda.<\/li>\n<li>Dise\u00f1ado para adaptarse, veh\u00edculos ligeros y pesados (camiones, autobuses).<\/li>\n<li>El agarre de trinquete de \u00bc\" en el tornillo de ajuste proporciona suficiente potencia para manipular los anillos de bloqueo atascados y oxidados.<\/li>\n<li>El \u00e1ngulo de agarre entre las puntas siempre ser\u00e1 correcto, independientemente del tama\u00f1o o posici\u00f3n del anillo de bloqueo.<\/li>\n<li>Esta herramienta es m\u00e1s segura, m\u00e1s efectiva y m\u00e1s f\u00e1cil de usar en comparaci\u00f3n con los alicates o pinzas.<\/li>\n<li>Viene con 3 pares de puntas especialmente dise\u00f1adas que pueden cambiarse f\u00e1cilmente si es necesario.<\/li>\n<li>Con un tama\u00f1o de 6\", ofrece un acceso superior para facilitar el uso.<\/li>\n<\/ul>\n<p>https:\/\/youtu.be\/klhJehsMzYg?feature=shared<\/p>","protected":false},"featured_media":1795,"comment_status":"open","ping_status":"closed","template":"","meta":{"site-sidebar-layout":"default","site-content-layout":"","ast-site-content-layout":"default","site-content-style":"default","site-sidebar-style":"default","ast-global-header-display":"","ast-banner-title-visibility":"","ast-main-header-display":"","ast-hfb-above-header-display":"","ast-hfb-below-header-display":"","ast-hfb-mobile-header-display":"","site-post-title":"","ast-breadcrumbs-content":"","ast-featured-img":"","footer-sml-layout":"","theme-transparent-header-meta":"default","adv-header-id-meta":"","stick-header-meta":"","header-above-stick-meta":"","header-main-stick-meta":"","header-below-stick-meta":"","astra-migrate-meta-layouts":"set","ast-page-background-enabled":"default","ast-page-background-meta":{"desktop":{"background-color":"var(--ast-global-color-4)","background-image":"","background-repeat":"repeat","background-position":"center center","background-size":"auto","background-attachment":"scroll","background-type":"","background-media":"","overlay-type":"","overlay-color":"","overlay-gradient":""},"tablet":{"background-color":"","background-image":"","background-repeat":"repeat","background-position":"center center","background-size":"auto","background-attachment":"scroll","background-type":"","background-media":"","overlay-type":"","overlay-color":"","overlay-gradient":""},"mobile":{"background-color":"","background-image":"","background-repeat":"repeat","background-position":"center center","background-size":"auto","background-attachment":"scroll","background-type":"","background-media":"","overlay-type":"","overlay-color":"","overlay-gradient":""}},"ast-content-background-meta":{"desktop":{"background-color":"var(--ast-global-color-5)","background-image":"","background-repeat":"repeat","background-position":"center center","background-size":"auto","background-attachment":"scroll","background-type":"","background-media":"","overlay-type":"","overlay-color":"","overlay-gradient":""},"tablet":{"background-color":"var(--ast-global-color-5)","background-image":"","background-repeat":"repeat","background-position":"center center","background-size":"auto","background-attachment":"scroll","background-type":"","background-media":"","overlay-type":"","overlay-color":"","overlay-gradient":""},"mobile":{"background-color":"var(--ast-global-color-5)","background-image":"","background-repeat":"repeat","background-position":"center center","background-size":"auto","background-attachment":"scroll","background-type":"","background-media":"","overlay-type":"","overlay-color":"","overlay-gradient":""}}},"product_brand":[],"product_cat":[22,23],"product_tag":[],"class_list":{"0":"post-1758","1":"product","2":"type-product","3":"status-publish","4":"has-post-thumbnail","6":"product_cat-new-products","7":"product_cat-tool-box-essentials","8":"desktop-align-left","9":"tablet-align-left","10":"mobile-align-left","12":"first","13":"instock","14":"shipping-taxable","15":"product-type-simple"},"yoast_head":"<!-- This site is optimized with the Yoast SEO plugin v27.2 - https:\/\/yoast.com\/product\/yoast-seo-wordpress\/ -->\n<title>Car, Truck &amp; Light Commercial Vehicles Lock Ring Tool | All Ma Mates\u00ae Ltd<\/title>\n<meta name=\"description\" content=\"Buy Car Lock Ring Tools, Trucks Lock Ring Tools, and Light Commercial Vehicles Lock Ring Tools at All Ma Mates\u00ae Ltd \u2013 durable and reliable.\" \/>\n<meta name=\"robots\" content=\"index, follow, max-snippet:-1, max-image-preview:large, max-video-preview:-1\" \/>\n<link rel=\"canonical\" href=\"https:\/\/allmamates.com\/es\/producto\/lock-ring-tool-25-3-5\/\" \/>\n<meta property=\"og:locale\" content=\"es_ES\" \/>\n<meta property=\"og:type\" content=\"article\" \/>\n<meta property=\"og:title\" content=\"Car, Truck &amp; Light Commercial Vehicles Lock Ring Tool | All Ma Mates\u00ae Ltd\" \/>\n<meta property=\"og:description\" content=\"Buy Car Lock Ring Tools, Trucks Lock Ring Tools, and Light Commercial Vehicles Lock Ring Tools at All Ma Mates\u00ae Ltd \u2013 durable and reliable.\" \/>\n<meta property=\"og:url\" content=\"https:\/\/allmamates.com\/es\/producto\/lock-ring-tool-25-3-5\/\" \/>\n<meta property=\"og:site_name\" content=\"All Ma Mates\u00ae\" \/>\n<meta property=\"article:modified_time\" content=\"2026-01-30T21:31:17+00:00\" \/>\n<meta property=\"og:image\" content=\"https:\/\/allmamates.com\/wp-content\/uploads\/2024\/04\/25-Photoroom.png-Photoroom.png\" \/>\n\t<meta property=\"og:image:width\" content=\"1080\" \/>\n\t<meta property=\"og:image:height\" content=\"1080\" \/>\n\t<meta property=\"og:image:type\" content=\"image\/png\" \/>\n<meta name=\"twitter:card\" content=\"summary_large_image\" \/>\n<meta name=\"twitter:label1\" content=\"Tiempo de lectura\" \/>\n\t<meta name=\"twitter:data1\" content=\"1 minuto\" \/>\n<script type=\"application\/ld+json\" class=\"yoast-schema-graph\">{\"@context\":\"https:\/\/schema.org\",\"@graph\":[{\"@type\":\"WebPage\",\"@id\":\"https:\/\/allmamates.com\/product\/lock-ring-tool-25-3-5\/\",\"url\":\"https:\/\/allmamates.com\/product\/lock-ring-tool-25-3-5\/\",\"name\":\"Car, Truck & Light Commercial Vehicles Lock Ring Tool | All Ma Mates\u00ae Ltd\",\"isPartOf\":{\"@id\":\"https:\/\/allmamates.com\/#website\"},\"primaryImageOfPage\":{\"@id\":\"https:\/\/allmamates.com\/product\/lock-ring-tool-25-3-5\/#primaryimage\"},\"image\":{\"@id\":\"https:\/\/allmamates.com\/product\/lock-ring-tool-25-3-5\/#primaryimage\"},\"thumbnailUrl\":\"https:\/\/allmamates.com\/wp-content\/uploads\/2024\/04\/25-Photoroom.png-Photoroom.png\",\"datePublished\":\"2024-03-28T08:42:27+00:00\",\"dateModified\":\"2026-01-30T21:31:17+00:00\",\"description\":\"Buy Car Lock Ring Tools, Trucks Lock Ring Tools, and Light Commercial Vehicles Lock Ring Tools at All Ma Mates\u00ae Ltd \u2013 durable and reliable.\",\"breadcrumb\":{\"@id\":\"https:\/\/allmamates.com\/product\/lock-ring-tool-25-3-5\/#breadcrumb\"},\"inLanguage\":\"es\",\"potentialAction\":[{\"@type\":\"ReadAction\",\"target\":[\"https:\/\/allmamates.com\/product\/lock-ring-tool-25-3-5\/\"]}]},{\"@type\":\"ImageObject\",\"inLanguage\":\"es\",\"@id\":\"https:\/\/allmamates.com\/product\/lock-ring-tool-25-3-5\/#primaryimage\",\"url\":\"https:\/\/allmamates.com\/wp-content\/uploads\/2024\/04\/25-Photoroom.png-Photoroom.png\",\"contentUrl\":\"https:\/\/allmamates.com\/wp-content\/uploads\/2024\/04\/25-Photoroom.png-Photoroom.png\",\"width\":1080,\"height\":1080},{\"@type\":\"BreadcrumbList\",\"@id\":\"https:\/\/allmamates.com\/product\/lock-ring-tool-25-3-5\/#breadcrumb\",\"itemListElement\":[{\"@type\":\"ListItem\",\"position\":1,\"name\":\"Home\",\"item\":\"https:\/\/allmamates.com\/\"},{\"@type\":\"ListItem\",\"position\":2,\"name\":\"Products\",\"item\":\"https:\/\/allmamates.com\/shop\/\"},{\"@type\":\"ListItem\",\"position\":3,\"name\":\"Lock Ring Tool .25-3.5\"}]},{\"@type\":\"WebSite\",\"@id\":\"https:\/\/allmamates.com\/#website\",\"url\":\"https:\/\/allmamates.com\/\",\"name\":\"All Ma Mates\u00ae\",\"description\":\"Your wheel end tool equipment supplier.\",\"publisher\":{\"@id\":\"https:\/\/allmamates.com\/#organization\"},\"potentialAction\":[{\"@type\":\"SearchAction\",\"target\":{\"@type\":\"EntryPoint\",\"urlTemplate\":\"https:\/\/allmamates.com\/?s={search_term_string}\"},\"query-input\":{\"@type\":\"PropertyValueSpecification\",\"valueRequired\":true,\"valueName\":\"search_term_string\"}}],\"inLanguage\":\"es\"},{\"@type\":\"Organization\",\"@id\":\"https:\/\/allmamates.com\/#organization\",\"name\":\"All Ma Mates\u00ae\",\"url\":\"https:\/\/allmamates.com\/\",\"logo\":{\"@type\":\"ImageObject\",\"inLanguage\":\"es\",\"@id\":\"https:\/\/allmamates.com\/#\/schema\/logo\/image\/\",\"url\":\"https:\/\/allmamates.com\/wp-content\/uploads\/2024\/02\/a.png\",\"contentUrl\":\"https:\/\/allmamates.com\/wp-content\/uploads\/2024\/02\/a.png\",\"width\":847,\"height\":434,\"caption\":\"All Ma Mates\u00ae\"},\"image\":{\"@id\":\"https:\/\/allmamates.com\/#\/schema\/logo\/image\/\"}}]}<\/script>\n<!-- \/ Yoast SEO plugin. -->","yoast_head_json":{"title":"Car, Truck & Light Commercial Vehicles Lock Ring Tool | All Ma Mates\u00ae Ltd","description":"Buy Car Lock Ring Tools, Trucks Lock Ring Tools, and Light Commercial Vehicles Lock Ring Tools at All Ma Mates\u00ae Ltd \u2013 durable and reliable.","robots":{"index":"index","follow":"follow","max-snippet":"max-snippet:-1","max-image-preview":"max-image-preview:large","max-video-preview":"max-video-preview:-1"},"canonical":"https:\/\/allmamates.com\/es\/producto\/lock-ring-tool-25-3-5\/","og_locale":"es_ES","og_type":"article","og_title":"Car, Truck & Light Commercial Vehicles Lock Ring Tool | All Ma Mates\u00ae Ltd","og_description":"Buy Car Lock Ring Tools, Trucks Lock Ring Tools, and Light Commercial Vehicles Lock Ring Tools at All Ma Mates\u00ae Ltd \u2013 durable and reliable.","og_url":"https:\/\/allmamates.com\/es\/producto\/lock-ring-tool-25-3-5\/","og_site_name":"All Ma Mates\u00ae","article_modified_time":"2026-01-30T21:31:17+00:00","og_image":[{"width":1080,"height":1080,"url":"https:\/\/allmamates.com\/wp-content\/uploads\/2024\/04\/25-Photoroom.png-Photoroom.png","type":"image\/png"}],"twitter_card":"summary_large_image","twitter_misc":{"Tiempo de lectura":"1 minuto"},"schema":{"@context":"https:\/\/schema.org","@graph":[{"@type":"WebPage","@id":"https:\/\/allmamates.com\/product\/lock-ring-tool-25-3-5\/","url":"https:\/\/allmamates.com\/product\/lock-ring-tool-25-3-5\/","name":"Car, Truck & Light Commercial Vehicles Lock Ring Tool | All Ma Mates\u00ae Ltd","isPartOf":{"@id":"https:\/\/allmamates.com\/#website"},"primaryImageOfPage":{"@id":"https:\/\/allmamates.com\/product\/lock-ring-tool-25-3-5\/#primaryimage"},"image":{"@id":"https:\/\/allmamates.com\/product\/lock-ring-tool-25-3-5\/#primaryimage"},"thumbnailUrl":"https:\/\/allmamates.com\/wp-content\/uploads\/2024\/04\/25-Photoroom.png-Photoroom.png","datePublished":"2024-03-28T08:42:27+00:00","dateModified":"2026-01-30T21:31:17+00:00","description":"Buy Car Lock Ring Tools, Trucks Lock Ring Tools, and Light Commercial Vehicles Lock Ring Tools at All Ma Mates\u00ae Ltd \u2013 durable and reliable.","breadcrumb":{"@id":"https:\/\/allmamates.com\/product\/lock-ring-tool-25-3-5\/#breadcrumb"},"inLanguage":"es","potentialAction":[{"@type":"ReadAction","target":["https:\/\/allmamates.com\/product\/lock-ring-tool-25-3-5\/"]}]},{"@type":"ImageObject","inLanguage":"es","@id":"https:\/\/allmamates.com\/product\/lock-ring-tool-25-3-5\/#primaryimage","url":"https:\/\/allmamates.com\/wp-content\/uploads\/2024\/04\/25-Photoroom.png-Photoroom.png","contentUrl":"https:\/\/allmamates.com\/wp-content\/uploads\/2024\/04\/25-Photoroom.png-Photoroom.png","width":1080,"height":1080},{"@type":"BreadcrumbList","@id":"https:\/\/allmamates.com\/product\/lock-ring-tool-25-3-5\/#breadcrumb","itemListElement":[{"@type":"ListItem","position":1,"name":"Home","item":"https:\/\/allmamates.com\/"},{"@type":"ListItem","position":2,"name":"Products","item":"https:\/\/allmamates.com\/shop\/"},{"@type":"ListItem","position":3,"name":"Lock Ring Tool .25-3.5"}]},{"@type":"WebSite","@id":"https:\/\/allmamates.com\/#website","url":"https:\/\/allmamates.com\/","name":"All Ma Mates\u00ae","description":"Your wheel end tool equipment supplier.","publisher":{"@id":"https:\/\/allmamates.com\/#organization"},"potentialAction":[{"@type":"SearchAction","target":{"@type":"EntryPoint","urlTemplate":"https:\/\/allmamates.com\/?s={search_term_string}"},"query-input":{"@type":"PropertyValueSpecification","valueRequired":true,"valueName":"search_term_string"}}],"inLanguage":"es"},{"@type":"Organization","@id":"https:\/\/allmamates.com\/#organization","name":"All Ma Mates\u00ae","url":"https:\/\/allmamates.com\/","logo":{"@type":"ImageObject","inLanguage":"es","@id":"https:\/\/allmamates.com\/#\/schema\/logo\/image\/","url":"https:\/\/allmamates.com\/wp-content\/uploads\/2024\/02\/a.png","contentUrl":"https:\/\/allmamates.com\/wp-content\/uploads\/2024\/02\/a.png","width":847,"height":434,"caption":"All Ma Mates\u00ae"},"image":{"@id":"https:\/\/allmamates.com\/#\/schema\/logo\/image\/"}}]}},"_links":{"self":[{"href":"https:\/\/allmamates.com\/es\/wp-json\/wp\/v2\/product\/1758","targetHints":{"allow":["GET"]}}],"collection":[{"href":"https:\/\/allmamates.com\/es\/wp-json\/wp\/v2\/product"}],"about":[{"href":"https:\/\/allmamates.com\/es\/wp-json\/wp\/v2\/types\/product"}],"replies":[{"embeddable":true,"href":"https:\/\/allmamates.com\/es\/wp-json\/wp\/v2\/comments?post=1758"}],"wp:featuredmedia":[{"embeddable":true,"href":"https:\/\/allmamates.com\/es\/wp-json\/wp\/v2\/media\/1795"}],"wp:attachment":[{"href":"https:\/\/allmamates.com\/es\/wp-json\/wp\/v2\/media?parent=1758"}],"wp:term":[{"taxonomy":"product_brand","embeddable":true,"href":"https:\/\/allmamates.com\/es\/wp-json\/wp\/v2\/product_brand?post=1758"},{"taxonomy":"product_cat","embeddable":true,"href":"https:\/\/allmamates.com\/es\/wp-json\/wp\/v2\/product_cat?post=1758"},{"taxonomy":"product_tag","embeddable":true,"href":"https:\/\/allmamates.com\/es\/wp-json\/wp\/v2\/product_tag?post=1758"}],"curies":[{"name":"wp","href":"https:\/\/api.w.org\/{rel}","templated":true}]}}