{"id":3,"date":"2024-02-02T01:34:49","date_gmt":"2024-02-02T01:34:49","guid":{"rendered":"https:\/\/digentify.com\/allmamates\/?page_id=3"},"modified":"2025-01-12T16:09:59","modified_gmt":"2025-01-12T16:09:59","slug":"privacy-policy","status":"publish","type":"page","link":"https:\/\/allmamates.com\/es\/privacy-policy\/","title":{"rendered":"Pol\u00edtica de Privacidade"},"content":{"rendered":"<p><strong>Privacy Policy for All Ma Mates\u00ae Ltd.<\/strong><\/p>\r\n<p>At\u00a0 All Ma Mates\u00ae Ltd. which you can access from <a href=\"https:\/\/allmamates.com\/es\/\">https:\/\/allmamates.com<\/a>, one of our main priorities is the privacy of our visitors. This Privacy Policy contains information that is collected and recorded by All Ma Mates\u00ae Ltd. and how we use it.<\/p>\r\n<p>Si tiene preguntas o necesita m\u00e1s informaci\u00f3n sobre nuestra pol\u00edtica, no dude en contactarnos.<\/p>\r\n<p>The Privacy Policy applies to our online activities and is valid for visitors to our website with regards to the information that they share and or that All Ma Mates\u00ae Ltd. collects. This policy is not applicable to any information that may be collected offline or via other channels outside of this website.<\/p>\r\n<p>&nbsp;<\/p>\r\n<p><strong>CONSENTIMIENTO<\/strong><\/p>\r\n<p>Al utilizar nuestro sitio web, usted est\u00e1 dando su consentimiento a nuestra Pol\u00edtica de Privacidad y acepta sus t\u00e9rminos.<\/p>\r\n<p>&nbsp;<\/p>\r\n<p><strong>INFORMACI\u00d3N QUE RECOPILAMOS<\/strong><\/p>\r\n<p>La informaci\u00f3n personal que solicitamos y los motivos por los que est\u00e1 proporcionando esta informaci\u00f3n le ser\u00e1n claros en el momento en que le solicitemos que proporcione sus datos personales.<\/p>\r\n<p>Si se comunica directamente con nosotros, es posible que recibamos informaci\u00f3n adicional, como su nombre, direcci\u00f3n de correo electr\u00f3nico, n\u00famero de tel\u00e9fono, contenido de los mensajes y\/o archivos adjuntos que nos env\u00ede. Esto tambi\u00e9n incluye cualquier otra informaci\u00f3n que elija proporcionar.<\/p>\r\n<p>Cuando se registra para una Cuenta, podemos solicitar informaci\u00f3n de contacto, incluyendo datos como nombre, nombre de la empresa, direcci\u00f3n, direcci\u00f3n de correo electr\u00f3nico y n\u00famero de tel\u00e9fono.<\/p>\r\n<p><u>C\u00d3MO UTILIZAMOS SU INFORMACI\u00d3N<\/u><\/p>\r\n<p>Utilizamos la informaci\u00f3n que recopilamos de varias maneras, como:<\/p>\r\n<ul>\r\n<li>Proporcionar, operar y mantener nuestro sitio web.<\/li>\r\n<li>Mejorar, expandir y personalizar nuestro sitio web.<\/li>\r\n<li>Comprender y analizar c\u00f3mo utiliza nuestro sitio web.<\/li>\r\n<li>Desarrollar nuevos productos, caracter\u00edsticas, funciones y servicios.<\/li>\r\n<li>Comunicarnos directamente con usted o a trav\u00e9s de uno de nuestros socios, incluso para servicio al cliente, proporcionar actualizaciones y otra informaci\u00f3n relacionada con el sitio web y para fines de marketing y promoci\u00f3n.<\/li>\r\n<li>Enviarle correos electr\u00f3nicos.<\/li>\r\n<li>Ayudar en la identificaci\u00f3n y prevenci\u00f3n de fraudes.<\/li>\r\n<\/ul>\r\n<p>&nbsp;<\/p>\r\n<p><strong>COOKIES Y WEB BEACONS<\/strong><\/p>\r\n<p>Like other websites, All Ma Mates\u2122 Ltd. uses cookies. These cookies are used to store information including visitors\u2019 preferences and the pages on the website that the visitor accessed or visited. This information is used to optimize the users\u2019 experience by customizing our web page content based on visitor browser type and\/or other information.<\/p>","protected":false},"excerpt":{"rendered":"<p>Privacy Policy for All Ma Mates\u00ae Ltd. At\u00a0 All Ma Mates\u00ae Ltd. which you can access from https:\/\/allmamates.com, one of [&hellip;]<\/p>","protected":false},"author":1,"featured_media":0,"parent":0,"menu_order":0,"comment_status":"closed","ping_status":"open","template":"","meta":{"site-sidebar-layout":"default","site-content-layout":"","ast-site-content-layout":"default","site-content-style":"default","site-sidebar-style":"default","ast-global-header-display":"","ast-banner-title-visibility":"","ast-main-header-display":"","ast-hfb-above-header-display":"","ast-hfb-below-header-display":"","ast-hfb-mobile-header-display":"","site-post-title":"","ast-breadcrumbs-content":"","ast-featured-img":"","footer-sml-layout":"","theme-transparent-header-meta":"default","adv-header-id-meta":"","stick-header-meta":"","header-above-stick-meta":"","header-main-stick-meta":"","header-below-stick-meta":"","astra-migrate-meta-layouts":"set","ast-page-background-enabled":"default","ast-page-background-meta":{"desktop":{"background-color":"var(--ast-global-color-4)","background-image":"","background-repeat":"repeat","background-position":"center center","background-size":"auto","background-attachment":"scroll","background-type":"","background-media":"","overlay-type":"","overlay-color":"","overlay-gradient":""},"tablet":{"background-color":"","background-image":"","background-repeat":"repeat","background-position":"center center","background-size":"auto","background-attachment":"scroll","background-type":"","background-media":"","overlay-type":"","overlay-color":"","overlay-gradient":""},"mobile":{"background-color":"","background-image":"","background-repeat":"repeat","background-position":"center center","background-size":"auto","background-attachment":"scroll","background-type":"","background-media":"","overlay-type":"","overlay-color":"","overlay-gradient":""}},"ast-content-background-meta":{"desktop":{"background-color":"var(--ast-global-color-5)","background-image":"","background-repeat":"repeat","background-position":"center center","background-size":"auto","background-attachment":"scroll","background-type":"","background-media":"","overlay-type":"","overlay-color":"","overlay-gradient":""},"tablet":{"background-color":"var(--ast-global-color-5)","background-image":"","background-repeat":"repeat","background-position":"center center","background-size":"auto","background-attachment":"scroll","background-type":"","background-media":"","overlay-type":"","overlay-color":"","overlay-gradient":""},"mobile":{"background-color":"var(--ast-global-color-5)","background-image":"","background-repeat":"repeat","background-position":"center center","background-size":"auto","background-attachment":"scroll","background-type":"","background-media":"","overlay-type":"","overlay-color":"","overlay-gradient":""}},"footnotes":""},"class_list":["post-3","page","type-page","status-publish","hentry"],"yoast_head":"<!-- This site is optimized with the Yoast SEO plugin v27.2 - https:\/\/yoast.com\/product\/yoast-seo-wordpress\/ -->\n<title>Privacy Policy - All Ma Mates\u00ae<\/title>\n<meta name=\"robots\" content=\"index, follow, max-snippet:-1, max-image-preview:large, max-video-preview:-1\" \/>\n<link rel=\"canonical\" href=\"https:\/\/allmamates.com\/es\/privacy-policy\/\" \/>\n<meta property=\"og:locale\" content=\"es_ES\" \/>\n<meta property=\"og:type\" content=\"article\" \/>\n<meta property=\"og:title\" content=\"Privacy Policy - All Ma Mates\u00ae\" \/>\n<meta property=\"og:description\" content=\"Privacy Policy for All Ma Mates\u00ae Ltd. At\u00a0 All Ma Mates\u00ae Ltd. which you can access from https:\/\/allmamates.com, one of [&hellip;]\" \/>\n<meta property=\"og:url\" content=\"https:\/\/allmamates.com\/es\/privacy-policy\/\" \/>\n<meta property=\"og:site_name\" content=\"All Ma Mates\u00ae\" \/>\n<meta property=\"article:modified_time\" content=\"2025-01-12T16:09:59+00:00\" \/>\n<meta name=\"twitter:card\" content=\"summary_large_image\" \/>\n<meta name=\"twitter:label1\" content=\"Tiempo de lectura\" \/>\n\t<meta name=\"twitter:data1\" content=\"2 minutos\" \/>\n<script type=\"application\/ld+json\" class=\"yoast-schema-graph\">{\"@context\":\"https:\/\/schema.org\",\"@graph\":[{\"@type\":\"WebPage\",\"@id\":\"https:\/\/allmamates.com\/privacy-policy\/\",\"url\":\"https:\/\/allmamates.com\/privacy-policy\/\",\"name\":\"Privacy Policy - All Ma Mates\u00ae\",\"isPartOf\":{\"@id\":\"https:\/\/allmamates.com\/#website\"},\"datePublished\":\"2024-02-02T01:34:49+00:00\",\"dateModified\":\"2025-01-12T16:09:59+00:00\",\"breadcrumb\":{\"@id\":\"https:\/\/allmamates.com\/privacy-policy\/#breadcrumb\"},\"inLanguage\":\"es\",\"potentialAction\":[{\"@type\":\"ReadAction\",\"target\":[\"https:\/\/allmamates.com\/privacy-policy\/\"]}]},{\"@type\":\"BreadcrumbList\",\"@id\":\"https:\/\/allmamates.com\/privacy-policy\/#breadcrumb\",\"itemListElement\":[{\"@type\":\"ListItem\",\"position\":1,\"name\":\"Home\",\"item\":\"https:\/\/allmamates.com\/\"},{\"@type\":\"ListItem\",\"position\":2,\"name\":\"Privacy Policy\"}]},{\"@type\":\"WebSite\",\"@id\":\"https:\/\/allmamates.com\/#website\",\"url\":\"https:\/\/allmamates.com\/\",\"name\":\"All Ma Mates\u00ae\",\"description\":\"Your wheel end tool equipment supplier.\",\"publisher\":{\"@id\":\"https:\/\/allmamates.com\/#organization\"},\"potentialAction\":[{\"@type\":\"SearchAction\",\"target\":{\"@type\":\"EntryPoint\",\"urlTemplate\":\"https:\/\/allmamates.com\/?s={search_term_string}\"},\"query-input\":{\"@type\":\"PropertyValueSpecification\",\"valueRequired\":true,\"valueName\":\"search_term_string\"}}],\"inLanguage\":\"es\"},{\"@type\":\"Organization\",\"@id\":\"https:\/\/allmamates.com\/#organization\",\"name\":\"All Ma Mates\u00ae\",\"url\":\"https:\/\/allmamates.com\/\",\"logo\":{\"@type\":\"ImageObject\",\"inLanguage\":\"es\",\"@id\":\"https:\/\/allmamates.com\/#\/schema\/logo\/image\/\",\"url\":\"https:\/\/allmamates.com\/wp-content\/uploads\/2024\/02\/a.png\",\"contentUrl\":\"https:\/\/allmamates.com\/wp-content\/uploads\/2024\/02\/a.png\",\"width\":847,\"height\":434,\"caption\":\"All Ma Mates\u00ae\"},\"image\":{\"@id\":\"https:\/\/allmamates.com\/#\/schema\/logo\/image\/\"}}]}<\/script>\n<!-- \/ Yoast SEO plugin. -->","yoast_head_json":{"title":"Privacy Policy - All Ma Mates\u00ae","robots":{"index":"index","follow":"follow","max-snippet":"max-snippet:-1","max-image-preview":"max-image-preview:large","max-video-preview":"max-video-preview:-1"},"canonical":"https:\/\/allmamates.com\/es\/privacy-policy\/","og_locale":"es_ES","og_type":"article","og_title":"Privacy Policy - All Ma Mates\u00ae","og_description":"Privacy Policy for All Ma Mates\u00ae Ltd. At\u00a0 All Ma Mates\u00ae Ltd. which you can access from https:\/\/allmamates.com, one of [&hellip;]","og_url":"https:\/\/allmamates.com\/es\/privacy-policy\/","og_site_name":"All Ma Mates\u00ae","article_modified_time":"2025-01-12T16:09:59+00:00","twitter_card":"summary_large_image","twitter_misc":{"Tiempo de lectura":"2 minutos"},"schema":{"@context":"https:\/\/schema.org","@graph":[{"@type":"WebPage","@id":"https:\/\/allmamates.com\/privacy-policy\/","url":"https:\/\/allmamates.com\/privacy-policy\/","name":"Privacy Policy - All Ma Mates\u00ae","isPartOf":{"@id":"https:\/\/allmamates.com\/#website"},"datePublished":"2024-02-02T01:34:49+00:00","dateModified":"2025-01-12T16:09:59+00:00","breadcrumb":{"@id":"https:\/\/allmamates.com\/privacy-policy\/#breadcrumb"},"inLanguage":"es","potentialAction":[{"@type":"ReadAction","target":["https:\/\/allmamates.com\/privacy-policy\/"]}]},{"@type":"BreadcrumbList","@id":"https:\/\/allmamates.com\/privacy-policy\/#breadcrumb","itemListElement":[{"@type":"ListItem","position":1,"name":"Home","item":"https:\/\/allmamates.com\/"},{"@type":"ListItem","position":2,"name":"Privacy Policy"}]},{"@type":"WebSite","@id":"https:\/\/allmamates.com\/#website","url":"https:\/\/allmamates.com\/","name":"All Ma Mates\u00ae","description":"Your wheel end tool equipment supplier.","publisher":{"@id":"https:\/\/allmamates.com\/#organization"},"potentialAction":[{"@type":"SearchAction","target":{"@type":"EntryPoint","urlTemplate":"https:\/\/allmamates.com\/?s={search_term_string}"},"query-input":{"@type":"PropertyValueSpecification","valueRequired":true,"valueName":"search_term_string"}}],"inLanguage":"es"},{"@type":"Organization","@id":"https:\/\/allmamates.com\/#organization","name":"All Ma Mates\u00ae","url":"https:\/\/allmamates.com\/","logo":{"@type":"ImageObject","inLanguage":"es","@id":"https:\/\/allmamates.com\/#\/schema\/logo\/image\/","url":"https:\/\/allmamates.com\/wp-content\/uploads\/2024\/02\/a.png","contentUrl":"https:\/\/allmamates.com\/wp-content\/uploads\/2024\/02\/a.png","width":847,"height":434,"caption":"All Ma Mates\u00ae"},"image":{"@id":"https:\/\/allmamates.com\/#\/schema\/logo\/image\/"}}]}},"_links":{"self":[{"href":"https:\/\/allmamates.com\/es\/wp-json\/wp\/v2\/pages\/3","targetHints":{"allow":["GET"]}}],"collection":[{"href":"https:\/\/allmamates.com\/es\/wp-json\/wp\/v2\/pages"}],"about":[{"href":"https:\/\/allmamates.com\/es\/wp-json\/wp\/v2\/types\/page"}],"author":[{"embeddable":true,"href":"https:\/\/allmamates.com\/es\/wp-json\/wp\/v2\/users\/1"}],"replies":[{"embeddable":true,"href":"https:\/\/allmamates.com\/es\/wp-json\/wp\/v2\/comments?post=3"}],"version-history":[{"count":2,"href":"https:\/\/allmamates.com\/es\/wp-json\/wp\/v2\/pages\/3\/revisions"}],"predecessor-version":[{"id":2129,"href":"https:\/\/allmamates.com\/es\/wp-json\/wp\/v2\/pages\/3\/revisions\/2129"}],"wp:attachment":[{"href":"https:\/\/allmamates.com\/es\/wp-json\/wp\/v2\/media?parent=3"}],"curies":[{"name":"wp","href":"https:\/\/api.w.org\/{rel}","templated":true}]}}