{"id":1372,"date":"2024-02-18T10:06:27","date_gmt":"2024-02-18T10:06:27","guid":{"rendered":"https:\/\/allmamates.com\/?page_id=1372"},"modified":"2026-01-30T20:42:21","modified_gmt":"2026-01-30T20:42:21","slug":"about-us","status":"publish","type":"page","link":"https:\/\/allmamates.com\/es\/about-us\/","title":{"rendered":"Sobre nosotros"},"content":{"rendered":"<div data-elementor-type=\"wp-page\" data-elementor-id=\"1372\" class=\"elementor elementor-1372\" data-elementor-post-type=\"page\">\n\t\t\t\t<div class=\"elementor-element elementor-element-6a49d20 e-flex e-con-boxed e-con e-parent\" data-id=\"6a49d20\" data-element_type=\"container\" data-settings=\"{&quot;background_background&quot;:&quot;classic&quot;}\">\n\t\t\t\t\t<div class=\"e-con-inner\">\n\t\t\t\t\t<\/div>\n\t\t\t\t<\/div>\n\t\t<div class=\"elementor-element elementor-element-8ad488a e-con-full e-flex e-con e-parent\" data-id=\"8ad488a\" data-element_type=\"container\">\n\t\t<div class=\"elementor-element elementor-element-37e7556 e-con-full e-flex e-con e-child\" data-id=\"37e7556\" data-element_type=\"container\">\n\t\t\t\t<div class=\"elementor-element elementor-element-564e6be elementor-widget elementor-widget-text-editor\" data-id=\"564e6be\" data-element_type=\"widget\" data-widget_type=\"text-editor.default\">\n\t\t\t\t<div class=\"elementor-widget-container\">\n\t\t\t\t\t\t\t\t\t<p>All Ma Mates\u00ae Ltd. we pride ourselves on being industry experts in brake and wheel end maintenance tools. We\u2019re all about making wheel end work easier and safer for heavy vehicle technicians. Both practical and efficient, our products are developed by the technician, for the technician. Over the years, All Ma Mates\u00ae Ltd. has evolved into a family of products that focuses on reducing maintenance costs and minimizing potential injury. Our products are designed to create a safer working experience with our \u201cno strain, no pain\u201d approach when designing equipment. Through combining functionality and performance, safety that starts in the garage extends to our roads.<\/p><p>Hombres, mujeres, j\u00f3venes o no, fuertes o no tan fuertes. Todos los t\u00e9cnicos pueden usar nuestros productos f\u00e1cilmente, sin esfuerzo y eficientemente. Ayudando a aliviar los desaf\u00edos del mantenimiento de frenos de disco neum\u00e1ticos, un taller a la vez. Sea cual sea el perfil demogr\u00e1fico de sus t\u00e9cnicos, esta es realmente una soluci\u00f3n \u00fanica para todos.<\/p><p>\u00bfNuestros equipos satisfacen sus necesidades? Aqu\u00ed hay algunas preguntas simples para que se las haga:<\/p><ul><li>\u00bfSus herramientas actuales de mantenimiento de frenos eliminan el trabajo pesado en los extremos de las ruedas?<\/li><li>\u00bfLos t\u00e9cnicos necesitan a una segunda persona para hacer el mantenimiento de los frenos de disco neum\u00e1ticos?<\/li><li>\u00bfC\u00f3mo ayudan las herramientas de mantenimiento de frenos de autob\u00fas en tr\u00e1nsito que utiliza a eliminar lesiones potenciales para sus t\u00e9cnicos?<\/li><li>\u00bfLas herramientas que utiliza ayudan a sus t\u00e9cnicos a evitar entrar en la caja de rueda y hacer torsiones para reinstalar los componentes del freno?<\/li><\/ul><p>After considering these statements we know there is a better, safer and more streamlined approach to doing air disc brake maintenance. Trust in All Ma Mates\u00ae Ltd. as your go-to industry experts!<\/p>\t\t\t\t\t\t\t\t<\/div>\n\t\t\t\t<\/div>\n\t\t\t\t<\/div>\n\t\t\t\t<\/div>\n\t\t<div class=\"elementor-element elementor-element-9f741fb e-flex e-con-boxed e-con e-parent\" data-id=\"9f741fb\" data-element_type=\"container\" data-settings=\"{&quot;background_background&quot;:&quot;classic&quot;}\">\n\t\t\t\t\t<div class=\"e-con-inner\">\n\t\t<div class=\"elementor-element elementor-element-80bea16 e-flex e-con-boxed e-con e-child\" data-id=\"80bea16\" data-element_type=\"container\">\n\t\t\t\t\t<div class=\"e-con-inner\">\n\t\t\t\t<div class=\"elementor-element elementor-element-ecf015e elementor-widget elementor-widget-heading\" data-id=\"ecf015e\" data-element_type=\"widget\" data-widget_type=\"heading.default\">\n\t\t\t\t<div class=\"elementor-widget-container\">\n\t\t\t\t\t<h2 class=\"elementor-heading-title elementor-size-default\">\"Proud members of South West Transport Association\"<\/h2>\t\t\t\t<\/div>\n\t\t\t\t<\/div>\n\t\t\t\t<div class=\"elementor-element elementor-element-496c8c4 elementor-widget elementor-widget-image\" data-id=\"496c8c4\" data-element_type=\"widget\" data-widget_type=\"image.default\">\n\t\t\t\t<div class=\"elementor-widget-container\">\n\t\t\t\t\t\t\t\t\t\t\t\t\t\t\t<img fetchpriority=\"high\" decoding=\"async\" width=\"1024\" height=\"805\" src=\"https:\/\/allmamates.com\/wp-content\/uploads\/2024\/02\/SWTA_Logo-1024x805.jpg\" class=\"attachment-large size-large wp-image-2083\" alt=\"\" srcset=\"https:\/\/allmamates.com\/wp-content\/uploads\/2024\/02\/SWTA_Logo-1024x805.jpg 1024w, https:\/\/allmamates.com\/wp-content\/uploads\/2024\/02\/SWTA_Logo-300x236.jpg 300w, https:\/\/allmamates.com\/wp-content\/uploads\/2024\/02\/SWTA_Logo-768x603.jpg 768w, https:\/\/allmamates.com\/wp-content\/uploads\/2024\/02\/SWTA_Logo-15x12.jpg 15w, https:\/\/allmamates.com\/wp-content\/uploads\/2024\/02\/SWTA_Logo-600x471.jpg 600w, https:\/\/allmamates.com\/wp-content\/uploads\/2024\/02\/SWTA_Logo.jpg 1050w\" sizes=\"(max-width: 1024px) 100vw, 1024px\" \/>\t\t\t\t\t\t\t\t\t\t\t\t\t\t\t<\/div>\n\t\t\t\t<\/div>\n\t\t\t\t\t<\/div>\n\t\t\t\t<\/div>\n\t\t\t\t\t<\/div>\n\t\t\t\t<\/div>\n\t\t\t\t<\/div>","protected":false},"excerpt":{"rendered":"<p>All Ma Mates\u00ae Ltd. we pride ourselves on being industry experts in brake and wheel end maintenance tools. We\u2019re all [&hellip;]<\/p>","protected":false},"author":1,"featured_media":0,"parent":0,"menu_order":0,"comment_status":"closed","ping_status":"closed","template":"","meta":{"site-sidebar-layout":"no-sidebar","site-content-layout":"","ast-site-content-layout":"full-width-container","site-content-style":"default","site-sidebar-style":"default","ast-global-header-display":"","ast-banner-title-visibility":"","ast-main-header-display":"","ast-hfb-above-header-display":"","ast-hfb-below-header-display":"","ast-hfb-mobile-header-display":"","site-post-title":"disabled","ast-breadcrumbs-content":"","ast-featured-img":"disabled","footer-sml-layout":"","theme-transparent-header-meta":"default","adv-header-id-meta":"","stick-header-meta":"","header-above-stick-meta":"","header-main-stick-meta":"","header-below-stick-meta":"","astra-migrate-meta-layouts":"set","ast-page-background-enabled":"default","ast-page-background-meta":{"desktop":{"background-color":"var(--ast-global-color-4)","background-image":"","background-repeat":"repeat","background-position":"center center","background-size":"auto","background-attachment":"scroll","background-type":"","background-media":"","overlay-type":"","overlay-color":"","overlay-gradient":""},"tablet":{"background-color":"","background-image":"","background-repeat":"repeat","background-position":"center center","background-size":"auto","background-attachment":"scroll","background-type":"","background-media":"","overlay-type":"","overlay-color":"","overlay-gradient":""},"mobile":{"background-color":"","background-image":"","background-repeat":"repeat","background-position":"center center","background-size":"auto","background-attachment":"scroll","background-type":"","background-media":"","overlay-type":"","overlay-color":"","overlay-gradient":""}},"ast-content-background-meta":{"desktop":{"background-color":"var(--ast-global-color-5)","background-image":"","background-repeat":"repeat","background-position":"center center","background-size":"auto","background-attachment":"scroll","background-type":"","background-media":"","overlay-type":"","overlay-color":"","overlay-gradient":""},"tablet":{"background-color":"var(--ast-global-color-5)","background-image":"","background-repeat":"repeat","background-position":"center center","background-size":"auto","background-attachment":"scroll","background-type":"","background-media":"","overlay-type":"","overlay-color":"","overlay-gradient":""},"mobile":{"background-color":"var(--ast-global-color-5)","background-image":"","background-repeat":"repeat","background-position":"center center","background-size":"auto","background-attachment":"scroll","background-type":"","background-media":"","overlay-type":"","overlay-color":"","overlay-gradient":""}},"footnotes":""},"class_list":["post-1372","page","type-page","status-publish","hentry"],"yoast_head":"<!-- This site is optimized with the Yoast SEO plugin v27.2 - https:\/\/yoast.com\/product\/yoast-seo-wordpress\/ -->\n<title>Truck &amp; Heavy Vehicle Brake, Wheel End Maintenance Tools<\/title>\n<meta name=\"description\" content=\"All Ma Mates\u00ae supplies truck and heavy vehicle brake and wheel end maintenance tools designed for reliable, efficient workshop servicing.\" \/>\n<meta name=\"robots\" content=\"index, follow, max-snippet:-1, max-image-preview:large, max-video-preview:-1\" \/>\n<link rel=\"canonical\" href=\"https:\/\/allmamates.com\/es\/about-us\/\" \/>\n<meta property=\"og:locale\" content=\"es_ES\" \/>\n<meta property=\"og:type\" content=\"article\" \/>\n<meta property=\"og:title\" content=\"Truck &amp; Heavy Vehicle Brake, Wheel End Maintenance Tools\" \/>\n<meta property=\"og:description\" content=\"All Ma Mates\u00ae supplies truck and heavy vehicle brake and wheel end maintenance tools designed for reliable, efficient workshop servicing.\" \/>\n<meta property=\"og:url\" content=\"https:\/\/allmamates.com\/es\/about-us\/\" \/>\n<meta property=\"og:site_name\" content=\"All Ma Mates\u00ae\" \/>\n<meta property=\"article:modified_time\" content=\"2026-01-30T20:42:21+00:00\" \/>\n<meta property=\"og:image\" content=\"https:\/\/allmamates.com\/wp-content\/uploads\/2024\/02\/SWTA_Logo-1024x805.jpg\" \/>\n<meta name=\"twitter:card\" content=\"summary_large_image\" \/>\n<meta name=\"twitter:label1\" content=\"Tiempo de lectura\" \/>\n\t<meta name=\"twitter:data1\" content=\"2 minutos\" \/>\n<script type=\"application\/ld+json\" class=\"yoast-schema-graph\">{\"@context\":\"https:\/\/schema.org\",\"@graph\":[{\"@type\":\"WebPage\",\"@id\":\"https:\/\/allmamates.com\/about-us\/\",\"url\":\"https:\/\/allmamates.com\/about-us\/\",\"name\":\"Truck & Heavy Vehicle Brake, Wheel End Maintenance Tools\",\"isPartOf\":{\"@id\":\"https:\/\/allmamates.com\/#website\"},\"primaryImageOfPage\":{\"@id\":\"https:\/\/allmamates.com\/about-us\/#primaryimage\"},\"image\":{\"@id\":\"https:\/\/allmamates.com\/about-us\/#primaryimage\"},\"thumbnailUrl\":\"https:\/\/allmamates.com\/wp-content\/uploads\/2024\/02\/SWTA_Logo-1024x805.jpg\",\"datePublished\":\"2024-02-18T10:06:27+00:00\",\"dateModified\":\"2026-01-30T20:42:21+00:00\",\"description\":\"All Ma Mates\u00ae supplies truck and heavy vehicle brake and wheel end maintenance tools designed for reliable, efficient workshop servicing.\",\"breadcrumb\":{\"@id\":\"https:\/\/allmamates.com\/about-us\/#breadcrumb\"},\"inLanguage\":\"es\",\"potentialAction\":[{\"@type\":\"ReadAction\",\"target\":[\"https:\/\/allmamates.com\/about-us\/\"]}]},{\"@type\":\"ImageObject\",\"inLanguage\":\"es\",\"@id\":\"https:\/\/allmamates.com\/about-us\/#primaryimage\",\"url\":\"https:\/\/allmamates.com\/wp-content\/uploads\/2024\/02\/SWTA_Logo-1024x805.jpg\",\"contentUrl\":\"https:\/\/allmamates.com\/wp-content\/uploads\/2024\/02\/SWTA_Logo-1024x805.jpg\"},{\"@type\":\"BreadcrumbList\",\"@id\":\"https:\/\/allmamates.com\/about-us\/#breadcrumb\",\"itemListElement\":[{\"@type\":\"ListItem\",\"position\":1,\"name\":\"Home\",\"item\":\"https:\/\/allmamates.com\/\"},{\"@type\":\"ListItem\",\"position\":2,\"name\":\"About us\"}]},{\"@type\":\"WebSite\",\"@id\":\"https:\/\/allmamates.com\/#website\",\"url\":\"https:\/\/allmamates.com\/\",\"name\":\"All Ma Mates\u00ae\",\"description\":\"Your wheel end tool equipment supplier.\",\"publisher\":{\"@id\":\"https:\/\/allmamates.com\/#organization\"},\"potentialAction\":[{\"@type\":\"SearchAction\",\"target\":{\"@type\":\"EntryPoint\",\"urlTemplate\":\"https:\/\/allmamates.com\/?s={search_term_string}\"},\"query-input\":{\"@type\":\"PropertyValueSpecification\",\"valueRequired\":true,\"valueName\":\"search_term_string\"}}],\"inLanguage\":\"es\"},{\"@type\":\"Organization\",\"@id\":\"https:\/\/allmamates.com\/#organization\",\"name\":\"All Ma Mates\u00ae\",\"url\":\"https:\/\/allmamates.com\/\",\"logo\":{\"@type\":\"ImageObject\",\"inLanguage\":\"es\",\"@id\":\"https:\/\/allmamates.com\/#\/schema\/logo\/image\/\",\"url\":\"https:\/\/allmamates.com\/wp-content\/uploads\/2024\/02\/a.png\",\"contentUrl\":\"https:\/\/allmamates.com\/wp-content\/uploads\/2024\/02\/a.png\",\"width\":847,\"height\":434,\"caption\":\"All Ma Mates\u00ae\"},\"image\":{\"@id\":\"https:\/\/allmamates.com\/#\/schema\/logo\/image\/\"}}]}<\/script>\n<!-- \/ Yoast SEO plugin. -->","yoast_head_json":{"title":"Truck & Heavy Vehicle Brake, Wheel End Maintenance Tools","description":"All Ma Mates\u00ae supplies truck and heavy vehicle brake and wheel end maintenance tools designed for reliable, efficient workshop servicing.","robots":{"index":"index","follow":"follow","max-snippet":"max-snippet:-1","max-image-preview":"max-image-preview:large","max-video-preview":"max-video-preview:-1"},"canonical":"https:\/\/allmamates.com\/es\/about-us\/","og_locale":"es_ES","og_type":"article","og_title":"Truck & Heavy Vehicle Brake, Wheel End Maintenance Tools","og_description":"All Ma Mates\u00ae supplies truck and heavy vehicle brake and wheel end maintenance tools designed for reliable, efficient workshop servicing.","og_url":"https:\/\/allmamates.com\/es\/about-us\/","og_site_name":"All Ma Mates\u00ae","article_modified_time":"2026-01-30T20:42:21+00:00","og_image":[{"url":"https:\/\/allmamates.com\/wp-content\/uploads\/2024\/02\/SWTA_Logo-1024x805.jpg","type":"","width":"","height":""}],"twitter_card":"summary_large_image","twitter_misc":{"Tiempo de lectura":"2 minutos"},"schema":{"@context":"https:\/\/schema.org","@graph":[{"@type":"WebPage","@id":"https:\/\/allmamates.com\/about-us\/","url":"https:\/\/allmamates.com\/about-us\/","name":"Truck & Heavy Vehicle Brake, Wheel End Maintenance Tools","isPartOf":{"@id":"https:\/\/allmamates.com\/#website"},"primaryImageOfPage":{"@id":"https:\/\/allmamates.com\/about-us\/#primaryimage"},"image":{"@id":"https:\/\/allmamates.com\/about-us\/#primaryimage"},"thumbnailUrl":"https:\/\/allmamates.com\/wp-content\/uploads\/2024\/02\/SWTA_Logo-1024x805.jpg","datePublished":"2024-02-18T10:06:27+00:00","dateModified":"2026-01-30T20:42:21+00:00","description":"All Ma Mates\u00ae supplies truck and heavy vehicle brake and wheel end maintenance tools designed for reliable, efficient workshop servicing.","breadcrumb":{"@id":"https:\/\/allmamates.com\/about-us\/#breadcrumb"},"inLanguage":"es","potentialAction":[{"@type":"ReadAction","target":["https:\/\/allmamates.com\/about-us\/"]}]},{"@type":"ImageObject","inLanguage":"es","@id":"https:\/\/allmamates.com\/about-us\/#primaryimage","url":"https:\/\/allmamates.com\/wp-content\/uploads\/2024\/02\/SWTA_Logo-1024x805.jpg","contentUrl":"https:\/\/allmamates.com\/wp-content\/uploads\/2024\/02\/SWTA_Logo-1024x805.jpg"},{"@type":"BreadcrumbList","@id":"https:\/\/allmamates.com\/about-us\/#breadcrumb","itemListElement":[{"@type":"ListItem","position":1,"name":"Home","item":"https:\/\/allmamates.com\/"},{"@type":"ListItem","position":2,"name":"About us"}]},{"@type":"WebSite","@id":"https:\/\/allmamates.com\/#website","url":"https:\/\/allmamates.com\/","name":"All Ma Mates\u00ae","description":"Your wheel end tool equipment supplier.","publisher":{"@id":"https:\/\/allmamates.com\/#organization"},"potentialAction":[{"@type":"SearchAction","target":{"@type":"EntryPoint","urlTemplate":"https:\/\/allmamates.com\/?s={search_term_string}"},"query-input":{"@type":"PropertyValueSpecification","valueRequired":true,"valueName":"search_term_string"}}],"inLanguage":"es"},{"@type":"Organization","@id":"https:\/\/allmamates.com\/#organization","name":"All Ma Mates\u00ae","url":"https:\/\/allmamates.com\/","logo":{"@type":"ImageObject","inLanguage":"es","@id":"https:\/\/allmamates.com\/#\/schema\/logo\/image\/","url":"https:\/\/allmamates.com\/wp-content\/uploads\/2024\/02\/a.png","contentUrl":"https:\/\/allmamates.com\/wp-content\/uploads\/2024\/02\/a.png","width":847,"height":434,"caption":"All Ma Mates\u00ae"},"image":{"@id":"https:\/\/allmamates.com\/#\/schema\/logo\/image\/"}}]}},"_links":{"self":[{"href":"https:\/\/allmamates.com\/es\/wp-json\/wp\/v2\/pages\/1372","targetHints":{"allow":["GET"]}}],"collection":[{"href":"https:\/\/allmamates.com\/es\/wp-json\/wp\/v2\/pages"}],"about":[{"href":"https:\/\/allmamates.com\/es\/wp-json\/wp\/v2\/types\/page"}],"author":[{"embeddable":true,"href":"https:\/\/allmamates.com\/es\/wp-json\/wp\/v2\/users\/1"}],"replies":[{"embeddable":true,"href":"https:\/\/allmamates.com\/es\/wp-json\/wp\/v2\/comments?post=1372"}],"version-history":[{"count":4,"href":"https:\/\/allmamates.com\/es\/wp-json\/wp\/v2\/pages\/1372\/revisions"}],"predecessor-version":[{"id":2168,"href":"https:\/\/allmamates.com\/es\/wp-json\/wp\/v2\/pages\/1372\/revisions\/2168"}],"wp:attachment":[{"href":"https:\/\/allmamates.com\/es\/wp-json\/wp\/v2\/media?parent=1372"}],"curies":[{"name":"wp","href":"https:\/\/api.w.org\/{rel}","templated":true}]}}